{"id":22380,"date":"2024-05-02T14:01:30","date_gmt":"2024-05-02T18:01:30","guid":{"rendered":"http:\/\/www.sciontario.org\/access-expo\/"},"modified":"2024-08-22T06:53:13","modified_gmt":"2024-08-22T10:53:13","slug":"exposition-dacess","status":"publish","type":"page","link":"https:\/\/www.sciontario.org\/fr\/exposition-dacess\/","title":{"rendered":"Exposition d&rsquo;Acc\u00e8s"},"content":{"rendered":"\t\t<div data-elementor-type=\"wp-page\" data-elementor-id=\"22380\" class=\"elementor elementor-22380 elementor-20474\" wpc-filter-elementor-widget=\"1\" data-elementor-post-type=\"page\">\n\t\t\t\t<div class=\"elementor-element elementor-element-03d7a06 e-flex e-con-boxed e-con e-parent\" data-id=\"03d7a06\" data-element_type=\"container\" data-e-type=\"container\" data-settings=\"{&quot;background_background&quot;:&quot;classic&quot;}\">\n\t\t\t\t\t<div class=\"e-con-inner\">\n\t\t\t\t<div class=\"elementor-element elementor-element-d5cee5e elementor-widget elementor-widget-image\" data-id=\"d5cee5e\" data-element_type=\"widget\" data-e-type=\"widget\" data-widget_type=\"image.default\">\n\t\t\t\t<div class=\"elementor-widget-container\">\n\t\t\t\t\t\t\t\t\t\t\t\t\t\t\t<img fetchpriority=\"high\" decoding=\"async\" width=\"2000\" height=\"939\" src=\"https:\/\/www.sciontario.org\/wp-content\/uploads\/Access-Now-Expo_banner_2024.webp\" class=\"attachment-full size-full wp-image-21648\" alt=\"\" srcset=\"https:\/\/www.sciontario.org\/wp-content\/uploads\/Access-Now-Expo_banner_2024.webp 2000w, https:\/\/www.sciontario.org\/wp-content\/uploads\/Access-Now-Expo_banner_2024-300x141.webp 300w, https:\/\/www.sciontario.org\/wp-content\/uploads\/Access-Now-Expo_banner_2024-1024x481.webp 1024w, https:\/\/www.sciontario.org\/wp-content\/uploads\/Access-Now-Expo_banner_2024-768x361.webp 768w, https:\/\/www.sciontario.org\/wp-content\/uploads\/Access-Now-Expo_banner_2024-1536x721.webp 1536w, https:\/\/www.sciontario.org\/wp-content\/uploads\/Access-Now-Expo_banner_2024-500x235.webp 500w\" sizes=\"(max-width: 2000px) 100vw, 2000px\" \/>\t\t\t\t\t\t\t\t\t\t\t\t\t\t\t<\/div>\n\t\t\t\t<\/div>\n\t\t\t\t\t<\/div>\n\t\t\t\t<\/div>\n\t\t<div class=\"elementor-element elementor-element-f0af9a5 e-flex e-con-boxed e-con e-parent\" data-id=\"f0af9a5\" data-element_type=\"container\" data-e-type=\"container\" data-settings=\"{&quot;background_background&quot;:&quot;classic&quot;}\">\n\t\t\t\t\t<div class=\"e-con-inner\">\n\t\t\t\t<div class=\"elementor-element elementor-element-0e1db2a elementor-widget elementor-widget-text-editor\" data-id=\"0e1db2a\" data-element_type=\"widget\" data-e-type=\"widget\" data-widget_type=\"text-editor.default\">\n\t\t\t\t<div class=\"elementor-widget-container\">\n\t\t\t\t\t\t\t\t\t<p>L&rsquo;accessibilit\u00e9 permet \u00e0 chacun de vivre sa vie et de d\u00e9couvrir son potentiel. Les \u00e9quipements, produits et services accessibles aident les personnes handicap\u00e9es \u00e0 accomplir des t\u00e2ches quotidiennes et des actions extraordinaires.  <\/p>\n<p>D\u00e9couvrez les derni\u00e8res technologies d&rsquo;adaptation, les produits accessibles et les services de soutien.<br \/>\n\u00c9tablissez des liens avec votre communaut\u00e9 autour d&rsquo;un repas gratuit et d&rsquo;id\u00e9es g\u00e9niales.<br \/>\nAvec des emplacements dans tout le sud de l&rsquo;Ontario, trouvez la date et l&#8217;emplacement pr\u00e8s de chez vous et n&rsquo;oubliez pas de vous inscrire et de nous faire savoir que vous viendrez !  <\/p>\n\t\t\t\t\t\t\t\t<\/div>\n\t\t\t\t<\/div>\n\t\t\t\t\t<\/div>\n\t\t\t\t<\/div>\n\t\t<div class=\"elementor-element elementor-element-2176d43 e-flex e-con-boxed e-con e-parent\" data-id=\"2176d43\" data-element_type=\"container\" data-e-type=\"container\">\n\t\t\t\t\t<div class=\"e-con-inner\">\n\t\t<div class=\"elementor-element elementor-element-d6d2d5f e-con-full e-flex e-con e-child\" data-id=\"d6d2d5f\" data-element_type=\"container\" data-e-type=\"container\">\n\t\t\t\t<div class=\"elementor-element elementor-element-386c8ce elementor-widget elementor-widget-text-editor\" data-id=\"386c8ce\" data-element_type=\"widget\" data-e-type=\"widget\" data-widget_type=\"text-editor.default\">\n\t\t\t\t<div class=\"elementor-widget-container\">\n\t\t\t\t\t\t\t\t\t<p><strong>Exposition sur l&rsquo;acc\u00e8s \u00e0 l&rsquo;information \u00e0 Ottawa<\/strong><\/p>\n<p>Jeudi 27 juin<\/p>\n<p>15:00 &#8211; 18:00 heures<\/p>\n<p>Fournitures m\u00e9dicales de l&rsquo;Ontario<br \/>1100 Algoma Rd.<br \/>Ottawa, ON <\/p>\n\t\t\t\t\t\t\t\t<\/div>\n\t\t\t\t<\/div>\n\t\t\t\t<\/div>\n\t\t<div class=\"elementor-element elementor-element-609e7c2 e-con-full e-flex e-con e-child\" data-id=\"609e7c2\" data-element_type=\"container\" data-e-type=\"container\">\n\t\t\t\t<div class=\"elementor-element elementor-element-410f6c8 elementor-widget elementor-widget-text-editor\" data-id=\"410f6c8\" data-element_type=\"widget\" data-e-type=\"widget\" data-widget_type=\"text-editor.default\">\n\t\t\t\t<div class=\"elementor-widget-container\">\n\t\t\t\t\t\t\t\t\t<p><strong>Exposition sur l&rsquo;acc\u00e8s \u00e0 Kingston<\/strong><\/p>\n<p>Jeudi 11 juillet<\/p>\n<p>15:00 &#8211; 18:00 heures<\/p>\n<p>Pavillon du parc du lac Ontario<br \/>920 King St. W.<br \/>Kingston, ON  <\/p>\n\t\t\t\t\t\t\t\t<\/div>\n\t\t\t\t<\/div>\n\t\t\t\t<\/div>\n\t\t<div class=\"elementor-element elementor-element-51ba54f e-con-full e-flex e-con e-child\" data-id=\"51ba54f\" data-element_type=\"container\" data-e-type=\"container\">\n\t\t\t\t<div class=\"elementor-element elementor-element-14a8132 elementor-widget elementor-widget-text-editor\" data-id=\"14a8132\" data-element_type=\"widget\" data-e-type=\"widget\" data-widget_type=\"text-editor.default\">\n\t\t\t\t<div class=\"elementor-widget-container\">\n\t\t\t\t\t\t\t\t\t<p><strong>Salon de l&rsquo;acc\u00e8s \u00e0 l&rsquo;information de Toronto<\/strong><\/p>\n<p>Mercredi 31 juillet<\/p>\n<p>15:00 &#8211; 18:00 heures<\/p>\n<p>Lyndhurst Centre<br \/>520 Sutherland Dr.<br \/>Toronto, ON  <\/p>\n\t\t\t\t\t\t\t\t<\/div>\n\t\t\t\t<\/div>\n\t\t\t\t<\/div>\n\t\t<div class=\"elementor-element elementor-element-4e99252 e-con-full e-flex e-con e-child\" data-id=\"4e99252\" data-element_type=\"container\" data-e-type=\"container\">\n\t\t\t\t<div class=\"elementor-element elementor-element-e21e59b elementor-widget elementor-widget-text-editor\" data-id=\"e21e59b\" data-element_type=\"widget\" data-e-type=\"widget\" data-widget_type=\"text-editor.default\">\n\t\t\t\t<div class=\"elementor-widget-container\">\n\t\t\t\t\t\t\t\t\t<p><strong>Exposition sur l&rsquo;acc\u00e8s \u00e0 Hamilton<\/strong><\/p>\n<p>TBD<\/p>\n\t\t\t\t\t\t\t\t<\/div>\n\t\t\t\t<\/div>\n\t\t\t\t<\/div>\n\t\t<div class=\"elementor-element elementor-element-326f164 e-con-full e-flex e-con e-child\" data-id=\"326f164\" data-element_type=\"container\" data-e-type=\"container\">\n\t\t\t\t<div class=\"elementor-element elementor-element-e6a8828 elementor-widget elementor-widget-text-editor\" data-id=\"e6a8828\" data-element_type=\"widget\" data-e-type=\"widget\" data-widget_type=\"text-editor.default\">\n\t\t\t\t<div class=\"elementor-widget-container\">\n\t\t\t\t\t\t\t\t\t<p><strong>Exposition sur l&rsquo;acc\u00e8s \u00e0 l&rsquo;information \u00e0 Peterborough<\/strong><\/p>\n<p>Mardi 20 ao\u00fbt<\/p>\n<p>15:00 &#8211; 18:00 heures<\/p>\n<p>Peter Catholic Secondary School<br \/>730 Medical Dr.<br \/>Peterborough, ON  <\/p>\n\t\t\t\t\t\t\t\t<\/div>\n\t\t\t\t<\/div>\n\t\t\t\t<\/div>\n\t\t<div class=\"elementor-element elementor-element-1f05be7 e-con-full e-flex e-con e-child\" data-id=\"1f05be7\" data-element_type=\"container\" data-e-type=\"container\">\n\t\t\t\t<div class=\"elementor-element elementor-element-dff47f9 elementor-widget elementor-widget-text-editor\" data-id=\"dff47f9\" data-element_type=\"widget\" data-e-type=\"widget\" data-widget_type=\"text-editor.default\">\n\t\t\t\t<div class=\"elementor-widget-container\">\n\t\t\t\t\t\t\t\t\t<p><strong>Exposition sur l&rsquo;acc\u00e8s \u00e0 London<\/strong><\/p>\n<p>Jeudi 5 septembre<\/p>\n<p>15 h 30 &#8211; 18 h 30<\/p>\n<p>Institut Parkwood<br \/>550 Wellington Rd.<br \/>\nParking Lot #3<br \/>London, ON   <\/p>\n\t\t\t\t\t\t\t\t<\/div>\n\t\t\t\t<\/div>\n\t\t\t\t<\/div>\n\t\t\t\t\t<\/div>\n\t\t\t\t<\/div>\n\t\t<div class=\"elementor-element elementor-element-8b37e23 e-flex e-con-boxed e-con e-parent\" data-id=\"8b37e23\" data-element_type=\"container\" data-e-type=\"container\">\n\t\t\t\t\t<div class=\"e-con-inner\">\n\t\t\t\t<div class=\"elementor-element elementor-element-e3326a2 elementor-widget elementor-widget-text-editor\" data-id=\"e3326a2\" data-element_type=\"widget\" data-e-type=\"widget\" data-widget_type=\"text-editor.default\">\n\t\t\t\t<div class=\"elementor-widget-container\">\n\t\t\t\t\t\t\t\t\t<p><strong>Si vous avez des questions ou si vous \u00eates \u00e0 la recherche d&rsquo;opportunit\u00e9s de vente, veuillez contacter ;<\/strong><\/p>\n<p><strong>Leandre Casselman : <a href=\"mailto:leandre.casselman@sciontario.org\">leandre.casselman@sciontario.org<\/a> ou 416-902-2042<\/strong><\/p>\n\t\t\t\t\t\t\t\t<\/div>\n\t\t\t\t<\/div>\n\t\t\t\t\t<\/div>\n\t\t\t\t<\/div>\n\t\t<div class=\"elementor-element elementor-element-eee822e e-flex e-con-boxed e-con e-parent\" data-id=\"eee822e\" data-element_type=\"container\" data-e-type=\"container\">\n\t\t\t\t\t<div class=\"e-con-inner\">\n\t\t\t\t<div class=\"elementor-element elementor-element-c4ab88e elementor-widget elementor-widget-heading\" data-id=\"c4ab88e\" data-element_type=\"widget\" data-e-type=\"widget\" data-widget_type=\"heading.default\">\n\t\t\t\t<div class=\"elementor-widget-container\">\n\t\t\t\t\t<h3 class=\"elementor-heading-title elementor-size-default\">Sponsor principal<\/h3>\t\t\t\t<\/div>\n\t\t\t\t<\/div>\n\t\t\t\t<div class=\"elementor-element elementor-element-3069df3 elementor-widget elementor-widget-image\" data-id=\"3069df3\" data-element_type=\"widget\" data-e-type=\"widget\" data-widget_type=\"image.default\">\n\t\t\t\t<div class=\"elementor-widget-container\">\n\t\t\t\t\t\t\t\t\t\t\t\t\t\t\t<img decoding=\"async\" width=\"300\" height=\"82\" src=\"https:\/\/www.sciontario.org\/wp-content\/uploads\/motion-specialities.jpg\" class=\"attachment-large size-large wp-image-13346\" alt=\"Motion Specialties\" \/>\t\t\t\t\t\t\t\t\t\t\t\t\t\t\t<\/div>\n\t\t\t\t<\/div>\n\t\t\t\t\t<\/div>\n\t\t\t\t<\/div>\n\t\t<div class=\"elementor-element elementor-element-b36b441 e-flex e-con-boxed e-con e-parent\" data-id=\"b36b441\" data-element_type=\"container\" data-e-type=\"container\">\n\t\t\t\t\t<div class=\"e-con-inner\">\n\t\t\t\t\t<\/div>\n\t\t\t\t<\/div>\n\t\t<div class=\"elementor-element elementor-element-cad65ca e-flex e-con-boxed e-con e-parent\" data-id=\"cad65ca\" data-element_type=\"container\" data-e-type=\"container\">\n\t\t\t\t\t<div class=\"e-con-inner\">\n\t\t\t\t<div class=\"elementor-element elementor-element-185cc63 elementor-widget elementor-widget-html\" data-id=\"185cc63\" data-element_type=\"widget\" data-e-type=\"widget\" data-widget_type=\"html.default\">\n\t\t\t\t<div class=\"elementor-widget-container\">\n\t\t\t\t\t<!-- Start form embed -->\n<script src=\"https:\/\/sky.blackbaudcdn.net\/static\/reg-form-loader\/5\/main.js\"><\/script>\n<!-- If you embed multiple forms on your page, only copy one of the <script> lines.\n  Otherwise, multiple copies of the form will appear.\n-->\n<div data-blackbaud-registration-form=\"\" data-blackbaud-registration-form-envid=\"p-Vot7DiYSfEuL9f4_dH59AQ\" data-blackbaud-registration-form-id=\"fb14c685-1197-4cd6-850c-87c3068d67ef\" data-blackbaud-registration-form-zone=\"can\" data-blackbaud-registration-form-header-height=\"0\">\n  <!-- If your page has a header\/overlay, then you can set this 'data-blackbaud-registration-form-header-height' value to your header height so that the payment form will scroll to the proper location when opened. -->\n<\/div>\n<!-- End form embed -->\n\t\t\t\t<\/div>\n\t\t\t\t<\/div>\n\t\t\t\t\t<\/div>\n\t\t\t\t<\/div>\n\t\t\t\t<\/div>\n\t\t","protected":false},"excerpt":{"rendered":"<p>L&rsquo;accessibilit\u00e9 permet \u00e0 chacun de vivre sa vie et de d\u00e9couvrir son potentiel. Les \u00e9quipements, produits et services accessibles aident les personnes handicap\u00e9es \u00e0 accomplir des t\u00e2ches quotidiennes et des actions extraordinaires. D\u00e9couvrez les derni\u00e8res technologies d&rsquo;adaptation, les produits accessibles et les services de soutien. \u00c9tablissez des liens avec votre communaut\u00e9 autour d&rsquo;un repas gratuit [&hellip;]<\/p>\n","protected":false},"author":13,"featured_media":21648,"parent":0,"menu_order":0,"comment_status":"closed","ping_status":"closed","template":"","meta":{"_acf_changed":false,"footnotes":"","_links_to":"","_links_to_target":""},"categories":[],"tags":[],"class_list":["post-22380","page","type-page","status-publish","has-post-thumbnail","hentry"],"acf":[],"yoast_head":"<!-- This site is optimized with the Yoast SEO Premium plugin v27.3 (Yoast SEO v27.3) - https:\/\/yoast.com\/product\/yoast-seo-premium-wordpress\/ -->\n<title>Exposition d&#039;Acc\u00e8s - Spinal Cord Injury Ontario | Supporting and advocating for and with people with a disability.<\/title>\n<meta name=\"description\" content=\"Exposition d&#039;Acc\u00e8s : D\u00e9couvrez les derni\u00e8res technologies d&#039;adaptation, les produits accessibles et les services de soutien. Trouvez une date et un lieu pr\u00e8s de chez vous !\" \/>\n<meta name=\"robots\" content=\"index, follow, max-snippet:-1, max-image-preview:large, max-video-preview:-1\" \/>\n<link rel=\"canonical\" href=\"https:\/\/www.sciontario.org\/fr\/exposition-dacess\/\" \/>\n<meta property=\"og:locale\" content=\"fr_FR\" \/>\n<meta property=\"og:type\" content=\"article\" \/>\n<meta property=\"og:title\" content=\"Exposition d&#039;Acc\u00e8s\" \/>\n<meta property=\"og:description\" content=\"Exposition d&#039;Acc\u00e8s : D\u00e9couvrez les derni\u00e8res technologies d&#039;adaptation, les produits accessibles et les services de soutien. Trouvez une date et un lieu pr\u00e8s de chez vous !\" \/>\n<meta property=\"og:url\" content=\"https:\/\/www.sciontario.org\/fr\/exposition-dacess\/\" \/>\n<meta property=\"og:site_name\" content=\"Spinal Cord Injury Ontario | Supporting and advocating for and with people with a disability.\" \/>\n<meta property=\"article:publisher\" content=\"https:\/\/www.facebook.com\/pages\/Canadian-Paraplegic-Association-SCI-Ontario\/198786166801432\" \/>\n<meta property=\"article:modified_time\" content=\"2024-08-22T10:53:13+00:00\" \/>\n<meta property=\"og:image\" content=\"https:\/\/www.sciontario.org\/wp-content\/uploads\/Access-Now-Expo_banner_2024.webp\" \/>\n\t<meta property=\"og:image:width\" content=\"2000\" \/>\n\t<meta property=\"og:image:height\" content=\"939\" \/>\n\t<meta property=\"og:image:type\" content=\"image\/webp\" \/>\n<meta name=\"twitter:card\" content=\"summary_large_image\" \/>\n<meta name=\"twitter:site\" content=\"@sci_ontario\" \/>\n<meta name=\"twitter:label1\" content=\"Dur\u00e9e de lecture estim\u00e9e\" \/>\n\t<meta name=\"twitter:data1\" content=\"2 minutes\" \/>\n<script type=\"application\/ld+json\" class=\"yoast-schema-graph\">{\"@context\":\"https:\\\/\\\/schema.org\",\"@graph\":[{\"@type\":\"WebPage\",\"@id\":\"https:\\\/\\\/www.sciontario.org\\\/fr\\\/exposition-dacess\\\/\",\"url\":\"https:\\\/\\\/www.sciontario.org\\\/fr\\\/exposition-dacess\\\/\",\"name\":\"Exposition d'Acc\u00e8s - Spinal Cord Injury Ontario | Supporting and advocating for and with people with a disability.\",\"isPartOf\":{\"@id\":\"https:\\\/\\\/www.sciontario.org\\\/fr\\\/#website\"},\"primaryImageOfPage\":{\"@id\":\"https:\\\/\\\/www.sciontario.org\\\/fr\\\/exposition-dacess\\\/#primaryimage\"},\"image\":{\"@id\":\"https:\\\/\\\/www.sciontario.org\\\/fr\\\/exposition-dacess\\\/#primaryimage\"},\"thumbnailUrl\":\"https:\\\/\\\/www.sciontario.org\\\/wp-content\\\/uploads\\\/Access-Now-Expo_banner_2024.webp\",\"datePublished\":\"2024-05-02T18:01:30+00:00\",\"dateModified\":\"2024-08-22T10:53:13+00:00\",\"description\":\"Exposition d'Acc\u00e8s : D\u00e9couvrez les derni\u00e8res technologies d'adaptation, les produits accessibles et les services de soutien. Trouvez une date et un lieu pr\u00e8s de chez vous !\",\"breadcrumb\":{\"@id\":\"https:\\\/\\\/www.sciontario.org\\\/fr\\\/exposition-dacess\\\/#breadcrumb\"},\"inLanguage\":\"fr-FR\",\"potentialAction\":[{\"@type\":\"ReadAction\",\"target\":[\"https:\\\/\\\/www.sciontario.org\\\/fr\\\/exposition-dacess\\\/\"]}]},{\"@type\":\"ImageObject\",\"inLanguage\":\"fr-FR\",\"@id\":\"https:\\\/\\\/www.sciontario.org\\\/fr\\\/exposition-dacess\\\/#primaryimage\",\"url\":\"https:\\\/\\\/www.sciontario.org\\\/wp-content\\\/uploads\\\/Access-Now-Expo_banner_2024.webp\",\"contentUrl\":\"https:\\\/\\\/www.sciontario.org\\\/wp-content\\\/uploads\\\/Access-Now-Expo_banner_2024.webp\",\"width\":2000,\"height\":939},{\"@type\":\"BreadcrumbList\",\"@id\":\"https:\\\/\\\/www.sciontario.org\\\/fr\\\/exposition-dacess\\\/#breadcrumb\",\"itemListElement\":[{\"@type\":\"ListItem\",\"position\":1,\"name\":\"Home\",\"item\":\"https:\\\/\\\/www.sciontario.org\\\/fr\\\/\"},{\"@type\":\"ListItem\",\"position\":2,\"name\":\"Exposition d&rsquo;Acc\u00e8s\"}]},{\"@type\":\"WebSite\",\"@id\":\"https:\\\/\\\/www.sciontario.org\\\/fr\\\/#website\",\"url\":\"https:\\\/\\\/www.sciontario.org\\\/fr\\\/\",\"name\":\"Spinal Cord Injury Ontario | Supporting and advocating for and with people with a disability.\",\"description\":\"We serve, support and advocate for and with people with a disability in Ontario.\",\"publisher\":{\"@id\":\"https:\\\/\\\/www.sciontario.org\\\/fr\\\/#organization\"},\"potentialAction\":[{\"@type\":\"SearchAction\",\"target\":{\"@type\":\"EntryPoint\",\"urlTemplate\":\"https:\\\/\\\/www.sciontario.org\\\/fr\\\/?s={search_term_string}\"},\"query-input\":{\"@type\":\"PropertyValueSpecification\",\"valueRequired\":true,\"valueName\":\"search_term_string\"}}],\"inLanguage\":\"fr-FR\"},{\"@type\":\"Organization\",\"@id\":\"https:\\\/\\\/www.sciontario.org\\\/fr\\\/#organization\",\"name\":\"Spinal Cord Injury Ontario\",\"url\":\"https:\\\/\\\/www.sciontario.org\\\/fr\\\/\",\"logo\":{\"@type\":\"ImageObject\",\"inLanguage\":\"fr-FR\",\"@id\":\"https:\\\/\\\/www.sciontario.org\\\/fr\\\/#\\\/schema\\\/logo\\\/image\\\/\",\"url\":\"https:\\\/\\\/www.sciontario.org\\\/wp-content\\\/uploads\\\/SCIO_EN_FR_STD_HORIZ_CMYK.png\",\"contentUrl\":\"https:\\\/\\\/www.sciontario.org\\\/wp-content\\\/uploads\\\/SCIO_EN_FR_STD_HORIZ_CMYK.png\",\"width\":600,\"height\":160,\"caption\":\"Spinal Cord Injury Ontario\"},\"image\":{\"@id\":\"https:\\\/\\\/www.sciontario.org\\\/fr\\\/#\\\/schema\\\/logo\\\/image\\\/\"},\"sameAs\":[\"https:\\\/\\\/www.facebook.com\\\/pages\\\/Canadian-Paraplegic-Association-SCI-Ontario\\\/198786166801432\",\"https:\\\/\\\/x.com\\\/sci_ontario\",\"https:\\\/\\\/www.instagram.com\\\/sci_ontario\",\"https:\\\/\\\/ca.linkedin.com\\\/company\\\/spinal-cord-injury-ontario\"]}]}<\/script>\n<!-- \/ Yoast SEO Premium plugin. -->","yoast_head_json":{"title":"Exposition d'Acc\u00e8s - Spinal Cord Injury Ontario | Supporting and advocating for and with people with a disability.","description":"Exposition d'Acc\u00e8s : D\u00e9couvrez les derni\u00e8res technologies d'adaptation, les produits accessibles et les services de soutien. Trouvez une date et un lieu pr\u00e8s de chez vous !","robots":{"index":"index","follow":"follow","max-snippet":"max-snippet:-1","max-image-preview":"max-image-preview:large","max-video-preview":"max-video-preview:-1"},"canonical":"https:\/\/www.sciontario.org\/fr\/exposition-dacess\/","og_locale":"fr_FR","og_type":"article","og_title":"Exposition d'Acc\u00e8s","og_description":"Exposition d'Acc\u00e8s : D\u00e9couvrez les derni\u00e8res technologies d'adaptation, les produits accessibles et les services de soutien. Trouvez une date et un lieu pr\u00e8s de chez vous !","og_url":"https:\/\/www.sciontario.org\/fr\/exposition-dacess\/","og_site_name":"Spinal Cord Injury Ontario | Supporting and advocating for and with people with a disability.","article_publisher":"https:\/\/www.facebook.com\/pages\/Canadian-Paraplegic-Association-SCI-Ontario\/198786166801432","article_modified_time":"2024-08-22T10:53:13+00:00","og_image":[{"width":2000,"height":939,"url":"https:\/\/www.sciontario.org\/wp-content\/uploads\/Access-Now-Expo_banner_2024.webp","type":"image\/webp"}],"twitter_card":"summary_large_image","twitter_site":"@sci_ontario","twitter_misc":{"Dur\u00e9e de lecture estim\u00e9e":"2 minutes"},"schema":{"@context":"https:\/\/schema.org","@graph":[{"@type":"WebPage","@id":"https:\/\/www.sciontario.org\/fr\/exposition-dacess\/","url":"https:\/\/www.sciontario.org\/fr\/exposition-dacess\/","name":"Exposition d'Acc\u00e8s - Spinal Cord Injury Ontario | Supporting and advocating for and with people with a disability.","isPartOf":{"@id":"https:\/\/www.sciontario.org\/fr\/#website"},"primaryImageOfPage":{"@id":"https:\/\/www.sciontario.org\/fr\/exposition-dacess\/#primaryimage"},"image":{"@id":"https:\/\/www.sciontario.org\/fr\/exposition-dacess\/#primaryimage"},"thumbnailUrl":"https:\/\/www.sciontario.org\/wp-content\/uploads\/Access-Now-Expo_banner_2024.webp","datePublished":"2024-05-02T18:01:30+00:00","dateModified":"2024-08-22T10:53:13+00:00","description":"Exposition d'Acc\u00e8s : D\u00e9couvrez les derni\u00e8res technologies d'adaptation, les produits accessibles et les services de soutien. Trouvez une date et un lieu pr\u00e8s de chez vous !","breadcrumb":{"@id":"https:\/\/www.sciontario.org\/fr\/exposition-dacess\/#breadcrumb"},"inLanguage":"fr-FR","potentialAction":[{"@type":"ReadAction","target":["https:\/\/www.sciontario.org\/fr\/exposition-dacess\/"]}]},{"@type":"ImageObject","inLanguage":"fr-FR","@id":"https:\/\/www.sciontario.org\/fr\/exposition-dacess\/#primaryimage","url":"https:\/\/www.sciontario.org\/wp-content\/uploads\/Access-Now-Expo_banner_2024.webp","contentUrl":"https:\/\/www.sciontario.org\/wp-content\/uploads\/Access-Now-Expo_banner_2024.webp","width":2000,"height":939},{"@type":"BreadcrumbList","@id":"https:\/\/www.sciontario.org\/fr\/exposition-dacess\/#breadcrumb","itemListElement":[{"@type":"ListItem","position":1,"name":"Home","item":"https:\/\/www.sciontario.org\/fr\/"},{"@type":"ListItem","position":2,"name":"Exposition d&rsquo;Acc\u00e8s"}]},{"@type":"WebSite","@id":"https:\/\/www.sciontario.org\/fr\/#website","url":"https:\/\/www.sciontario.org\/fr\/","name":"Spinal Cord Injury Ontario | Supporting and advocating for and with people with a disability.","description":"We serve, support and advocate for and with people with a disability in Ontario.","publisher":{"@id":"https:\/\/www.sciontario.org\/fr\/#organization"},"potentialAction":[{"@type":"SearchAction","target":{"@type":"EntryPoint","urlTemplate":"https:\/\/www.sciontario.org\/fr\/?s={search_term_string}"},"query-input":{"@type":"PropertyValueSpecification","valueRequired":true,"valueName":"search_term_string"}}],"inLanguage":"fr-FR"},{"@type":"Organization","@id":"https:\/\/www.sciontario.org\/fr\/#organization","name":"Spinal Cord Injury Ontario","url":"https:\/\/www.sciontario.org\/fr\/","logo":{"@type":"ImageObject","inLanguage":"fr-FR","@id":"https:\/\/www.sciontario.org\/fr\/#\/schema\/logo\/image\/","url":"https:\/\/www.sciontario.org\/wp-content\/uploads\/SCIO_EN_FR_STD_HORIZ_CMYK.png","contentUrl":"https:\/\/www.sciontario.org\/wp-content\/uploads\/SCIO_EN_FR_STD_HORIZ_CMYK.png","width":600,"height":160,"caption":"Spinal Cord Injury Ontario"},"image":{"@id":"https:\/\/www.sciontario.org\/fr\/#\/schema\/logo\/image\/"},"sameAs":["https:\/\/www.facebook.com\/pages\/Canadian-Paraplegic-Association-SCI-Ontario\/198786166801432","https:\/\/x.com\/sci_ontario","https:\/\/www.instagram.com\/sci_ontario","https:\/\/ca.linkedin.com\/company\/spinal-cord-injury-ontario"]}]}},"publishpress_future_action":{"enabled":false,"date":"2026-04-13 07:29:30","action":"change-status","newStatus":"draft","terms":[],"taxonomy":"category","extraData":[]},"publishpress_future_workflow_manual_trigger":{"enabledWorkflows":[]},"_links":{"self":[{"href":"https:\/\/www.sciontario.org\/fr\/wp-json\/wp\/v2\/pages\/22380","targetHints":{"allow":["GET"]}}],"collection":[{"href":"https:\/\/www.sciontario.org\/fr\/wp-json\/wp\/v2\/pages"}],"about":[{"href":"https:\/\/www.sciontario.org\/fr\/wp-json\/wp\/v2\/types\/page"}],"author":[{"embeddable":true,"href":"https:\/\/www.sciontario.org\/fr\/wp-json\/wp\/v2\/users\/13"}],"replies":[{"embeddable":true,"href":"https:\/\/www.sciontario.org\/fr\/wp-json\/wp\/v2\/comments?post=22380"}],"version-history":[{"count":0,"href":"https:\/\/www.sciontario.org\/fr\/wp-json\/wp\/v2\/pages\/22380\/revisions"}],"wp:featuredmedia":[{"embeddable":true,"href":"https:\/\/www.sciontario.org\/fr\/wp-json\/wp\/v2\/media\/21648"}],"wp:attachment":[{"href":"https:\/\/www.sciontario.org\/fr\/wp-json\/wp\/v2\/media?parent=22380"}],"wp:term":[{"taxonomy":"category","embeddable":true,"href":"https:\/\/www.sciontario.org\/fr\/wp-json\/wp\/v2\/categories?post=22380"},{"taxonomy":"post_tag","embeddable":true,"href":"https:\/\/www.sciontario.org\/fr\/wp-json\/wp\/v2\/tags?post=22380"}],"curies":[{"name":"wp","href":"https:\/\/api.w.org\/{rel}","templated":true}]}}