{"id":22364,"date":"2020-11-19T11:18:13","date_gmt":"2020-11-19T16:18:13","guid":{"rendered":"http:\/\/www.sciontario.org\/mardi-de-la-generosite\/"},"modified":"2025-10-14T08:00:22","modified_gmt":"2025-10-14T12:00:22","slug":"equipement-essentiel","status":"publish","type":"page","link":"https:\/\/www.sciontario.org\/fr\/equipement-essentiel\/","title":{"rendered":"Mardi donnant"},"content":{"rendered":"\t\t<div data-elementor-type=\"wp-page\" data-elementor-id=\"22364\" class=\"elementor elementor-22364 elementor-11873\" wpc-filter-elementor-widget=\"1\" data-elementor-post-type=\"page\">\n\t\t\t\t<div class=\"elementor-element elementor-element-29ca1a36 e-flex e-con-boxed e-con e-parent\" data-id=\"29ca1a36\" data-element_type=\"container\" data-e-type=\"container\" data-settings=\"{&quot;background_background&quot;:&quot;classic&quot;}\">\n\t\t\t\t\t<div class=\"e-con-inner\">\n\t\t<div class=\"elementor-element elementor-element-413ff8eb e-con-full e-flex e-con e-child\" data-id=\"413ff8eb\" data-element_type=\"container\" data-e-type=\"container\">\n\t\t\t\t<div class=\"elementor-element elementor-element-1c7c16ab elementor-widget elementor-widget-heading\" data-id=\"1c7c16ab\" data-element_type=\"widget\" data-e-type=\"widget\" data-widget_type=\"heading.default\">\n\t\t\t\t<div class=\"elementor-widget-container\">\n\t\t\t\t\t<h1 class=\"elementor-heading-title elementor-size-default\">Mardi donnant<\/h1>\t\t\t\t<\/div>\n\t\t\t\t<\/div>\n\t\t\t\t<div class=\"elementor-element elementor-element-2bd08646 elementor-widget elementor-widget-heading\" data-id=\"2bd08646\" data-element_type=\"widget\" data-e-type=\"widget\" data-widget_type=\"heading.default\">\n\t\t\t\t<div class=\"elementor-widget-container\">\n\t\t\t\t\t<h2 class=\"elementor-heading-title elementor-size-default\">Quel est votre r\u00f4le ?<\/h2>\t\t\t\t<\/div>\n\t\t\t\t<\/div>\n\t\t\t\t<div class=\"elementor-element elementor-element-7b2899f0 elementor-widget elementor-widget-text-editor\" data-id=\"7b2899f0\" data-element_type=\"widget\" data-e-type=\"widget\" data-widget_type=\"text-editor.default\">\n\t\t\t\t<div class=\"elementor-widget-container\">\n\t\t\t\t\t\t\t\t\t<p>Les fauteuils roulants sont co\u00fbteux et compos\u00e9s de nombreuses pi\u00e8ces.<\/p>\n<p>Lorsque vous donnez votre part et que d&rsquo;autres donnent la leur, une personne de votre communaut\u00e9 pourra bient\u00f4t b\u00e9n\u00e9ficier d&rsquo;un nouveau fauteuil roulant et d&rsquo;une nouvelle ind\u00e9pendance.<\/p>\t\t\t\t\t\t\t\t<\/div>\n\t\t\t\t<\/div>\n\t\t\t\t<div class=\"elementor-element elementor-element-4af4e787 elementor-mobile-align-center blue-button elementor-widget elementor-widget-button\" data-id=\"4af4e787\" data-element_type=\"widget\" data-e-type=\"widget\" data-widget_type=\"button.default\">\n\t\t\t\t<div class=\"elementor-widget-container\">\n\t\t\t\t\t\t\t\t\t<div class=\"elementor-button-wrapper\">\n\t\t\t\t\t<a class=\"elementor-button elementor-button-link elementor-size-sm\" href=\"#donationform\">\n\t\t\t\t\t\t<span class=\"elementor-button-content-wrapper\">\n\t\t\t\t\t\t\t\t\t<span class=\"elementor-button-text\">Donnez aujourd'hui<\/span>\n\t\t\t\t\t<\/span>\n\t\t\t\t\t<\/a>\n\t\t\t\t<\/div>\n\t\t\t\t\t\t\t\t<\/div>\n\t\t\t\t<\/div>\n\t\t\t\t<\/div>\n\t\t<div class=\"elementor-element elementor-element-15ecad76 e-flex e-con-boxed e-con e-child\" data-id=\"15ecad76\" data-element_type=\"container\" data-e-type=\"container\">\n\t\t\t\t\t<div class=\"e-con-inner\">\n\t\t<div class=\"elementor-element elementor-element-57ce7eca e-flex e-con-boxed e-con e-child\" data-id=\"57ce7eca\" data-element_type=\"container\" data-e-type=\"container\" data-settings=\"{&quot;background_background&quot;:&quot;classic&quot;}\">\n\t\t\t\t\t<div class=\"e-con-inner\">\n\t\t\t\t<div class=\"elementor-element elementor-element-218a5522 elementor-widget elementor-widget-spacer\" data-id=\"218a5522\" data-element_type=\"widget\" data-e-type=\"widget\" data-widget_type=\"spacer.default\">\n\t\t\t\t<div class=\"elementor-widget-container\">\n\t\t\t\t\t\t\t<div class=\"elementor-spacer\">\n\t\t\t<div class=\"elementor-spacer-inner\"><\/div>\n\t\t<\/div>\n\t\t\t\t\t\t<\/div>\n\t\t\t\t<\/div>\n\t\t\t\t\t<\/div>\n\t\t\t\t<\/div>\n\t\t\t\t\t<\/div>\n\t\t\t\t<\/div>\n\t\t\t\t\t<\/div>\n\t\t\t\t<\/div>\n\t\t<div class=\"elementor-element elementor-element-17e7311 e-flex e-con-boxed e-con e-parent\" data-id=\"17e7311\" data-element_type=\"container\" data-e-type=\"container\">\n\t\t\t\t\t<div class=\"e-con-inner\">\n\t\t<div class=\"elementor-element elementor-element-a1343ba e-con-full e-flex e-con e-child\" data-id=\"a1343ba\" data-element_type=\"container\" data-e-type=\"container\" id=\"donationform\">\n\t\t\t\t<div class=\"elementor-element elementor-element-a30fa1d elementor-widget elementor-widget-text-editor\" data-id=\"a30fa1d\" data-element_type=\"widget\" data-e-type=\"widget\" data-widget_type=\"text-editor.default\">\n\t\t\t\t<div class=\"elementor-widget-container\">\n\t\t\t\t\t\t\t\t\t<p>Votre don permettra de fournir un \u00e9quipement essentiel \u00e0 une personne dans le besoin.<\/p>\n<p>Vous changerez la vie de quelqu&rsquo;un.<\/p>\n\t\t\t\t\t\t\t\t<\/div>\n\t\t\t\t<\/div>\n\t\t\t\t<div class=\"elementor-element elementor-element-2832769 elementor-widget elementor-widget-html\" data-id=\"2832769\" data-element_type=\"widget\" data-e-type=\"widget\" data-widget_type=\"html.default\">\n\t\t\t\t<div class=\"elementor-widget-container\">\n\t\t\t\t\t<div id=\"bbox-root\"><\/div>\n<script type=\"text\/javascript\">\n       window.bboxInit = function () {\n           bbox.showForm('231251f3-e5c0-4c90-8fac-e3942b141cbb');\n       };\n       (function () {\n           var e = document.createElement('script'); e.async = true;\n           e.src = 'https:\/\/bbox.blackbaudhosting.com\/webforms\/bbox-min.js';\n           document.getElementsByTagName('head')[0].appendChild(e);\n       } ());\n<\/script>\t\t\t\t<\/div>\n\t\t\t\t<\/div>\n\t\t\t\t<\/div>\n\t\t<div class=\"elementor-element elementor-element-8aabd77 e-con-full e-flex e-con e-child\" data-id=\"8aabd77\" data-element_type=\"container\" data-e-type=\"container\">\n\t\t\t\t<div class=\"elementor-element elementor-element-339a0475 elementor-widget elementor-widget-text-editor\" data-id=\"339a0475\" data-element_type=\"widget\" data-e-type=\"widget\" data-widget_type=\"text-editor.default\">\n\t\t\t\t<div class=\"elementor-widget-container\">\n\t\t\t\t\t\t\t\t\t<p>Vous pouvez aider les gens \u00e0 obtenir l&rsquo;\u00e9quipement essentiel dont ils ont besoin mais qu&rsquo;ils n&rsquo;ont pas les moyens de s&rsquo;offrir.<\/p>\n<p>L&rsquo;impact de votre g\u00e9n\u00e9rosit\u00e9 sera doubl\u00e9 par ces parrains de dons jumel\u00e9s :<\/p>\n\t\t\t\t\t\t\t\t<\/div>\n\t\t\t\t<\/div>\n\t\t\t\t<div class=\"elementor-element elementor-element-2f78a0a elementor-widget elementor-widget-text-editor\" data-id=\"2f78a0a\" data-element_type=\"widget\" data-e-type=\"widget\" data-widget_type=\"text-editor.default\">\n\t\t\t\t<div class=\"elementor-widget-container\">\n\t\t\t\t\t\t\t\t\t<p><strong>Parrainage du champion<\/strong><\/p>\n\t\t\t\t\t\t\t\t<\/div>\n\t\t\t\t<\/div>\n\t\t\t\t<div class=\"elementor-element elementor-element-7d42941 elementor-widget elementor-widget-image\" data-id=\"7d42941\" data-element_type=\"widget\" data-e-type=\"widget\" data-widget_type=\"image.default\">\n\t\t\t\t<div class=\"elementor-widget-container\">\n\t\t\t\t\t\t\t\t\t\t\t\t\t\t\t<img fetchpriority=\"high\" decoding=\"async\" width=\"800\" height=\"266\" src=\"https:\/\/www.sciontario.org\/wp-content\/uploads\/motion-composites-wide-1024x341.jpg\" class=\"attachment-large size-large wp-image-21400\" alt=\"\" srcset=\"https:\/\/www.sciontario.org\/wp-content\/uploads\/motion-composites-wide-1024x341.jpg 1024w, https:\/\/www.sciontario.org\/wp-content\/uploads\/motion-composites-wide-300x100.jpg 300w, https:\/\/www.sciontario.org\/wp-content\/uploads\/motion-composites-wide-768x256.jpg 768w, https:\/\/www.sciontario.org\/wp-content\/uploads\/motion-composites-wide.jpg 1500w\" sizes=\"(max-width: 800px) 100vw, 800px\" \/>\t\t\t\t\t\t\t\t\t\t\t\t\t\t\t<\/div>\n\t\t\t\t<\/div>\n\t\t\t\t<div class=\"elementor-element elementor-element-ddbbfd0 elementor-widget elementor-widget-text-editor\" data-id=\"ddbbfd0\" data-element_type=\"widget\" data-e-type=\"widget\" data-widget_type=\"text-editor.default\">\n\t\t\t\t<div class=\"elementor-widget-container\">\n\t\t\t\t\t\t\t\t\t<p><strong>Sponsor principal<\/strong><\/p>\n\t\t\t\t\t\t\t\t<\/div>\n\t\t\t\t<\/div>\n\t\t\t\t<div class=\"elementor-element elementor-element-a3b8204 elementor-widget elementor-widget-image\" data-id=\"a3b8204\" data-element_type=\"widget\" data-e-type=\"widget\" data-widget_type=\"image.default\">\n\t\t\t\t<div class=\"elementor-widget-container\">\n\t\t\t\t\t\t\t\t\t\t\t\t\t\t\t<img decoding=\"async\" width=\"800\" height=\"189\" src=\"https:\/\/www.sciontario.org\/wp-content\/uploads\/logo-coloplast-blue-trimmed-1024x242-1.png\" class=\"attachment-large size-large wp-image-24692\" alt=\"\" srcset=\"https:\/\/www.sciontario.org\/wp-content\/uploads\/logo-coloplast-blue-trimmed-1024x242-1.png 1024w, https:\/\/www.sciontario.org\/wp-content\/uploads\/logo-coloplast-blue-trimmed-1024x242-1-300x71.png 300w, https:\/\/www.sciontario.org\/wp-content\/uploads\/logo-coloplast-blue-trimmed-1024x242-1-768x182.png 768w, https:\/\/www.sciontario.org\/wp-content\/uploads\/logo-coloplast-blue-trimmed-1024x242-1-500x118.png 500w\" sizes=\"(max-width: 800px) 100vw, 800px\" \/>\t\t\t\t\t\t\t\t\t\t\t\t\t\t\t<\/div>\n\t\t\t\t<\/div>\n\t\t\t\t<\/div>\n\t\t\t\t\t<\/div>\n\t\t\t\t<\/div>\n\t\t<div class=\"elementor-element elementor-element-7d853c17 e-flex e-con-boxed e-con e-parent\" data-id=\"7d853c17\" data-element_type=\"container\" data-e-type=\"container\" data-settings=\"{&quot;background_background&quot;:&quot;classic&quot;}\">\n\t\t\t\t\t<div class=\"e-con-inner\">\n\t\t<div class=\"elementor-element elementor-element-14df9881 e-flex e-con-boxed e-con e-child\" data-id=\"14df9881\" data-element_type=\"container\" data-e-type=\"container\">\n\t\t\t\t\t<div class=\"e-con-inner\">\n\t\t<div class=\"elementor-element elementor-element-3933d25 e-flex e-con-boxed e-con e-child\" data-id=\"3933d25\" data-element_type=\"container\" data-e-type=\"container\" data-settings=\"{&quot;background_background&quot;:&quot;classic&quot;}\">\n\t\t\t\t\t<div class=\"e-con-inner\">\n\t\t\t\t<div class=\"elementor-element elementor-element-5855b826 elementor-widget elementor-widget-text-editor\" data-id=\"5855b826\" data-element_type=\"widget\" data-e-type=\"widget\" data-widget_type=\"text-editor.default\">\n\t\t\t\t<div class=\"elementor-widget-container\">\n\t\t\t\t\t\t\t\t\t\u00ab\u00a0J&rsquo;ai re\u00e7u un \u00e9quipement qui r\u00e9pondait \u00e0 mes besoins. Il est arriv\u00e9 au bon moment et m&rsquo;a \u00e9norm\u00e9ment aid\u00e9. Sans ce programme important, je me serais trouv\u00e9 dans une situation vraiment d\u00e9licate.\u00a0\u00bb <h6 style=\"text-align: center;\" data-wahfont=\"16\"><em>&#8211; St\u00e9phane<\/em><\/h6>\t\t\t\t\t\t\t\t<\/div>\n\t\t\t\t<\/div>\n\t\t\t\t<div class=\"elementor-element elementor-element-521596e0 elementor-widget elementor-widget-spacer\" data-id=\"521596e0\" data-element_type=\"widget\" data-e-type=\"widget\" data-widget_type=\"spacer.default\">\n\t\t\t\t<div class=\"elementor-widget-container\">\n\t\t\t\t\t\t\t<div class=\"elementor-spacer\">\n\t\t\t<div class=\"elementor-spacer-inner\"><\/div>\n\t\t<\/div>\n\t\t\t\t\t\t<\/div>\n\t\t\t\t<\/div>\n\t\t\t\t\t<\/div>\n\t\t\t\t<\/div>\n\t\t\t\t\t<\/div>\n\t\t\t\t<\/div>\n\t\t\t\t\t<\/div>\n\t\t\t\t<\/div>\n\t\t\t\t<\/div>\n\t\t","protected":false},"excerpt":{"rendered":"<p>Mardi donnant Quel est votre r\u00f4le ? Les fauteuils roulants sont co\u00fbteux et compos\u00e9s de nombreuses pi\u00e8ces. Lorsque vous donnez votre part et que d&rsquo;autres donnent la leur, une personne de votre communaut\u00e9 pourra bient\u00f4t b\u00e9n\u00e9ficier d&rsquo;un nouveau fauteuil roulant et d&rsquo;une nouvelle ind\u00e9pendance. Donnez aujourd&rsquo;hui Votre don permettra de fournir un \u00e9quipement essentiel \u00e0 [&hellip;]<\/p>\n","protected":false},"author":4,"featured_media":0,"parent":0,"menu_order":0,"comment_status":"closed","ping_status":"closed","template":"","meta":{"_acf_changed":false,"footnotes":"","_links_to":"","_links_to_target":""},"categories":[],"tags":[],"class_list":["post-22364","page","type-page","status-publish","hentry"],"acf":[],"yoast_head":"<!-- This site is optimized with the Yoast SEO Premium plugin v27.3 (Yoast SEO v27.3) - https:\/\/yoast.com\/product\/yoast-seo-premium-wordpress\/ -->\n<title>Mardi donnant : \u00c9quipement essentiel - LMO<\/title>\n<meta name=\"description\" content=\"Vous pouvez aider les gens \u00e0 obtenir l&#039;\u00e9quipement essentiel dont ils ont besoin mais qu&#039;ils n&#039;ont pas les moyens de s&#039;offrir. Le Mardi donnant, votre don sera assorti d&#039;une contrepartie !\" \/>\n<meta name=\"robots\" content=\"index, follow, max-snippet:-1, max-image-preview:large, max-video-preview:-1\" \/>\n<link rel=\"canonical\" href=\"https:\/\/www.sciontario.org\/fr\/equipement-essentiel\/\" \/>\n<meta property=\"og:locale\" content=\"fr_FR\" \/>\n<meta property=\"og:type\" content=\"article\" \/>\n<meta property=\"og:title\" content=\"Mardi donnant\" \/>\n<meta property=\"og:description\" content=\"Vous pouvez aider les gens \u00e0 obtenir l&#039;\u00e9quipement essentiel dont ils ont besoin mais qu&#039;ils n&#039;ont pas les moyens de s&#039;offrir. Le Mardi donnant, votre don sera assorti d&#039;une contrepartie !\" \/>\n<meta property=\"og:url\" content=\"https:\/\/www.sciontario.org\/fr\/equipement-essentiel\/\" \/>\n<meta property=\"og:site_name\" content=\"Spinal Cord Injury Ontario | Supporting and advocating for and with people with a disability.\" \/>\n<meta property=\"article:publisher\" content=\"https:\/\/www.facebook.com\/pages\/Canadian-Paraplegic-Association-SCI-Ontario\/198786166801432\" \/>\n<meta property=\"article:modified_time\" content=\"2025-10-14T12:00:22+00:00\" \/>\n<meta property=\"og:image\" content=\"https:\/\/www.sciontario.org\/wp-content\/uploads\/motion-composites-wide.jpg\" \/>\n\t<meta property=\"og:image:width\" content=\"1500\" \/>\n\t<meta property=\"og:image:height\" content=\"500\" \/>\n\t<meta property=\"og:image:type\" content=\"image\/jpeg\" \/>\n<meta name=\"twitter:card\" content=\"summary_large_image\" \/>\n<meta name=\"twitter:site\" content=\"@sci_ontario\" \/>\n<meta name=\"twitter:label1\" content=\"Dur\u00e9e de lecture estim\u00e9e\" \/>\n\t<meta name=\"twitter:data1\" content=\"2 minutes\" \/>\n<script type=\"application\/ld+json\" class=\"yoast-schema-graph\">{\"@context\":\"https:\\\/\\\/schema.org\",\"@graph\":[{\"@type\":\"WebPage\",\"@id\":\"https:\\\/\\\/www.sciontario.org\\\/fr\\\/equipement-essentiel\\\/\",\"url\":\"https:\\\/\\\/www.sciontario.org\\\/fr\\\/equipement-essentiel\\\/\",\"name\":\"Mardi donnant : \u00c9quipement essentiel - LMO\",\"isPartOf\":{\"@id\":\"https:\\\/\\\/www.sciontario.org\\\/fr\\\/#website\"},\"primaryImageOfPage\":{\"@id\":\"https:\\\/\\\/www.sciontario.org\\\/fr\\\/equipement-essentiel\\\/#primaryimage\"},\"image\":{\"@id\":\"https:\\\/\\\/www.sciontario.org\\\/fr\\\/equipement-essentiel\\\/#primaryimage\"},\"thumbnailUrl\":\"https:\\\/\\\/www.sciontario.org\\\/wp-content\\\/uploads\\\/motion-composites-wide-1024x341.jpg\",\"datePublished\":\"2020-11-19T16:18:13+00:00\",\"dateModified\":\"2025-10-14T12:00:22+00:00\",\"description\":\"Vous pouvez aider les gens \u00e0 obtenir l'\u00e9quipement essentiel dont ils ont besoin mais qu'ils n'ont pas les moyens de s'offrir. Le Mardi donnant, votre don sera assorti d'une contrepartie !\",\"breadcrumb\":{\"@id\":\"https:\\\/\\\/www.sciontario.org\\\/fr\\\/equipement-essentiel\\\/#breadcrumb\"},\"inLanguage\":\"fr-FR\",\"potentialAction\":[{\"@type\":\"ReadAction\",\"target\":[\"https:\\\/\\\/www.sciontario.org\\\/fr\\\/equipement-essentiel\\\/\"]}]},{\"@type\":\"ImageObject\",\"inLanguage\":\"fr-FR\",\"@id\":\"https:\\\/\\\/www.sciontario.org\\\/fr\\\/equipement-essentiel\\\/#primaryimage\",\"url\":\"https:\\\/\\\/www.sciontario.org\\\/wp-content\\\/uploads\\\/motion-composites-wide-1024x341.jpg\",\"contentUrl\":\"https:\\\/\\\/www.sciontario.org\\\/wp-content\\\/uploads\\\/motion-composites-wide-1024x341.jpg\"},{\"@type\":\"BreadcrumbList\",\"@id\":\"https:\\\/\\\/www.sciontario.org\\\/fr\\\/equipement-essentiel\\\/#breadcrumb\",\"itemListElement\":[{\"@type\":\"ListItem\",\"position\":1,\"name\":\"Home\",\"item\":\"https:\\\/\\\/www.sciontario.org\\\/fr\\\/\"},{\"@type\":\"ListItem\",\"position\":2,\"name\":\"Mardi donnant\"}]},{\"@type\":\"WebSite\",\"@id\":\"https:\\\/\\\/www.sciontario.org\\\/fr\\\/#website\",\"url\":\"https:\\\/\\\/www.sciontario.org\\\/fr\\\/\",\"name\":\"Spinal Cord Injury Ontario | Supporting and advocating for and with people with a disability.\",\"description\":\"We serve, support and advocate for and with people with a disability in Ontario.\",\"publisher\":{\"@id\":\"https:\\\/\\\/www.sciontario.org\\\/fr\\\/#organization\"},\"potentialAction\":[{\"@type\":\"SearchAction\",\"target\":{\"@type\":\"EntryPoint\",\"urlTemplate\":\"https:\\\/\\\/www.sciontario.org\\\/fr\\\/?s={search_term_string}\"},\"query-input\":{\"@type\":\"PropertyValueSpecification\",\"valueRequired\":true,\"valueName\":\"search_term_string\"}}],\"inLanguage\":\"fr-FR\"},{\"@type\":\"Organization\",\"@id\":\"https:\\\/\\\/www.sciontario.org\\\/fr\\\/#organization\",\"name\":\"Spinal Cord Injury Ontario\",\"url\":\"https:\\\/\\\/www.sciontario.org\\\/fr\\\/\",\"logo\":{\"@type\":\"ImageObject\",\"inLanguage\":\"fr-FR\",\"@id\":\"https:\\\/\\\/www.sciontario.org\\\/fr\\\/#\\\/schema\\\/logo\\\/image\\\/\",\"url\":\"https:\\\/\\\/www.sciontario.org\\\/wp-content\\\/uploads\\\/SCIO_EN_FR_STD_HORIZ_CMYK.png\",\"contentUrl\":\"https:\\\/\\\/www.sciontario.org\\\/wp-content\\\/uploads\\\/SCIO_EN_FR_STD_HORIZ_CMYK.png\",\"width\":600,\"height\":160,\"caption\":\"Spinal Cord Injury Ontario\"},\"image\":{\"@id\":\"https:\\\/\\\/www.sciontario.org\\\/fr\\\/#\\\/schema\\\/logo\\\/image\\\/\"},\"sameAs\":[\"https:\\\/\\\/www.facebook.com\\\/pages\\\/Canadian-Paraplegic-Association-SCI-Ontario\\\/198786166801432\",\"https:\\\/\\\/x.com\\\/sci_ontario\",\"https:\\\/\\\/www.instagram.com\\\/sci_ontario\",\"https:\\\/\\\/ca.linkedin.com\\\/company\\\/spinal-cord-injury-ontario\"]}]}<\/script>\n<!-- \/ Yoast SEO Premium plugin. -->","yoast_head_json":{"title":"Mardi donnant : \u00c9quipement essentiel - LMO","description":"Vous pouvez aider les gens \u00e0 obtenir l'\u00e9quipement essentiel dont ils ont besoin mais qu'ils n'ont pas les moyens de s'offrir. Le Mardi donnant, votre don sera assorti d'une contrepartie !","robots":{"index":"index","follow":"follow","max-snippet":"max-snippet:-1","max-image-preview":"max-image-preview:large","max-video-preview":"max-video-preview:-1"},"canonical":"https:\/\/www.sciontario.org\/fr\/equipement-essentiel\/","og_locale":"fr_FR","og_type":"article","og_title":"Mardi donnant","og_description":"Vous pouvez aider les gens \u00e0 obtenir l'\u00e9quipement essentiel dont ils ont besoin mais qu'ils n'ont pas les moyens de s'offrir. Le Mardi donnant, votre don sera assorti d'une contrepartie !","og_url":"https:\/\/www.sciontario.org\/fr\/equipement-essentiel\/","og_site_name":"Spinal Cord Injury Ontario | Supporting and advocating for and with people with a disability.","article_publisher":"https:\/\/www.facebook.com\/pages\/Canadian-Paraplegic-Association-SCI-Ontario\/198786166801432","article_modified_time":"2025-10-14T12:00:22+00:00","og_image":[{"width":1500,"height":500,"url":"https:\/\/www.sciontario.org\/wp-content\/uploads\/motion-composites-wide.jpg","type":"image\/jpeg"}],"twitter_card":"summary_large_image","twitter_site":"@sci_ontario","twitter_misc":{"Dur\u00e9e de lecture estim\u00e9e":"2 minutes"},"schema":{"@context":"https:\/\/schema.org","@graph":[{"@type":"WebPage","@id":"https:\/\/www.sciontario.org\/fr\/equipement-essentiel\/","url":"https:\/\/www.sciontario.org\/fr\/equipement-essentiel\/","name":"Mardi donnant : \u00c9quipement essentiel - LMO","isPartOf":{"@id":"https:\/\/www.sciontario.org\/fr\/#website"},"primaryImageOfPage":{"@id":"https:\/\/www.sciontario.org\/fr\/equipement-essentiel\/#primaryimage"},"image":{"@id":"https:\/\/www.sciontario.org\/fr\/equipement-essentiel\/#primaryimage"},"thumbnailUrl":"https:\/\/www.sciontario.org\/wp-content\/uploads\/motion-composites-wide-1024x341.jpg","datePublished":"2020-11-19T16:18:13+00:00","dateModified":"2025-10-14T12:00:22+00:00","description":"Vous pouvez aider les gens \u00e0 obtenir l'\u00e9quipement essentiel dont ils ont besoin mais qu'ils n'ont pas les moyens de s'offrir. Le Mardi donnant, votre don sera assorti d'une contrepartie !","breadcrumb":{"@id":"https:\/\/www.sciontario.org\/fr\/equipement-essentiel\/#breadcrumb"},"inLanguage":"fr-FR","potentialAction":[{"@type":"ReadAction","target":["https:\/\/www.sciontario.org\/fr\/equipement-essentiel\/"]}]},{"@type":"ImageObject","inLanguage":"fr-FR","@id":"https:\/\/www.sciontario.org\/fr\/equipement-essentiel\/#primaryimage","url":"https:\/\/www.sciontario.org\/wp-content\/uploads\/motion-composites-wide-1024x341.jpg","contentUrl":"https:\/\/www.sciontario.org\/wp-content\/uploads\/motion-composites-wide-1024x341.jpg"},{"@type":"BreadcrumbList","@id":"https:\/\/www.sciontario.org\/fr\/equipement-essentiel\/#breadcrumb","itemListElement":[{"@type":"ListItem","position":1,"name":"Home","item":"https:\/\/www.sciontario.org\/fr\/"},{"@type":"ListItem","position":2,"name":"Mardi donnant"}]},{"@type":"WebSite","@id":"https:\/\/www.sciontario.org\/fr\/#website","url":"https:\/\/www.sciontario.org\/fr\/","name":"Spinal Cord Injury Ontario | Supporting and advocating for and with people with a disability.","description":"We serve, support and advocate for and with people with a disability in Ontario.","publisher":{"@id":"https:\/\/www.sciontario.org\/fr\/#organization"},"potentialAction":[{"@type":"SearchAction","target":{"@type":"EntryPoint","urlTemplate":"https:\/\/www.sciontario.org\/fr\/?s={search_term_string}"},"query-input":{"@type":"PropertyValueSpecification","valueRequired":true,"valueName":"search_term_string"}}],"inLanguage":"fr-FR"},{"@type":"Organization","@id":"https:\/\/www.sciontario.org\/fr\/#organization","name":"Spinal Cord Injury Ontario","url":"https:\/\/www.sciontario.org\/fr\/","logo":{"@type":"ImageObject","inLanguage":"fr-FR","@id":"https:\/\/www.sciontario.org\/fr\/#\/schema\/logo\/image\/","url":"https:\/\/www.sciontario.org\/wp-content\/uploads\/SCIO_EN_FR_STD_HORIZ_CMYK.png","contentUrl":"https:\/\/www.sciontario.org\/wp-content\/uploads\/SCIO_EN_FR_STD_HORIZ_CMYK.png","width":600,"height":160,"caption":"Spinal Cord Injury Ontario"},"image":{"@id":"https:\/\/www.sciontario.org\/fr\/#\/schema\/logo\/image\/"},"sameAs":["https:\/\/www.facebook.com\/pages\/Canadian-Paraplegic-Association-SCI-Ontario\/198786166801432","https:\/\/x.com\/sci_ontario","https:\/\/www.instagram.com\/sci_ontario","https:\/\/ca.linkedin.com\/company\/spinal-cord-injury-ontario"]}]}},"publishpress_future_action":{"enabled":false,"date":"2026-04-24 10:53:25","action":"change-status","newStatus":"draft","terms":[],"taxonomy":"category","extraData":[]},"publishpress_future_workflow_manual_trigger":{"enabledWorkflows":[]},"_links":{"self":[{"href":"https:\/\/www.sciontario.org\/fr\/wp-json\/wp\/v2\/pages\/22364","targetHints":{"allow":["GET"]}}],"collection":[{"href":"https:\/\/www.sciontario.org\/fr\/wp-json\/wp\/v2\/pages"}],"about":[{"href":"https:\/\/www.sciontario.org\/fr\/wp-json\/wp\/v2\/types\/page"}],"author":[{"embeddable":true,"href":"https:\/\/www.sciontario.org\/fr\/wp-json\/wp\/v2\/users\/4"}],"replies":[{"embeddable":true,"href":"https:\/\/www.sciontario.org\/fr\/wp-json\/wp\/v2\/comments?post=22364"}],"version-history":[{"count":3,"href":"https:\/\/www.sciontario.org\/fr\/wp-json\/wp\/v2\/pages\/22364\/revisions"}],"predecessor-version":[{"id":24836,"href":"https:\/\/www.sciontario.org\/fr\/wp-json\/wp\/v2\/pages\/22364\/revisions\/24836"}],"wp:attachment":[{"href":"https:\/\/www.sciontario.org\/fr\/wp-json\/wp\/v2\/media?parent=22364"}],"wp:term":[{"taxonomy":"category","embeddable":true,"href":"https:\/\/www.sciontario.org\/fr\/wp-json\/wp\/v2\/categories?post=22364"},{"taxonomy":"post_tag","embeddable":true,"href":"https:\/\/www.sciontario.org\/fr\/wp-json\/wp\/v2\/tags?post=22364"}],"curies":[{"name":"wp","href":"https:\/\/api.w.org\/{rel}","templated":true}]}}