{"id":22359,"date":"2024-01-30T15:39:12","date_gmt":"2024-01-30T20:39:12","guid":{"rendered":"http:\/\/www.sciontario.org\/services\/soutien-par-les-pairs\/mentorat-familial\/"},"modified":"2024-08-22T04:22:56","modified_gmt":"2024-08-22T08:22:56","slug":"mentorat-familial","status":"publish","type":"page","link":"https:\/\/www.sciontario.org\/fr\/services\/soutien-par-les-pairs\/mentorat-familial\/","title":{"rendered":"Mentorat familial"},"content":{"rendered":"\t\t<div data-elementor-type=\"wp-page\" data-elementor-id=\"22359\" class=\"elementor elementor-22359 elementor-19505\" wpc-filter-elementor-widget=\"1\" data-elementor-post-type=\"page\">\n\t\t\t\t<div class=\"elementor-element elementor-element-fb4ac79 e-flex e-con-boxed e-con e-parent\" data-id=\"fb4ac79\" data-element_type=\"container\" data-e-type=\"container\" data-settings=\"{&quot;background_background&quot;:&quot;classic&quot;}\">\n\t\t\t\t\t<div class=\"e-con-inner\">\n\t\t<div class=\"elementor-element elementor-element-87d214c e-con-full e-flex e-con e-child\" data-id=\"87d214c\" data-element_type=\"container\" data-e-type=\"container\">\n\t\t\t\t<div class=\"elementor-element elementor-element-8ea60a9 elementor-widget elementor-widget-text-editor\" data-id=\"8ea60a9\" data-element_type=\"widget\" data-e-type=\"widget\" data-widget_type=\"text-editor.default\">\n\t\t\t\t<div class=\"elementor-widget-container\">\n\t\t\t\t\t\t\t\t\t<p><a href=\"https:\/\/sciontario.org\/fr\/services\/soutien-par-les-pairs\/\">Soutien par les pairs<\/a><\/p>\n\t\t\t\t\t\t\t\t<\/div>\n\t\t\t\t<\/div>\n\t\t\t\t<div class=\"elementor-element elementor-element-ac8b444 elementor-widget elementor-widget-heading\" data-id=\"ac8b444\" data-element_type=\"widget\" data-e-type=\"widget\" data-widget_type=\"heading.default\">\n\t\t\t\t<div class=\"elementor-widget-container\">\n\t\t\t\t\t<h1 class=\"elementor-heading-title elementor-size-default\">Mentorat familial<\/h1>\t\t\t\t<\/div>\n\t\t\t\t<\/div>\n\t\t\t\t<\/div>\n\t\t<div class=\"elementor-element elementor-element-2081e79 e-con-full elementor-hidden-mobile elementor-hidden-tablet e-flex e-con e-child\" data-id=\"2081e79\" data-element_type=\"container\" data-e-type=\"container\">\n\t\t\t\t<\/div>\n\t\t\t\t\t<\/div>\n\t\t\t\t<\/div>\n\t\t<div class=\"elementor-element elementor-element-6dc2d26 e-flex e-con-boxed e-con e-parent\" data-id=\"6dc2d26\" data-element_type=\"container\" data-e-type=\"container\" data-settings=\"{&quot;background_background&quot;:&quot;classic&quot;}\">\n\t\t\t\t\t<div class=\"e-con-inner\">\n\t\t<div class=\"elementor-element elementor-element-2e8bc64 e-con-full e-flex e-con e-child\" data-id=\"2e8bc64\" data-element_type=\"container\" data-e-type=\"container\">\n\t\t\t\t<div class=\"elementor-element elementor-element-e559fd6 elementor-widget elementor-widget-text-editor\" data-id=\"e559fd6\" data-element_type=\"widget\" data-e-type=\"widget\" data-widget_type=\"text-editor.default\">\n\t\t\t\t<div class=\"elementor-widget-container\">\n\t\t\t\t\t\t\t\t\t<p>Les membres de la famille d&rsquo;une personne souffrant d&rsquo;une l\u00e9sion de la moelle \u00e9pini\u00e8re peuvent trouver beaucoup de soutien, d&rsquo;informations et de soulagement gr\u00e2ce \u00e0 l&rsquo;entraide entre pairs. Ils peuvent parler avec quelqu&rsquo;un qui a trouv\u00e9 des moyens de faire face \u00e0 des d\u00e9fis physiques, \u00e9motionnels et financiers similaires. <\/p>\n<p>Si vous \u00eates un membre de la famille d&rsquo;une personne victime d&rsquo;une l\u00e9sion m\u00e9dullaire, nous pouvons organiser une rencontre avec un mentor familial qui peut comprendre votre exp\u00e9rience et vous soutenir tout au long du processus et des d\u00e9fis auxquels vous \u00eates confront\u00e9.<\/p>\n<p><\/p>\t\t\t\t\t\t\t\t<\/div>\n\t\t\t\t<\/div>\n\t\t\t\t<\/div>\n\t\t<div class=\"elementor-element elementor-element-424346c e-con-full e-flex e-con e-child\" data-id=\"424346c\" data-element_type=\"container\" data-e-type=\"container\">\n\t\t<div class=\"elementor-element elementor-element-50673c5 e-con-full e-flex e-con e-child\" data-id=\"50673c5\" data-element_type=\"container\" data-e-type=\"container\" data-settings=\"{&quot;background_background&quot;:&quot;classic&quot;}\">\n\t\t\t\t<\/div>\n\t\t\t\t<\/div>\n\t\t\t\t\t<\/div>\n\t\t\t\t<\/div>\n\t\t<div class=\"elementor-element elementor-element-16ef4b9 e-flex e-con-boxed e-con e-parent\" data-id=\"16ef4b9\" data-element_type=\"container\" data-e-type=\"container\" data-settings=\"{&quot;background_background&quot;:&quot;classic&quot;}\">\n\t\t\t\t\t<div class=\"e-con-inner\">\n\t\t<div class=\"elementor-element elementor-element-91b6906 e-con-full e-flex e-con e-child\" data-id=\"91b6906\" data-element_type=\"container\" data-e-type=\"container\">\n\t\t<div class=\"elementor-element elementor-element-a8e0703 e-con-full e-flex e-con e-child\" data-id=\"a8e0703\" data-element_type=\"container\" data-e-type=\"container\" data-settings=\"{&quot;background_background&quot;:&quot;classic&quot;}\">\n\t\t\t\t<\/div>\n\t\t\t\t<\/div>\n\t\t<div class=\"elementor-element elementor-element-883eaa2 e-con-full e-flex e-con e-child\" data-id=\"883eaa2\" data-element_type=\"container\" data-e-type=\"container\">\n\t\t\t\t<div class=\"elementor-element elementor-element-a77857b elementor-widget elementor-widget-heading\" data-id=\"a77857b\" data-element_type=\"widget\" data-e-type=\"widget\" data-widget_type=\"heading.default\">\n\t\t\t\t<div class=\"elementor-widget-container\">\n\t\t\t\t\t<h2 class=\"elementor-heading-title elementor-size-default\">Liens familiaux<\/h2>\t\t\t\t<\/div>\n\t\t\t\t<\/div>\n\t\t\t\t<div class=\"elementor-element elementor-element-84deb9a elementor-widget elementor-widget-text-editor\" data-id=\"84deb9a\" data-element_type=\"widget\" data-e-type=\"widget\" data-widget_type=\"text-editor.default\">\n\t\t\t\t<div class=\"elementor-widget-container\">\n\t\t\t\t\t\t\t\t\t<p>LMO a cr\u00e9\u00e9 une s\u00e9rie de huit semaines de s\u00e9ances d&rsquo;information pour aider les membres de la famille \u00e0 faire face aux nouveaux d\u00e9fis que repr\u00e9sente le soutien d&rsquo;un \u00eatre cher atteint d&rsquo;une l\u00e9sion de la moelle \u00e9pini\u00e8re. De la gestion du chagrin et du stress \u00e0 la navigation dans toutes les ressources disponibles, nous serons votre guide dans ce nouveau monde. <\/p>\n<p>L&rsquo;objectif est d&rsquo;aider les membres de la famille \u00e0 se sentir capables de prendre soin d&rsquo;eux-m\u00eames et de leurs proches, et d&rsquo;\u00eatre arm\u00e9s des connaissances et des outils dont ils ont besoin pour r\u00e9ussir. C&rsquo;est aussi l&rsquo;occasion d&rsquo;entrer en contact avec d&rsquo;autres personnes et de tirer parti de la force des exp\u00e9riences partag\u00e9es. <\/p>\n\t\t\t\t\t\t\t\t<\/div>\n\t\t\t\t<\/div>\n\t\t\t\t<div class=\"elementor-element elementor-element-24e2560 elementor-widget elementor-widget-button\" data-id=\"24e2560\" data-element_type=\"widget\" data-e-type=\"widget\" data-widget_type=\"button.default\">\n\t\t\t\t<div class=\"elementor-widget-container\">\n\t\t\t\t\t\t\t\t\t<div class=\"elementor-button-wrapper\">\n\t\t\t\t\t<a class=\"elementor-button elementor-button-link elementor-size-sm\" href=\"https:\/\/sciontario.org\/services\/peer-support\/family-mentorship\/connections\/\">\n\t\t\t\t\t\t<span class=\"elementor-button-content-wrapper\">\n\t\t\t\t\t\t\t\t\t<span class=\"elementor-button-text\">En savoir plus<\/span>\n\t\t\t\t\t<\/span>\n\t\t\t\t\t<\/a>\n\t\t\t\t<\/div>\n\t\t\t\t\t\t\t\t<\/div>\n\t\t\t\t<\/div>\n\t\t\t\t<\/div>\n\t\t\t\t\t<\/div>\n\t\t\t\t<\/div>\n\t\t<div class=\"elementor-element elementor-element-3cfda9e e-flex e-con-boxed e-con e-parent\" data-id=\"3cfda9e\" data-element_type=\"container\" data-e-type=\"container\" data-settings=\"{&quot;background_background&quot;:&quot;classic&quot;}\">\n\t\t\t\t\t<div class=\"e-con-inner\">\n\t\t<div class=\"elementor-element elementor-element-c0fddfd e-con-full e-flex e-con e-child\" data-id=\"c0fddfd\" data-element_type=\"container\" data-e-type=\"container\">\n\t\t\t\t<div class=\"elementor-element elementor-element-ddb01d9 elementor-widget elementor-widget-heading\" data-id=\"ddb01d9\" data-element_type=\"widget\" data-e-type=\"widget\" data-widget_type=\"heading.default\">\n\t\t\t\t<div class=\"elementor-widget-container\">\n\t\t\t\t\t<h2 class=\"elementor-heading-title elementor-size-default\">Vous avez besoin d'aide ?<\/h2>\t\t\t\t<\/div>\n\t\t\t\t<\/div>\n\t\t\t\t<div class=\"elementor-element elementor-element-f2d9e3d elementor-widget elementor-widget-text-editor\" data-id=\"f2d9e3d\" data-element_type=\"widget\" data-e-type=\"widget\" data-widget_type=\"text-editor.default\">\n\t\t\t\t<div class=\"elementor-widget-container\">\n\t\t\t\t\t\t\t\t\t<p>Nos services sont gratuits pour les clients enregistr\u00e9s du LMO. <\/p>\n<p><a href=\"https:\/\/sciontario.org\/fr\/services\/reference-dun-nouveau-client\/\">Remplissez ce formulaire en ligne<\/a> ou communiquez avec notre coordonnateur provincial de l&rsquo;accueil pour commencer.<\/p>\n<p><strong>Veuillez contacter :<\/strong><br \/><a href=\"mailto:referrals@sciontario.org\">referrals@sciontario.org<\/a><br \/><a href=\"tel:1-877-422-1112\">1-877-422-1112 <\/a><br \/>ou <a href=\"https:\/\/sciontario.org\/fr\/services\/reference-dun-nouveau-client\/\">remplir ce formulaire en ligne<\/a>.<\/p>\n\t\t\t\t\t\t\t\t<\/div>\n\t\t\t\t<\/div>\n\t\t\t\t<\/div>\n\t\t<div class=\"elementor-element elementor-element-d4af03f e-con-full e-flex e-con e-child\" data-id=\"d4af03f\" data-element_type=\"container\" data-e-type=\"container\" data-settings=\"{&quot;background_background&quot;:&quot;classic&quot;}\">\n\t\t\t\t<\/div>\n\t\t\t\t\t<\/div>\n\t\t\t\t<\/div>\n\t\t\t\t<\/div>\n\t\t","protected":false},"excerpt":{"rendered":"<p>Soutien par les pairs Mentorat familial Les membres de la famille d&rsquo;une personne souffrant d&rsquo;une l\u00e9sion de la moelle \u00e9pini\u00e8re peuvent trouver beaucoup de soutien, d&rsquo;informations et de soulagement gr\u00e2ce \u00e0 l&rsquo;entraide entre pairs. Ils peuvent parler avec quelqu&rsquo;un qui a trouv\u00e9 des moyens de faire face \u00e0 des d\u00e9fis physiques, \u00e9motionnels et financiers similaires. [&hellip;]<\/p>\n","protected":false},"author":20,"featured_media":0,"parent":21916,"menu_order":0,"comment_status":"closed","ping_status":"closed","template":"elementor_header_footer","meta":{"_acf_changed":false,"footnotes":"","_links_to":"","_links_to_target":""},"categories":[],"tags":[],"class_list":["post-22359","page","type-page","status-publish","hentry"],"acf":[],"yoast_head":"<!-- This site is optimized with the Yoast SEO Premium plugin v27.3 (Yoast SEO v27.3) - https:\/\/yoast.com\/product\/yoast-seo-premium-wordpress\/ -->\n<title>Soutien par les pairs - Mentorat familial | LMO<\/title>\n<meta name=\"description\" content=\"Notre programme de soutien par les pairs met en relation les personnes nouvellement bless\u00e9es et les membres de leur famille avec des personnes ayant une exp\u00e9rience de la l\u00e9sion m\u00e9dullaire.\" \/>\n<meta name=\"robots\" content=\"index, follow, max-snippet:-1, max-image-preview:large, max-video-preview:-1\" \/>\n<link rel=\"canonical\" href=\"https:\/\/www.sciontario.org\/fr\/services\/soutien-par-les-pairs\/mentorat-familial\/\" \/>\n<meta property=\"og:locale\" content=\"fr_FR\" \/>\n<meta property=\"og:type\" content=\"article\" \/>\n<meta property=\"og:title\" content=\"Mentorat familial\" \/>\n<meta property=\"og:description\" content=\"Notre programme de soutien par les pairs met en relation les personnes nouvellement bless\u00e9es et les membres de leur famille avec des personnes ayant une exp\u00e9rience de la l\u00e9sion m\u00e9dullaire.\" \/>\n<meta property=\"og:url\" content=\"https:\/\/www.sciontario.org\/fr\/services\/soutien-par-les-pairs\/mentorat-familial\/\" \/>\n<meta property=\"og:site_name\" content=\"Spinal Cord Injury Ontario | Supporting and advocating for and with people with a disability.\" \/>\n<meta property=\"article:publisher\" content=\"https:\/\/www.facebook.com\/pages\/Canadian-Paraplegic-Association-SCI-Ontario\/198786166801432\" \/>\n<meta property=\"article:modified_time\" content=\"2024-08-22T08:22:56+00:00\" \/>\n<meta name=\"twitter:card\" content=\"summary_large_image\" \/>\n<meta name=\"twitter:site\" content=\"@sci_ontario\" \/>\n<meta name=\"twitter:label1\" content=\"Dur\u00e9e de lecture estim\u00e9e\" \/>\n\t<meta name=\"twitter:data1\" content=\"2 minutes\" \/>\n<script type=\"application\/ld+json\" class=\"yoast-schema-graph\">{\"@context\":\"https:\\\/\\\/schema.org\",\"@graph\":[{\"@type\":\"WebPage\",\"@id\":\"https:\\\/\\\/www.sciontario.org\\\/fr\\\/services\\\/soutien-par-les-pairs\\\/mentorat-familial\\\/\",\"url\":\"https:\\\/\\\/www.sciontario.org\\\/fr\\\/services\\\/soutien-par-les-pairs\\\/mentorat-familial\\\/\",\"name\":\"Soutien par les pairs - Mentorat familial | LMO\",\"isPartOf\":{\"@id\":\"https:\\\/\\\/www.sciontario.org\\\/fr\\\/#website\"},\"datePublished\":\"2024-01-30T20:39:12+00:00\",\"dateModified\":\"2024-08-22T08:22:56+00:00\",\"description\":\"Notre programme de soutien par les pairs met en relation les personnes nouvellement bless\u00e9es et les membres de leur famille avec des personnes ayant une exp\u00e9rience de la l\u00e9sion m\u00e9dullaire.\",\"breadcrumb\":{\"@id\":\"https:\\\/\\\/www.sciontario.org\\\/fr\\\/services\\\/soutien-par-les-pairs\\\/mentorat-familial\\\/#breadcrumb\"},\"inLanguage\":\"fr-FR\",\"potentialAction\":[{\"@type\":\"ReadAction\",\"target\":[\"https:\\\/\\\/www.sciontario.org\\\/fr\\\/services\\\/soutien-par-les-pairs\\\/mentorat-familial\\\/\"]}]},{\"@type\":\"BreadcrumbList\",\"@id\":\"https:\\\/\\\/www.sciontario.org\\\/fr\\\/services\\\/soutien-par-les-pairs\\\/mentorat-familial\\\/#breadcrumb\",\"itemListElement\":[{\"@type\":\"ListItem\",\"position\":1,\"name\":\"Home\",\"item\":\"https:\\\/\\\/www.sciontario.org\\\/fr\\\/\"},{\"@type\":\"ListItem\",\"position\":2,\"name\":\"Services LMO\",\"item\":\"https:\\\/\\\/www.sciontario.org\\\/fr\\\/services\\\/\"},{\"@type\":\"ListItem\",\"position\":3,\"name\":\"Soutien par les pairs\",\"item\":\"https:\\\/\\\/www.sciontario.org\\\/fr\\\/services\\\/soutien-par-les-pairs\\\/\"},{\"@type\":\"ListItem\",\"position\":4,\"name\":\"Mentorat familial\"}]},{\"@type\":\"WebSite\",\"@id\":\"https:\\\/\\\/www.sciontario.org\\\/fr\\\/#website\",\"url\":\"https:\\\/\\\/www.sciontario.org\\\/fr\\\/\",\"name\":\"Spinal Cord Injury Ontario | Supporting and advocating for and with people with a disability.\",\"description\":\"We serve, support and advocate for and with people with a disability in Ontario.\",\"publisher\":{\"@id\":\"https:\\\/\\\/www.sciontario.org\\\/fr\\\/#organization\"},\"potentialAction\":[{\"@type\":\"SearchAction\",\"target\":{\"@type\":\"EntryPoint\",\"urlTemplate\":\"https:\\\/\\\/www.sciontario.org\\\/fr\\\/?s={search_term_string}\"},\"query-input\":{\"@type\":\"PropertyValueSpecification\",\"valueRequired\":true,\"valueName\":\"search_term_string\"}}],\"inLanguage\":\"fr-FR\"},{\"@type\":\"Organization\",\"@id\":\"https:\\\/\\\/www.sciontario.org\\\/fr\\\/#organization\",\"name\":\"Spinal Cord Injury Ontario\",\"url\":\"https:\\\/\\\/www.sciontario.org\\\/fr\\\/\",\"logo\":{\"@type\":\"ImageObject\",\"inLanguage\":\"fr-FR\",\"@id\":\"https:\\\/\\\/www.sciontario.org\\\/fr\\\/#\\\/schema\\\/logo\\\/image\\\/\",\"url\":\"https:\\\/\\\/www.sciontario.org\\\/wp-content\\\/uploads\\\/SCIO_EN_FR_STD_HORIZ_CMYK.png\",\"contentUrl\":\"https:\\\/\\\/www.sciontario.org\\\/wp-content\\\/uploads\\\/SCIO_EN_FR_STD_HORIZ_CMYK.png\",\"width\":600,\"height\":160,\"caption\":\"Spinal Cord Injury Ontario\"},\"image\":{\"@id\":\"https:\\\/\\\/www.sciontario.org\\\/fr\\\/#\\\/schema\\\/logo\\\/image\\\/\"},\"sameAs\":[\"https:\\\/\\\/www.facebook.com\\\/pages\\\/Canadian-Paraplegic-Association-SCI-Ontario\\\/198786166801432\",\"https:\\\/\\\/x.com\\\/sci_ontario\",\"https:\\\/\\\/www.instagram.com\\\/sci_ontario\",\"https:\\\/\\\/ca.linkedin.com\\\/company\\\/spinal-cord-injury-ontario\"]}]}<\/script>\n<!-- \/ Yoast SEO Premium plugin. -->","yoast_head_json":{"title":"Soutien par les pairs - Mentorat familial | LMO","description":"Notre programme de soutien par les pairs met en relation les personnes nouvellement bless\u00e9es et les membres de leur famille avec des personnes ayant une exp\u00e9rience de la l\u00e9sion m\u00e9dullaire.","robots":{"index":"index","follow":"follow","max-snippet":"max-snippet:-1","max-image-preview":"max-image-preview:large","max-video-preview":"max-video-preview:-1"},"canonical":"https:\/\/www.sciontario.org\/fr\/services\/soutien-par-les-pairs\/mentorat-familial\/","og_locale":"fr_FR","og_type":"article","og_title":"Mentorat familial","og_description":"Notre programme de soutien par les pairs met en relation les personnes nouvellement bless\u00e9es et les membres de leur famille avec des personnes ayant une exp\u00e9rience de la l\u00e9sion m\u00e9dullaire.","og_url":"https:\/\/www.sciontario.org\/fr\/services\/soutien-par-les-pairs\/mentorat-familial\/","og_site_name":"Spinal Cord Injury Ontario | Supporting and advocating for and with people with a disability.","article_publisher":"https:\/\/www.facebook.com\/pages\/Canadian-Paraplegic-Association-SCI-Ontario\/198786166801432","article_modified_time":"2024-08-22T08:22:56+00:00","twitter_card":"summary_large_image","twitter_site":"@sci_ontario","twitter_misc":{"Dur\u00e9e de lecture estim\u00e9e":"2 minutes"},"schema":{"@context":"https:\/\/schema.org","@graph":[{"@type":"WebPage","@id":"https:\/\/www.sciontario.org\/fr\/services\/soutien-par-les-pairs\/mentorat-familial\/","url":"https:\/\/www.sciontario.org\/fr\/services\/soutien-par-les-pairs\/mentorat-familial\/","name":"Soutien par les pairs - Mentorat familial | LMO","isPartOf":{"@id":"https:\/\/www.sciontario.org\/fr\/#website"},"datePublished":"2024-01-30T20:39:12+00:00","dateModified":"2024-08-22T08:22:56+00:00","description":"Notre programme de soutien par les pairs met en relation les personnes nouvellement bless\u00e9es et les membres de leur famille avec des personnes ayant une exp\u00e9rience de la l\u00e9sion m\u00e9dullaire.","breadcrumb":{"@id":"https:\/\/www.sciontario.org\/fr\/services\/soutien-par-les-pairs\/mentorat-familial\/#breadcrumb"},"inLanguage":"fr-FR","potentialAction":[{"@type":"ReadAction","target":["https:\/\/www.sciontario.org\/fr\/services\/soutien-par-les-pairs\/mentorat-familial\/"]}]},{"@type":"BreadcrumbList","@id":"https:\/\/www.sciontario.org\/fr\/services\/soutien-par-les-pairs\/mentorat-familial\/#breadcrumb","itemListElement":[{"@type":"ListItem","position":1,"name":"Home","item":"https:\/\/www.sciontario.org\/fr\/"},{"@type":"ListItem","position":2,"name":"Services LMO","item":"https:\/\/www.sciontario.org\/fr\/services\/"},{"@type":"ListItem","position":3,"name":"Soutien par les pairs","item":"https:\/\/www.sciontario.org\/fr\/services\/soutien-par-les-pairs\/"},{"@type":"ListItem","position":4,"name":"Mentorat familial"}]},{"@type":"WebSite","@id":"https:\/\/www.sciontario.org\/fr\/#website","url":"https:\/\/www.sciontario.org\/fr\/","name":"Spinal Cord Injury Ontario | Supporting and advocating for and with people with a disability.","description":"We serve, support and advocate for and with people with a disability in Ontario.","publisher":{"@id":"https:\/\/www.sciontario.org\/fr\/#organization"},"potentialAction":[{"@type":"SearchAction","target":{"@type":"EntryPoint","urlTemplate":"https:\/\/www.sciontario.org\/fr\/?s={search_term_string}"},"query-input":{"@type":"PropertyValueSpecification","valueRequired":true,"valueName":"search_term_string"}}],"inLanguage":"fr-FR"},{"@type":"Organization","@id":"https:\/\/www.sciontario.org\/fr\/#organization","name":"Spinal Cord Injury Ontario","url":"https:\/\/www.sciontario.org\/fr\/","logo":{"@type":"ImageObject","inLanguage":"fr-FR","@id":"https:\/\/www.sciontario.org\/fr\/#\/schema\/logo\/image\/","url":"https:\/\/www.sciontario.org\/wp-content\/uploads\/SCIO_EN_FR_STD_HORIZ_CMYK.png","contentUrl":"https:\/\/www.sciontario.org\/wp-content\/uploads\/SCIO_EN_FR_STD_HORIZ_CMYK.png","width":600,"height":160,"caption":"Spinal Cord Injury Ontario"},"image":{"@id":"https:\/\/www.sciontario.org\/fr\/#\/schema\/logo\/image\/"},"sameAs":["https:\/\/www.facebook.com\/pages\/Canadian-Paraplegic-Association-SCI-Ontario\/198786166801432","https:\/\/x.com\/sci_ontario","https:\/\/www.instagram.com\/sci_ontario","https:\/\/ca.linkedin.com\/company\/spinal-cord-injury-ontario"]}]}},"publishpress_future_action":{"enabled":false,"date":"2026-04-17 07:43:32","action":"change-status","newStatus":"draft","terms":[],"taxonomy":"category","extraData":[]},"publishpress_future_workflow_manual_trigger":{"enabledWorkflows":[]},"_links":{"self":[{"href":"https:\/\/www.sciontario.org\/fr\/wp-json\/wp\/v2\/pages\/22359","targetHints":{"allow":["GET"]}}],"collection":[{"href":"https:\/\/www.sciontario.org\/fr\/wp-json\/wp\/v2\/pages"}],"about":[{"href":"https:\/\/www.sciontario.org\/fr\/wp-json\/wp\/v2\/types\/page"}],"author":[{"embeddable":true,"href":"https:\/\/www.sciontario.org\/fr\/wp-json\/wp\/v2\/users\/20"}],"replies":[{"embeddable":true,"href":"https:\/\/www.sciontario.org\/fr\/wp-json\/wp\/v2\/comments?post=22359"}],"version-history":[{"count":0,"href":"https:\/\/www.sciontario.org\/fr\/wp-json\/wp\/v2\/pages\/22359\/revisions"}],"up":[{"embeddable":true,"href":"https:\/\/www.sciontario.org\/fr\/wp-json\/wp\/v2\/pages\/21916"}],"wp:attachment":[{"href":"https:\/\/www.sciontario.org\/fr\/wp-json\/wp\/v2\/media?parent=22359"}],"wp:term":[{"taxonomy":"category","embeddable":true,"href":"https:\/\/www.sciontario.org\/fr\/wp-json\/wp\/v2\/categories?post=22359"},{"taxonomy":"post_tag","embeddable":true,"href":"https:\/\/www.sciontario.org\/fr\/wp-json\/wp\/v2\/tags?post=22359"}],"curies":[{"name":"wp","href":"https:\/\/api.w.org\/{rel}","templated":true}]}}