{"id":22356,"date":"2019-06-03T13:42:52","date_gmt":"2019-06-03T17:42:52","guid":{"rendered":"http:\/\/www.sciontario.org\/recherche\/participer-a-la-recherche\/"},"modified":"2024-08-21T09:41:50","modified_gmt":"2024-08-21T13:41:50","slug":"participer-a-la-recherche","status":"publish","type":"page","link":"https:\/\/www.sciontario.org\/fr\/recherche\/participer-a-la-recherche\/","title":{"rendered":"Participer \u00e0 la recherche"},"content":{"rendered":"\t\t<div data-elementor-type=\"wp-page\" data-elementor-id=\"22356\" class=\"elementor elementor-22356 elementor-4417\" wpc-filter-elementor-widget=\"1\" data-elementor-post-type=\"page\">\n\t\t\t\t<div class=\"elementor-element elementor-element-ecdff26 e-flex e-con-boxed e-con e-parent\" data-id=\"ecdff26\" data-element_type=\"container\" data-e-type=\"container\" data-settings=\"{&quot;background_background&quot;:&quot;classic&quot;}\">\n\t\t\t\t\t<div class=\"e-con-inner\">\n\t\t<div class=\"elementor-element elementor-element-9443ef4 e-con-full e-flex e-con e-child\" data-id=\"9443ef4\" data-element_type=\"container\" data-e-type=\"container\">\n\t\t<div class=\"elementor-element elementor-element-76882e1 e-con-full e-flex e-con e-child\" data-id=\"76882e1\" data-element_type=\"container\" data-e-type=\"container\" data-settings=\"{&quot;background_background&quot;:&quot;classic&quot;}\">\n\t\t\t\t<div class=\"elementor-element elementor-element-1c2e466 elementor-widget elementor-widget-heading\" data-id=\"1c2e466\" data-element_type=\"widget\" data-e-type=\"widget\" data-widget_type=\"heading.default\">\n\t\t\t\t<div class=\"elementor-widget-container\">\n\t\t\t\t\t<h1 class=\"elementor-heading-title elementor-size-default\">Participer \u00e0 la recherche<\/h1>\t\t\t\t<\/div>\n\t\t\t\t<\/div>\n\t\t\t\t<div class=\"elementor-element elementor-element-db43b41 elementor-widget elementor-widget-heading\" data-id=\"db43b41\" data-element_type=\"widget\" data-e-type=\"widget\" data-widget_type=\"heading.default\">\n\t\t\t\t<div class=\"elementor-widget-container\">\n\t\t\t\t\t<h2 class=\"elementor-heading-title elementor-size-default\">Votre exp\u00e9rience personnelle et vos id\u00e9es peuvent contribuer \u00e0 changer le monde<\/h2>\t\t\t\t<\/div>\n\t\t\t\t<\/div>\n\t\t\t\t<div class=\"elementor-element elementor-element-9b1ab6b elementor-widget elementor-widget-text-editor\" data-id=\"9b1ab6b\" data-element_type=\"widget\" data-e-type=\"widget\" data-widget_type=\"text-editor.default\">\n\t\t\t\t<div class=\"elementor-widget-container\">\n\t\t\t\t\t\t\t\t\t<p>Qu&rsquo;il s&rsquo;agisse d&rsquo;un sondage rapide en ligne ou de quelques jours dans un environnement clinique, la participation \u00e0 la recherche fait progresser la science des l\u00e9sions m\u00e9dullaires et aide les personnes vivant avec une l\u00e9sion m\u00e9dullaire de plusieurs fa\u00e7ons importantes.<\/p>\n\t\t\t\t\t\t\t\t<\/div>\n\t\t\t\t<\/div>\n\t\t\t\t<\/div>\n\t\t<div class=\"elementor-element elementor-element-2d6dba9 e-con-full elementor-hidden-mobile e-flex e-con e-child\" data-id=\"2d6dba9\" data-element_type=\"container\" data-e-type=\"container\">\n\t\t\t\t<\/div>\n\t\t\t\t<\/div>\n\t\t\t\t\t<\/div>\n\t\t\t\t<\/div>\n\t\t<div class=\"elementor-element elementor-element-e4d1c41 e-flex e-con-boxed e-con e-parent\" data-id=\"e4d1c41\" data-element_type=\"container\" data-e-type=\"container\" data-settings=\"{&quot;background_background&quot;:&quot;classic&quot;}\">\n\t\t\t\t\t<div class=\"e-con-inner\">\n\t\t<div class=\"elementor-element elementor-element-68953e8 e-con-full e-flex e-con e-child\" data-id=\"68953e8\" data-element_type=\"container\" data-e-type=\"container\">\n\t\t<div class=\"elementor-element elementor-element-8b69005 e-con-full e-flex e-con e-child\" data-id=\"8b69005\" data-element_type=\"container\" data-e-type=\"container\">\n\t\t\t\t<div class=\"elementor-element elementor-element-1d3842d elementor-widget elementor-widget-heading\" data-id=\"1d3842d\" data-element_type=\"widget\" data-e-type=\"widget\" data-widget_type=\"heading.default\">\n\t\t\t\t<div class=\"elementor-widget-container\">\n\t\t\t\t\t<h2 class=\"elementor-heading-title elementor-size-default\">Opportunit\u00e9s pour les participants \u00e0 la recherche<\/h2>\t\t\t\t<\/div>\n\t\t\t\t<\/div>\n\t\t\t\t<div class=\"elementor-element elementor-element-baf3298 text-with-list elementor-widget elementor-widget-text-editor\" data-id=\"baf3298\" data-element_type=\"widget\" data-e-type=\"widget\" data-widget_type=\"text-editor.default\">\n\t\t\t\t<div class=\"elementor-widget-container\">\n\t\t\t\t\t\t\t\t\t<p data-wahfont=\"16\">Participer \u00e0 des \u00e9tudes de recherche \u00e9thique peut \u00eatre une exp\u00e9rience enrichissante, sans compter qu&rsquo;elle contribue grandement \u00e0 faire avancer la science ! Consultez les possibilit\u00e9s actuelles ci-dessous. Spinal Cord Injury Ontario n&rsquo;est pas n\u00e9cessairement affili\u00e9 au chercheur ou au projet de recherche et fournit ces renseignements \u00e0 titre de ressource pour les personnes qui pourraient \u00eatre int\u00e9ress\u00e9es \u00e0 participer. Pour en savoir plus sur une \u00e9tude particuli\u00e8re, veuillez communiquer avec la personne identifi\u00e9e pour chaque projet.   <\/p>\n<p data-wahfont=\"16\">Nous vous encourageons \u00e0 faire vos propres recherches avant d&rsquo;accepter de participer \u00e0 une \u00e9tude.<\/p>\t\t\t\t\t\t\t\t<\/div>\n\t\t\t\t<\/div>\n\t\t\t\t<div class=\"elementor-element elementor-element-341fe24 elementor-widget elementor-widget-n-accordion\" data-id=\"341fe24\" data-element_type=\"widget\" data-e-type=\"widget\" data-settings=\"{&quot;default_state&quot;:&quot;all_collapsed&quot;,&quot;max_items_expended&quot;:&quot;one&quot;,&quot;n_accordion_animation_duration&quot;:{&quot;unit&quot;:&quot;ms&quot;,&quot;size&quot;:400,&quot;sizes&quot;:[]}}\" data-widget_type=\"nested-accordion.default\">\n\t\t\t\t<div class=\"elementor-widget-container\">\n\t\t\t\t\t\t\t<div class=\"e-n-accordion\" aria-label=\"Accordion. Open links with Enter or Space, close with Escape, and navigate with Arrow Keys\">\n\t\t\t\t\t\t<details id=\"e-n-accordion-item-5460\" class=\"e-n-accordion-item\" >\n\t\t\t\t<summary class=\"e-n-accordion-item-title\" data-accordion-index=\"1\" tabindex=\"0\" aria-expanded=\"false\" aria-controls=\"e-n-accordion-item-5460\" >\n\t\t\t\t\t<span class='e-n-accordion-item-title-header'><div class=\"e-n-accordion-item-title-text\"> Questions \u00e0 se poser avant de s'inscrire <\/div><\/span>\n\t\t\t\t\t\t\t<span class='e-n-accordion-item-title-icon'>\n\t\t\t<span class='e-opened' ><svg aria-hidden=\"true\" class=\"e-font-icon-svg e-fas-minus\" viewBox=\"0 0 448 512\" xmlns=\"http:\/\/www.w3.org\/2000\/svg\"><path d=\"M416 208H32c-17.67 0-32 14.33-32 32v32c0 17.67 14.33 32 32 32h384c17.67 0 32-14.33 32-32v-32c0-17.67-14.33-32-32-32z\"><\/path><\/svg><\/span>\n\t\t\t<span class='e-closed'><svg aria-hidden=\"true\" class=\"e-font-icon-svg e-fas-plus\" viewBox=\"0 0 448 512\" xmlns=\"http:\/\/www.w3.org\/2000\/svg\"><path d=\"M416 208H272V64c0-17.67-14.33-32-32-32h-32c-17.67 0-32 14.33-32 32v144H32c-17.67 0-32 14.33-32 32v32c0 17.67 14.33 32 32 32h144v144c0 17.67 14.33 32 32 32h32c17.67 0 32-14.33 32-32V304h144c17.67 0 32-14.33 32-32v-32c0-17.67-14.33-32-32-32z\"><\/path><\/svg><\/span>\n\t\t<\/span>\n\n\t\t\t\t\t\t<\/summary>\n\t\t\t\t<div role=\"region\" aria-labelledby=\"e-n-accordion-item-5460\" class=\"elementor-element elementor-element-3fd7d9c e-con-full e-flex e-con e-child\" data-id=\"3fd7d9c\" data-element_type=\"container\" data-e-type=\"container\">\n\t\t\t\t<div class=\"elementor-element elementor-element-ae4f38f text-with-list elementor-widget elementor-widget-text-editor\" data-id=\"ae4f38f\" data-element_type=\"widget\" data-e-type=\"widget\" data-widget_type=\"text-editor.default\">\n\t\t\t\t<div class=\"elementor-widget-container\">\n\t\t\t\t\t\t\t\t\t<ul>\n<li><strong data-redactor-tag=\"strong\">L&rsquo;\u00e9tude a-t-elle \u00e9t\u00e9 approuv\u00e9e sur le plan \u00e9thique ?<\/strong>\n<ul>\n<li>Si une \u00e9tude de recherche est approuv\u00e9e sur le plan \u00e9thique, elle a \u00e9t\u00e9 examin\u00e9e par un groupe d&rsquo;experts afin de s&rsquo;assurer que les avantages de l&rsquo;\u00e9tude sont mis en balance avec les risques et que les droits, la dignit\u00e9, la confidentialit\u00e9 et la s\u00e9curit\u00e9 des participants \u00e0 la recherche seront prot\u00e9g\u00e9s.<\/li>\n<\/ul>\n<\/li>\n<\/ul>\n<ul>\n<li><strong data-redactor-tag=\"strong\">Quels sont les risques et\/ou les avantages d&rsquo;une telle participation ?<\/strong>\n<ul>\n<li>Les risques varient d&rsquo;une \u00e9tude \u00e0 l&rsquo;autre. Il est important de comprendre les risques encourus avant d&rsquo;accepter de participer \u00e0 une recherche. Toutes les personnes qui participent \u00e0 la recherche n&rsquo;en tirent pas un b\u00e9n\u00e9fice direct. Parfois, c&rsquo;est la soci\u00e9t\u00e9 qui en b\u00e9n\u00e9ficie en fournissant aux chercheurs de nouvelles informations sur une maladie ou un \u00e9tat de sant\u00e9.   <\/li>\n<\/ul>\n<\/li>\n<\/ul>\n<ul>\n<li><strong data-redactor-tag=\"strong\">Qu&rsquo;est-ce que le consentement \u00e9clair\u00e9 ?<\/strong>\n<ul>\n<li>Le consentement \u00e9clair\u00e9 est un processus au cours duquel vous vous renseignez sur l&rsquo;\u00e9tude, sur vos droits en tant que participant et sur les risques ou les avantages de votre participation. C&rsquo;est \u00e0 vous de d\u00e9cider si vous souhaitez vous porter volontaire. Le consentement doit \u00eatre donn\u00e9 librement et peut \u00eatre retir\u00e9 \u00e0 tout moment sans p\u00e9nalit\u00e9 d&rsquo;aucune sorte.  <\/li>\n<\/ul>\n<\/li>\n<\/ul>\n<ul>\n<li><strong data-redactor-tag=\"strong\">Comment ma vie priv\u00e9e sera-t-elle prot\u00e9g\u00e9e ?<\/strong>\n<ul>\n<li>Les informations que vous fournissez doivent rester confidentielles. Les r\u00e9sultats ne doivent \u00eatre partag\u00e9s qu&rsquo;en groupe et vos informations ne doivent pas \u00eatre identifiables. <\/li>\n<\/ul>\n<\/li>\n<\/ul>\n<ul>\n<li><strong data-redactor-tag=\"strong\">Que se passe-t-il si je change d&rsquo;avis et que je ne souhaite plus participer ?<\/strong>\n<ul>\n<li>Vous devez pouvoir vous retirer de la recherche \u00e0 tout moment sans p\u00e9nalit\u00e9 d&rsquo;aucune sorte.<\/li>\n<\/ul>\n<\/li>\n<\/ul>\n\t\t\t\t\t\t\t\t<\/div>\n\t\t\t\t<\/div>\n\t\t\t\t<\/div>\n\t\t\t\t\t<\/details>\n\t\t\t\t\t<\/div>\n\t\t\t\t\t\t<\/div>\n\t\t\t\t<\/div>\n\t\t\t\t<div class=\"elementor-element elementor-element-4b7cdc4 elementor-widget__width-inherit elementor-widget elementor-widget-heading\" data-id=\"4b7cdc4\" data-element_type=\"widget\" data-e-type=\"widget\" data-widget_type=\"heading.default\">\n\t\t\t\t<div class=\"elementor-widget-container\">\n\t\t\t\t\t<h2 class=\"elementor-heading-title elementor-size-default\">Possibilit\u00e9s actuelles de participer \u00e0 la recherche<\/h2>\t\t\t\t<\/div>\n\t\t\t\t<\/div>\n\t\t\t\t<\/div>\n\t\t\t\t<\/div>\n\t\t\t\t\t<\/div>\n\t\t\t\t<\/div>\n\t\t<div class=\"elementor-element elementor-element-8e6b7aa e-flex e-con-boxed e-con e-parent\" data-id=\"8e6b7aa\" data-element_type=\"container\" data-e-type=\"container\" data-settings=\"{&quot;background_background&quot;:&quot;classic&quot;}\">\n\t\t\t\t\t<div class=\"e-con-inner\">\n\t\t\t\t<div class=\"elementor-element elementor-element-f33f497 elementor-grid-3 elementor-grid-tablet-2 elementor-grid-mobile-1 elementor-widget elementor-widget-loop-grid\" data-id=\"f33f497\" data-element_type=\"widget\" data-e-type=\"widget\" data-settings=\"{&quot;template_id&quot;:22065,&quot;columns&quot;:3,&quot;_skin&quot;:&quot;post&quot;,&quot;columns_tablet&quot;:&quot;2&quot;,&quot;columns_mobile&quot;:&quot;1&quot;,&quot;edit_handle_selector&quot;:&quot;[data-elementor-type=\\&quot;loop-item\\&quot;]&quot;,&quot;row_gap&quot;:{&quot;unit&quot;:&quot;px&quot;,&quot;size&quot;:&quot;&quot;,&quot;sizes&quot;:[]},&quot;row_gap_tablet&quot;:{&quot;unit&quot;:&quot;px&quot;,&quot;size&quot;:&quot;&quot;,&quot;sizes&quot;:[]},&quot;row_gap_mobile&quot;:{&quot;unit&quot;:&quot;px&quot;,&quot;size&quot;:&quot;&quot;,&quot;sizes&quot;:[]}}\" data-widget_type=\"loop-grid.post\">\n\t\t\t\t<div class=\"elementor-widget-container\">\n\t\t\t\t\t\t\t<div class=\"e-loop-nothing-found-message\">\n\t\t<\/div>\n\t\t\t\t\t\t<\/div>\n\t\t\t\t<\/div>\n\t\t\t\t\t<\/div>\n\t\t\t\t<\/div>\n\t\t\t\t<\/div>\n\t\t","protected":false},"excerpt":{"rendered":"<p>Participer \u00e0 la recherche Votre exp\u00e9rience personnelle et vos id\u00e9es peuvent contribuer \u00e0 changer le monde Qu&rsquo;il s&rsquo;agisse d&rsquo;un sondage rapide en ligne ou de quelques jours dans un environnement clinique, la participation \u00e0 la recherche fait progresser la science des l\u00e9sions m\u00e9dullaires et aide les personnes vivant avec une l\u00e9sion m\u00e9dullaire de plusieurs fa\u00e7ons [&hellip;]<\/p>\n","protected":false},"author":4,"featured_media":0,"parent":21835,"menu_order":0,"comment_status":"closed","ping_status":"closed","template":"elementor_header_footer","meta":{"_acf_changed":false,"footnotes":"","_links_to":"","_links_to_target":""},"categories":[],"tags":[],"class_list":["post-22356","page","type-page","status-publish","hentry"],"acf":[],"yoast_head":"<!-- This site is optimized with the Yoast SEO Premium plugin v27.3 (Yoast SEO v27.3) - https:\/\/yoast.com\/product\/yoast-seo-premium-wordpress\/ -->\n<title>Participez \u00e0 la recherche - L\u00e9sions M\u00e9dullaires Ontario<\/title>\n<meta name=\"description\" content=\"Participer \u00e0 des \u00e9tudes de recherche \u00e9thique peut \u00eatre une exp\u00e9rience enrichissante. Consultez les opportunit\u00e9s actuelles.\" \/>\n<meta name=\"robots\" content=\"index, follow, max-snippet:-1, max-image-preview:large, max-video-preview:-1\" \/>\n<link rel=\"canonical\" href=\"https:\/\/www.sciontario.org\/fr\/recherche\/participer-a-la-recherche\/\" \/>\n<meta property=\"og:locale\" content=\"fr_FR\" \/>\n<meta property=\"og:type\" content=\"article\" \/>\n<meta property=\"og:title\" content=\"Participer \u00e0 la recherche\" \/>\n<meta property=\"og:description\" content=\"Participer \u00e0 des \u00e9tudes de recherche \u00e9thique peut \u00eatre une exp\u00e9rience enrichissante. Consultez les opportunit\u00e9s actuelles.\" \/>\n<meta property=\"og:url\" content=\"https:\/\/www.sciontario.org\/fr\/recherche\/participer-a-la-recherche\/\" \/>\n<meta property=\"og:site_name\" content=\"Spinal Cord Injury Ontario | Supporting and advocating for and with people with a disability.\" \/>\n<meta property=\"article:publisher\" content=\"https:\/\/www.facebook.com\/pages\/Canadian-Paraplegic-Association-SCI-Ontario\/198786166801432\" \/>\n<meta property=\"article:modified_time\" content=\"2024-08-21T13:41:50+00:00\" \/>\n<meta name=\"twitter:card\" content=\"summary_large_image\" \/>\n<meta name=\"twitter:site\" content=\"@sci_ontario\" \/>\n<meta name=\"twitter:label1\" content=\"Dur\u00e9e de lecture estim\u00e9e\" \/>\n\t<meta name=\"twitter:data1\" content=\"4 minutes\" \/>\n<script type=\"application\/ld+json\" class=\"yoast-schema-graph\">{\"@context\":\"https:\\\/\\\/schema.org\",\"@graph\":[{\"@type\":\"WebPage\",\"@id\":\"https:\\\/\\\/www.sciontario.org\\\/fr\\\/recherche\\\/participer-a-la-recherche\\\/\",\"url\":\"https:\\\/\\\/www.sciontario.org\\\/fr\\\/recherche\\\/participer-a-la-recherche\\\/\",\"name\":\"Participez \u00e0 la recherche - L\u00e9sions M\u00e9dullaires Ontario\",\"isPartOf\":{\"@id\":\"https:\\\/\\\/www.sciontario.org\\\/fr\\\/#website\"},\"datePublished\":\"2019-06-03T17:42:52+00:00\",\"dateModified\":\"2024-08-21T13:41:50+00:00\",\"description\":\"Participer \u00e0 des \u00e9tudes de recherche \u00e9thique peut \u00eatre une exp\u00e9rience enrichissante. Consultez les opportunit\u00e9s actuelles.\",\"breadcrumb\":{\"@id\":\"https:\\\/\\\/www.sciontario.org\\\/fr\\\/recherche\\\/participer-a-la-recherche\\\/#breadcrumb\"},\"inLanguage\":\"fr-FR\",\"potentialAction\":[{\"@type\":\"ReadAction\",\"target\":[\"https:\\\/\\\/www.sciontario.org\\\/fr\\\/recherche\\\/participer-a-la-recherche\\\/\"]}]},{\"@type\":\"BreadcrumbList\",\"@id\":\"https:\\\/\\\/www.sciontario.org\\\/fr\\\/recherche\\\/participer-a-la-recherche\\\/#breadcrumb\",\"itemListElement\":[{\"@type\":\"ListItem\",\"position\":1,\"name\":\"Home\",\"item\":\"https:\\\/\\\/www.sciontario.org\\\/fr\\\/\"},{\"@type\":\"ListItem\",\"position\":2,\"name\":\"Recherche\",\"item\":\"https:\\\/\\\/www.sciontario.org\\\/fr\\\/recherche\\\/\"},{\"@type\":\"ListItem\",\"position\":3,\"name\":\"Participer \u00e0 la recherche\"}]},{\"@type\":\"WebSite\",\"@id\":\"https:\\\/\\\/www.sciontario.org\\\/fr\\\/#website\",\"url\":\"https:\\\/\\\/www.sciontario.org\\\/fr\\\/\",\"name\":\"Spinal Cord Injury Ontario | Supporting and advocating for and with people with a disability.\",\"description\":\"We serve, support and advocate for and with people with a disability in Ontario.\",\"publisher\":{\"@id\":\"https:\\\/\\\/www.sciontario.org\\\/fr\\\/#organization\"},\"potentialAction\":[{\"@type\":\"SearchAction\",\"target\":{\"@type\":\"EntryPoint\",\"urlTemplate\":\"https:\\\/\\\/www.sciontario.org\\\/fr\\\/?s={search_term_string}\"},\"query-input\":{\"@type\":\"PropertyValueSpecification\",\"valueRequired\":true,\"valueName\":\"search_term_string\"}}],\"inLanguage\":\"fr-FR\"},{\"@type\":\"Organization\",\"@id\":\"https:\\\/\\\/www.sciontario.org\\\/fr\\\/#organization\",\"name\":\"Spinal Cord Injury Ontario\",\"url\":\"https:\\\/\\\/www.sciontario.org\\\/fr\\\/\",\"logo\":{\"@type\":\"ImageObject\",\"inLanguage\":\"fr-FR\",\"@id\":\"https:\\\/\\\/www.sciontario.org\\\/fr\\\/#\\\/schema\\\/logo\\\/image\\\/\",\"url\":\"https:\\\/\\\/www.sciontario.org\\\/wp-content\\\/uploads\\\/SCIO_EN_FR_STD_HORIZ_CMYK.png\",\"contentUrl\":\"https:\\\/\\\/www.sciontario.org\\\/wp-content\\\/uploads\\\/SCIO_EN_FR_STD_HORIZ_CMYK.png\",\"width\":600,\"height\":160,\"caption\":\"Spinal Cord Injury Ontario\"},\"image\":{\"@id\":\"https:\\\/\\\/www.sciontario.org\\\/fr\\\/#\\\/schema\\\/logo\\\/image\\\/\"},\"sameAs\":[\"https:\\\/\\\/www.facebook.com\\\/pages\\\/Canadian-Paraplegic-Association-SCI-Ontario\\\/198786166801432\",\"https:\\\/\\\/x.com\\\/sci_ontario\",\"https:\\\/\\\/www.instagram.com\\\/sci_ontario\",\"https:\\\/\\\/ca.linkedin.com\\\/company\\\/spinal-cord-injury-ontario\"]}]}<\/script>\n<!-- \/ Yoast SEO Premium plugin. -->","yoast_head_json":{"title":"Participez \u00e0 la recherche - L\u00e9sions M\u00e9dullaires Ontario","description":"Participer \u00e0 des \u00e9tudes de recherche \u00e9thique peut \u00eatre une exp\u00e9rience enrichissante. Consultez les opportunit\u00e9s actuelles.","robots":{"index":"index","follow":"follow","max-snippet":"max-snippet:-1","max-image-preview":"max-image-preview:large","max-video-preview":"max-video-preview:-1"},"canonical":"https:\/\/www.sciontario.org\/fr\/recherche\/participer-a-la-recherche\/","og_locale":"fr_FR","og_type":"article","og_title":"Participer \u00e0 la recherche","og_description":"Participer \u00e0 des \u00e9tudes de recherche \u00e9thique peut \u00eatre une exp\u00e9rience enrichissante. Consultez les opportunit\u00e9s actuelles.","og_url":"https:\/\/www.sciontario.org\/fr\/recherche\/participer-a-la-recherche\/","og_site_name":"Spinal Cord Injury Ontario | Supporting and advocating for and with people with a disability.","article_publisher":"https:\/\/www.facebook.com\/pages\/Canadian-Paraplegic-Association-SCI-Ontario\/198786166801432","article_modified_time":"2024-08-21T13:41:50+00:00","twitter_card":"summary_large_image","twitter_site":"@sci_ontario","twitter_misc":{"Dur\u00e9e de lecture estim\u00e9e":"4 minutes"},"schema":{"@context":"https:\/\/schema.org","@graph":[{"@type":"WebPage","@id":"https:\/\/www.sciontario.org\/fr\/recherche\/participer-a-la-recherche\/","url":"https:\/\/www.sciontario.org\/fr\/recherche\/participer-a-la-recherche\/","name":"Participez \u00e0 la recherche - L\u00e9sions M\u00e9dullaires Ontario","isPartOf":{"@id":"https:\/\/www.sciontario.org\/fr\/#website"},"datePublished":"2019-06-03T17:42:52+00:00","dateModified":"2024-08-21T13:41:50+00:00","description":"Participer \u00e0 des \u00e9tudes de recherche \u00e9thique peut \u00eatre une exp\u00e9rience enrichissante. Consultez les opportunit\u00e9s actuelles.","breadcrumb":{"@id":"https:\/\/www.sciontario.org\/fr\/recherche\/participer-a-la-recherche\/#breadcrumb"},"inLanguage":"fr-FR","potentialAction":[{"@type":"ReadAction","target":["https:\/\/www.sciontario.org\/fr\/recherche\/participer-a-la-recherche\/"]}]},{"@type":"BreadcrumbList","@id":"https:\/\/www.sciontario.org\/fr\/recherche\/participer-a-la-recherche\/#breadcrumb","itemListElement":[{"@type":"ListItem","position":1,"name":"Home","item":"https:\/\/www.sciontario.org\/fr\/"},{"@type":"ListItem","position":2,"name":"Recherche","item":"https:\/\/www.sciontario.org\/fr\/recherche\/"},{"@type":"ListItem","position":3,"name":"Participer \u00e0 la recherche"}]},{"@type":"WebSite","@id":"https:\/\/www.sciontario.org\/fr\/#website","url":"https:\/\/www.sciontario.org\/fr\/","name":"Spinal Cord Injury Ontario | Supporting and advocating for and with people with a disability.","description":"We serve, support and advocate for and with people with a disability in Ontario.","publisher":{"@id":"https:\/\/www.sciontario.org\/fr\/#organization"},"potentialAction":[{"@type":"SearchAction","target":{"@type":"EntryPoint","urlTemplate":"https:\/\/www.sciontario.org\/fr\/?s={search_term_string}"},"query-input":{"@type":"PropertyValueSpecification","valueRequired":true,"valueName":"search_term_string"}}],"inLanguage":"fr-FR"},{"@type":"Organization","@id":"https:\/\/www.sciontario.org\/fr\/#organization","name":"Spinal Cord Injury Ontario","url":"https:\/\/www.sciontario.org\/fr\/","logo":{"@type":"ImageObject","inLanguage":"fr-FR","@id":"https:\/\/www.sciontario.org\/fr\/#\/schema\/logo\/image\/","url":"https:\/\/www.sciontario.org\/wp-content\/uploads\/SCIO_EN_FR_STD_HORIZ_CMYK.png","contentUrl":"https:\/\/www.sciontario.org\/wp-content\/uploads\/SCIO_EN_FR_STD_HORIZ_CMYK.png","width":600,"height":160,"caption":"Spinal Cord Injury Ontario"},"image":{"@id":"https:\/\/www.sciontario.org\/fr\/#\/schema\/logo\/image\/"},"sameAs":["https:\/\/www.facebook.com\/pages\/Canadian-Paraplegic-Association-SCI-Ontario\/198786166801432","https:\/\/x.com\/sci_ontario","https:\/\/www.instagram.com\/sci_ontario","https:\/\/ca.linkedin.com\/company\/spinal-cord-injury-ontario"]}]}},"publishpress_future_action":{"enabled":false,"date":"2026-04-13 14:06:26","action":"change-status","newStatus":"draft","terms":[],"taxonomy":"category","extraData":[]},"publishpress_future_workflow_manual_trigger":{"enabledWorkflows":[]},"_links":{"self":[{"href":"https:\/\/www.sciontario.org\/fr\/wp-json\/wp\/v2\/pages\/22356","targetHints":{"allow":["GET"]}}],"collection":[{"href":"https:\/\/www.sciontario.org\/fr\/wp-json\/wp\/v2\/pages"}],"about":[{"href":"https:\/\/www.sciontario.org\/fr\/wp-json\/wp\/v2\/types\/page"}],"author":[{"embeddable":true,"href":"https:\/\/www.sciontario.org\/fr\/wp-json\/wp\/v2\/users\/4"}],"replies":[{"embeddable":true,"href":"https:\/\/www.sciontario.org\/fr\/wp-json\/wp\/v2\/comments?post=22356"}],"version-history":[{"count":0,"href":"https:\/\/www.sciontario.org\/fr\/wp-json\/wp\/v2\/pages\/22356\/revisions"}],"up":[{"embeddable":true,"href":"https:\/\/www.sciontario.org\/fr\/wp-json\/wp\/v2\/pages\/21835"}],"wp:attachment":[{"href":"https:\/\/www.sciontario.org\/fr\/wp-json\/wp\/v2\/media?parent=22356"}],"wp:term":[{"taxonomy":"category","embeddable":true,"href":"https:\/\/www.sciontario.org\/fr\/wp-json\/wp\/v2\/categories?post=22356"},{"taxonomy":"post_tag","embeddable":true,"href":"https:\/\/www.sciontario.org\/fr\/wp-json\/wp\/v2\/tags?post=22356"}],"curies":[{"name":"wp","href":"https:\/\/api.w.org\/{rel}","templated":true}]}}