{"id":22305,"date":"2021-06-18T17:54:11","date_gmt":"2021-06-18T21:54:11","guid":{"rendered":"http:\/\/www.sciontario.org\/plaintes-et-recours\/"},"modified":"2024-08-19T20:33:06","modified_gmt":"2024-08-20T00:33:06","slug":"plaintes-et-recours","status":"publish","type":"page","link":"https:\/\/www.sciontario.org\/fr\/plaintes-et-recours\/","title":{"rendered":"Plaintes et recours"},"content":{"rendered":"\t\t<div data-elementor-type=\"wp-page\" data-elementor-id=\"22305\" class=\"elementor elementor-22305 elementor-14391\" wpc-filter-elementor-widget=\"1\" data-elementor-post-type=\"page\">\n\t\t\t\t<div class=\"elementor-element elementor-element-176d4be e-flex e-con-boxed e-con e-parent\" data-id=\"176d4be\" data-element_type=\"container\" data-e-type=\"container\" data-settings=\"{&quot;background_background&quot;:&quot;classic&quot;}\">\n\t\t\t\t\t<div class=\"e-con-inner\">\n\t\t<div class=\"elementor-element elementor-element-8e1aaa2 e-con-full e-flex e-con e-child\" data-id=\"8e1aaa2\" data-element_type=\"container\" data-e-type=\"container\">\n\t\t<div class=\"elementor-element elementor-element-cf557ca e-con-full e-flex e-con e-child\" data-id=\"cf557ca\" data-element_type=\"container\" data-e-type=\"container\" data-settings=\"{&quot;background_background&quot;:&quot;classic&quot;}\">\n\t\t\t\t<div class=\"elementor-element elementor-element-13c374a elementor-widget elementor-widget-heading\" data-id=\"13c374a\" data-element_type=\"widget\" data-e-type=\"widget\" data-widget_type=\"heading.default\">\n\t\t\t\t<div class=\"elementor-widget-container\">\n\t\t\t\t\t<h1 class=\"elementor-heading-title elementor-size-default\">Plaintes et recours<\/h1>\t\t\t\t<\/div>\n\t\t\t\t<\/div>\n\t\t\t\t<div class=\"elementor-element elementor-element-c0f20a3 elementor-widget elementor-widget-heading\" data-id=\"c0f20a3\" data-element_type=\"widget\" data-e-type=\"widget\" data-widget_type=\"heading.default\">\n\t\t\t\t<div class=\"elementor-widget-container\">\n\t\t\t\t\t<h2 class=\"elementor-heading-title elementor-size-default\">Quelque chose ne va pas ?<\/h2>\t\t\t\t<\/div>\n\t\t\t\t<\/div>\n\t\t\t\t<div class=\"elementor-element elementor-element-204fb5e text-with-list elementor-widget elementor-widget-text-editor\" data-id=\"204fb5e\" data-element_type=\"widget\" data-e-type=\"widget\" data-widget_type=\"text-editor.default\">\n\t\t\t\t<div class=\"elementor-widget-container\">\n\t\t\t\t\t\t\t\t\t<p>Il est important pour nous de fournir des services de qualit\u00e9 aux clients de L\u00e9sions m\u00e9dullaires Ontario. Si vous n&rsquo;\u00eates pas satisfait d&rsquo;un aspect quelconque du service que vous recevez, il existe un processus de plainte et d&rsquo;appel pour prot\u00e9ger vos droits et veiller \u00e0 ce que vous soyez entendu. Le fait de d\u00e9poser une plainte n&rsquo;a aucun effet n\u00e9gatif sur vos services.  <\/p>\n\t\t\t\t\t\t\t\t<\/div>\n\t\t\t\t<\/div>\n\t\t\t\t<\/div>\n\t\t<div class=\"elementor-element elementor-element-346255a e-con-full elementor-hidden-mobile e-flex e-con e-child\" data-id=\"346255a\" data-element_type=\"container\" data-e-type=\"container\">\n\t\t\t\t<\/div>\n\t\t\t\t<\/div>\n\t\t\t\t\t<\/div>\n\t\t\t\t<\/div>\n\t\t<div class=\"elementor-element elementor-element-a889969 e-flex e-con-boxed e-con e-parent\" data-id=\"a889969\" data-element_type=\"container\" data-e-type=\"container\" data-settings=\"{&quot;background_background&quot;:&quot;classic&quot;}\">\n\t\t\t\t\t<div class=\"e-con-inner\">\n\t\t<div class=\"elementor-element elementor-element-bf65354 e-con-full e-flex e-con e-child\" data-id=\"bf65354\" data-element_type=\"container\" data-e-type=\"container\">\n\t\t<div class=\"elementor-element elementor-element-d8fbf39 e-con-full e-flex e-con e-child\" data-id=\"d8fbf39\" data-element_type=\"container\" data-e-type=\"container\">\n\t\t\t\t<div class=\"elementor-element elementor-element-e138e69 text-with-list elementor-widget elementor-widget-text-editor\" data-id=\"e138e69\" data-element_type=\"widget\" data-e-type=\"widget\" data-widget_type=\"text-editor.default\">\n\t\t\t\t<div class=\"elementor-widget-container\">\n\t\t\t\t\t\t\t\t\t<p>Nous appr\u00e9cions le retour d&rsquo;information de notre communaut\u00e9 et nous nous engageons \u00e0 l&rsquo;am\u00e9liorer en permanence. Si vous avez une pr\u00e9occupation ou une plainte concernant nos services, notre personnel ou nos op\u00e9rations, nous vous encourageons \u00e0 nous en faire part. Notre proc\u00e9dure de traitement des plaintes est con\u00e7ue pour \u00eatre \u00e9quitable, transparente et rapide, afin de garantir que toutes les pr\u00e9occupations soient trait\u00e9es de mani\u00e8re appropri\u00e9e.  <\/p>\n\t\t\t\t\t\t\t\t<\/div>\n\t\t\t\t<\/div>\n\t\t\t\t<div class=\"elementor-element elementor-element-48339c5 elementor-widget elementor-widget-heading\" data-id=\"48339c5\" data-element_type=\"widget\" data-e-type=\"widget\" data-widget_type=\"heading.default\">\n\t\t\t\t<div class=\"elementor-widget-container\">\n\t\t\t\t\t<h3 class=\"elementor-heading-title elementor-size-default\">Comment d\u00e9poser une plainte<\/h3>\t\t\t\t<\/div>\n\t\t\t\t<\/div>\n\t\t\t\t<div class=\"elementor-element elementor-element-10d5cb0 text-with-list elementor-widget elementor-widget-text-editor\" data-id=\"10d5cb0\" data-element_type=\"widget\" data-e-type=\"widget\" data-widget_type=\"text-editor.default\">\n\t\t\t\t<div class=\"elementor-widget-container\">\n\t\t\t\t\t\t\t\t\t<p>Si vous le pouvez, discutez de votre probl\u00e8me directement avec le membre du personnel auquel vous avez affaire. Laissez-lui suffisamment de temps pour r\u00e9gler le probl\u00e8me. Si le probl\u00e8me n&rsquo;a pas \u00e9t\u00e9 r\u00e9solu ou si vous ne vous sentez pas \u00e0 l&rsquo;aise pour lui parler directement, nous vous encourageons \u00e0 vous adresser \u00e0 votre sup\u00e9rieur hi\u00e9rarchique. Expliquez-lui la nature du probl\u00e8me, les mesures que vous avez prises pour le r\u00e9soudre et ce que vous souhaitez qu&rsquo;il advienne. Vous pouvez vous attendre \u00e0 recevoir une r\u00e9ponse \u00e9crite du superviseur dans les cinq jours ouvrables suivant la discussion, d\u00e9crivant la plainte et ce que le LMO peut faire pour tenter de r\u00e9soudre la plainte. Au cours de la discussion, une date mutuellement acceptable sera fix\u00e9e pour la r\u00e9solution, dans un d\u00e9lai maximum de trente (30) jours \u00e0 compter de la date de la plainte. Si le superviseur n&rsquo;est pas en mesure de r\u00e9soudre la plainte \u00e0 votre satisfaction, il doit vous informer qu&rsquo;il transmettra la r\u00e9solution de la plainte au niveau hi\u00e9rarchique suivant.      <\/p>\n<p>Si vous n&rsquo;\u00eates pas satisfait de la r\u00e9solution propos\u00e9e, vous pouvez porter le probl\u00e8me au niveau de gestion suivant, jusqu&rsquo;au directeur g\u00e9n\u00e9ral inclus. Vous pouvez joindre les gestionnaires de L\u00e9sions m\u00e9dullaires par l&rsquo;interm\u00e9diaire du standard t\u00e9l\u00e9phonique principal au <strong>416-422-5644<\/strong> ou sans frais <strong>au 1-877-422-1112<\/strong>. <\/p>\n\t\t\t\t\t\t\t\t<\/div>\n\t\t\t\t<\/div>\n\t\t\t\t<div class=\"elementor-element elementor-element-97344d9 elementor-widget elementor-widget-heading\" data-id=\"97344d9\" data-element_type=\"widget\" data-e-type=\"widget\" data-widget_type=\"heading.default\">\n\t\t\t\t<div class=\"elementor-widget-container\">\n\t\t\t\t\t<h3 class=\"elementor-heading-title elementor-size-default\">Appel au directeur g\u00e9n\u00e9ral de L\u00e9sions M\u00e9dullaires Ontario<\/h3>\t\t\t\t<\/div>\n\t\t\t\t<\/div>\n\t\t\t\t<div class=\"elementor-element elementor-element-ad0d445 text-with-list elementor-widget elementor-widget-text-editor\" data-id=\"ad0d445\" data-element_type=\"widget\" data-e-type=\"widget\" data-widget_type=\"text-editor.default\">\n\t\t\t\t<div class=\"elementor-widget-container\">\n\t\t\t\t\t\t\t\t\t<p>Si vous n&rsquo;\u00eates pas satisfait de la solution propos\u00e9e par le directeur du service client\u00e8le, vous pouvez faire appel aupr\u00e8s du directeur g\u00e9n\u00e9ral. Dans les 30 jours suivant la r\u00e9ception de la d\u00e9cision du directeur du service client\u00e8le, envoyez une lettre au directeur g\u00e9n\u00e9ral (DG) \u00e0 l&rsquo;adresse suivante : <\/p>\n<p><strong>Directeur g\u00e9n\u00e9ral<br \/>L\u00e9sions M\u00e9dullaires Ontario,<br \/>520 Sutherland Drive,<br \/>Toronto,<br \/>M4G 3V9<\/strong><\/p>\n<p>Le directeur g\u00e9n\u00e9ral m\u00e8nera une enqu\u00eate et prendra une d\u00e9cision. La d\u00e9cision vous sera notifi\u00e9e par \u00e9crit dans un d\u00e9lai de trente (30) jours \u00e0 compter de la r\u00e9ception de votre lettre. <\/p>\n\t\t\t\t\t\t\t\t<\/div>\n\t\t\t\t<\/div>\n\t\t\t\t<div class=\"elementor-element elementor-element-a2da5ad text-with-list elementor-widget elementor-widget-text-editor\" data-id=\"a2da5ad\" data-element_type=\"widget\" data-e-type=\"widget\" data-widget_type=\"text-editor.default\">\n\t\t\t\t<div class=\"elementor-widget-container\">\n\t\t\t\t\t\t\t\t\t<p>L\u00e9sions M\u00e9dullaires Ontario (LMO) s&rsquo;engage \u00e0 assurer l&rsquo;accessibilit\u00e9 et l&rsquo;inclusivit\u00e9 conform\u00e9ment \u00e0 la Loi sur l&rsquo;accessibilit\u00e9 pour les personnes handicap\u00e9es de l&rsquo;Ontario (LAPHO). Notre plan d&rsquo;accessibilit\u00e9 d\u00e9crit les efforts continus d\u00e9ploy\u00e9s pour am\u00e9liorer l&rsquo;accessibilit\u00e9 dans l&rsquo;ensemble de nos services, en veillant \u00e0 ce que tout le monde puisse acc\u00e9der \u00e0 nos programmes et en b\u00e9n\u00e9ficier. Pour en savoir plus sur notre engagement vis-\u00e0-vis de la LAPHO, consultez notre plan d&rsquo;accessibilit\u00e9 <a href=\"https:\/\/sciontario.org\/accessibility-plan\/\">ici<\/a>.  <\/p>\n\t\t\t\t\t\t\t\t<\/div>\n\t\t\t\t<\/div>\n\t\t\t\t<\/div>\n\t\t\t\t<\/div>\n\t\t<div class=\"elementor-element elementor-element-b9f3aca e-con-full elementor-hidden-tablet elementor-hidden-mobile e-flex e-con e-child\" data-id=\"b9f3aca\" data-element_type=\"container\" data-e-type=\"container\">\n\t\t\t\t<\/div>\n\t\t\t\t\t<\/div>\n\t\t\t\t<\/div>\n\t\t\t\t<\/div>\n\t\t","protected":false},"excerpt":{"rendered":"<p>Plaintes et recours Quelque chose ne va pas ? Il est important pour nous de fournir des services de qualit\u00e9 aux clients de L\u00e9sions m\u00e9dullaires Ontario. Si vous n&rsquo;\u00eates pas satisfait d&rsquo;un aspect quelconque du service que vous recevez, il existe un processus de plainte et d&rsquo;appel pour prot\u00e9ger vos droits et veiller \u00e0 ce [&hellip;]<\/p>\n","protected":false},"author":13,"featured_media":0,"parent":0,"menu_order":0,"comment_status":"closed","ping_status":"closed","template":"elementor_header_footer","meta":{"_acf_changed":false,"footnotes":"","_links_to":"","_links_to_target":""},"categories":[],"tags":[],"class_list":["post-22305","page","type-page","status-publish","hentry"],"acf":[],"yoast_head":"<!-- This site is optimized with the Yoast SEO Premium plugin v27.4 (Yoast SEO v27.4) - https:\/\/yoast.com\/product\/yoast-seo-premium-wordpress\/ -->\n<title>Plaintes et recours - L\u00e9sions M\u00e9dullaires Ontario<\/title>\n<meta name=\"description\" content=\"Il est important pour nous de fournir des services de qualit\u00e9 aux clients du LMO. Si vous n&#039;\u00eates pas satisfait de nos services, veuillez nous contacter ici.\" \/>\n<meta name=\"robots\" content=\"index, follow, max-snippet:-1, max-image-preview:large, max-video-preview:-1\" \/>\n<link rel=\"canonical\" href=\"https:\/\/www.sciontario.org\/fr\/plaintes-et-recours\/\" \/>\n<meta property=\"og:locale\" content=\"fr_FR\" \/>\n<meta property=\"og:type\" content=\"article\" \/>\n<meta property=\"og:title\" content=\"Plaintes et recours\" \/>\n<meta property=\"og:description\" content=\"Il est important pour nous de fournir des services de qualit\u00e9 aux clients du LMO. Si vous n&#039;\u00eates pas satisfait de nos services, veuillez nous contacter ici.\" \/>\n<meta property=\"og:url\" content=\"https:\/\/www.sciontario.org\/fr\/plaintes-et-recours\/\" \/>\n<meta property=\"og:site_name\" content=\"Spinal Cord Injury Ontario | Supporting and advocating for and with people with a disability.\" \/>\n<meta property=\"article:publisher\" content=\"https:\/\/www.facebook.com\/pages\/Canadian-Paraplegic-Association-SCI-Ontario\/198786166801432\" \/>\n<meta property=\"article:modified_time\" content=\"2024-08-20T00:33:06+00:00\" \/>\n<meta name=\"twitter:card\" content=\"summary_large_image\" \/>\n<meta name=\"twitter:site\" content=\"@sci_ontario\" \/>\n<meta name=\"twitter:label1\" content=\"Dur\u00e9e de lecture estim\u00e9e\" \/>\n\t<meta name=\"twitter:data1\" content=\"3 minutes\" \/>\n<script type=\"application\/ld+json\" class=\"yoast-schema-graph\">{\"@context\":\"https:\\\/\\\/schema.org\",\"@graph\":[{\"@type\":\"WebPage\",\"@id\":\"https:\\\/\\\/www.sciontario.org\\\/fr\\\/plaintes-et-recours\\\/\",\"url\":\"https:\\\/\\\/www.sciontario.org\\\/fr\\\/plaintes-et-recours\\\/\",\"name\":\"Plaintes et recours - L\u00e9sions M\u00e9dullaires Ontario\",\"isPartOf\":{\"@id\":\"https:\\\/\\\/www.sciontario.org\\\/fr\\\/#website\"},\"datePublished\":\"2021-06-18T21:54:11+00:00\",\"dateModified\":\"2024-08-20T00:33:06+00:00\",\"description\":\"Il est important pour nous de fournir des services de qualit\u00e9 aux clients du LMO. Si vous n'\u00eates pas satisfait de nos services, veuillez nous contacter ici.\",\"breadcrumb\":{\"@id\":\"https:\\\/\\\/www.sciontario.org\\\/fr\\\/plaintes-et-recours\\\/#breadcrumb\"},\"inLanguage\":\"fr-FR\",\"potentialAction\":[{\"@type\":\"ReadAction\",\"target\":[\"https:\\\/\\\/www.sciontario.org\\\/fr\\\/plaintes-et-recours\\\/\"]}]},{\"@type\":\"BreadcrumbList\",\"@id\":\"https:\\\/\\\/www.sciontario.org\\\/fr\\\/plaintes-et-recours\\\/#breadcrumb\",\"itemListElement\":[{\"@type\":\"ListItem\",\"position\":1,\"name\":\"Home\",\"item\":\"https:\\\/\\\/www.sciontario.org\\\/fr\\\/\"},{\"@type\":\"ListItem\",\"position\":2,\"name\":\"Plaintes et recours\"}]},{\"@type\":\"WebSite\",\"@id\":\"https:\\\/\\\/www.sciontario.org\\\/fr\\\/#website\",\"url\":\"https:\\\/\\\/www.sciontario.org\\\/fr\\\/\",\"name\":\"Spinal Cord Injury Ontario | Supporting and advocating for and with people with a disability.\",\"description\":\"We serve, support and advocate for and with people with a disability in Ontario.\",\"publisher\":{\"@id\":\"https:\\\/\\\/www.sciontario.org\\\/fr\\\/#organization\"},\"potentialAction\":[{\"@type\":\"SearchAction\",\"target\":{\"@type\":\"EntryPoint\",\"urlTemplate\":\"https:\\\/\\\/www.sciontario.org\\\/fr\\\/?s={search_term_string}\"},\"query-input\":{\"@type\":\"PropertyValueSpecification\",\"valueRequired\":true,\"valueName\":\"search_term_string\"}}],\"inLanguage\":\"fr-FR\"},{\"@type\":\"Organization\",\"@id\":\"https:\\\/\\\/www.sciontario.org\\\/fr\\\/#organization\",\"name\":\"Spinal Cord Injury Ontario\",\"url\":\"https:\\\/\\\/www.sciontario.org\\\/fr\\\/\",\"logo\":{\"@type\":\"ImageObject\",\"inLanguage\":\"fr-FR\",\"@id\":\"https:\\\/\\\/www.sciontario.org\\\/fr\\\/#\\\/schema\\\/logo\\\/image\\\/\",\"url\":\"https:\\\/\\\/www.sciontario.org\\\/wp-content\\\/uploads\\\/SCIO_EN_FR_STD_HORIZ_CMYK.png\",\"contentUrl\":\"https:\\\/\\\/www.sciontario.org\\\/wp-content\\\/uploads\\\/SCIO_EN_FR_STD_HORIZ_CMYK.png\",\"width\":600,\"height\":160,\"caption\":\"Spinal Cord Injury Ontario\"},\"image\":{\"@id\":\"https:\\\/\\\/www.sciontario.org\\\/fr\\\/#\\\/schema\\\/logo\\\/image\\\/\"},\"sameAs\":[\"https:\\\/\\\/www.facebook.com\\\/pages\\\/Canadian-Paraplegic-Association-SCI-Ontario\\\/198786166801432\",\"https:\\\/\\\/x.com\\\/sci_ontario\",\"https:\\\/\\\/www.instagram.com\\\/sci_ontario\",\"https:\\\/\\\/ca.linkedin.com\\\/company\\\/spinal-cord-injury-ontario\"]}]}<\/script>\n<!-- \/ Yoast SEO Premium plugin. -->","yoast_head_json":{"title":"Plaintes et recours - L\u00e9sions M\u00e9dullaires Ontario","description":"Il est important pour nous de fournir des services de qualit\u00e9 aux clients du LMO. Si vous n'\u00eates pas satisfait de nos services, veuillez nous contacter ici.","robots":{"index":"index","follow":"follow","max-snippet":"max-snippet:-1","max-image-preview":"max-image-preview:large","max-video-preview":"max-video-preview:-1"},"canonical":"https:\/\/www.sciontario.org\/fr\/plaintes-et-recours\/","og_locale":"fr_FR","og_type":"article","og_title":"Plaintes et recours","og_description":"Il est important pour nous de fournir des services de qualit\u00e9 aux clients du LMO. Si vous n'\u00eates pas satisfait de nos services, veuillez nous contacter ici.","og_url":"https:\/\/www.sciontario.org\/fr\/plaintes-et-recours\/","og_site_name":"Spinal Cord Injury Ontario | Supporting and advocating for and with people with a disability.","article_publisher":"https:\/\/www.facebook.com\/pages\/Canadian-Paraplegic-Association-SCI-Ontario\/198786166801432","article_modified_time":"2024-08-20T00:33:06+00:00","twitter_card":"summary_large_image","twitter_site":"@sci_ontario","twitter_misc":{"Dur\u00e9e de lecture estim\u00e9e":"3 minutes"},"schema":{"@context":"https:\/\/schema.org","@graph":[{"@type":"WebPage","@id":"https:\/\/www.sciontario.org\/fr\/plaintes-et-recours\/","url":"https:\/\/www.sciontario.org\/fr\/plaintes-et-recours\/","name":"Plaintes et recours - L\u00e9sions M\u00e9dullaires Ontario","isPartOf":{"@id":"https:\/\/www.sciontario.org\/fr\/#website"},"datePublished":"2021-06-18T21:54:11+00:00","dateModified":"2024-08-20T00:33:06+00:00","description":"Il est important pour nous de fournir des services de qualit\u00e9 aux clients du LMO. Si vous n'\u00eates pas satisfait de nos services, veuillez nous contacter ici.","breadcrumb":{"@id":"https:\/\/www.sciontario.org\/fr\/plaintes-et-recours\/#breadcrumb"},"inLanguage":"fr-FR","potentialAction":[{"@type":"ReadAction","target":["https:\/\/www.sciontario.org\/fr\/plaintes-et-recours\/"]}]},{"@type":"BreadcrumbList","@id":"https:\/\/www.sciontario.org\/fr\/plaintes-et-recours\/#breadcrumb","itemListElement":[{"@type":"ListItem","position":1,"name":"Home","item":"https:\/\/www.sciontario.org\/fr\/"},{"@type":"ListItem","position":2,"name":"Plaintes et recours"}]},{"@type":"WebSite","@id":"https:\/\/www.sciontario.org\/fr\/#website","url":"https:\/\/www.sciontario.org\/fr\/","name":"Spinal Cord Injury Ontario | Supporting and advocating for and with people with a disability.","description":"We serve, support and advocate for and with people with a disability in Ontario.","publisher":{"@id":"https:\/\/www.sciontario.org\/fr\/#organization"},"potentialAction":[{"@type":"SearchAction","target":{"@type":"EntryPoint","urlTemplate":"https:\/\/www.sciontario.org\/fr\/?s={search_term_string}"},"query-input":{"@type":"PropertyValueSpecification","valueRequired":true,"valueName":"search_term_string"}}],"inLanguage":"fr-FR"},{"@type":"Organization","@id":"https:\/\/www.sciontario.org\/fr\/#organization","name":"Spinal Cord Injury Ontario","url":"https:\/\/www.sciontario.org\/fr\/","logo":{"@type":"ImageObject","inLanguage":"fr-FR","@id":"https:\/\/www.sciontario.org\/fr\/#\/schema\/logo\/image\/","url":"https:\/\/www.sciontario.org\/wp-content\/uploads\/SCIO_EN_FR_STD_HORIZ_CMYK.png","contentUrl":"https:\/\/www.sciontario.org\/wp-content\/uploads\/SCIO_EN_FR_STD_HORIZ_CMYK.png","width":600,"height":160,"caption":"Spinal Cord Injury Ontario"},"image":{"@id":"https:\/\/www.sciontario.org\/fr\/#\/schema\/logo\/image\/"},"sameAs":["https:\/\/www.facebook.com\/pages\/Canadian-Paraplegic-Association-SCI-Ontario\/198786166801432","https:\/\/x.com\/sci_ontario","https:\/\/www.instagram.com\/sci_ontario","https:\/\/ca.linkedin.com\/company\/spinal-cord-injury-ontario"]}]}},"publishpress_future_action":{"enabled":false,"date":"2026-05-06 02:09:25","action":"change-status","newStatus":"draft","terms":[],"taxonomy":"category","extraData":[]},"publishpress_future_workflow_manual_trigger":{"enabledWorkflows":[]},"_links":{"self":[{"href":"https:\/\/www.sciontario.org\/fr\/wp-json\/wp\/v2\/pages\/22305","targetHints":{"allow":["GET"]}}],"collection":[{"href":"https:\/\/www.sciontario.org\/fr\/wp-json\/wp\/v2\/pages"}],"about":[{"href":"https:\/\/www.sciontario.org\/fr\/wp-json\/wp\/v2\/types\/page"}],"author":[{"embeddable":true,"href":"https:\/\/www.sciontario.org\/fr\/wp-json\/wp\/v2\/users\/13"}],"replies":[{"embeddable":true,"href":"https:\/\/www.sciontario.org\/fr\/wp-json\/wp\/v2\/comments?post=22305"}],"version-history":[{"count":0,"href":"https:\/\/www.sciontario.org\/fr\/wp-json\/wp\/v2\/pages\/22305\/revisions"}],"wp:attachment":[{"href":"https:\/\/www.sciontario.org\/fr\/wp-json\/wp\/v2\/media?parent=22305"}],"wp:term":[{"taxonomy":"category","embeddable":true,"href":"https:\/\/www.sciontario.org\/fr\/wp-json\/wp\/v2\/categories?post=22305"},{"taxonomy":"post_tag","embeddable":true,"href":"https:\/\/www.sciontario.org\/fr\/wp-json\/wp\/v2\/tags?post=22305"}],"curies":[{"name":"wp","href":"https:\/\/api.w.org\/{rel}","templated":true}]}}