{"id":22302,"date":"2023-01-10T10:00:00","date_gmt":"2023-01-10T15:00:00","guid":{"rendered":"http:\/\/www.sciontario.org\/vente-aux-encheres-silencieuse\/"},"modified":"2026-02-09T07:53:47","modified_gmt":"2026-02-09T12:53:47","slug":"vente-aux-encheres-silencieuse","status":"publish","type":"page","link":"https:\/\/www.sciontario.org\/fr\/vente-aux-encheres-silencieuse\/","title":{"rendered":"Vente aux ench\u00e8res silencieuse"},"content":{"rendered":"\t\t<div data-elementor-type=\"wp-page\" data-elementor-id=\"22302\" class=\"elementor elementor-22302 elementor-17798\" wpc-filter-elementor-widget=\"1\" data-elementor-post-type=\"page\">\n\t\t\t\t<div class=\"elementor-element elementor-element-6c5a125f e-flex e-con-boxed e-con e-parent\" data-id=\"6c5a125f\" data-element_type=\"container\" data-e-type=\"container\" data-settings=\"{&quot;background_background&quot;:&quot;classic&quot;}\">\n\t\t\t\t\t<div class=\"e-con-inner\">\n\t\t<div class=\"elementor-element elementor-element-382e1a0d e-con-full e-flex e-con e-child\" data-id=\"382e1a0d\" data-element_type=\"container\" data-e-type=\"container\" data-settings=\"{&quot;background_background&quot;:&quot;classic&quot;}\">\n\t\t\t\t<div class=\"elementor-element elementor-element-6d985a81 elementor-widget elementor-widget-heading\" data-id=\"6d985a81\" data-element_type=\"widget\" data-e-type=\"widget\" data-widget_type=\"heading.default\">\n\t\t\t\t<div class=\"elementor-widget-container\">\n\t\t\t\t\t<h1 class=\"elementor-heading-title elementor-size-default\">Vente aux ench\u00e8res silencieuse<\/h1>\t\t\t\t<\/div>\n\t\t\t\t<\/div>\n\t\t\t\t<div class=\"elementor-element elementor-element-1193b66f elementor-widget elementor-widget-heading\" data-id=\"1193b66f\" data-element_type=\"widget\" data-e-type=\"widget\" data-widget_type=\"heading.default\">\n\t\t\t\t<div class=\"elementor-widget-container\">\n\t\t\t\t\t<h2 class=\"elementor-heading-title elementor-size-default\">Bienvenue \u00e0 la vente aux ench\u00e8res silencieuse de LMO !<\/h2>\t\t\t\t<\/div>\n\t\t\t\t<\/div>\n\t\t\t\t<\/div>\n\t\t<div class=\"elementor-element elementor-element-496b63f2 e-con-full elementor-hidden-tablet elementor-hidden-mobile e-flex e-con e-child\" data-id=\"496b63f2\" data-element_type=\"container\" data-e-type=\"container\">\n\t\t\t\t<\/div>\n\t\t\t\t\t<\/div>\n\t\t\t\t<\/div>\n\t\t<div class=\"elementor-element elementor-element-4f704d70 e-flex e-con-boxed e-con e-parent\" data-id=\"4f704d70\" data-element_type=\"container\" data-e-type=\"container\" data-settings=\"{&quot;background_background&quot;:&quot;classic&quot;}\">\n\t\t\t\t\t<div class=\"e-con-inner\">\n\t\t<div class=\"elementor-element elementor-element-43784174 e-con-full e-flex e-con e-child\" data-id=\"43784174\" data-element_type=\"container\" data-e-type=\"container\">\n\t\t\t\t<div class=\"elementor-element elementor-element-853015a text-with-list elementor-widget elementor-widget-text-editor\" data-id=\"853015a\" data-element_type=\"widget\" data-e-type=\"widget\" data-widget_type=\"text-editor.default\">\n\t\t\t\t<div class=\"elementor-widget-container\">\n\t\t\t\t\t\t\t\t\t<p>Notre vente aux ench\u00e8res en ligne est le moyen id\u00e9al de collecter des fonds essentiels et de vous offrir un cadeau, \u00e0 vous ou \u00e0 un proche.<\/p><p><strong>La vente propose des lots exceptionnels, comme des parties de golf exclusives pour quatre personnes et des coffrets sp\u00e9ciaux de vins d&rsquo;exception du monde entier !<\/strong><\/p><p>La vente aux ench\u00e8res d\u00e9butera le <strong>lundi 9 f\u00e9vrier \u00e0 10h<\/strong> et se terminera le <strong>dimanche 15 f\u00e9vrier \u00e0 22h<\/strong>. L&rsquo;int\u00e9gralit\u00e9 des fonds r\u00e9colt\u00e9s sera directement revers\u00e9e \u00e0 nos programmes et services d&rsquo;aide \u00e0 la r\u00e9adaptation des personnes ayant subi une l\u00e9sion m\u00e9dullaire.<\/p><p>N&rsquo;h\u00e9sitez pas \u00e0 ench\u00e9rir g\u00e9n\u00e9reusement ! Chaque ench\u00e8re compte et fait une r\u00e9elle diff\u00e9rence.<\/p>\t\t\t\t\t\t\t\t<\/div>\n\t\t\t\t<\/div>\n\t\t\t\t<\/div>\n\t\t<div class=\"elementor-element elementor-element-722244e e-con-full e-flex e-con e-child\" data-id=\"722244e\" data-element_type=\"container\" data-e-type=\"container\">\n\t\t\t\t<div class=\"elementor-element elementor-element-d019e4e elementor-align-center equal-width-btn elementor-widget elementor-widget-button\" data-id=\"d019e4e\" data-element_type=\"widget\" data-e-type=\"widget\" data-widget_type=\"button.default\">\n\t\t\t\t<div class=\"elementor-widget-container\">\n\t\t\t\t\t\t\t\t\t<div class=\"elementor-button-wrapper\">\n\t\t\t\t\t<a class=\"elementor-button elementor-button-link elementor-size-sm\" href=\"https:\/\/event.gives\/scio2026\" target=\"_blank\">\n\t\t\t\t\t\t<span class=\"elementor-button-content-wrapper\">\n\t\t\t\t\t\t\t\t\t<span class=\"elementor-button-text\">Cliquez ici<\/span>\n\t\t\t\t\t<\/span>\n\t\t\t\t\t<\/a>\n\t\t\t\t<\/div>\n\t\t\t\t\t\t\t\t<\/div>\n\t\t\t\t<\/div>\n\t\t<div class=\"elementor-element elementor-element-5aadf008 e-flex e-con-boxed e-con e-child\" data-id=\"5aadf008\" data-element_type=\"container\" data-e-type=\"container\" data-settings=\"{&quot;background_background&quot;:&quot;classic&quot;}\">\n\t\t\t\t\t<div class=\"e-con-inner\">\n\t\t\t\t<div class=\"elementor-element elementor-element-6068433 text-with-list elementor-widget elementor-widget-text-editor\" data-id=\"6068433\" data-element_type=\"widget\" data-e-type=\"widget\" data-widget_type=\"text-editor.default\">\n\t\t\t\t<div class=\"elementor-widget-container\">\n\t\t\t\t\t\t\t\t\t<p><strong>La vente aux ench\u00e8res se termine le 15 f\u00e9vrier \u00e0 22h00.<\/strong><\/p>\t\t\t\t\t\t\t\t<\/div>\n\t\t\t\t<\/div>\n\t\t\t\t<div class=\"elementor-element elementor-element-2a96bb3 elementor-widget elementor-widget-tp-countdown\" data-id=\"2a96bb3\" data-element_type=\"widget\" data-e-type=\"widget\" data-widget_type=\"tp-countdown.default\">\n\t\t\t\t<div class=\"elementor-widget-container\">\n\t\t\t\t\t<div class=\"tp-countdown tp-widget-2a96bb3 countdown-style-2\" data-basic=\"{&quot;widgetid&quot;:&quot;2a96bb3&quot;,&quot;type&quot;:&quot;normal&quot;,&quot;style&quot;:&quot;style-2&quot;,&quot;expiry&quot;:&quot;none&quot;,&quot;fliptheme&quot;:&quot;dark&quot;,&quot;days&quot;:&quot;Jours&quot;,&quot;hours&quot;:&quot;Heures&quot;,&quot;minutes&quot;:&quot;Minutes&quot;,&quot;seconds&quot;:&quot;Secondes&quot;,&quot;daysenable&quot;:true,&quot;hoursenable&quot;:true,&quot;minutesenable&quot;:true,&quot;secondsenable&quot;:true,&quot;offset&quot;:-4,&quot;normalexpiry&quot;:false,&quot;timer&quot;:&quot;02\\\/15\\\/2026 22:00:00&quot;}\"  ><\/div>\t\t\t\t<\/div>\n\t\t\t\t<\/div>\n\t\t\t\t\t<\/div>\n\t\t\t\t<\/div>\n\t\t\t\t<\/div>\n\t\t\t\t\t<\/div>\n\t\t\t\t<\/div>\n\t\t<div class=\"elementor-element elementor-element-7e1a644 e-flex e-con-boxed e-con e-parent\" data-id=\"7e1a644\" data-element_type=\"container\" data-e-type=\"container\" data-settings=\"{&quot;background_background&quot;:&quot;classic&quot;}\">\n\t\t\t\t\t<div class=\"e-con-inner\">\n\t\t<div class=\"elementor-element elementor-element-6f7a11f e-con-full e-flex e-con e-child\" data-id=\"6f7a11f\" data-element_type=\"container\" data-e-type=\"container\">\n\t\t\t\t<div class=\"elementor-element elementor-element-977c5c7 elementor-widget elementor-widget-heading\" data-id=\"977c5c7\" data-element_type=\"widget\" data-e-type=\"widget\" data-widget_type=\"heading.default\">\n\t\t\t\t<div class=\"elementor-widget-container\">\n\t\t\t\t\t<h3 class=\"elementor-heading-title elementor-size-default\">Bonne ench\u00e8re !<\/h3>\t\t\t\t<\/div>\n\t\t\t\t<\/div>\n\t\t\t\t<div class=\"elementor-element elementor-element-b67b394 text-with-list elementor-widget elementor-widget-text-editor\" data-id=\"b67b394\" data-element_type=\"widget\" data-e-type=\"widget\" data-widget_type=\"text-editor.default\">\n\t\t\t\t<div class=\"elementor-widget-container\">\n\t\t\t\t\t\t\t\t\t<p>Vous pouvez rechercher la vente aux ench\u00e8res par mot-cl\u00e9 tel que sport, vin ou nourriture pour trouver rapidement les articles qui vous int\u00e9ressent.<\/p>\n\t\t\t\t\t\t\t\t<\/div>\n\t\t\t\t<\/div>\n\t\t\t\t<div class=\"elementor-element elementor-element-d95cf9b text-with-list elementor-widget elementor-widget-text-editor\" data-id=\"d95cf9b\" data-element_type=\"widget\" data-e-type=\"widget\" data-widget_type=\"text-editor.default\">\n\t\t\t\t<div class=\"elementor-widget-container\">\n\t\t\t\t\t\t\t\t\t<p><em>Remarque : Nous sommes ravis d&rsquo;offrir la possibilit\u00e9 de ramasser tous les articles de la vente aux ench\u00e8res silencieuse \u00e0 notre si\u00e8ge social situ\u00e9 au 520 Sutherland Drive \u00e0 Toronto (Ontario). Si cela n&rsquo;est pas possible, nous serons heureux de travailler avec vous pour organiser l&rsquo;exp\u00e9dition. Les frais d&rsquo;exp\u00e9dition des articles plus grands qu&rsquo;une enveloppe seront \u00e0 la charge de l&rsquo;ench\u00e9risseur gagnant.  <\/em><\/p>\n\t\t\t\t\t\t\t\t<\/div>\n\t\t\t\t<\/div>\n\t\t\t\t<\/div>\n\t\t<div class=\"elementor-element elementor-element-2d7b9fe e-con-full e-flex e-con e-child\" data-id=\"2d7b9fe\" data-element_type=\"container\" data-e-type=\"container\">\n\t\t\t\t<\/div>\n\t\t\t\t\t<\/div>\n\t\t\t\t<\/div>\n\t\t\t\t<\/div>\n\t\t","protected":false},"excerpt":{"rendered":"<p>Vente aux ench\u00e8res silencieuse Bienvenue \u00e0 la vente aux ench\u00e8res silencieuse de LMO ! Notre vente aux ench\u00e8res en ligne est le moyen id\u00e9al de collecter des fonds essentiels et de vous offrir un cadeau, \u00e0 vous ou \u00e0 un proche. La vente propose des lots exceptionnels, comme des parties de golf exclusives pour quatre [&hellip;]<\/p>\n","protected":false},"author":20,"featured_media":0,"parent":0,"menu_order":0,"comment_status":"closed","ping_status":"closed","template":"","meta":{"_acf_changed":false,"footnotes":"","_links_to":"","_links_to_target":""},"categories":[],"tags":[],"class_list":["post-22302","page","type-page","status-publish","hentry"],"acf":[],"yoast_head":"<!-- This site is optimized with the Yoast SEO Premium plugin v27.3 (Yoast SEO v27.3) - https:\/\/yoast.com\/product\/yoast-seo-premium-wordpress\/ -->\n<title>Vente aux ench\u00e8res silencieuse - Spinal Cord Injury Ontario | Supporting and advocating for and with people with a disability.<\/title>\n<meta name=\"description\" content=\"Bienvenue \u00e0 la vente aux ench\u00e8res silencieuse du LMO! C&#039;est le moyen id\u00e9al de collecter des fonds et d&#039;offrir un cadeau \u00e0 vous-m\u00eame ou \u00e0 un \u00eatre cher.\" \/>\n<meta name=\"robots\" content=\"index, follow, max-snippet:-1, max-image-preview:large, max-video-preview:-1\" \/>\n<link rel=\"canonical\" href=\"https:\/\/www.sciontario.org\/fr\/vente-aux-encheres-silencieuse\/\" \/>\n<meta property=\"og:locale\" content=\"fr_FR\" \/>\n<meta property=\"og:type\" content=\"article\" \/>\n<meta property=\"og:title\" content=\"Vente aux ench\u00e8res silencieuse\" \/>\n<meta property=\"og:description\" content=\"Bienvenue \u00e0 la vente aux ench\u00e8res silencieuse du LMO! C&#039;est le moyen id\u00e9al de collecter des fonds et d&#039;offrir un cadeau \u00e0 vous-m\u00eame ou \u00e0 un \u00eatre cher.\" \/>\n<meta property=\"og:url\" content=\"https:\/\/www.sciontario.org\/fr\/vente-aux-encheres-silencieuse\/\" \/>\n<meta property=\"og:site_name\" content=\"Spinal Cord Injury Ontario | Supporting and advocating for and with people with a disability.\" \/>\n<meta property=\"article:publisher\" content=\"https:\/\/www.facebook.com\/pages\/Canadian-Paraplegic-Association-SCI-Ontario\/198786166801432\" \/>\n<meta property=\"article:modified_time\" content=\"2026-02-09T12:53:47+00:00\" \/>\n<meta name=\"twitter:card\" content=\"summary_large_image\" \/>\n<meta name=\"twitter:site\" content=\"@sci_ontario\" \/>\n<meta name=\"twitter:label1\" content=\"Dur\u00e9e de lecture estim\u00e9e\" \/>\n\t<meta name=\"twitter:data1\" content=\"2 minutes\" \/>\n<script type=\"application\/ld+json\" class=\"yoast-schema-graph\">{\"@context\":\"https:\\\/\\\/schema.org\",\"@graph\":[{\"@type\":\"WebPage\",\"@id\":\"https:\\\/\\\/www.sciontario.org\\\/fr\\\/vente-aux-encheres-silencieuse\\\/\",\"url\":\"https:\\\/\\\/www.sciontario.org\\\/fr\\\/vente-aux-encheres-silencieuse\\\/\",\"name\":\"Vente aux ench\u00e8res silencieuse - Spinal Cord Injury Ontario | Supporting and advocating for and with people with a disability.\",\"isPartOf\":{\"@id\":\"https:\\\/\\\/www.sciontario.org\\\/fr\\\/#website\"},\"datePublished\":\"2023-01-10T15:00:00+00:00\",\"dateModified\":\"2026-02-09T12:53:47+00:00\",\"description\":\"Bienvenue \u00e0 la vente aux ench\u00e8res silencieuse du LMO! C'est le moyen id\u00e9al de collecter des fonds et d'offrir un cadeau \u00e0 vous-m\u00eame ou \u00e0 un \u00eatre cher.\",\"breadcrumb\":{\"@id\":\"https:\\\/\\\/www.sciontario.org\\\/fr\\\/vente-aux-encheres-silencieuse\\\/#breadcrumb\"},\"inLanguage\":\"fr-FR\",\"potentialAction\":[{\"@type\":\"ReadAction\",\"target\":[\"https:\\\/\\\/www.sciontario.org\\\/fr\\\/vente-aux-encheres-silencieuse\\\/\"]}]},{\"@type\":\"BreadcrumbList\",\"@id\":\"https:\\\/\\\/www.sciontario.org\\\/fr\\\/vente-aux-encheres-silencieuse\\\/#breadcrumb\",\"itemListElement\":[{\"@type\":\"ListItem\",\"position\":1,\"name\":\"Home\",\"item\":\"https:\\\/\\\/www.sciontario.org\\\/fr\\\/\"},{\"@type\":\"ListItem\",\"position\":2,\"name\":\"Vente aux ench\u00e8res silencieuse\"}]},{\"@type\":\"WebSite\",\"@id\":\"https:\\\/\\\/www.sciontario.org\\\/fr\\\/#website\",\"url\":\"https:\\\/\\\/www.sciontario.org\\\/fr\\\/\",\"name\":\"Spinal Cord Injury Ontario | Supporting and advocating for and with people with a disability.\",\"description\":\"We serve, support and advocate for and with people with a disability in Ontario.\",\"publisher\":{\"@id\":\"https:\\\/\\\/www.sciontario.org\\\/fr\\\/#organization\"},\"potentialAction\":[{\"@type\":\"SearchAction\",\"target\":{\"@type\":\"EntryPoint\",\"urlTemplate\":\"https:\\\/\\\/www.sciontario.org\\\/fr\\\/?s={search_term_string}\"},\"query-input\":{\"@type\":\"PropertyValueSpecification\",\"valueRequired\":true,\"valueName\":\"search_term_string\"}}],\"inLanguage\":\"fr-FR\"},{\"@type\":\"Organization\",\"@id\":\"https:\\\/\\\/www.sciontario.org\\\/fr\\\/#organization\",\"name\":\"Spinal Cord Injury Ontario\",\"url\":\"https:\\\/\\\/www.sciontario.org\\\/fr\\\/\",\"logo\":{\"@type\":\"ImageObject\",\"inLanguage\":\"fr-FR\",\"@id\":\"https:\\\/\\\/www.sciontario.org\\\/fr\\\/#\\\/schema\\\/logo\\\/image\\\/\",\"url\":\"https:\\\/\\\/www.sciontario.org\\\/wp-content\\\/uploads\\\/SCIO_EN_FR_STD_HORIZ_CMYK.png\",\"contentUrl\":\"https:\\\/\\\/www.sciontario.org\\\/wp-content\\\/uploads\\\/SCIO_EN_FR_STD_HORIZ_CMYK.png\",\"width\":600,\"height\":160,\"caption\":\"Spinal Cord Injury Ontario\"},\"image\":{\"@id\":\"https:\\\/\\\/www.sciontario.org\\\/fr\\\/#\\\/schema\\\/logo\\\/image\\\/\"},\"sameAs\":[\"https:\\\/\\\/www.facebook.com\\\/pages\\\/Canadian-Paraplegic-Association-SCI-Ontario\\\/198786166801432\",\"https:\\\/\\\/x.com\\\/sci_ontario\",\"https:\\\/\\\/www.instagram.com\\\/sci_ontario\",\"https:\\\/\\\/ca.linkedin.com\\\/company\\\/spinal-cord-injury-ontario\"]}]}<\/script>\n<!-- \/ Yoast SEO Premium plugin. -->","yoast_head_json":{"title":"Vente aux ench\u00e8res silencieuse - Spinal Cord Injury Ontario | Supporting and advocating for and with people with a disability.","description":"Bienvenue \u00e0 la vente aux ench\u00e8res silencieuse du LMO! C'est le moyen id\u00e9al de collecter des fonds et d'offrir un cadeau \u00e0 vous-m\u00eame ou \u00e0 un \u00eatre cher.","robots":{"index":"index","follow":"follow","max-snippet":"max-snippet:-1","max-image-preview":"max-image-preview:large","max-video-preview":"max-video-preview:-1"},"canonical":"https:\/\/www.sciontario.org\/fr\/vente-aux-encheres-silencieuse\/","og_locale":"fr_FR","og_type":"article","og_title":"Vente aux ench\u00e8res silencieuse","og_description":"Bienvenue \u00e0 la vente aux ench\u00e8res silencieuse du LMO! C'est le moyen id\u00e9al de collecter des fonds et d'offrir un cadeau \u00e0 vous-m\u00eame ou \u00e0 un \u00eatre cher.","og_url":"https:\/\/www.sciontario.org\/fr\/vente-aux-encheres-silencieuse\/","og_site_name":"Spinal Cord Injury Ontario | Supporting and advocating for and with people with a disability.","article_publisher":"https:\/\/www.facebook.com\/pages\/Canadian-Paraplegic-Association-SCI-Ontario\/198786166801432","article_modified_time":"2026-02-09T12:53:47+00:00","twitter_card":"summary_large_image","twitter_site":"@sci_ontario","twitter_misc":{"Dur\u00e9e de lecture estim\u00e9e":"2 minutes"},"schema":{"@context":"https:\/\/schema.org","@graph":[{"@type":"WebPage","@id":"https:\/\/www.sciontario.org\/fr\/vente-aux-encheres-silencieuse\/","url":"https:\/\/www.sciontario.org\/fr\/vente-aux-encheres-silencieuse\/","name":"Vente aux ench\u00e8res silencieuse - Spinal Cord Injury Ontario | Supporting and advocating for and with people with a disability.","isPartOf":{"@id":"https:\/\/www.sciontario.org\/fr\/#website"},"datePublished":"2023-01-10T15:00:00+00:00","dateModified":"2026-02-09T12:53:47+00:00","description":"Bienvenue \u00e0 la vente aux ench\u00e8res silencieuse du LMO! C'est le moyen id\u00e9al de collecter des fonds et d'offrir un cadeau \u00e0 vous-m\u00eame ou \u00e0 un \u00eatre cher.","breadcrumb":{"@id":"https:\/\/www.sciontario.org\/fr\/vente-aux-encheres-silencieuse\/#breadcrumb"},"inLanguage":"fr-FR","potentialAction":[{"@type":"ReadAction","target":["https:\/\/www.sciontario.org\/fr\/vente-aux-encheres-silencieuse\/"]}]},{"@type":"BreadcrumbList","@id":"https:\/\/www.sciontario.org\/fr\/vente-aux-encheres-silencieuse\/#breadcrumb","itemListElement":[{"@type":"ListItem","position":1,"name":"Home","item":"https:\/\/www.sciontario.org\/fr\/"},{"@type":"ListItem","position":2,"name":"Vente aux ench\u00e8res silencieuse"}]},{"@type":"WebSite","@id":"https:\/\/www.sciontario.org\/fr\/#website","url":"https:\/\/www.sciontario.org\/fr\/","name":"Spinal Cord Injury Ontario | Supporting and advocating for and with people with a disability.","description":"We serve, support and advocate for and with people with a disability in Ontario.","publisher":{"@id":"https:\/\/www.sciontario.org\/fr\/#organization"},"potentialAction":[{"@type":"SearchAction","target":{"@type":"EntryPoint","urlTemplate":"https:\/\/www.sciontario.org\/fr\/?s={search_term_string}"},"query-input":{"@type":"PropertyValueSpecification","valueRequired":true,"valueName":"search_term_string"}}],"inLanguage":"fr-FR"},{"@type":"Organization","@id":"https:\/\/www.sciontario.org\/fr\/#organization","name":"Spinal Cord Injury Ontario","url":"https:\/\/www.sciontario.org\/fr\/","logo":{"@type":"ImageObject","inLanguage":"fr-FR","@id":"https:\/\/www.sciontario.org\/fr\/#\/schema\/logo\/image\/","url":"https:\/\/www.sciontario.org\/wp-content\/uploads\/SCIO_EN_FR_STD_HORIZ_CMYK.png","contentUrl":"https:\/\/www.sciontario.org\/wp-content\/uploads\/SCIO_EN_FR_STD_HORIZ_CMYK.png","width":600,"height":160,"caption":"Spinal Cord Injury Ontario"},"image":{"@id":"https:\/\/www.sciontario.org\/fr\/#\/schema\/logo\/image\/"},"sameAs":["https:\/\/www.facebook.com\/pages\/Canadian-Paraplegic-Association-SCI-Ontario\/198786166801432","https:\/\/x.com\/sci_ontario","https:\/\/www.instagram.com\/sci_ontario","https:\/\/ca.linkedin.com\/company\/spinal-cord-injury-ontario"]}]}},"publishpress_future_action":{"enabled":false,"date":"2026-04-26 10:14:01","action":"change-status","newStatus":"draft","terms":[],"taxonomy":"category","extraData":[]},"publishpress_future_workflow_manual_trigger":{"enabledWorkflows":[]},"_links":{"self":[{"href":"https:\/\/www.sciontario.org\/fr\/wp-json\/wp\/v2\/pages\/22302","targetHints":{"allow":["GET"]}}],"collection":[{"href":"https:\/\/www.sciontario.org\/fr\/wp-json\/wp\/v2\/pages"}],"about":[{"href":"https:\/\/www.sciontario.org\/fr\/wp-json\/wp\/v2\/types\/page"}],"author":[{"embeddable":true,"href":"https:\/\/www.sciontario.org\/fr\/wp-json\/wp\/v2\/users\/20"}],"replies":[{"embeddable":true,"href":"https:\/\/www.sciontario.org\/fr\/wp-json\/wp\/v2\/comments?post=22302"}],"version-history":[{"count":12,"href":"https:\/\/www.sciontario.org\/fr\/wp-json\/wp\/v2\/pages\/22302\/revisions"}],"predecessor-version":[{"id":27622,"href":"https:\/\/www.sciontario.org\/fr\/wp-json\/wp\/v2\/pages\/22302\/revisions\/27622"}],"wp:attachment":[{"href":"https:\/\/www.sciontario.org\/fr\/wp-json\/wp\/v2\/media?parent=22302"}],"wp:term":[{"taxonomy":"category","embeddable":true,"href":"https:\/\/www.sciontario.org\/fr\/wp-json\/wp\/v2\/categories?post=22302"},{"taxonomy":"post_tag","embeddable":true,"href":"https:\/\/www.sciontario.org\/fr\/wp-json\/wp\/v2\/tags?post=22302"}],"curies":[{"name":"wp","href":"https:\/\/api.w.org\/{rel}","templated":true}]}}