{"id":22246,"date":"2018-04-19T14:32:56","date_gmt":"2018-04-19T18:32:56","guid":{"rendered":"http:\/\/www.sciontario.org\/politique-daccessibilite\/"},"modified":"2024-08-15T13:03:11","modified_gmt":"2024-08-15T17:03:11","slug":"politique-daccessibilite","status":"publish","type":"page","link":"https:\/\/www.sciontario.org\/fr\/politique-daccessibilite\/","title":{"rendered":"Politique d&rsquo;accessibilit\u00e9"},"content":{"rendered":"\t\t<div data-elementor-type=\"wp-page\" data-elementor-id=\"22246\" class=\"elementor elementor-22246 elementor-147\" wpc-filter-elementor-widget=\"1\" data-elementor-post-type=\"page\">\n\t\t\t\t<div class=\"elementor-element elementor-element-cacae4f e-flex e-con-boxed e-con e-parent\" data-id=\"cacae4f\" data-element_type=\"container\" data-e-type=\"container\" data-settings=\"{&quot;background_background&quot;:&quot;classic&quot;}\">\n\t\t\t\t\t<div class=\"e-con-inner\">\n\t\t<div class=\"elementor-element elementor-element-e289563 e-con-full e-flex e-con e-child\" data-id=\"e289563\" data-element_type=\"container\" data-e-type=\"container\">\n\t\t<div class=\"elementor-element elementor-element-95f5b37 e-con-full e-flex e-con e-child\" data-id=\"95f5b37\" data-element_type=\"container\" data-e-type=\"container\" data-settings=\"{&quot;background_background&quot;:&quot;classic&quot;}\">\n\t\t\t\t<div class=\"elementor-element elementor-element-ff257d1 elementor-widget elementor-widget-heading\" data-id=\"ff257d1\" data-element_type=\"widget\" data-e-type=\"widget\" data-widget_type=\"heading.default\">\n\t\t\t\t<div class=\"elementor-widget-container\">\n\t\t\t\t\t<h1 class=\"elementor-heading-title elementor-size-default\">Politique d'accessibilit\u00e9<\/h1>\t\t\t\t<\/div>\n\t\t\t\t<\/div>\n\t\t\t\t<div class=\"elementor-element elementor-element-9ee6ade elementor-widget elementor-widget-heading\" data-id=\"9ee6ade\" data-element_type=\"widget\" data-e-type=\"widget\" data-widget_type=\"heading.default\">\n\t\t\t\t<div class=\"elementor-widget-container\">\n\t\t\t\t\t<h2 class=\"elementor-heading-title elementor-size-default\">Accessibilit\u00e9 @ LMO<\/h2>\t\t\t\t<\/div>\n\t\t\t\t<\/div>\n\t\t\t\t<div class=\"elementor-element elementor-element-398676c8 text-with-list elementor-widget elementor-widget-text-editor\" data-id=\"398676c8\" data-element_type=\"widget\" data-e-type=\"widget\" data-widget_type=\"text-editor.default\">\n\t\t\t\t<div class=\"elementor-widget-container\">\n\t\t\t\t\t\t\t\t\t<p>L\u00e9sions M\u00e9dullaires Ontario (LMO) s&rsquo;engage \u00e0 fournir des services dans le respect de la dignit\u00e9, de l&rsquo;ind\u00e9pendance, de l&rsquo;int\u00e9gration, de l&rsquo;inclusion et de l&rsquo;\u00e9galit\u00e9 des chances des personnes handicap\u00e9es. Nous r\u00e9pondrons aux besoins en temps opportun et identifierons, supprimerons et pr\u00e9viendrons les obstacles qui r\u00e9duisent la capacit\u00e9 des personnes handicap\u00e9es \u00e0 acc\u00e9der pleinement aux services. <\/p>\n<p>Nous nous engageons \u00e9galement \u00e0 mieux faire conna\u00eetre les initiatives en mati\u00e8re d&rsquo;accessibilit\u00e9 et \u00e0 promouvoir le respect de la l\u00e9gislation. Notre plan d&rsquo;accessibilit\u00e9 pluriannuel d\u00e9crit les mesures que nous avons prises et les strat\u00e9gies que nous utiliserons \u00e0 l&rsquo;avenir pour faire en sorte que nos clients, leurs familles, notre personnel et nos b\u00e9n\u00e9voles, ainsi que les membres de la communaut\u00e9, puissent acc\u00e9der aux soins et aux services. <\/p>\n<p><a href=\"https:\/\/sciontario.org\/accessibility-plan\/\" rel=\"noopener noreferrer\">Pour en savoir plus, lisez notre engagement LAPHO dans notre plan d&rsquo;accessibilit\u00e9.<\/a><\/p>\t\t\t\t\t\t\t\t<\/div>\n\t\t\t\t<\/div>\n\t\t\t\t<\/div>\n\t\t<div class=\"elementor-element elementor-element-fe8fcf3 e-con-full elementor-hidden-mobile e-flex e-con e-child\" data-id=\"fe8fcf3\" data-element_type=\"container\" data-e-type=\"container\">\n\t\t\t\t<\/div>\n\t\t\t\t<\/div>\n\t\t\t\t\t<\/div>\n\t\t\t\t<\/div>\n\t\t<div class=\"elementor-element elementor-element-12cf3b27 e-flex e-con-boxed e-con e-parent\" data-id=\"12cf3b27\" data-element_type=\"container\" data-e-type=\"container\" data-settings=\"{&quot;background_background&quot;:&quot;classic&quot;}\">\n\t\t\t\t\t<div class=\"e-con-inner\">\n\t\t<div class=\"elementor-element elementor-element-339a26e1 e-con-full e-flex e-con e-child\" data-id=\"339a26e1\" data-element_type=\"container\" data-e-type=\"container\">\n\t\t<div class=\"elementor-element elementor-element-54797c06 e-con-full e-flex e-con e-child\" data-id=\"54797c06\" data-element_type=\"container\" data-e-type=\"container\">\n\t\t\t\t<div class=\"elementor-element elementor-element-a61ee8c elementor-widget elementor-widget-heading\" data-id=\"a61ee8c\" data-element_type=\"widget\" data-e-type=\"widget\" data-widget_type=\"heading.default\">\n\t\t\t\t<div class=\"elementor-widget-container\">\n\t\t\t\t\t<h3 class=\"elementor-heading-title elementor-size-default\">\u00c9v\u00e9nements accessibles<\/h3>\t\t\t\t<\/div>\n\t\t\t\t<\/div>\n\t\t\t\t<div class=\"elementor-element elementor-element-012512d text-with-list elementor-widget elementor-widget-text-editor\" data-id=\"012512d\" data-element_type=\"widget\" data-e-type=\"widget\" data-widget_type=\"text-editor.default\">\n\t\t\t\t<div class=\"elementor-widget-container\">\n\t\t\t\t\t\t\t\t\t<p>Tous les \u00e9v\u00e9nements du LMO respectent nos normes \u00e9lev\u00e9es en mati\u00e8re d&rsquo;accessibilit\u00e9. Nous organisons des \u00e9v\u00e9nements dans des lieux accessibles, afin de garantir que les invit\u00e9s \u00e0 mobilit\u00e9 r\u00e9duite puissent assister et vivre l&rsquo;\u00e9v\u00e9nement sans obstacles. Nos formulaires d&rsquo;inscription et RSVP d\u00e9terminent si des soutiens sp\u00e9cifiques sont n\u00e9cessaires, tels que l&rsquo;interpr\u00e9tation ASL ou le sous-titrage en temps r\u00e9el, et si c&rsquo;est le cas, nous veillons \u00e0 ce qu&rsquo;ils soient disponibles lors des \u00e9v\u00e9nements du LMO dans toute la province. Nos normes minimales :   <\/p>\n<ul>\n<li>Environnement b\u00e2ti &#8211; entr\u00e9e accessible, toilettes, structures apport\u00e9es par le LMO<\/li>\n<li>Services auxiliaires<\/li>\n<li>Sous-titres multim\u00e9dias<\/li>\n<li>Les services ASL sont fournis sur demande<\/li>\n<\/ul>\n\t\t\t\t\t\t\t\t<\/div>\n\t\t\t\t<\/div>\n\t\t\t\t<div class=\"elementor-element elementor-element-4e5d551 elementor-widget elementor-widget-heading\" data-id=\"4e5d551\" data-element_type=\"widget\" data-e-type=\"widget\" data-widget_type=\"heading.default\">\n\t\t\t\t<div class=\"elementor-widget-container\">\n\t\t\t\t\t<h3 class=\"elementor-heading-title elementor-size-default\">Communications accessibles<\/h3>\t\t\t\t<\/div>\n\t\t\t\t<\/div>\n\t\t\t\t<div class=\"elementor-element elementor-element-b0ab99d text-with-list elementor-widget elementor-widget-text-editor\" data-id=\"b0ab99d\" data-element_type=\"widget\" data-e-type=\"widget\" data-widget_type=\"text-editor.default\">\n\t\t\t\t<div class=\"elementor-widget-container\">\n\t\t\t\t\t\t\t\t\t<p>Nous visons \u00e0 \u00eatre la r\u00e9f\u00e9rence en mati\u00e8re de normes d&rsquo;accessibilit\u00e9 pour nos documents num\u00e9riques et imprim\u00e9s. Nous nous effor\u00e7ons d&rsquo;atteindre cet objectif en transformant notre site web et nos documents PDF en un format plus accessible et en veillant \u00e0 ce que tous les documents con\u00e7us respectent ces normes. Si vous avez des inqui\u00e9tudes concernant l&rsquo;acc\u00e8s \u00e0 nos communications par le biais de notre (nos) site(s) web ou d&rsquo;autres canaux, veuillez nous en faire part \u00e0 l&rsquo;adresse suivante <a href=\"mailto:communications@sciontario.org\">: communications@sciontario.org.<\/a>  <\/p>\n<p>Si vous avez des questions concernant notre Plan d&rsquo;accessibilit\u00e9 ou nos politiques, n&rsquo;h\u00e9sitez pas \u00e0 nous contacter par courrier \u00e9lectronique \u00e0 l&rsquo;adresse <a href=\"mailto:accessibility@sciontario.org\">accessibility@sciontario.org, par<\/a> t\u00e9l\u00e9phone au num\u00e9ro 1-877-422-1112 ou par courrier \u00e0 l&rsquo;adresse suivante :<\/p>\n<p>Accessibilit\u00e9<br \/>Spinal Cord Injury Ontario<br \/>520 Sutherland Drive<br \/>Toronto ON M4G 3V9<\/p>\n\t\t\t\t\t\t\t\t<\/div>\n\t\t\t\t<\/div>\n\t\t\t\t<div class=\"elementor-element elementor-element-8b2db72 elementor-widget elementor-widget-heading\" data-id=\"8b2db72\" data-element_type=\"widget\" data-e-type=\"widget\" data-widget_type=\"heading.default\">\n\t\t\t\t<div class=\"elementor-widget-container\">\n\t\t\t\t\t<h3 class=\"elementor-heading-title elementor-size-default\">Engagement LAPHO<\/h3>\t\t\t\t<\/div>\n\t\t\t\t<\/div>\n\t\t\t\t<div class=\"elementor-element elementor-element-4c28945 text-with-list elementor-widget elementor-widget-text-editor\" data-id=\"4c28945\" data-element_type=\"widget\" data-e-type=\"widget\" data-widget_type=\"text-editor.default\">\n\t\t\t\t<div class=\"elementor-widget-container\">\n\t\t\t\t\t\t\t\t\t<p>Spinal Cord Injury Ontario (SCIO) s&rsquo;engage \u00e0 assurer l&rsquo;accessibilit\u00e9 et l&rsquo;inclusivit\u00e9 conform\u00e9ment \u00e0 la Loi sur l&rsquo;accessibilit\u00e9 pour les personnes handicap\u00e9es de l&rsquo;Ontario (LAPHO).<br \/>\nNotre plan d&rsquo;accessibilit\u00e9 d\u00e9crit les efforts continus d\u00e9ploy\u00e9s pour am\u00e9liorer l&rsquo;accessibilit\u00e9 dans l&rsquo;ensemble de nos services, en veillant \u00e0 ce que tout le monde puisse acc\u00e9der \u00e0 nos programmes et en b\u00e9n\u00e9ficier.<br \/>\n <a href=\"https:\/\/sciontario.org\/accessibility-plan\/\">Pour<\/a> en savoir plus sur notre engagement vis-\u00e0-vis de la LAPHO, consultez notre plan d&rsquo;accessibilit\u00e9 <a href=\"https:\/\/sciontario.org\/accessibility-plan\/\">ici<\/a>.  <\/p>\n\t\t\t\t\t\t\t\t<\/div>\n\t\t\t\t<\/div>\n\t\t\t\t<div class=\"elementor-element elementor-element-27fae72 elementor-widget elementor-widget-heading\" data-id=\"27fae72\" data-element_type=\"widget\" data-e-type=\"widget\" data-widget_type=\"heading.default\">\n\t\t\t\t<div class=\"elementor-widget-container\">\n\t\t\t\t\t<h3 class=\"elementor-heading-title elementor-size-default\">Plaintes<\/h3>\t\t\t\t<\/div>\n\t\t\t\t<\/div>\n\t\t\t\t<div class=\"elementor-element elementor-element-7f016bb text-with-list elementor-widget elementor-widget-text-editor\" data-id=\"7f016bb\" data-element_type=\"widget\" data-e-type=\"widget\" data-widget_type=\"text-editor.default\">\n\t\t\t\t<div class=\"elementor-widget-container\">\n\t\t\t\t\t\t\t\t\t<p>Nous appr\u00e9cions le retour d&rsquo;information de notre communaut\u00e9 et nous nous engageons \u00e0 l&rsquo;am\u00e9liorer en permanence. Si vous avez une pr\u00e9occupation ou une plainte concernant nos services, notre personnel ou nos op\u00e9rations, nous vous encourageons \u00e0 nous en faire part. Notre proc\u00e9dure de traitement des plaintes est con\u00e7ue pour \u00eatre \u00e9quitable, transparente et rapide, afin de garantir que toutes les pr\u00e9occupations soient trait\u00e9es de mani\u00e8re appropri\u00e9e. Pour plus d&rsquo;informations sur la mani\u00e8re de d\u00e9poser une plainte, veuillez consulter <a href=\"https:\/\/sciontario.org\/complaints-and-appeals\/\">la page suivante<\/a>.   <\/p>\n\t\t\t\t\t\t\t\t<\/div>\n\t\t\t\t<\/div>\n\t\t\t\t<\/div>\n\t\t\t\t<\/div>\n\t\t<div class=\"elementor-element elementor-element-5018a8e1 e-con-full elementor-hidden-tablet elementor-hidden-mobile e-flex e-con e-child\" data-id=\"5018a8e1\" data-element_type=\"container\" data-e-type=\"container\">\n\t\t\t\t<\/div>\n\t\t\t\t\t<\/div>\n\t\t\t\t<\/div>\n\t\t\t\t<\/div>\n\t\t","protected":false},"excerpt":{"rendered":"<p>Politique d&rsquo;accessibilit\u00e9 Accessibilit\u00e9 @ LMO L\u00e9sions M\u00e9dullaires Ontario (LMO) s&rsquo;engage \u00e0 fournir des services dans le respect de la dignit\u00e9, de l&rsquo;ind\u00e9pendance, de l&rsquo;int\u00e9gration, de l&rsquo;inclusion et de l&rsquo;\u00e9galit\u00e9 des chances des personnes handicap\u00e9es. Nous r\u00e9pondrons aux besoins en temps opportun et identifierons, supprimerons et pr\u00e9viendrons les obstacles qui r\u00e9duisent la capacit\u00e9 des personnes handicap\u00e9es [&hellip;]<\/p>\n","protected":false},"author":4,"featured_media":0,"parent":0,"menu_order":0,"comment_status":"closed","ping_status":"closed","template":"","meta":{"_acf_changed":false,"footnotes":"","_links_to":"","_links_to_target":""},"categories":[],"tags":[],"class_list":["post-22246","page","type-page","status-publish","hentry"],"acf":[],"yoast_head":"<!-- This site is optimized with the Yoast SEO Premium plugin v27.3 (Yoast SEO v27.3) - https:\/\/yoast.com\/product\/yoast-seo-premium-wordpress\/ -->\n<title>L\u00e9sions M\u00e9dullaires Ontario - Politique d&#039;accessibilit\u00e9<\/title>\n<meta name=\"description\" content=\"LMO s&#039;engage \u00e0 fournir des services dans le respect de la dignit\u00e9, de l&#039;ind\u00e9pendance, de l&#039;int\u00e9gration, de l&#039;inclusion et de l&#039;\u00e9galit\u00e9 des chances des personnes handicap\u00e9es. Lisez notre politique d&#039;accessibilit\u00e9.\" \/>\n<meta name=\"robots\" content=\"index, follow, max-snippet:-1, max-image-preview:large, max-video-preview:-1\" \/>\n<link rel=\"canonical\" href=\"https:\/\/www.sciontario.org\/fr\/politique-daccessibilite\/\" \/>\n<meta property=\"og:locale\" content=\"fr_FR\" \/>\n<meta property=\"og:type\" content=\"article\" \/>\n<meta property=\"og:title\" content=\"Politique d&#039;accessibilit\u00e9\" \/>\n<meta property=\"og:description\" content=\"LMO s&#039;engage \u00e0 fournir des services dans le respect de la dignit\u00e9, de l&#039;ind\u00e9pendance, de l&#039;int\u00e9gration, de l&#039;inclusion et de l&#039;\u00e9galit\u00e9 des chances des personnes handicap\u00e9es. Lisez notre politique d&#039;accessibilit\u00e9.\" \/>\n<meta property=\"og:url\" content=\"https:\/\/www.sciontario.org\/fr\/politique-daccessibilite\/\" \/>\n<meta property=\"og:site_name\" content=\"Spinal Cord Injury Ontario | Supporting and advocating for and with people with a disability.\" \/>\n<meta property=\"article:publisher\" content=\"https:\/\/www.facebook.com\/pages\/Canadian-Paraplegic-Association-SCI-Ontario\/198786166801432\" \/>\n<meta property=\"article:modified_time\" content=\"2024-08-15T17:03:11+00:00\" \/>\n<meta name=\"twitter:card\" content=\"summary_large_image\" \/>\n<meta name=\"twitter:site\" content=\"@sci_ontario\" \/>\n<meta name=\"twitter:label1\" content=\"Dur\u00e9e de lecture estim\u00e9e\" \/>\n\t<meta name=\"twitter:data1\" content=\"3 minutes\" \/>\n<script type=\"application\/ld+json\" class=\"yoast-schema-graph\">{\"@context\":\"https:\\\/\\\/schema.org\",\"@graph\":[{\"@type\":\"WebPage\",\"@id\":\"https:\\\/\\\/www.sciontario.org\\\/fr\\\/politique-daccessibilite\\\/\",\"url\":\"https:\\\/\\\/www.sciontario.org\\\/fr\\\/politique-daccessibilite\\\/\",\"name\":\"L\u00e9sions M\u00e9dullaires Ontario - Politique d'accessibilit\u00e9\",\"isPartOf\":{\"@id\":\"https:\\\/\\\/www.sciontario.org\\\/fr\\\/#website\"},\"datePublished\":\"2018-04-19T18:32:56+00:00\",\"dateModified\":\"2024-08-15T17:03:11+00:00\",\"description\":\"LMO s'engage \u00e0 fournir des services dans le respect de la dignit\u00e9, de l'ind\u00e9pendance, de l'int\u00e9gration, de l'inclusion et de l'\u00e9galit\u00e9 des chances des personnes handicap\u00e9es. Lisez notre politique d'accessibilit\u00e9.\",\"breadcrumb\":{\"@id\":\"https:\\\/\\\/www.sciontario.org\\\/fr\\\/politique-daccessibilite\\\/#breadcrumb\"},\"inLanguage\":\"fr-FR\",\"potentialAction\":[{\"@type\":\"ReadAction\",\"target\":[\"https:\\\/\\\/www.sciontario.org\\\/fr\\\/politique-daccessibilite\\\/\"]}]},{\"@type\":\"BreadcrumbList\",\"@id\":\"https:\\\/\\\/www.sciontario.org\\\/fr\\\/politique-daccessibilite\\\/#breadcrumb\",\"itemListElement\":[{\"@type\":\"ListItem\",\"position\":1,\"name\":\"Home\",\"item\":\"https:\\\/\\\/www.sciontario.org\\\/fr\\\/\"},{\"@type\":\"ListItem\",\"position\":2,\"name\":\"Politique d&rsquo;accessibilit\u00e9\"}]},{\"@type\":\"WebSite\",\"@id\":\"https:\\\/\\\/www.sciontario.org\\\/fr\\\/#website\",\"url\":\"https:\\\/\\\/www.sciontario.org\\\/fr\\\/\",\"name\":\"Spinal Cord Injury Ontario | Supporting and advocating for and with people with a disability.\",\"description\":\"We serve, support and advocate for and with people with a disability in Ontario.\",\"publisher\":{\"@id\":\"https:\\\/\\\/www.sciontario.org\\\/fr\\\/#organization\"},\"potentialAction\":[{\"@type\":\"SearchAction\",\"target\":{\"@type\":\"EntryPoint\",\"urlTemplate\":\"https:\\\/\\\/www.sciontario.org\\\/fr\\\/?s={search_term_string}\"},\"query-input\":{\"@type\":\"PropertyValueSpecification\",\"valueRequired\":true,\"valueName\":\"search_term_string\"}}],\"inLanguage\":\"fr-FR\"},{\"@type\":\"Organization\",\"@id\":\"https:\\\/\\\/www.sciontario.org\\\/fr\\\/#organization\",\"name\":\"Spinal Cord Injury Ontario\",\"url\":\"https:\\\/\\\/www.sciontario.org\\\/fr\\\/\",\"logo\":{\"@type\":\"ImageObject\",\"inLanguage\":\"fr-FR\",\"@id\":\"https:\\\/\\\/www.sciontario.org\\\/fr\\\/#\\\/schema\\\/logo\\\/image\\\/\",\"url\":\"https:\\\/\\\/www.sciontario.org\\\/wp-content\\\/uploads\\\/SCIO_EN_FR_STD_HORIZ_CMYK.png\",\"contentUrl\":\"https:\\\/\\\/www.sciontario.org\\\/wp-content\\\/uploads\\\/SCIO_EN_FR_STD_HORIZ_CMYK.png\",\"width\":600,\"height\":160,\"caption\":\"Spinal Cord Injury Ontario\"},\"image\":{\"@id\":\"https:\\\/\\\/www.sciontario.org\\\/fr\\\/#\\\/schema\\\/logo\\\/image\\\/\"},\"sameAs\":[\"https:\\\/\\\/www.facebook.com\\\/pages\\\/Canadian-Paraplegic-Association-SCI-Ontario\\\/198786166801432\",\"https:\\\/\\\/x.com\\\/sci_ontario\",\"https:\\\/\\\/www.instagram.com\\\/sci_ontario\",\"https:\\\/\\\/ca.linkedin.com\\\/company\\\/spinal-cord-injury-ontario\"]}]}<\/script>\n<!-- \/ Yoast SEO Premium plugin. -->","yoast_head_json":{"title":"L\u00e9sions M\u00e9dullaires Ontario - Politique d'accessibilit\u00e9","description":"LMO s'engage \u00e0 fournir des services dans le respect de la dignit\u00e9, de l'ind\u00e9pendance, de l'int\u00e9gration, de l'inclusion et de l'\u00e9galit\u00e9 des chances des personnes handicap\u00e9es. Lisez notre politique d'accessibilit\u00e9.","robots":{"index":"index","follow":"follow","max-snippet":"max-snippet:-1","max-image-preview":"max-image-preview:large","max-video-preview":"max-video-preview:-1"},"canonical":"https:\/\/www.sciontario.org\/fr\/politique-daccessibilite\/","og_locale":"fr_FR","og_type":"article","og_title":"Politique d'accessibilit\u00e9","og_description":"LMO s'engage \u00e0 fournir des services dans le respect de la dignit\u00e9, de l'ind\u00e9pendance, de l'int\u00e9gration, de l'inclusion et de l'\u00e9galit\u00e9 des chances des personnes handicap\u00e9es. Lisez notre politique d'accessibilit\u00e9.","og_url":"https:\/\/www.sciontario.org\/fr\/politique-daccessibilite\/","og_site_name":"Spinal Cord Injury Ontario | Supporting and advocating for and with people with a disability.","article_publisher":"https:\/\/www.facebook.com\/pages\/Canadian-Paraplegic-Association-SCI-Ontario\/198786166801432","article_modified_time":"2024-08-15T17:03:11+00:00","twitter_card":"summary_large_image","twitter_site":"@sci_ontario","twitter_misc":{"Dur\u00e9e de lecture estim\u00e9e":"3 minutes"},"schema":{"@context":"https:\/\/schema.org","@graph":[{"@type":"WebPage","@id":"https:\/\/www.sciontario.org\/fr\/politique-daccessibilite\/","url":"https:\/\/www.sciontario.org\/fr\/politique-daccessibilite\/","name":"L\u00e9sions M\u00e9dullaires Ontario - Politique d'accessibilit\u00e9","isPartOf":{"@id":"https:\/\/www.sciontario.org\/fr\/#website"},"datePublished":"2018-04-19T18:32:56+00:00","dateModified":"2024-08-15T17:03:11+00:00","description":"LMO s'engage \u00e0 fournir des services dans le respect de la dignit\u00e9, de l'ind\u00e9pendance, de l'int\u00e9gration, de l'inclusion et de l'\u00e9galit\u00e9 des chances des personnes handicap\u00e9es. Lisez notre politique d'accessibilit\u00e9.","breadcrumb":{"@id":"https:\/\/www.sciontario.org\/fr\/politique-daccessibilite\/#breadcrumb"},"inLanguage":"fr-FR","potentialAction":[{"@type":"ReadAction","target":["https:\/\/www.sciontario.org\/fr\/politique-daccessibilite\/"]}]},{"@type":"BreadcrumbList","@id":"https:\/\/www.sciontario.org\/fr\/politique-daccessibilite\/#breadcrumb","itemListElement":[{"@type":"ListItem","position":1,"name":"Home","item":"https:\/\/www.sciontario.org\/fr\/"},{"@type":"ListItem","position":2,"name":"Politique d&rsquo;accessibilit\u00e9"}]},{"@type":"WebSite","@id":"https:\/\/www.sciontario.org\/fr\/#website","url":"https:\/\/www.sciontario.org\/fr\/","name":"Spinal Cord Injury Ontario | Supporting and advocating for and with people with a disability.","description":"We serve, support and advocate for and with people with a disability in Ontario.","publisher":{"@id":"https:\/\/www.sciontario.org\/fr\/#organization"},"potentialAction":[{"@type":"SearchAction","target":{"@type":"EntryPoint","urlTemplate":"https:\/\/www.sciontario.org\/fr\/?s={search_term_string}"},"query-input":{"@type":"PropertyValueSpecification","valueRequired":true,"valueName":"search_term_string"}}],"inLanguage":"fr-FR"},{"@type":"Organization","@id":"https:\/\/www.sciontario.org\/fr\/#organization","name":"Spinal Cord Injury Ontario","url":"https:\/\/www.sciontario.org\/fr\/","logo":{"@type":"ImageObject","inLanguage":"fr-FR","@id":"https:\/\/www.sciontario.org\/fr\/#\/schema\/logo\/image\/","url":"https:\/\/www.sciontario.org\/wp-content\/uploads\/SCIO_EN_FR_STD_HORIZ_CMYK.png","contentUrl":"https:\/\/www.sciontario.org\/wp-content\/uploads\/SCIO_EN_FR_STD_HORIZ_CMYK.png","width":600,"height":160,"caption":"Spinal Cord Injury Ontario"},"image":{"@id":"https:\/\/www.sciontario.org\/fr\/#\/schema\/logo\/image\/"},"sameAs":["https:\/\/www.facebook.com\/pages\/Canadian-Paraplegic-Association-SCI-Ontario\/198786166801432","https:\/\/x.com\/sci_ontario","https:\/\/www.instagram.com\/sci_ontario","https:\/\/ca.linkedin.com\/company\/spinal-cord-injury-ontario"]}]}},"publishpress_future_action":{"enabled":false,"date":"2026-04-21 17:47:42","action":"change-status","newStatus":"draft","terms":[],"taxonomy":"category","extraData":[]},"publishpress_future_workflow_manual_trigger":{"enabledWorkflows":[]},"_links":{"self":[{"href":"https:\/\/www.sciontario.org\/fr\/wp-json\/wp\/v2\/pages\/22246","targetHints":{"allow":["GET"]}}],"collection":[{"href":"https:\/\/www.sciontario.org\/fr\/wp-json\/wp\/v2\/pages"}],"about":[{"href":"https:\/\/www.sciontario.org\/fr\/wp-json\/wp\/v2\/types\/page"}],"author":[{"embeddable":true,"href":"https:\/\/www.sciontario.org\/fr\/wp-json\/wp\/v2\/users\/4"}],"replies":[{"embeddable":true,"href":"https:\/\/www.sciontario.org\/fr\/wp-json\/wp\/v2\/comments?post=22246"}],"version-history":[{"count":0,"href":"https:\/\/www.sciontario.org\/fr\/wp-json\/wp\/v2\/pages\/22246\/revisions"}],"wp:attachment":[{"href":"https:\/\/www.sciontario.org\/fr\/wp-json\/wp\/v2\/media?parent=22246"}],"wp:term":[{"taxonomy":"category","embeddable":true,"href":"https:\/\/www.sciontario.org\/fr\/wp-json\/wp\/v2\/categories?post=22246"},{"taxonomy":"post_tag","embeddable":true,"href":"https:\/\/www.sciontario.org\/fr\/wp-json\/wp\/v2\/tags?post=22246"}],"curies":[{"name":"wp","href":"https:\/\/api.w.org\/{rel}","templated":true}]}}