{"id":22234,"date":"2024-02-27T07:40:21","date_gmt":"2024-02-27T12:40:21","guid":{"rendered":"http:\/\/www.sciontario.org\/nos-initiatives\/taxis-et-vehicules-accessibles-a-louer\/"},"modified":"2024-08-13T11:50:32","modified_gmt":"2024-08-13T15:50:32","slug":"taxis-et-vehicules-accessibles-a-louer","status":"publish","type":"page","link":"https:\/\/www.sciontario.org\/fr\/nos-initiatives\/taxis-et-vehicules-accessibles-a-louer\/","title":{"rendered":"Taxis et v\u00e9hicules accessibles \u00e0 louer"},"content":{"rendered":"\t\t<div data-elementor-type=\"wp-page\" data-elementor-id=\"22234\" class=\"elementor elementor-22234 elementor-19838\" wpc-filter-elementor-widget=\"1\" data-elementor-post-type=\"page\">\n\t\t\t\t<div class=\"elementor-element elementor-element-3c5902e3 e-flex e-con-boxed e-con e-parent\" data-id=\"3c5902e3\" data-element_type=\"container\" data-e-type=\"container\" data-settings=\"{&quot;background_background&quot;:&quot;classic&quot;}\">\n\t\t\t\t\t<div class=\"e-con-inner\">\n\t\t<div class=\"elementor-element elementor-element-17c39069 e-con-full e-flex e-con e-child\" data-id=\"17c39069\" data-element_type=\"container\" data-e-type=\"container\">\n\t\t\t\t<div class=\"elementor-element elementor-element-46093889 elementor-widget elementor-widget-heading\" data-id=\"46093889\" data-element_type=\"widget\" data-e-type=\"widget\" data-widget_type=\"heading.default\">\n\t\t\t\t<div class=\"elementor-widget-container\">\n\t\t\t\t\t<p class=\"elementor-heading-title elementor-size-default\"><a href=\"https:\/\/sciontario.org\/fr\/nos-initiatives\/\">Initiatives de la base<\/a><\/p>\t\t\t\t<\/div>\n\t\t\t\t<\/div>\n\t\t\t\t<div class=\"elementor-element elementor-element-210a15ad elementor-widget elementor-widget-heading\" data-id=\"210a15ad\" data-element_type=\"widget\" data-e-type=\"widget\" data-widget_type=\"heading.default\">\n\t\t\t\t<div class=\"elementor-widget-container\">\n\t\t\t\t\t<h1 class=\"elementor-heading-title elementor-size-default\">Taxis et v\u00e9hicules accessibles \u00e0 louer<\/h1>\t\t\t\t<\/div>\n\t\t\t\t<\/div>\n\t\t\t\t<\/div>\n\t\t<div class=\"elementor-element elementor-element-1969f1c6 e-con-full elementor-hidden-mobile e-flex e-con e-child\" data-id=\"1969f1c6\" data-element_type=\"container\" data-e-type=\"container\">\n\t\t\t\t<\/div>\n\t\t\t\t\t<\/div>\n\t\t\t\t<\/div>\n\t\t<div class=\"elementor-element elementor-element-17dd98fc e-flex e-con-boxed e-con e-parent\" data-id=\"17dd98fc\" data-element_type=\"container\" data-e-type=\"container\" data-settings=\"{&quot;background_background&quot;:&quot;classic&quot;}\">\n\t\t\t\t\t<div class=\"e-con-inner\">\n\t\t<div class=\"elementor-element elementor-element-3105eafa e-con-full e-flex e-con e-child\" data-id=\"3105eafa\" data-element_type=\"container\" data-e-type=\"container\">\n\t\t\t\t<div class=\"elementor-element elementor-element-5e364096 text-with-list elementor-widget elementor-widget-text-editor\" data-id=\"5e364096\" data-element_type=\"widget\" data-e-type=\"widget\" data-widget_type=\"text-editor.default\">\n\t\t\t\t<div class=\"elementor-widget-container\">\n\t\t\t\t\t\t\t\t\t<p>Il est de plus en plus difficile d&rsquo;acc\u00e9der aux transports accessibles \u00e0 la demande dans la r\u00e9gion du Grand Toronto.<\/p>\n<p>Avant la pand\u00e9mie, les services de location de v\u00e9hicules semblaient prometteurs pour la communaut\u00e9 des personnes handicap\u00e9es, les v\u00e9hicules accessibles en fauteuil roulant \u00e9tant disponibles sur l&rsquo;application Uber dans un d\u00e9lai de 10 \u00e0 15 minutes. Cependant, depuis quelques ann\u00e9es, ce service est rarement disponible.<br>Les taxis accessibles sont tout aussi difficiles \u00e0 obtenir, avec des temps d&rsquo;attente de plusieurs heures ou des listes d&rsquo;attente permanentes. Les personnes handicap\u00e9es doivent retrouver leur ind\u00e9pendance et avoir acc\u00e8s aux m\u00eames services que leurs concitoyens non handicap\u00e9s.  <\/p>\n<p>Nous travaillons avec la ville de Toronto et recommandons les actions suivantes pour assurer un service de transport \u00e0 la demande \u00e9quitable :<\/p>\n<ol>\n<li>La ville de Toronto doit mettre en \u0153uvre une politique garantissant l&rsquo;accessibilit\u00e9 totale des services de location de v\u00e9hicules d&rsquo;ici 2025.<\/li>\n<li>Mettre en \u0153uvre une politique visant \u00e0 garantir un service de transport \u00e9quitable accessible \u00e0 tous les r\u00e9sidents, quel que soit leur handicap ou leur appareil de mobilit\u00e9.<\/li>\n<\/ol>\n<p><a href=\"https:\/\/www.change.org\/p\/make-taxi-service-and-vehicles-for-hire-accessible-for-wheelchair-users\" target=\"_blank\" rel=\"noopener\">Signez notre p\u00e9tition<\/a> et diffusez-la largement afin de contribuer \u00e0 la mise en place de transports \u00e0 la demande accessibles.<\/p>\t\t\t\t\t\t\t\t<\/div>\n\t\t\t\t<\/div>\n\t\t\t\t<\/div>\n\t\t<div class=\"elementor-element elementor-element-31cfdac5 e-con-full e-flex e-con e-child\" data-id=\"31cfdac5\" data-element_type=\"container\" data-e-type=\"container\">\n\t\t<div class=\"elementor-element elementor-element-62a61622 e-con-full e-flex e-con e-child\" data-id=\"62a61622\" data-element_type=\"container\" data-e-type=\"container\" data-settings=\"{&quot;background_background&quot;:&quot;classic&quot;}\">\n\t\t\t\t<div class=\"elementor-element elementor-element-5c65fa7e elementor-widget elementor-widget-spacer\" data-id=\"5c65fa7e\" data-element_type=\"widget\" data-e-type=\"widget\" data-widget_type=\"spacer.default\">\n\t\t\t\t<div class=\"elementor-widget-container\">\n\t\t\t\t\t\t\t<div class=\"elementor-spacer\">\n\t\t\t<div class=\"elementor-spacer-inner\"><\/div>\n\t\t<\/div>\n\t\t\t\t\t\t<\/div>\n\t\t\t\t<\/div>\n\t\t\t\t<\/div>\n\t\t\t\t<\/div>\n\t\t\t\t\t<\/div>\n\t\t\t\t<\/div>\n\t\t\t\t<\/div>\n\t\t","protected":false},"excerpt":{"rendered":"<p>Initiatives de la base Taxis et v\u00e9hicules accessibles \u00e0 louer Il est de plus en plus difficile d&rsquo;acc\u00e9der aux transports accessibles \u00e0 la demande dans la r\u00e9gion du Grand Toronto. Avant la pand\u00e9mie, les services de location de v\u00e9hicules semblaient prometteurs pour la communaut\u00e9 des personnes handicap\u00e9es, les v\u00e9hicules accessibles en fauteuil roulant \u00e9tant disponibles [&hellip;]<\/p>\n","protected":false},"author":26,"featured_media":0,"parent":21926,"menu_order":0,"comment_status":"closed","ping_status":"closed","template":"elementor_header_footer","meta":{"_acf_changed":false,"footnotes":"","_links_to":"","_links_to_target":""},"categories":[],"tags":[],"class_list":["post-22234","page","type-page","status-publish","hentry"],"acf":[],"yoast_head":"<!-- This site is optimized with the Yoast SEO Premium plugin v27.3 (Yoast SEO v27.3) - https:\/\/yoast.com\/product\/yoast-seo-premium-wordpress\/ -->\n<title>L\u00e9sions M\u00e9dullaires Ontario - D\u00e9fense des droits<\/title>\n<meta name=\"description\" content=\"Nous collaborons avec la ville de Toronto pour garantir l&#039;accessibilit\u00e9 totale des taxis et des services de location de v\u00e9hicules \u00e0 tous les r\u00e9sidents.\" \/>\n<meta name=\"robots\" content=\"index, follow, max-snippet:-1, max-image-preview:large, max-video-preview:-1\" \/>\n<link rel=\"canonical\" href=\"https:\/\/www.sciontario.org\/fr\/nos-initiatives\/taxis-et-vehicules-accessibles-a-louer\/\" \/>\n<meta property=\"og:locale\" content=\"fr_FR\" \/>\n<meta property=\"og:type\" content=\"article\" \/>\n<meta property=\"og:title\" content=\"Taxis et v\u00e9hicules accessibles \u00e0 louer\" \/>\n<meta property=\"og:description\" content=\"Nous collaborons avec la ville de Toronto pour garantir l&#039;accessibilit\u00e9 totale des taxis et des services de location de v\u00e9hicules \u00e0 tous les r\u00e9sidents.\" \/>\n<meta property=\"og:url\" content=\"https:\/\/www.sciontario.org\/fr\/nos-initiatives\/taxis-et-vehicules-accessibles-a-louer\/\" \/>\n<meta property=\"og:site_name\" content=\"Spinal Cord Injury Ontario | Supporting and advocating for and with people with a disability.\" \/>\n<meta property=\"article:publisher\" content=\"https:\/\/www.facebook.com\/pages\/Canadian-Paraplegic-Association-SCI-Ontario\/198786166801432\" \/>\n<meta property=\"article:modified_time\" content=\"2024-08-13T15:50:32+00:00\" \/>\n<meta name=\"twitter:card\" content=\"summary_large_image\" \/>\n<meta name=\"twitter:site\" content=\"@sci_ontario\" \/>\n<meta name=\"twitter:label1\" content=\"Dur\u00e9e de lecture estim\u00e9e\" \/>\n\t<meta name=\"twitter:data1\" content=\"1 minute\" \/>\n<script type=\"application\/ld+json\" class=\"yoast-schema-graph\">{\"@context\":\"https:\\\/\\\/schema.org\",\"@graph\":[{\"@type\":\"WebPage\",\"@id\":\"https:\\\/\\\/www.sciontario.org\\\/fr\\\/nos-initiatives\\\/taxis-et-vehicules-accessibles-a-louer\\\/\",\"url\":\"https:\\\/\\\/www.sciontario.org\\\/fr\\\/nos-initiatives\\\/taxis-et-vehicules-accessibles-a-louer\\\/\",\"name\":\"L\u00e9sions M\u00e9dullaires Ontario - D\u00e9fense des droits\",\"isPartOf\":{\"@id\":\"https:\\\/\\\/www.sciontario.org\\\/fr\\\/#website\"},\"datePublished\":\"2024-02-27T12:40:21+00:00\",\"dateModified\":\"2024-08-13T15:50:32+00:00\",\"description\":\"Nous collaborons avec la ville de Toronto pour garantir l'accessibilit\u00e9 totale des taxis et des services de location de v\u00e9hicules \u00e0 tous les r\u00e9sidents.\",\"breadcrumb\":{\"@id\":\"https:\\\/\\\/www.sciontario.org\\\/fr\\\/nos-initiatives\\\/taxis-et-vehicules-accessibles-a-louer\\\/#breadcrumb\"},\"inLanguage\":\"fr-FR\",\"potentialAction\":[{\"@type\":\"ReadAction\",\"target\":[\"https:\\\/\\\/www.sciontario.org\\\/fr\\\/nos-initiatives\\\/taxis-et-vehicules-accessibles-a-louer\\\/\"]}]},{\"@type\":\"BreadcrumbList\",\"@id\":\"https:\\\/\\\/www.sciontario.org\\\/fr\\\/nos-initiatives\\\/taxis-et-vehicules-accessibles-a-louer\\\/#breadcrumb\",\"itemListElement\":[{\"@type\":\"ListItem\",\"position\":1,\"name\":\"Home\",\"item\":\"https:\\\/\\\/www.sciontario.org\\\/fr\\\/\"},{\"@type\":\"ListItem\",\"position\":2,\"name\":\"Plaidoyer &#8211; Nos initiatives\",\"item\":\"https:\\\/\\\/www.sciontario.org\\\/fr\\\/nos-initiatives\\\/\"},{\"@type\":\"ListItem\",\"position\":3,\"name\":\"Taxis et v\u00e9hicules accessibles \u00e0 louer\"}]},{\"@type\":\"WebSite\",\"@id\":\"https:\\\/\\\/www.sciontario.org\\\/fr\\\/#website\",\"url\":\"https:\\\/\\\/www.sciontario.org\\\/fr\\\/\",\"name\":\"Spinal Cord Injury Ontario | Supporting and advocating for and with people with a disability.\",\"description\":\"We serve, support and advocate for and with people with a disability in Ontario.\",\"publisher\":{\"@id\":\"https:\\\/\\\/www.sciontario.org\\\/fr\\\/#organization\"},\"potentialAction\":[{\"@type\":\"SearchAction\",\"target\":{\"@type\":\"EntryPoint\",\"urlTemplate\":\"https:\\\/\\\/www.sciontario.org\\\/fr\\\/?s={search_term_string}\"},\"query-input\":{\"@type\":\"PropertyValueSpecification\",\"valueRequired\":true,\"valueName\":\"search_term_string\"}}],\"inLanguage\":\"fr-FR\"},{\"@type\":\"Organization\",\"@id\":\"https:\\\/\\\/www.sciontario.org\\\/fr\\\/#organization\",\"name\":\"Spinal Cord Injury Ontario\",\"url\":\"https:\\\/\\\/www.sciontario.org\\\/fr\\\/\",\"logo\":{\"@type\":\"ImageObject\",\"inLanguage\":\"fr-FR\",\"@id\":\"https:\\\/\\\/www.sciontario.org\\\/fr\\\/#\\\/schema\\\/logo\\\/image\\\/\",\"url\":\"https:\\\/\\\/www.sciontario.org\\\/wp-content\\\/uploads\\\/SCIO_EN_FR_STD_HORIZ_CMYK.png\",\"contentUrl\":\"https:\\\/\\\/www.sciontario.org\\\/wp-content\\\/uploads\\\/SCIO_EN_FR_STD_HORIZ_CMYK.png\",\"width\":600,\"height\":160,\"caption\":\"Spinal Cord Injury Ontario\"},\"image\":{\"@id\":\"https:\\\/\\\/www.sciontario.org\\\/fr\\\/#\\\/schema\\\/logo\\\/image\\\/\"},\"sameAs\":[\"https:\\\/\\\/www.facebook.com\\\/pages\\\/Canadian-Paraplegic-Association-SCI-Ontario\\\/198786166801432\",\"https:\\\/\\\/x.com\\\/sci_ontario\",\"https:\\\/\\\/www.instagram.com\\\/sci_ontario\",\"https:\\\/\\\/ca.linkedin.com\\\/company\\\/spinal-cord-injury-ontario\"]}]}<\/script>\n<!-- \/ Yoast SEO Premium plugin. -->","yoast_head_json":{"title":"L\u00e9sions M\u00e9dullaires Ontario - D\u00e9fense des droits","description":"Nous collaborons avec la ville de Toronto pour garantir l'accessibilit\u00e9 totale des taxis et des services de location de v\u00e9hicules \u00e0 tous les r\u00e9sidents.","robots":{"index":"index","follow":"follow","max-snippet":"max-snippet:-1","max-image-preview":"max-image-preview:large","max-video-preview":"max-video-preview:-1"},"canonical":"https:\/\/www.sciontario.org\/fr\/nos-initiatives\/taxis-et-vehicules-accessibles-a-louer\/","og_locale":"fr_FR","og_type":"article","og_title":"Taxis et v\u00e9hicules accessibles \u00e0 louer","og_description":"Nous collaborons avec la ville de Toronto pour garantir l'accessibilit\u00e9 totale des taxis et des services de location de v\u00e9hicules \u00e0 tous les r\u00e9sidents.","og_url":"https:\/\/www.sciontario.org\/fr\/nos-initiatives\/taxis-et-vehicules-accessibles-a-louer\/","og_site_name":"Spinal Cord Injury Ontario | Supporting and advocating for and with people with a disability.","article_publisher":"https:\/\/www.facebook.com\/pages\/Canadian-Paraplegic-Association-SCI-Ontario\/198786166801432","article_modified_time":"2024-08-13T15:50:32+00:00","twitter_card":"summary_large_image","twitter_site":"@sci_ontario","twitter_misc":{"Dur\u00e9e de lecture estim\u00e9e":"1 minute"},"schema":{"@context":"https:\/\/schema.org","@graph":[{"@type":"WebPage","@id":"https:\/\/www.sciontario.org\/fr\/nos-initiatives\/taxis-et-vehicules-accessibles-a-louer\/","url":"https:\/\/www.sciontario.org\/fr\/nos-initiatives\/taxis-et-vehicules-accessibles-a-louer\/","name":"L\u00e9sions M\u00e9dullaires Ontario - D\u00e9fense des droits","isPartOf":{"@id":"https:\/\/www.sciontario.org\/fr\/#website"},"datePublished":"2024-02-27T12:40:21+00:00","dateModified":"2024-08-13T15:50:32+00:00","description":"Nous collaborons avec la ville de Toronto pour garantir l'accessibilit\u00e9 totale des taxis et des services de location de v\u00e9hicules \u00e0 tous les r\u00e9sidents.","breadcrumb":{"@id":"https:\/\/www.sciontario.org\/fr\/nos-initiatives\/taxis-et-vehicules-accessibles-a-louer\/#breadcrumb"},"inLanguage":"fr-FR","potentialAction":[{"@type":"ReadAction","target":["https:\/\/www.sciontario.org\/fr\/nos-initiatives\/taxis-et-vehicules-accessibles-a-louer\/"]}]},{"@type":"BreadcrumbList","@id":"https:\/\/www.sciontario.org\/fr\/nos-initiatives\/taxis-et-vehicules-accessibles-a-louer\/#breadcrumb","itemListElement":[{"@type":"ListItem","position":1,"name":"Home","item":"https:\/\/www.sciontario.org\/fr\/"},{"@type":"ListItem","position":2,"name":"Plaidoyer &#8211; Nos initiatives","item":"https:\/\/www.sciontario.org\/fr\/nos-initiatives\/"},{"@type":"ListItem","position":3,"name":"Taxis et v\u00e9hicules accessibles \u00e0 louer"}]},{"@type":"WebSite","@id":"https:\/\/www.sciontario.org\/fr\/#website","url":"https:\/\/www.sciontario.org\/fr\/","name":"Spinal Cord Injury Ontario | Supporting and advocating for and with people with a disability.","description":"We serve, support and advocate for and with people with a disability in Ontario.","publisher":{"@id":"https:\/\/www.sciontario.org\/fr\/#organization"},"potentialAction":[{"@type":"SearchAction","target":{"@type":"EntryPoint","urlTemplate":"https:\/\/www.sciontario.org\/fr\/?s={search_term_string}"},"query-input":{"@type":"PropertyValueSpecification","valueRequired":true,"valueName":"search_term_string"}}],"inLanguage":"fr-FR"},{"@type":"Organization","@id":"https:\/\/www.sciontario.org\/fr\/#organization","name":"Spinal Cord Injury Ontario","url":"https:\/\/www.sciontario.org\/fr\/","logo":{"@type":"ImageObject","inLanguage":"fr-FR","@id":"https:\/\/www.sciontario.org\/fr\/#\/schema\/logo\/image\/","url":"https:\/\/www.sciontario.org\/wp-content\/uploads\/SCIO_EN_FR_STD_HORIZ_CMYK.png","contentUrl":"https:\/\/www.sciontario.org\/wp-content\/uploads\/SCIO_EN_FR_STD_HORIZ_CMYK.png","width":600,"height":160,"caption":"Spinal Cord Injury Ontario"},"image":{"@id":"https:\/\/www.sciontario.org\/fr\/#\/schema\/logo\/image\/"},"sameAs":["https:\/\/www.facebook.com\/pages\/Canadian-Paraplegic-Association-SCI-Ontario\/198786166801432","https:\/\/x.com\/sci_ontario","https:\/\/www.instagram.com\/sci_ontario","https:\/\/ca.linkedin.com\/company\/spinal-cord-injury-ontario"]}]}},"publishpress_future_action":{"enabled":false,"date":"2026-04-25 11:19:18","action":"change-status","newStatus":"draft","terms":[],"taxonomy":"category","extraData":[]},"publishpress_future_workflow_manual_trigger":{"enabledWorkflows":[]},"_links":{"self":[{"href":"https:\/\/www.sciontario.org\/fr\/wp-json\/wp\/v2\/pages\/22234","targetHints":{"allow":["GET"]}}],"collection":[{"href":"https:\/\/www.sciontario.org\/fr\/wp-json\/wp\/v2\/pages"}],"about":[{"href":"https:\/\/www.sciontario.org\/fr\/wp-json\/wp\/v2\/types\/page"}],"author":[{"embeddable":true,"href":"https:\/\/www.sciontario.org\/fr\/wp-json\/wp\/v2\/users\/26"}],"replies":[{"embeddable":true,"href":"https:\/\/www.sciontario.org\/fr\/wp-json\/wp\/v2\/comments?post=22234"}],"version-history":[{"count":0,"href":"https:\/\/www.sciontario.org\/fr\/wp-json\/wp\/v2\/pages\/22234\/revisions"}],"up":[{"embeddable":true,"href":"https:\/\/www.sciontario.org\/fr\/wp-json\/wp\/v2\/pages\/21926"}],"wp:attachment":[{"href":"https:\/\/www.sciontario.org\/fr\/wp-json\/wp\/v2\/media?parent=22234"}],"wp:term":[{"taxonomy":"category","embeddable":true,"href":"https:\/\/www.sciontario.org\/fr\/wp-json\/wp\/v2\/categories?post=22234"},{"taxonomy":"post_tag","embeddable":true,"href":"https:\/\/www.sciontario.org\/fr\/wp-json\/wp\/v2\/tags?post=22234"}],"curies":[{"name":"wp","href":"https:\/\/api.w.org\/{rel}","templated":true}]}}