{"id":22232,"date":"2024-02-27T07:58:50","date_gmt":"2024-02-27T12:58:50","guid":{"rendered":"http:\/\/www.sciontario.org\/nos-initiatives\/coalition-pour-les-trottinettes-electriques\/"},"modified":"2024-08-13T07:11:44","modified_gmt":"2024-08-13T11:11:44","slug":"coalition-pour-les-trottinettes-electriques","status":"publish","type":"page","link":"https:\/\/www.sciontario.org\/fr\/nos-initiatives\/coalition-pour-les-trottinettes-electriques\/","title":{"rendered":"Coalition pour les trottinettes \u00e9lectriques"},"content":{"rendered":"\t\t<div data-elementor-type=\"wp-page\" data-elementor-id=\"22232\" class=\"elementor elementor-22232 elementor-19843\" wpc-filter-elementor-widget=\"1\" data-elementor-post-type=\"page\">\n\t\t\t\t<div class=\"elementor-element elementor-element-3c5902e3 e-flex e-con-boxed e-con e-parent\" data-id=\"3c5902e3\" data-element_type=\"container\" data-e-type=\"container\" data-settings=\"{&quot;background_background&quot;:&quot;classic&quot;}\">\n\t\t\t\t\t<div class=\"e-con-inner\">\n\t\t<div class=\"elementor-element elementor-element-17c39069 e-con-full e-flex e-con e-child\" data-id=\"17c39069\" data-element_type=\"container\" data-e-type=\"container\">\n\t\t\t\t<div class=\"elementor-element elementor-element-46093889 elementor-widget elementor-widget-heading\" data-id=\"46093889\" data-element_type=\"widget\" data-e-type=\"widget\" data-widget_type=\"heading.default\">\n\t\t\t\t<div class=\"elementor-widget-container\">\n\t\t\t\t\t<p class=\"elementor-heading-title elementor-size-default\"><a href=\"https:\/\/sciontario.org\/fr\/nos-initiatives\/\">Initiatives de la base<\/a><\/p>\t\t\t\t<\/div>\n\t\t\t\t<\/div>\n\t\t\t\t<div class=\"elementor-element elementor-element-210a15ad elementor-widget elementor-widget-heading\" data-id=\"210a15ad\" data-element_type=\"widget\" data-e-type=\"widget\" data-widget_type=\"heading.default\">\n\t\t\t\t<div class=\"elementor-widget-container\">\n\t\t\t\t\t<h1 class=\"elementor-heading-title elementor-size-default\">Coalition pour les trottinettes \u00e9lectriques<\/h1>\t\t\t\t<\/div>\n\t\t\t\t<\/div>\n\t\t\t\t<\/div>\n\t\t<div class=\"elementor-element elementor-element-1969f1c6 e-con-full elementor-hidden-mobile e-flex e-con e-child\" data-id=\"1969f1c6\" data-element_type=\"container\" data-e-type=\"container\">\n\t\t\t\t<\/div>\n\t\t\t\t\t<\/div>\n\t\t\t\t<\/div>\n\t\t<div class=\"elementor-element elementor-element-17dd98fc e-flex e-con-boxed e-con e-parent\" data-id=\"17dd98fc\" data-element_type=\"container\" data-e-type=\"container\" data-settings=\"{&quot;background_background&quot;:&quot;classic&quot;}\">\n\t\t\t\t\t<div class=\"e-con-inner\">\n\t\t<div class=\"elementor-element elementor-element-3105eafa e-con-full e-flex e-con e-child\" data-id=\"3105eafa\" data-element_type=\"container\" data-e-type=\"container\">\n\t\t\t\t<div class=\"elementor-element elementor-element-5e364096 text-with-list elementor-widget elementor-widget-text-editor\" data-id=\"5e364096\" data-element_type=\"widget\" data-e-type=\"widget\" data-widget_type=\"text-editor.default\">\n\t\t\t\t<div class=\"elementor-widget-container\">\n\t\t\t\t\t\t\t\t\t<p>LMO fait partie de la Coalition pour les trottinettes \u00e9lectriques, dirig\u00e9e par l&rsquo;INCA, qui vise \u00e0 interdire les trottinettes \u00e9lectriques \u00e0 Toronto. Lestrottinettes \u00e9lectriques sont connus pour causer des blessures aux pi\u00e9tons dans les villes o\u00f9 leur utilisation a \u00e9t\u00e9 autoris\u00e9e, et ils pr\u00e9sentent des risques suppl\u00e9mentaires pour les personnes handicap\u00e9es, y compris celles qui souffrent d&rsquo;une perte de vision et celles qui utilisent des dispositifs de mobilit\u00e9 pour se d\u00e9placer dans les rues. <\/p>\n<p>La coalition se r\u00e9unit tous les mois et coordonne des r\u00e9unions avec le conseil municipal afin d&rsquo;aborder les risques li\u00e9s aux trottinettes \u00e9lectriques.<\/p>\n<p>Nous informerons notre communaut\u00e9 des mises \u00e0 jour importantes concernant cette initiative et nous vous encourageons \u00e0 la suivre de pr\u00e8s sur le <a href=\"https:\/\/www.aodaalliance.org\/e-scooters\/\" target=\"_blank\" rel=\"noopener\">site de l&rsquo;Alliance AODA (Accessibility for Ontarians with Disabilities Act).<\/a><\/p>\t\t\t\t\t\t\t\t<\/div>\n\t\t\t\t<\/div>\n\t\t\t\t<\/div>\n\t\t<div class=\"elementor-element elementor-element-31cfdac5 e-con-full e-flex e-con e-child\" data-id=\"31cfdac5\" data-element_type=\"container\" data-e-type=\"container\">\n\t\t<div class=\"elementor-element elementor-element-62a61622 e-con-full e-flex e-con e-child\" data-id=\"62a61622\" data-element_type=\"container\" data-e-type=\"container\" data-settings=\"{&quot;background_background&quot;:&quot;classic&quot;}\">\n\t\t\t\t<div class=\"elementor-element elementor-element-5c65fa7e elementor-widget elementor-widget-spacer\" data-id=\"5c65fa7e\" data-element_type=\"widget\" data-e-type=\"widget\" data-widget_type=\"spacer.default\">\n\t\t\t\t<div class=\"elementor-widget-container\">\n\t\t\t\t\t\t\t<div class=\"elementor-spacer\">\n\t\t\t<div class=\"elementor-spacer-inner\"><\/div>\n\t\t<\/div>\n\t\t\t\t\t\t<\/div>\n\t\t\t\t<\/div>\n\t\t\t\t<\/div>\n\t\t\t\t<\/div>\n\t\t\t\t\t<\/div>\n\t\t\t\t<\/div>\n\t\t\t\t<\/div>\n\t\t","protected":false},"excerpt":{"rendered":"<p>Initiatives de la base Coalition pour les trottinettes \u00e9lectriques LMO fait partie de la Coalition pour les trottinettes \u00e9lectriques, dirig\u00e9e par l&rsquo;INCA, qui vise \u00e0 interdire les trottinettes \u00e9lectriques \u00e0 Toronto. Lestrottinettes \u00e9lectriques sont connus pour causer des blessures aux pi\u00e9tons dans les villes o\u00f9 leur utilisation a \u00e9t\u00e9 autoris\u00e9e, et ils pr\u00e9sentent des risques [&hellip;]<\/p>\n","protected":false},"author":26,"featured_media":0,"parent":21926,"menu_order":0,"comment_status":"closed","ping_status":"closed","template":"elementor_header_footer","meta":{"_acf_changed":false,"footnotes":"","_links_to":"","_links_to_target":""},"categories":[],"tags":[],"class_list":["post-22232","page","type-page","status-publish","hentry"],"acf":[],"yoast_head":"<!-- This site is optimized with the Yoast SEO Premium plugin v27.3 (Yoast SEO v27.3) - https:\/\/yoast.com\/product\/yoast-seo-premium-wordpress\/ -->\n<title>LMO - Coalition pour les trottinettes \u00e9lectriques<\/title>\n<meta name=\"description\" content=\"Les scooters \u00e9lectriques pr\u00e9sentent des risques importants pour les personnes handicap\u00e9es. LMO fait partie de la Coalition pour les trottinettes \u00e9lectriques, qui vise \u00e0 interdire leur utilisation \u00e0 Toronto.\" \/>\n<meta name=\"robots\" content=\"index, follow, max-snippet:-1, max-image-preview:large, max-video-preview:-1\" \/>\n<link rel=\"canonical\" href=\"https:\/\/www.sciontario.org\/fr\/nos-initiatives\/coalition-pour-les-trottinettes-electriques\/\" \/>\n<meta property=\"og:locale\" content=\"fr_FR\" \/>\n<meta property=\"og:type\" content=\"article\" \/>\n<meta property=\"og:title\" content=\"Coalition pour les trottinettes \u00e9lectriques\" \/>\n<meta property=\"og:description\" content=\"Les scooters \u00e9lectriques pr\u00e9sentent des risques importants pour les personnes handicap\u00e9es. LMO fait partie de la Coalition pour les trottinettes \u00e9lectriques, qui vise \u00e0 interdire leur utilisation \u00e0 Toronto.\" \/>\n<meta property=\"og:url\" content=\"https:\/\/www.sciontario.org\/fr\/nos-initiatives\/coalition-pour-les-trottinettes-electriques\/\" \/>\n<meta property=\"og:site_name\" content=\"Spinal Cord Injury Ontario | Supporting and advocating for and with people with a disability.\" \/>\n<meta property=\"article:publisher\" content=\"https:\/\/www.facebook.com\/pages\/Canadian-Paraplegic-Association-SCI-Ontario\/198786166801432\" \/>\n<meta property=\"article:modified_time\" content=\"2024-08-13T11:11:44+00:00\" \/>\n<meta name=\"twitter:card\" content=\"summary_large_image\" \/>\n<meta name=\"twitter:site\" content=\"@sci_ontario\" \/>\n<meta name=\"twitter:label1\" content=\"Dur\u00e9e de lecture estim\u00e9e\" \/>\n\t<meta name=\"twitter:data1\" content=\"1 minute\" \/>\n<script type=\"application\/ld+json\" class=\"yoast-schema-graph\">{\"@context\":\"https:\\\/\\\/schema.org\",\"@graph\":[{\"@type\":\"WebPage\",\"@id\":\"https:\\\/\\\/www.sciontario.org\\\/fr\\\/nos-initiatives\\\/coalition-pour-les-trottinettes-electriques\\\/\",\"url\":\"https:\\\/\\\/www.sciontario.org\\\/fr\\\/nos-initiatives\\\/coalition-pour-les-trottinettes-electriques\\\/\",\"name\":\"LMO - Coalition pour les trottinettes \u00e9lectriques\",\"isPartOf\":{\"@id\":\"https:\\\/\\\/www.sciontario.org\\\/fr\\\/#website\"},\"datePublished\":\"2024-02-27T12:58:50+00:00\",\"dateModified\":\"2024-08-13T11:11:44+00:00\",\"description\":\"Les scooters \u00e9lectriques pr\u00e9sentent des risques importants pour les personnes handicap\u00e9es. LMO fait partie de la Coalition pour les trottinettes \u00e9lectriques, qui vise \u00e0 interdire leur utilisation \u00e0 Toronto.\",\"breadcrumb\":{\"@id\":\"https:\\\/\\\/www.sciontario.org\\\/fr\\\/nos-initiatives\\\/coalition-pour-les-trottinettes-electriques\\\/#breadcrumb\"},\"inLanguage\":\"fr-FR\",\"potentialAction\":[{\"@type\":\"ReadAction\",\"target\":[\"https:\\\/\\\/www.sciontario.org\\\/fr\\\/nos-initiatives\\\/coalition-pour-les-trottinettes-electriques\\\/\"]}]},{\"@type\":\"BreadcrumbList\",\"@id\":\"https:\\\/\\\/www.sciontario.org\\\/fr\\\/nos-initiatives\\\/coalition-pour-les-trottinettes-electriques\\\/#breadcrumb\",\"itemListElement\":[{\"@type\":\"ListItem\",\"position\":1,\"name\":\"Home\",\"item\":\"https:\\\/\\\/www.sciontario.org\\\/fr\\\/\"},{\"@type\":\"ListItem\",\"position\":2,\"name\":\"Plaidoyer &#8211; Nos initiatives\",\"item\":\"https:\\\/\\\/www.sciontario.org\\\/fr\\\/nos-initiatives\\\/\"},{\"@type\":\"ListItem\",\"position\":3,\"name\":\"Coalition pour les trottinettes \u00e9lectriques\"}]},{\"@type\":\"WebSite\",\"@id\":\"https:\\\/\\\/www.sciontario.org\\\/fr\\\/#website\",\"url\":\"https:\\\/\\\/www.sciontario.org\\\/fr\\\/\",\"name\":\"Spinal Cord Injury Ontario | Supporting and advocating for and with people with a disability.\",\"description\":\"We serve, support and advocate for and with people with a disability in Ontario.\",\"publisher\":{\"@id\":\"https:\\\/\\\/www.sciontario.org\\\/fr\\\/#organization\"},\"potentialAction\":[{\"@type\":\"SearchAction\",\"target\":{\"@type\":\"EntryPoint\",\"urlTemplate\":\"https:\\\/\\\/www.sciontario.org\\\/fr\\\/?s={search_term_string}\"},\"query-input\":{\"@type\":\"PropertyValueSpecification\",\"valueRequired\":true,\"valueName\":\"search_term_string\"}}],\"inLanguage\":\"fr-FR\"},{\"@type\":\"Organization\",\"@id\":\"https:\\\/\\\/www.sciontario.org\\\/fr\\\/#organization\",\"name\":\"Spinal Cord Injury Ontario\",\"url\":\"https:\\\/\\\/www.sciontario.org\\\/fr\\\/\",\"logo\":{\"@type\":\"ImageObject\",\"inLanguage\":\"fr-FR\",\"@id\":\"https:\\\/\\\/www.sciontario.org\\\/fr\\\/#\\\/schema\\\/logo\\\/image\\\/\",\"url\":\"https:\\\/\\\/www.sciontario.org\\\/wp-content\\\/uploads\\\/SCIO_EN_FR_STD_HORIZ_CMYK.png\",\"contentUrl\":\"https:\\\/\\\/www.sciontario.org\\\/wp-content\\\/uploads\\\/SCIO_EN_FR_STD_HORIZ_CMYK.png\",\"width\":600,\"height\":160,\"caption\":\"Spinal Cord Injury Ontario\"},\"image\":{\"@id\":\"https:\\\/\\\/www.sciontario.org\\\/fr\\\/#\\\/schema\\\/logo\\\/image\\\/\"},\"sameAs\":[\"https:\\\/\\\/www.facebook.com\\\/pages\\\/Canadian-Paraplegic-Association-SCI-Ontario\\\/198786166801432\",\"https:\\\/\\\/x.com\\\/sci_ontario\",\"https:\\\/\\\/www.instagram.com\\\/sci_ontario\",\"https:\\\/\\\/ca.linkedin.com\\\/company\\\/spinal-cord-injury-ontario\"]}]}<\/script>\n<!-- \/ Yoast SEO Premium plugin. -->","yoast_head_json":{"title":"LMO - Coalition pour les trottinettes \u00e9lectriques","description":"Les scooters \u00e9lectriques pr\u00e9sentent des risques importants pour les personnes handicap\u00e9es. LMO fait partie de la Coalition pour les trottinettes \u00e9lectriques, qui vise \u00e0 interdire leur utilisation \u00e0 Toronto.","robots":{"index":"index","follow":"follow","max-snippet":"max-snippet:-1","max-image-preview":"max-image-preview:large","max-video-preview":"max-video-preview:-1"},"canonical":"https:\/\/www.sciontario.org\/fr\/nos-initiatives\/coalition-pour-les-trottinettes-electriques\/","og_locale":"fr_FR","og_type":"article","og_title":"Coalition pour les trottinettes \u00e9lectriques","og_description":"Les scooters \u00e9lectriques pr\u00e9sentent des risques importants pour les personnes handicap\u00e9es. LMO fait partie de la Coalition pour les trottinettes \u00e9lectriques, qui vise \u00e0 interdire leur utilisation \u00e0 Toronto.","og_url":"https:\/\/www.sciontario.org\/fr\/nos-initiatives\/coalition-pour-les-trottinettes-electriques\/","og_site_name":"Spinal Cord Injury Ontario | Supporting and advocating for and with people with a disability.","article_publisher":"https:\/\/www.facebook.com\/pages\/Canadian-Paraplegic-Association-SCI-Ontario\/198786166801432","article_modified_time":"2024-08-13T11:11:44+00:00","twitter_card":"summary_large_image","twitter_site":"@sci_ontario","twitter_misc":{"Dur\u00e9e de lecture estim\u00e9e":"1 minute"},"schema":{"@context":"https:\/\/schema.org","@graph":[{"@type":"WebPage","@id":"https:\/\/www.sciontario.org\/fr\/nos-initiatives\/coalition-pour-les-trottinettes-electriques\/","url":"https:\/\/www.sciontario.org\/fr\/nos-initiatives\/coalition-pour-les-trottinettes-electriques\/","name":"LMO - Coalition pour les trottinettes \u00e9lectriques","isPartOf":{"@id":"https:\/\/www.sciontario.org\/fr\/#website"},"datePublished":"2024-02-27T12:58:50+00:00","dateModified":"2024-08-13T11:11:44+00:00","description":"Les scooters \u00e9lectriques pr\u00e9sentent des risques importants pour les personnes handicap\u00e9es. LMO fait partie de la Coalition pour les trottinettes \u00e9lectriques, qui vise \u00e0 interdire leur utilisation \u00e0 Toronto.","breadcrumb":{"@id":"https:\/\/www.sciontario.org\/fr\/nos-initiatives\/coalition-pour-les-trottinettes-electriques\/#breadcrumb"},"inLanguage":"fr-FR","potentialAction":[{"@type":"ReadAction","target":["https:\/\/www.sciontario.org\/fr\/nos-initiatives\/coalition-pour-les-trottinettes-electriques\/"]}]},{"@type":"BreadcrumbList","@id":"https:\/\/www.sciontario.org\/fr\/nos-initiatives\/coalition-pour-les-trottinettes-electriques\/#breadcrumb","itemListElement":[{"@type":"ListItem","position":1,"name":"Home","item":"https:\/\/www.sciontario.org\/fr\/"},{"@type":"ListItem","position":2,"name":"Plaidoyer &#8211; Nos initiatives","item":"https:\/\/www.sciontario.org\/fr\/nos-initiatives\/"},{"@type":"ListItem","position":3,"name":"Coalition pour les trottinettes \u00e9lectriques"}]},{"@type":"WebSite","@id":"https:\/\/www.sciontario.org\/fr\/#website","url":"https:\/\/www.sciontario.org\/fr\/","name":"Spinal Cord Injury Ontario | Supporting and advocating for and with people with a disability.","description":"We serve, support and advocate for and with people with a disability in Ontario.","publisher":{"@id":"https:\/\/www.sciontario.org\/fr\/#organization"},"potentialAction":[{"@type":"SearchAction","target":{"@type":"EntryPoint","urlTemplate":"https:\/\/www.sciontario.org\/fr\/?s={search_term_string}"},"query-input":{"@type":"PropertyValueSpecification","valueRequired":true,"valueName":"search_term_string"}}],"inLanguage":"fr-FR"},{"@type":"Organization","@id":"https:\/\/www.sciontario.org\/fr\/#organization","name":"Spinal Cord Injury Ontario","url":"https:\/\/www.sciontario.org\/fr\/","logo":{"@type":"ImageObject","inLanguage":"fr-FR","@id":"https:\/\/www.sciontario.org\/fr\/#\/schema\/logo\/image\/","url":"https:\/\/www.sciontario.org\/wp-content\/uploads\/SCIO_EN_FR_STD_HORIZ_CMYK.png","contentUrl":"https:\/\/www.sciontario.org\/wp-content\/uploads\/SCIO_EN_FR_STD_HORIZ_CMYK.png","width":600,"height":160,"caption":"Spinal Cord Injury Ontario"},"image":{"@id":"https:\/\/www.sciontario.org\/fr\/#\/schema\/logo\/image\/"},"sameAs":["https:\/\/www.facebook.com\/pages\/Canadian-Paraplegic-Association-SCI-Ontario\/198786166801432","https:\/\/x.com\/sci_ontario","https:\/\/www.instagram.com\/sci_ontario","https:\/\/ca.linkedin.com\/company\/spinal-cord-injury-ontario"]}]}},"publishpress_future_action":{"enabled":false,"date":"2026-04-16 05:20:31","action":"change-status","newStatus":"draft","terms":[],"taxonomy":"category","extraData":[]},"publishpress_future_workflow_manual_trigger":{"enabledWorkflows":[]},"_links":{"self":[{"href":"https:\/\/www.sciontario.org\/fr\/wp-json\/wp\/v2\/pages\/22232","targetHints":{"allow":["GET"]}}],"collection":[{"href":"https:\/\/www.sciontario.org\/fr\/wp-json\/wp\/v2\/pages"}],"about":[{"href":"https:\/\/www.sciontario.org\/fr\/wp-json\/wp\/v2\/types\/page"}],"author":[{"embeddable":true,"href":"https:\/\/www.sciontario.org\/fr\/wp-json\/wp\/v2\/users\/26"}],"replies":[{"embeddable":true,"href":"https:\/\/www.sciontario.org\/fr\/wp-json\/wp\/v2\/comments?post=22232"}],"version-history":[{"count":0,"href":"https:\/\/www.sciontario.org\/fr\/wp-json\/wp\/v2\/pages\/22232\/revisions"}],"up":[{"embeddable":true,"href":"https:\/\/www.sciontario.org\/fr\/wp-json\/wp\/v2\/pages\/21926"}],"wp:attachment":[{"href":"https:\/\/www.sciontario.org\/fr\/wp-json\/wp\/v2\/media?parent=22232"}],"wp:term":[{"taxonomy":"category","embeddable":true,"href":"https:\/\/www.sciontario.org\/fr\/wp-json\/wp\/v2\/categories?post=22232"},{"taxonomy":"post_tag","embeddable":true,"href":"https:\/\/www.sciontario.org\/fr\/wp-json\/wp\/v2\/tags?post=22232"}],"curies":[{"name":"wp","href":"https:\/\/api.w.org\/{rel}","templated":true}]}}