{"id":22229,"date":"2024-02-27T08:24:04","date_gmt":"2024-02-27T13:24:04","guid":{"rendered":"http:\/\/www.sciontario.org\/nos-initiatives\/voyages-aeriens-accessibles\/"},"modified":"2024-08-13T06:07:49","modified_gmt":"2024-08-13T10:07:49","slug":"voyages-aeriens-accessibles","status":"publish","type":"page","link":"https:\/\/www.sciontario.org\/fr\/nos-initiatives\/voyages-aeriens-accessibles\/","title":{"rendered":"Voyages a\u00e9riens accessibles"},"content":{"rendered":"\t\t<div data-elementor-type=\"wp-page\" data-elementor-id=\"22229\" class=\"elementor elementor-22229 elementor-19852\" wpc-filter-elementor-widget=\"1\" data-elementor-post-type=\"page\">\n\t\t\t\t<div class=\"elementor-element elementor-element-3c5902e3 e-flex e-con-boxed e-con e-parent\" data-id=\"3c5902e3\" data-element_type=\"container\" data-e-type=\"container\" data-settings=\"{&quot;background_background&quot;:&quot;classic&quot;}\">\n\t\t\t\t\t<div class=\"e-con-inner\">\n\t\t<div class=\"elementor-element elementor-element-17c39069 e-con-full e-flex e-con e-child\" data-id=\"17c39069\" data-element_type=\"container\" data-e-type=\"container\">\n\t\t\t\t<div class=\"elementor-element elementor-element-46093889 elementor-widget elementor-widget-heading\" data-id=\"46093889\" data-element_type=\"widget\" data-e-type=\"widget\" data-widget_type=\"heading.default\">\n\t\t\t\t<div class=\"elementor-widget-container\">\n\t\t\t\t\t<p class=\"elementor-heading-title elementor-size-default\"><a href=\"https:\/\/sciontario.org\/fr\/nos-initiatives\/\">Initiatives de la base<\/a><\/p>\t\t\t\t<\/div>\n\t\t\t\t<\/div>\n\t\t\t\t<div class=\"elementor-element elementor-element-210a15ad elementor-widget elementor-widget-heading\" data-id=\"210a15ad\" data-element_type=\"widget\" data-e-type=\"widget\" data-widget_type=\"heading.default\">\n\t\t\t\t<div class=\"elementor-widget-container\">\n\t\t\t\t\t<h1 class=\"elementor-heading-title elementor-size-default\">Voyages a\u00e9riens accessibles<\/h1>\t\t\t\t<\/div>\n\t\t\t\t<\/div>\n\t\t\t\t<\/div>\n\t\t<div class=\"elementor-element elementor-element-1969f1c6 e-con-full elementor-hidden-mobile e-flex e-con e-child\" data-id=\"1969f1c6\" data-element_type=\"container\" data-e-type=\"container\">\n\t\t\t\t<\/div>\n\t\t\t\t\t<\/div>\n\t\t\t\t<\/div>\n\t\t<div class=\"elementor-element elementor-element-17dd98fc e-flex e-con-boxed e-con e-parent\" data-id=\"17dd98fc\" data-element_type=\"container\" data-e-type=\"container\" data-settings=\"{&quot;background_background&quot;:&quot;classic&quot;}\">\n\t\t\t\t\t<div class=\"e-con-inner\">\n\t\t<div class=\"elementor-element elementor-element-3105eafa e-con-full e-flex e-con e-child\" data-id=\"3105eafa\" data-element_type=\"container\" data-e-type=\"container\">\n\t\t\t\t<div class=\"elementor-element elementor-element-5e364096 text-with-list elementor-widget elementor-widget-text-editor\" data-id=\"5e364096\" data-element_type=\"widget\" data-e-type=\"widget\" data-widget_type=\"text-editor.default\">\n\t\t\t\t<div class=\"elementor-widget-container\">\n\t\t\t\t\t\t\t\t\t<p>Les voyages a\u00e9riens pour les personnes handicap\u00e9es ont pos\u00e9 de nombreux probl\u00e8mes ces derni\u00e8res ann\u00e9es, qu&rsquo;il s&rsquo;agisse de l&rsquo;insuffisance des \u00e9quipements d&rsquo;aide \u00e0 l&#8217;embarquement ou de la mauvaise manipulation des dispositifs d&rsquo;assistance personnelle, comme les fauteuils roulants co\u00fbteux qui ont \u00e9t\u00e9 gravement endommag\u00e9s.<\/p>\n<p>LMO, ainsi que l&rsquo;universit\u00e9 Simon Fraser, ont re\u00e7u une subvention de la Fondation Craig Neilsen pour aider \u00e0 \u00e9liminer les obstacles aux voyages a\u00e9riens pour les personnes atteintes d&rsquo;une l\u00e9sion m\u00e9dullaire et d&rsquo;autres handicaps.<\/p>\n<p>\u00c0 partir de mars 2024, nous travaillerons avec diverses compagnies a\u00e9riennes, des chercheurs et des personnes ayant une exp\u00e9rience v\u00e9cue afin d&rsquo;am\u00e9liorer le transport a\u00e9rien et de garantir un acc\u00e8s \u00e9quitable.<\/p>\n<p>Les membres de notre communaut\u00e9 nous ont racont\u00e9 de nombreuses histoires sur les d\u00e9fis pos\u00e9s par le transport a\u00e9rien. Si vous avez une histoire concernant ces d\u00e9fis, veuillez la partager avec nous \u00e0 l&rsquo;adresse <a href=\"mailto:advocacy@sciontario.org\">advocacy@sciontario.org<\/a> &#8211; il est important que nous nous unissions en tant que communaut\u00e9 pour am\u00e9liorer en profondeur l&rsquo;avenir d&rsquo;un transport a\u00e9rien \u00e9quitable. <\/p>\n<p><a href=\"https:\/\/sciontario.org\/life-with-a-mobility-disability\/travel\/\">Entre-temps, nous vous invitons \u00e0 visiter notre section \u00ab\u00a0Vivre avec un handicap moteur\u00a0\u00bb, qui contient des informations utiles et des conseils de voyage pour les personnes handicap\u00e9es<\/a>.<\/p>\t\t\t\t\t\t\t\t<\/div>\n\t\t\t\t<\/div>\n\t\t\t\t<\/div>\n\t\t<div class=\"elementor-element elementor-element-31cfdac5 e-con-full e-flex e-con e-child\" data-id=\"31cfdac5\" data-element_type=\"container\" data-e-type=\"container\">\n\t\t<div class=\"elementor-element elementor-element-62a61622 e-con-full e-flex e-con e-child\" data-id=\"62a61622\" data-element_type=\"container\" data-e-type=\"container\" data-settings=\"{&quot;background_background&quot;:&quot;classic&quot;}\">\n\t\t\t\t<div class=\"elementor-element elementor-element-5c65fa7e elementor-widget elementor-widget-spacer\" data-id=\"5c65fa7e\" data-element_type=\"widget\" data-e-type=\"widget\" data-widget_type=\"spacer.default\">\n\t\t\t\t<div class=\"elementor-widget-container\">\n\t\t\t\t\t\t\t<div class=\"elementor-spacer\">\n\t\t\t<div class=\"elementor-spacer-inner\"><\/div>\n\t\t<\/div>\n\t\t\t\t\t\t<\/div>\n\t\t\t\t<\/div>\n\t\t\t\t<\/div>\n\t\t\t\t<\/div>\n\t\t\t\t\t<\/div>\n\t\t\t\t<\/div>\n\t\t\t\t<\/div>\n\t\t","protected":false},"excerpt":{"rendered":"<p>Initiatives de la base Voyages a\u00e9riens accessibles Les voyages a\u00e9riens pour les personnes handicap\u00e9es ont pos\u00e9 de nombreux probl\u00e8mes ces derni\u00e8res ann\u00e9es, qu&rsquo;il s&rsquo;agisse de l&rsquo;insuffisance des \u00e9quipements d&rsquo;aide \u00e0 l&#8217;embarquement ou de la mauvaise manipulation des dispositifs d&rsquo;assistance personnelle, comme les fauteuils roulants co\u00fbteux qui ont \u00e9t\u00e9 gravement endommag\u00e9s. LMO, ainsi que l&rsquo;universit\u00e9 Simon [&hellip;]<\/p>\n","protected":false},"author":26,"featured_media":0,"parent":21926,"menu_order":0,"comment_status":"closed","ping_status":"closed","template":"elementor_header_footer","meta":{"_acf_changed":false,"footnotes":"","_links_to":"","_links_to_target":""},"categories":[],"tags":[],"class_list":["post-22229","page","type-page","status-publish","hentry"],"acf":[],"yoast_head":"<!-- This site is optimized with the Yoast SEO Premium plugin v27.3 (Yoast SEO v27.3) - https:\/\/yoast.com\/product\/yoast-seo-premium-wordpress\/ -->\n<title>L\u00e9sions M\u00e9dullaires Ontario | Voyages a\u00e9riens accessibles<\/title>\n<meta name=\"description\" content=\"Le LMO s&#039;efforce d&#039;am\u00e9liorer l&#039;accessibilit\u00e9 des personnes handicap\u00e9es aux transports a\u00e9riens en Ontario.\" \/>\n<meta name=\"robots\" content=\"index, follow, max-snippet:-1, max-image-preview:large, max-video-preview:-1\" \/>\n<link rel=\"canonical\" href=\"https:\/\/www.sciontario.org\/fr\/nos-initiatives\/voyages-aeriens-accessibles\/\" \/>\n<meta property=\"og:locale\" content=\"fr_FR\" \/>\n<meta property=\"og:type\" content=\"article\" \/>\n<meta property=\"og:title\" content=\"Voyages a\u00e9riens accessibles\" \/>\n<meta property=\"og:description\" content=\"Le LMO s&#039;efforce d&#039;am\u00e9liorer l&#039;accessibilit\u00e9 des personnes handicap\u00e9es aux transports a\u00e9riens en Ontario.\" \/>\n<meta property=\"og:url\" content=\"https:\/\/www.sciontario.org\/fr\/nos-initiatives\/voyages-aeriens-accessibles\/\" \/>\n<meta property=\"og:site_name\" content=\"Spinal Cord Injury Ontario | Supporting and advocating for and with people with a disability.\" \/>\n<meta property=\"article:publisher\" content=\"https:\/\/www.facebook.com\/pages\/Canadian-Paraplegic-Association-SCI-Ontario\/198786166801432\" \/>\n<meta property=\"article:modified_time\" content=\"2024-08-13T10:07:49+00:00\" \/>\n<meta name=\"twitter:card\" content=\"summary_large_image\" \/>\n<meta name=\"twitter:site\" content=\"@sci_ontario\" \/>\n<meta name=\"twitter:label1\" content=\"Dur\u00e9e de lecture estim\u00e9e\" \/>\n\t<meta name=\"twitter:data1\" content=\"1 minute\" \/>\n<script type=\"application\/ld+json\" class=\"yoast-schema-graph\">{\"@context\":\"https:\\\/\\\/schema.org\",\"@graph\":[{\"@type\":\"WebPage\",\"@id\":\"https:\\\/\\\/www.sciontario.org\\\/fr\\\/nos-initiatives\\\/voyages-aeriens-accessibles\\\/\",\"url\":\"https:\\\/\\\/www.sciontario.org\\\/fr\\\/nos-initiatives\\\/voyages-aeriens-accessibles\\\/\",\"name\":\"L\u00e9sions M\u00e9dullaires Ontario | Voyages a\u00e9riens accessibles\",\"isPartOf\":{\"@id\":\"https:\\\/\\\/www.sciontario.org\\\/fr\\\/#website\"},\"datePublished\":\"2024-02-27T13:24:04+00:00\",\"dateModified\":\"2024-08-13T10:07:49+00:00\",\"description\":\"Le LMO s'efforce d'am\u00e9liorer l'accessibilit\u00e9 des personnes handicap\u00e9es aux transports a\u00e9riens en Ontario.\",\"breadcrumb\":{\"@id\":\"https:\\\/\\\/www.sciontario.org\\\/fr\\\/nos-initiatives\\\/voyages-aeriens-accessibles\\\/#breadcrumb\"},\"inLanguage\":\"fr-FR\",\"potentialAction\":[{\"@type\":\"ReadAction\",\"target\":[\"https:\\\/\\\/www.sciontario.org\\\/fr\\\/nos-initiatives\\\/voyages-aeriens-accessibles\\\/\"]}]},{\"@type\":\"BreadcrumbList\",\"@id\":\"https:\\\/\\\/www.sciontario.org\\\/fr\\\/nos-initiatives\\\/voyages-aeriens-accessibles\\\/#breadcrumb\",\"itemListElement\":[{\"@type\":\"ListItem\",\"position\":1,\"name\":\"Home\",\"item\":\"https:\\\/\\\/www.sciontario.org\\\/fr\\\/\"},{\"@type\":\"ListItem\",\"position\":2,\"name\":\"Plaidoyer &#8211; Nos initiatives\",\"item\":\"https:\\\/\\\/www.sciontario.org\\\/fr\\\/nos-initiatives\\\/\"},{\"@type\":\"ListItem\",\"position\":3,\"name\":\"Voyages a\u00e9riens accessibles\"}]},{\"@type\":\"WebSite\",\"@id\":\"https:\\\/\\\/www.sciontario.org\\\/fr\\\/#website\",\"url\":\"https:\\\/\\\/www.sciontario.org\\\/fr\\\/\",\"name\":\"Spinal Cord Injury Ontario | Supporting and advocating for and with people with a disability.\",\"description\":\"We serve, support and advocate for and with people with a disability in Ontario.\",\"publisher\":{\"@id\":\"https:\\\/\\\/www.sciontario.org\\\/fr\\\/#organization\"},\"potentialAction\":[{\"@type\":\"SearchAction\",\"target\":{\"@type\":\"EntryPoint\",\"urlTemplate\":\"https:\\\/\\\/www.sciontario.org\\\/fr\\\/?s={search_term_string}\"},\"query-input\":{\"@type\":\"PropertyValueSpecification\",\"valueRequired\":true,\"valueName\":\"search_term_string\"}}],\"inLanguage\":\"fr-FR\"},{\"@type\":\"Organization\",\"@id\":\"https:\\\/\\\/www.sciontario.org\\\/fr\\\/#organization\",\"name\":\"Spinal Cord Injury Ontario\",\"url\":\"https:\\\/\\\/www.sciontario.org\\\/fr\\\/\",\"logo\":{\"@type\":\"ImageObject\",\"inLanguage\":\"fr-FR\",\"@id\":\"https:\\\/\\\/www.sciontario.org\\\/fr\\\/#\\\/schema\\\/logo\\\/image\\\/\",\"url\":\"https:\\\/\\\/www.sciontario.org\\\/wp-content\\\/uploads\\\/SCIO_EN_FR_STD_HORIZ_CMYK.png\",\"contentUrl\":\"https:\\\/\\\/www.sciontario.org\\\/wp-content\\\/uploads\\\/SCIO_EN_FR_STD_HORIZ_CMYK.png\",\"width\":600,\"height\":160,\"caption\":\"Spinal Cord Injury Ontario\"},\"image\":{\"@id\":\"https:\\\/\\\/www.sciontario.org\\\/fr\\\/#\\\/schema\\\/logo\\\/image\\\/\"},\"sameAs\":[\"https:\\\/\\\/www.facebook.com\\\/pages\\\/Canadian-Paraplegic-Association-SCI-Ontario\\\/198786166801432\",\"https:\\\/\\\/x.com\\\/sci_ontario\",\"https:\\\/\\\/www.instagram.com\\\/sci_ontario\",\"https:\\\/\\\/ca.linkedin.com\\\/company\\\/spinal-cord-injury-ontario\"]}]}<\/script>\n<!-- \/ Yoast SEO Premium plugin. -->","yoast_head_json":{"title":"L\u00e9sions M\u00e9dullaires Ontario | Voyages a\u00e9riens accessibles","description":"Le LMO s'efforce d'am\u00e9liorer l'accessibilit\u00e9 des personnes handicap\u00e9es aux transports a\u00e9riens en Ontario.","robots":{"index":"index","follow":"follow","max-snippet":"max-snippet:-1","max-image-preview":"max-image-preview:large","max-video-preview":"max-video-preview:-1"},"canonical":"https:\/\/www.sciontario.org\/fr\/nos-initiatives\/voyages-aeriens-accessibles\/","og_locale":"fr_FR","og_type":"article","og_title":"Voyages a\u00e9riens accessibles","og_description":"Le LMO s'efforce d'am\u00e9liorer l'accessibilit\u00e9 des personnes handicap\u00e9es aux transports a\u00e9riens en Ontario.","og_url":"https:\/\/www.sciontario.org\/fr\/nos-initiatives\/voyages-aeriens-accessibles\/","og_site_name":"Spinal Cord Injury Ontario | Supporting and advocating for and with people with a disability.","article_publisher":"https:\/\/www.facebook.com\/pages\/Canadian-Paraplegic-Association-SCI-Ontario\/198786166801432","article_modified_time":"2024-08-13T10:07:49+00:00","twitter_card":"summary_large_image","twitter_site":"@sci_ontario","twitter_misc":{"Dur\u00e9e de lecture estim\u00e9e":"1 minute"},"schema":{"@context":"https:\/\/schema.org","@graph":[{"@type":"WebPage","@id":"https:\/\/www.sciontario.org\/fr\/nos-initiatives\/voyages-aeriens-accessibles\/","url":"https:\/\/www.sciontario.org\/fr\/nos-initiatives\/voyages-aeriens-accessibles\/","name":"L\u00e9sions M\u00e9dullaires Ontario | Voyages a\u00e9riens accessibles","isPartOf":{"@id":"https:\/\/www.sciontario.org\/fr\/#website"},"datePublished":"2024-02-27T13:24:04+00:00","dateModified":"2024-08-13T10:07:49+00:00","description":"Le LMO s'efforce d'am\u00e9liorer l'accessibilit\u00e9 des personnes handicap\u00e9es aux transports a\u00e9riens en Ontario.","breadcrumb":{"@id":"https:\/\/www.sciontario.org\/fr\/nos-initiatives\/voyages-aeriens-accessibles\/#breadcrumb"},"inLanguage":"fr-FR","potentialAction":[{"@type":"ReadAction","target":["https:\/\/www.sciontario.org\/fr\/nos-initiatives\/voyages-aeriens-accessibles\/"]}]},{"@type":"BreadcrumbList","@id":"https:\/\/www.sciontario.org\/fr\/nos-initiatives\/voyages-aeriens-accessibles\/#breadcrumb","itemListElement":[{"@type":"ListItem","position":1,"name":"Home","item":"https:\/\/www.sciontario.org\/fr\/"},{"@type":"ListItem","position":2,"name":"Plaidoyer &#8211; Nos initiatives","item":"https:\/\/www.sciontario.org\/fr\/nos-initiatives\/"},{"@type":"ListItem","position":3,"name":"Voyages a\u00e9riens accessibles"}]},{"@type":"WebSite","@id":"https:\/\/www.sciontario.org\/fr\/#website","url":"https:\/\/www.sciontario.org\/fr\/","name":"Spinal Cord Injury Ontario | Supporting and advocating for and with people with a disability.","description":"We serve, support and advocate for and with people with a disability in Ontario.","publisher":{"@id":"https:\/\/www.sciontario.org\/fr\/#organization"},"potentialAction":[{"@type":"SearchAction","target":{"@type":"EntryPoint","urlTemplate":"https:\/\/www.sciontario.org\/fr\/?s={search_term_string}"},"query-input":{"@type":"PropertyValueSpecification","valueRequired":true,"valueName":"search_term_string"}}],"inLanguage":"fr-FR"},{"@type":"Organization","@id":"https:\/\/www.sciontario.org\/fr\/#organization","name":"Spinal Cord Injury Ontario","url":"https:\/\/www.sciontario.org\/fr\/","logo":{"@type":"ImageObject","inLanguage":"fr-FR","@id":"https:\/\/www.sciontario.org\/fr\/#\/schema\/logo\/image\/","url":"https:\/\/www.sciontario.org\/wp-content\/uploads\/SCIO_EN_FR_STD_HORIZ_CMYK.png","contentUrl":"https:\/\/www.sciontario.org\/wp-content\/uploads\/SCIO_EN_FR_STD_HORIZ_CMYK.png","width":600,"height":160,"caption":"Spinal Cord Injury Ontario"},"image":{"@id":"https:\/\/www.sciontario.org\/fr\/#\/schema\/logo\/image\/"},"sameAs":["https:\/\/www.facebook.com\/pages\/Canadian-Paraplegic-Association-SCI-Ontario\/198786166801432","https:\/\/x.com\/sci_ontario","https:\/\/www.instagram.com\/sci_ontario","https:\/\/ca.linkedin.com\/company\/spinal-cord-injury-ontario"]}]}},"publishpress_future_action":{"enabled":false,"date":"2026-04-22 23:43:16","action":"change-status","newStatus":"draft","terms":[],"taxonomy":"category","extraData":[]},"publishpress_future_workflow_manual_trigger":{"enabledWorkflows":[]},"_links":{"self":[{"href":"https:\/\/www.sciontario.org\/fr\/wp-json\/wp\/v2\/pages\/22229","targetHints":{"allow":["GET"]}}],"collection":[{"href":"https:\/\/www.sciontario.org\/fr\/wp-json\/wp\/v2\/pages"}],"about":[{"href":"https:\/\/www.sciontario.org\/fr\/wp-json\/wp\/v2\/types\/page"}],"author":[{"embeddable":true,"href":"https:\/\/www.sciontario.org\/fr\/wp-json\/wp\/v2\/users\/26"}],"replies":[{"embeddable":true,"href":"https:\/\/www.sciontario.org\/fr\/wp-json\/wp\/v2\/comments?post=22229"}],"version-history":[{"count":0,"href":"https:\/\/www.sciontario.org\/fr\/wp-json\/wp\/v2\/pages\/22229\/revisions"}],"up":[{"embeddable":true,"href":"https:\/\/www.sciontario.org\/fr\/wp-json\/wp\/v2\/pages\/21926"}],"wp:attachment":[{"href":"https:\/\/www.sciontario.org\/fr\/wp-json\/wp\/v2\/media?parent=22229"}],"wp:term":[{"taxonomy":"category","embeddable":true,"href":"https:\/\/www.sciontario.org\/fr\/wp-json\/wp\/v2\/categories?post=22229"},{"taxonomy":"post_tag","embeddable":true,"href":"https:\/\/www.sciontario.org\/fr\/wp-json\/wp\/v2\/tags?post=22229"}],"curies":[{"name":"wp","href":"https:\/\/api.w.org\/{rel}","templated":true}]}}