{"id":22228,"date":"2024-01-30T15:50:15","date_gmt":"2024-01-30T20:50:15","guid":{"rendered":"http:\/\/www.sciontario.org\/services\/soutien-par-les-pairs\/devenez-un-pair-mentor\/"},"modified":"2024-08-13T06:05:23","modified_gmt":"2024-08-13T10:05:23","slug":"devenez-un-pair-mentor","status":"publish","type":"page","link":"https:\/\/www.sciontario.org\/fr\/services\/soutien-par-les-pairs\/devenez-un-pair-mentor\/","title":{"rendered":"Devenez un pair mentor"},"content":{"rendered":"\t\t<div data-elementor-type=\"wp-page\" data-elementor-id=\"22228\" class=\"elementor elementor-22228 elementor-19506\" wpc-filter-elementor-widget=\"1\" data-elementor-post-type=\"page\">\n\t\t\t\t<div class=\"elementor-element elementor-element-fb4ac79 e-flex e-con-boxed e-con e-parent\" data-id=\"fb4ac79\" data-element_type=\"container\" data-e-type=\"container\" data-settings=\"{&quot;background_background&quot;:&quot;classic&quot;}\">\n\t\t\t\t\t<div class=\"e-con-inner\">\n\t\t<div class=\"elementor-element elementor-element-87d214c e-con-full e-flex e-con e-child\" data-id=\"87d214c\" data-element_type=\"container\" data-e-type=\"container\">\n\t\t\t\t<div class=\"elementor-element elementor-element-8ea60a9 elementor-widget elementor-widget-text-editor\" data-id=\"8ea60a9\" data-element_type=\"widget\" data-e-type=\"widget\" data-widget_type=\"text-editor.default\">\n\t\t\t\t<div class=\"elementor-widget-container\">\n\t\t\t\t\t\t\t\t\t<p><a href=\"https:\/\/sciontario.org\/fr\/services\/soutien-par-les-pairs\/\">Soutien par les pairs<\/a><\/p>\n\t\t\t\t\t\t\t\t<\/div>\n\t\t\t\t<\/div>\n\t\t\t\t<div class=\"elementor-element elementor-element-ac8b444 elementor-widget elementor-widget-heading\" data-id=\"ac8b444\" data-element_type=\"widget\" data-e-type=\"widget\" data-widget_type=\"heading.default\">\n\t\t\t\t<div class=\"elementor-widget-container\">\n\t\t\t\t\t<h1 class=\"elementor-heading-title elementor-size-default\">Devenez un pair mentor LMO<\/h1>\t\t\t\t<\/div>\n\t\t\t\t<\/div>\n\t\t\t\t<\/div>\n\t\t<div class=\"elementor-element elementor-element-2081e79 e-con-full elementor-hidden-mobile elementor-hidden-tablet e-flex e-con e-child\" data-id=\"2081e79\" data-element_type=\"container\" data-e-type=\"container\">\n\t\t\t\t<\/div>\n\t\t\t\t\t<\/div>\n\t\t\t\t<\/div>\n\t\t<div class=\"elementor-element elementor-element-6dc2d26 e-flex e-con-boxed e-con e-parent\" data-id=\"6dc2d26\" data-element_type=\"container\" data-e-type=\"container\" data-settings=\"{&quot;background_background&quot;:&quot;classic&quot;}\">\n\t\t\t\t\t<div class=\"e-con-inner\">\n\t\t<div class=\"elementor-element elementor-element-2e8bc64 e-con-full e-flex e-con e-child\" data-id=\"2e8bc64\" data-element_type=\"container\" data-e-type=\"container\">\n\t\t\t\t<div class=\"elementor-element elementor-element-e559fd6 elementor-widget elementor-widget-text-editor\" data-id=\"e559fd6\" data-element_type=\"widget\" data-e-type=\"widget\" data-widget_type=\"text-editor.default\">\n\t\t\t\t<div class=\"elementor-widget-container\">\n\t\t\t\t\t\t\t\t\t<p>Les programmes de soutien par les pairs reposent sur la conviction que les individus se tournent le plus souvent vers leurs pairs et leurs amis pour obtenir de l&rsquo;aide lorsqu&rsquo;ils sont confront\u00e9s \u00e0 des soucis ou \u00e0 des probl\u00e8mes. Personne ne comprend mieux l&rsquo;univers des l\u00e9sions de la moelle \u00e9pini\u00e8re que quelqu&rsquo;un qui a d\u00fb y faire face lui-m\u00eame. Il s&rsquo;agit d&rsquo;une exp\u00e9rience unique que la plupart des familles et des amis ne peuvent pas comprendre. Il est essentiel pour votre r\u00e9tablissement que vous puissiez compter sur quelqu&rsquo;un qui est pass\u00e9 par l\u00e0 et qui peut r\u00e9pondre aux questions que vous vous posez.   <\/p>\n<p>Pourquoi voulez-vous devenir b\u00e9n\u00e9vole pour le soutien par les pairs ? Vous savez que votre exp\u00e9rience est valable et pr\u00e9cieuse. Vous savez peut-\u00eatre aussi qu&rsquo;en aidant les autres, vous finissez souvent par vous aider vous-m\u00eame.  <\/p>\n<p><strong>L&rsquo;exp\u00e9rience du volontariat est enrichissante. Vous pouvez en retirer un sentiment d&rsquo;utilit\u00e9 et de satisfaction.  Vous pouvez offrir des informations, un soutien et des conseils \u00e0 une personne confront\u00e9e \u00e0 des d\u00e9fis similaires \u00e0 ceux que vous avez surmont\u00e9s.<\/strong><\/p>\n<p><strong>Objectif :<\/strong> \u00catre disponible pour partager son exp\u00e9rience de vie afin d&rsquo;autonomiser les personnes atteintes d&rsquo;une nouvelle l\u00e9sion m\u00e9dullaire.<\/p>\n<p><strong>T\u00e2ches sp\u00e9cifiques : <\/strong><\/p>\n<ul>\n<li>A faire correspondre par le coordinateur<\/li>\n<li>Rencontrez r\u00e9guli\u00e8rement vos pairs.<\/li>\n<li>L&rsquo;ad\u00e9quation est d\u00e9termin\u00e9e en fonction des besoins du client<\/li>\n<li>L&rsquo;engagement en termes de temps peut varier en fonction des besoins du client.<\/li>\n<li>Signaler au coordinateur du soutien par les pairs toute question difficile qui se pose.<\/li>\n<li>Signaler le temps pass\u00e9 sur le match au coordinateur du service public<\/li>\n<li>Participez \u00e0 plusieurs \u00e9v\u00e9nements de Connexions entre pairs chaque ann\u00e9e<\/li>\n<\/ul>\t\t\t\t\t\t\t\t<\/div>\n\t\t\t\t<\/div>\n\t\t\t\t<\/div>\n\t\t<div class=\"elementor-element elementor-element-8eb4e52 e-con-full e-flex e-con e-child\" data-id=\"8eb4e52\" data-element_type=\"container\" data-e-type=\"container\">\n\t\t<div class=\"elementor-element elementor-element-5ff644a e-con-full e-flex e-con e-child\" data-id=\"5ff644a\" data-element_type=\"container\" data-e-type=\"container\" data-settings=\"{&quot;background_background&quot;:&quot;classic&quot;}\">\n\t\t\t\t<\/div>\n\t\t\t\t<\/div>\n\t\t\t\t\t<\/div>\n\t\t\t\t<\/div>\n\t\t<div class=\"elementor-element elementor-element-7afffbf e-flex e-con-boxed e-con e-parent\" data-id=\"7afffbf\" data-element_type=\"container\" data-e-type=\"container\" data-settings=\"{&quot;background_background&quot;:&quot;classic&quot;}\">\n\t\t\t\t\t<div class=\"e-con-inner\">\n\t\t<div class=\"elementor-element elementor-element-4681b15 e-con-full e-flex e-con e-child\" data-id=\"4681b15\" data-element_type=\"container\" data-e-type=\"container\">\n\t\t\t\t<div class=\"elementor-element elementor-element-934b5d5 elementor-widget elementor-widget-heading\" data-id=\"934b5d5\" data-element_type=\"widget\" data-e-type=\"widget\" data-widget_type=\"heading.default\">\n\t\t\t\t<div class=\"elementor-widget-container\">\n\t\t\t\t\t<h2 class=\"elementor-heading-title elementor-size-default\">D\u00e9couvrez comment vous pouvez partager vos exp\u00e9riences<\/h2>\t\t\t\t<\/div>\n\t\t\t\t<\/div>\n\t\t\t\t<div class=\"elementor-element elementor-element-0e09d7b elementor-widget elementor-widget-text-editor\" data-id=\"0e09d7b\" data-element_type=\"widget\" data-e-type=\"widget\" data-widget_type=\"text-editor.default\">\n\t\t\t\t<div class=\"elementor-widget-container\">\n\t\t\t\t\t\t\t\t\t<p>Si vous souhaitez en savoir plus sur la fa\u00e7on de devenir un mentor, contactez-nous d\u00e8s aujourd&rsquo;hui pour commencer.<\/p>\n<p><strong>Veuillez contacter :<\/strong><br \/><a href=\"mailto:rick.watters@sciontario.org\">rick.watters@sciontario.org<\/a><br \/><a href=\"tel:1-877-422-1112\">1-877-422-1112 <\/a> <\/p>\n\t\t\t\t\t\t\t\t<\/div>\n\t\t\t\t<\/div>\n\t\t\t\t<\/div>\n\t\t<div class=\"elementor-element elementor-element-f001b4d e-con-full e-flex e-con e-child\" data-id=\"f001b4d\" data-element_type=\"container\" data-e-type=\"container\" data-settings=\"{&quot;background_background&quot;:&quot;classic&quot;}\">\n\t\t\t\t<\/div>\n\t\t\t\t\t<\/div>\n\t\t\t\t<\/div>\n\t\t\t\t<\/div>\n\t\t","protected":false},"excerpt":{"rendered":"<p>Soutien par les pairs Devenez un pair mentor LMO Les programmes de soutien par les pairs reposent sur la conviction que les individus se tournent le plus souvent vers leurs pairs et leurs amis pour obtenir de l&rsquo;aide lorsqu&rsquo;ils sont confront\u00e9s \u00e0 des soucis ou \u00e0 des probl\u00e8mes. Personne ne comprend mieux l&rsquo;univers des l\u00e9sions [&hellip;]<\/p>\n","protected":false},"author":20,"featured_media":0,"parent":21916,"menu_order":0,"comment_status":"closed","ping_status":"closed","template":"elementor_header_footer","meta":{"_acf_changed":false,"footnotes":"","_links_to":"","_links_to_target":""},"categories":[],"tags":[],"class_list":["post-22228","page","type-page","status-publish","hentry"],"acf":[],"yoast_head":"<!-- This site is optimized with the Yoast SEO Premium plugin v27.3 (Yoast SEO v27.3) - https:\/\/yoast.com\/product\/yoast-seo-premium-wordpress\/ -->\n<title>L\u00e9sions M\u00e9dullaires Ontario - Soutien par les pairs<\/title>\n<meta name=\"description\" content=\"Notre programme de soutien par les pairs met les personnes nouvellement bless\u00e9es et les membres de leur famille en contact avec des personnes qui ont v\u00e9cu une l\u00e9sion de la moelle \u00e9pini\u00e8re et qui les comprennent. Vous serez mis en contact avec d&#039;autres organisations qui peuvent vous fournir un large \u00e9ventail d&#039;assistance. En savoir plus.\" \/>\n<meta name=\"robots\" content=\"index, follow, max-snippet:-1, max-image-preview:large, max-video-preview:-1\" \/>\n<link rel=\"canonical\" href=\"https:\/\/www.sciontario.org\/fr\/services\/soutien-par-les-pairs\/devenez-un-pair-mentor\/\" \/>\n<meta property=\"og:locale\" content=\"fr_FR\" \/>\n<meta property=\"og:type\" content=\"article\" \/>\n<meta property=\"og:title\" content=\"Devenez un pair mentor\" \/>\n<meta property=\"og:description\" content=\"Notre programme de soutien par les pairs met les personnes nouvellement bless\u00e9es et les membres de leur famille en contact avec des personnes qui ont v\u00e9cu une l\u00e9sion de la moelle \u00e9pini\u00e8re et qui les comprennent. Vous serez mis en contact avec d&#039;autres organisations qui peuvent vous fournir un large \u00e9ventail d&#039;assistance. En savoir plus.\" \/>\n<meta property=\"og:url\" content=\"https:\/\/www.sciontario.org\/fr\/services\/soutien-par-les-pairs\/devenez-un-pair-mentor\/\" \/>\n<meta property=\"og:site_name\" content=\"Spinal Cord Injury Ontario | Supporting and advocating for and with people with a disability.\" \/>\n<meta property=\"article:publisher\" content=\"https:\/\/www.facebook.com\/pages\/Canadian-Paraplegic-Association-SCI-Ontario\/198786166801432\" \/>\n<meta property=\"article:modified_time\" content=\"2024-08-13T10:05:23+00:00\" \/>\n<meta name=\"twitter:card\" content=\"summary_large_image\" \/>\n<meta name=\"twitter:site\" content=\"@sci_ontario\" \/>\n<meta name=\"twitter:label1\" content=\"Dur\u00e9e de lecture estim\u00e9e\" \/>\n\t<meta name=\"twitter:data1\" content=\"2 minutes\" \/>\n<script type=\"application\/ld+json\" class=\"yoast-schema-graph\">{\"@context\":\"https:\\\/\\\/schema.org\",\"@graph\":[{\"@type\":\"WebPage\",\"@id\":\"https:\\\/\\\/www.sciontario.org\\\/fr\\\/services\\\/soutien-par-les-pairs\\\/devenez-un-pair-mentor\\\/\",\"url\":\"https:\\\/\\\/www.sciontario.org\\\/fr\\\/services\\\/soutien-par-les-pairs\\\/devenez-un-pair-mentor\\\/\",\"name\":\"L\u00e9sions M\u00e9dullaires Ontario - Soutien par les pairs\",\"isPartOf\":{\"@id\":\"https:\\\/\\\/www.sciontario.org\\\/fr\\\/#website\"},\"datePublished\":\"2024-01-30T20:50:15+00:00\",\"dateModified\":\"2024-08-13T10:05:23+00:00\",\"description\":\"Notre programme de soutien par les pairs met les personnes nouvellement bless\u00e9es et les membres de leur famille en contact avec des personnes qui ont v\u00e9cu une l\u00e9sion de la moelle \u00e9pini\u00e8re et qui les comprennent. Vous serez mis en contact avec d'autres organisations qui peuvent vous fournir un large \u00e9ventail d'assistance. En savoir plus.\",\"breadcrumb\":{\"@id\":\"https:\\\/\\\/www.sciontario.org\\\/fr\\\/services\\\/soutien-par-les-pairs\\\/devenez-un-pair-mentor\\\/#breadcrumb\"},\"inLanguage\":\"fr-FR\",\"potentialAction\":[{\"@type\":\"ReadAction\",\"target\":[\"https:\\\/\\\/www.sciontario.org\\\/fr\\\/services\\\/soutien-par-les-pairs\\\/devenez-un-pair-mentor\\\/\"]}]},{\"@type\":\"BreadcrumbList\",\"@id\":\"https:\\\/\\\/www.sciontario.org\\\/fr\\\/services\\\/soutien-par-les-pairs\\\/devenez-un-pair-mentor\\\/#breadcrumb\",\"itemListElement\":[{\"@type\":\"ListItem\",\"position\":1,\"name\":\"Home\",\"item\":\"https:\\\/\\\/www.sciontario.org\\\/fr\\\/\"},{\"@type\":\"ListItem\",\"position\":2,\"name\":\"Services LMO\",\"item\":\"https:\\\/\\\/www.sciontario.org\\\/fr\\\/services\\\/\"},{\"@type\":\"ListItem\",\"position\":3,\"name\":\"Soutien par les pairs\",\"item\":\"https:\\\/\\\/www.sciontario.org\\\/fr\\\/services\\\/soutien-par-les-pairs\\\/\"},{\"@type\":\"ListItem\",\"position\":4,\"name\":\"Devenez un pair mentor\"}]},{\"@type\":\"WebSite\",\"@id\":\"https:\\\/\\\/www.sciontario.org\\\/fr\\\/#website\",\"url\":\"https:\\\/\\\/www.sciontario.org\\\/fr\\\/\",\"name\":\"Spinal Cord Injury Ontario | Supporting and advocating for and with people with a disability.\",\"description\":\"We serve, support and advocate for and with people with a disability in Ontario.\",\"publisher\":{\"@id\":\"https:\\\/\\\/www.sciontario.org\\\/fr\\\/#organization\"},\"potentialAction\":[{\"@type\":\"SearchAction\",\"target\":{\"@type\":\"EntryPoint\",\"urlTemplate\":\"https:\\\/\\\/www.sciontario.org\\\/fr\\\/?s={search_term_string}\"},\"query-input\":{\"@type\":\"PropertyValueSpecification\",\"valueRequired\":true,\"valueName\":\"search_term_string\"}}],\"inLanguage\":\"fr-FR\"},{\"@type\":\"Organization\",\"@id\":\"https:\\\/\\\/www.sciontario.org\\\/fr\\\/#organization\",\"name\":\"Spinal Cord Injury Ontario\",\"url\":\"https:\\\/\\\/www.sciontario.org\\\/fr\\\/\",\"logo\":{\"@type\":\"ImageObject\",\"inLanguage\":\"fr-FR\",\"@id\":\"https:\\\/\\\/www.sciontario.org\\\/fr\\\/#\\\/schema\\\/logo\\\/image\\\/\",\"url\":\"https:\\\/\\\/www.sciontario.org\\\/wp-content\\\/uploads\\\/SCIO_EN_FR_STD_HORIZ_CMYK.png\",\"contentUrl\":\"https:\\\/\\\/www.sciontario.org\\\/wp-content\\\/uploads\\\/SCIO_EN_FR_STD_HORIZ_CMYK.png\",\"width\":600,\"height\":160,\"caption\":\"Spinal Cord Injury Ontario\"},\"image\":{\"@id\":\"https:\\\/\\\/www.sciontario.org\\\/fr\\\/#\\\/schema\\\/logo\\\/image\\\/\"},\"sameAs\":[\"https:\\\/\\\/www.facebook.com\\\/pages\\\/Canadian-Paraplegic-Association-SCI-Ontario\\\/198786166801432\",\"https:\\\/\\\/x.com\\\/sci_ontario\",\"https:\\\/\\\/www.instagram.com\\\/sci_ontario\",\"https:\\\/\\\/ca.linkedin.com\\\/company\\\/spinal-cord-injury-ontario\"]}]}<\/script>\n<!-- \/ Yoast SEO Premium plugin. -->","yoast_head_json":{"title":"L\u00e9sions M\u00e9dullaires Ontario - Soutien par les pairs","description":"Notre programme de soutien par les pairs met les personnes nouvellement bless\u00e9es et les membres de leur famille en contact avec des personnes qui ont v\u00e9cu une l\u00e9sion de la moelle \u00e9pini\u00e8re et qui les comprennent. Vous serez mis en contact avec d'autres organisations qui peuvent vous fournir un large \u00e9ventail d'assistance. En savoir plus.","robots":{"index":"index","follow":"follow","max-snippet":"max-snippet:-1","max-image-preview":"max-image-preview:large","max-video-preview":"max-video-preview:-1"},"canonical":"https:\/\/www.sciontario.org\/fr\/services\/soutien-par-les-pairs\/devenez-un-pair-mentor\/","og_locale":"fr_FR","og_type":"article","og_title":"Devenez un pair mentor","og_description":"Notre programme de soutien par les pairs met les personnes nouvellement bless\u00e9es et les membres de leur famille en contact avec des personnes qui ont v\u00e9cu une l\u00e9sion de la moelle \u00e9pini\u00e8re et qui les comprennent. Vous serez mis en contact avec d'autres organisations qui peuvent vous fournir un large \u00e9ventail d'assistance. En savoir plus.","og_url":"https:\/\/www.sciontario.org\/fr\/services\/soutien-par-les-pairs\/devenez-un-pair-mentor\/","og_site_name":"Spinal Cord Injury Ontario | Supporting and advocating for and with people with a disability.","article_publisher":"https:\/\/www.facebook.com\/pages\/Canadian-Paraplegic-Association-SCI-Ontario\/198786166801432","article_modified_time":"2024-08-13T10:05:23+00:00","twitter_card":"summary_large_image","twitter_site":"@sci_ontario","twitter_misc":{"Dur\u00e9e de lecture estim\u00e9e":"2 minutes"},"schema":{"@context":"https:\/\/schema.org","@graph":[{"@type":"WebPage","@id":"https:\/\/www.sciontario.org\/fr\/services\/soutien-par-les-pairs\/devenez-un-pair-mentor\/","url":"https:\/\/www.sciontario.org\/fr\/services\/soutien-par-les-pairs\/devenez-un-pair-mentor\/","name":"L\u00e9sions M\u00e9dullaires Ontario - Soutien par les pairs","isPartOf":{"@id":"https:\/\/www.sciontario.org\/fr\/#website"},"datePublished":"2024-01-30T20:50:15+00:00","dateModified":"2024-08-13T10:05:23+00:00","description":"Notre programme de soutien par les pairs met les personnes nouvellement bless\u00e9es et les membres de leur famille en contact avec des personnes qui ont v\u00e9cu une l\u00e9sion de la moelle \u00e9pini\u00e8re et qui les comprennent. Vous serez mis en contact avec d'autres organisations qui peuvent vous fournir un large \u00e9ventail d'assistance. En savoir plus.","breadcrumb":{"@id":"https:\/\/www.sciontario.org\/fr\/services\/soutien-par-les-pairs\/devenez-un-pair-mentor\/#breadcrumb"},"inLanguage":"fr-FR","potentialAction":[{"@type":"ReadAction","target":["https:\/\/www.sciontario.org\/fr\/services\/soutien-par-les-pairs\/devenez-un-pair-mentor\/"]}]},{"@type":"BreadcrumbList","@id":"https:\/\/www.sciontario.org\/fr\/services\/soutien-par-les-pairs\/devenez-un-pair-mentor\/#breadcrumb","itemListElement":[{"@type":"ListItem","position":1,"name":"Home","item":"https:\/\/www.sciontario.org\/fr\/"},{"@type":"ListItem","position":2,"name":"Services LMO","item":"https:\/\/www.sciontario.org\/fr\/services\/"},{"@type":"ListItem","position":3,"name":"Soutien par les pairs","item":"https:\/\/www.sciontario.org\/fr\/services\/soutien-par-les-pairs\/"},{"@type":"ListItem","position":4,"name":"Devenez un pair mentor"}]},{"@type":"WebSite","@id":"https:\/\/www.sciontario.org\/fr\/#website","url":"https:\/\/www.sciontario.org\/fr\/","name":"Spinal Cord Injury Ontario | Supporting and advocating for and with people with a disability.","description":"We serve, support and advocate for and with people with a disability in Ontario.","publisher":{"@id":"https:\/\/www.sciontario.org\/fr\/#organization"},"potentialAction":[{"@type":"SearchAction","target":{"@type":"EntryPoint","urlTemplate":"https:\/\/www.sciontario.org\/fr\/?s={search_term_string}"},"query-input":{"@type":"PropertyValueSpecification","valueRequired":true,"valueName":"search_term_string"}}],"inLanguage":"fr-FR"},{"@type":"Organization","@id":"https:\/\/www.sciontario.org\/fr\/#organization","name":"Spinal Cord Injury Ontario","url":"https:\/\/www.sciontario.org\/fr\/","logo":{"@type":"ImageObject","inLanguage":"fr-FR","@id":"https:\/\/www.sciontario.org\/fr\/#\/schema\/logo\/image\/","url":"https:\/\/www.sciontario.org\/wp-content\/uploads\/SCIO_EN_FR_STD_HORIZ_CMYK.png","contentUrl":"https:\/\/www.sciontario.org\/wp-content\/uploads\/SCIO_EN_FR_STD_HORIZ_CMYK.png","width":600,"height":160,"caption":"Spinal Cord Injury Ontario"},"image":{"@id":"https:\/\/www.sciontario.org\/fr\/#\/schema\/logo\/image\/"},"sameAs":["https:\/\/www.facebook.com\/pages\/Canadian-Paraplegic-Association-SCI-Ontario\/198786166801432","https:\/\/x.com\/sci_ontario","https:\/\/www.instagram.com\/sci_ontario","https:\/\/ca.linkedin.com\/company\/spinal-cord-injury-ontario"]}]}},"publishpress_future_action":{"enabled":false,"date":"2026-04-17 09:33:03","action":"change-status","newStatus":"draft","terms":[],"taxonomy":"category","extraData":[]},"publishpress_future_workflow_manual_trigger":{"enabledWorkflows":[]},"_links":{"self":[{"href":"https:\/\/www.sciontario.org\/fr\/wp-json\/wp\/v2\/pages\/22228","targetHints":{"allow":["GET"]}}],"collection":[{"href":"https:\/\/www.sciontario.org\/fr\/wp-json\/wp\/v2\/pages"}],"about":[{"href":"https:\/\/www.sciontario.org\/fr\/wp-json\/wp\/v2\/types\/page"}],"author":[{"embeddable":true,"href":"https:\/\/www.sciontario.org\/fr\/wp-json\/wp\/v2\/users\/20"}],"replies":[{"embeddable":true,"href":"https:\/\/www.sciontario.org\/fr\/wp-json\/wp\/v2\/comments?post=22228"}],"version-history":[{"count":0,"href":"https:\/\/www.sciontario.org\/fr\/wp-json\/wp\/v2\/pages\/22228\/revisions"}],"up":[{"embeddable":true,"href":"https:\/\/www.sciontario.org\/fr\/wp-json\/wp\/v2\/pages\/21916"}],"wp:attachment":[{"href":"https:\/\/www.sciontario.org\/fr\/wp-json\/wp\/v2\/media?parent=22228"}],"wp:term":[{"taxonomy":"category","embeddable":true,"href":"https:\/\/www.sciontario.org\/fr\/wp-json\/wp\/v2\/categories?post=22228"},{"taxonomy":"post_tag","embeddable":true,"href":"https:\/\/www.sciontario.org\/fr\/wp-json\/wp\/v2\/tags?post=22228"}],"curies":[{"name":"wp","href":"https:\/\/api.w.org\/{rel}","templated":true}]}}