{"id":22217,"date":"2018-04-19T14:33:03","date_gmt":"2018-04-19T18:33:03","guid":{"rendered":"http:\/\/www.sciontario.org\/politique-de-confidentialite\/"},"modified":"2024-08-08T11:59:25","modified_gmt":"2024-08-08T15:59:25","slug":"politique-de-confidentialite","status":"publish","type":"page","link":"https:\/\/www.sciontario.org\/fr\/politique-de-confidentialite\/","title":{"rendered":"Politique de confidentialit\u00e9"},"content":{"rendered":"\t\t<div data-elementor-type=\"wp-page\" data-elementor-id=\"22217\" class=\"elementor elementor-22217 elementor-148\" wpc-filter-elementor-widget=\"1\" data-elementor-post-type=\"page\">\n\t\t\t\t<div class=\"elementor-element elementor-element-f678f5c e-flex e-con-boxed e-con e-parent\" data-id=\"f678f5c\" data-element_type=\"container\" data-e-type=\"container\" data-settings=\"{&quot;background_background&quot;:&quot;classic&quot;}\">\n\t\t\t\t\t<div class=\"e-con-inner\">\n\t\t<div class=\"elementor-element elementor-element-cd7a8b7 e-con-full e-flex e-con e-child\" data-id=\"cd7a8b7\" data-element_type=\"container\" data-e-type=\"container\">\n\t\t<div class=\"elementor-element elementor-element-4c2410b e-con-full e-flex e-con e-child\" data-id=\"4c2410b\" data-element_type=\"container\" data-e-type=\"container\">\n\t\t\t\t<div class=\"elementor-element elementor-element-5bb4130 elementor-widget elementor-widget-heading\" data-id=\"5bb4130\" data-element_type=\"widget\" data-e-type=\"widget\" data-widget_type=\"heading.default\">\n\t\t\t\t<div class=\"elementor-widget-container\">\n\t\t\t\t\t<h1 class=\"elementor-heading-title elementor-size-default\">Politique de confidentialit\u00e9<\/h1>\t\t\t\t<\/div>\n\t\t\t\t<\/div>\n\t\t\t\t<div class=\"elementor-element elementor-element-ac331d7 elementor-widget elementor-widget-heading\" data-id=\"ac331d7\" data-element_type=\"widget\" data-e-type=\"widget\" data-widget_type=\"heading.default\">\n\t\t\t\t<div class=\"elementor-widget-container\">\n\t\t\t\t\t<h2 class=\"elementor-heading-title elementor-size-default\">La confidentialit\u00e9 est primordiale<\/h2>\t\t\t\t<\/div>\n\t\t\t\t<\/div>\n\t\t\t\t<div class=\"elementor-element elementor-element-e674ea2 text-with-list elementor-hidden-mobile elementor-widget elementor-widget-text-editor\" data-id=\"e674ea2\" data-element_type=\"widget\" data-e-type=\"widget\" data-widget_type=\"text-editor.default\">\n\t\t\t\t<div class=\"elementor-widget-container\">\n\t\t\t\t\t\t\t\t\t<p>L\u00e9sions M\u00e9dullaires Ontario respecte votre droit \u00e0 la vie priv\u00e9e et il est important pour nous que votre vie priv\u00e9e soit prot\u00e9g\u00e9e. LMO s&rsquo;engage depuis longtemps \u00e0 prot\u00e9ger la vie priv\u00e9e et la confidentialit\u00e9 des renseignements personnels et des renseignements personnels sur la sant\u00e9 de nos clients, donateurs, employ\u00e9s et b\u00e9n\u00e9voles. En tant qu&rsquo;\u00e9l\u00e9ment essentiel de la qualit\u00e9 de la programmation et des services, LMO s&rsquo;engage \u00e0 recueillir, conserver, divulguer, s\u00e9curiser et d\u00e9truire les renseignements personnels conform\u00e9ment aux lois f\u00e9d\u00e9rales et provinciales sur la protection de la vie priv\u00e9e, notamment la Loi sur les renseignements personnels sur la sant\u00e9 (2004), la Loi sur l&rsquo;acc\u00e8s \u00e0 l&rsquo;information et la protection de la vie priv\u00e9e (LAIPVP, 2004) et la Loi sur la protection des renseignements personnels et les documents \u00e9lectroniques (LPRPDE, 2004).  <\/p>\n<h3><b>Renseignements personnels sur la sant\u00e9<\/b><\/h3>\n<p>LMO traite les renseignements personnels sur la sant\u00e9 conform\u00e9ment aux pratiques d\u00e9crites dans la Loi sur la protection des renseignements personnels sur la sant\u00e9 de l\u2019Ontario (LPRPS, 2004)<\/p>\n<p>LMO recueillera des renseignements personnels sur la sant\u00e9 aupr\u00e8s de diverses sources, en privil\u00e9giant la m\u00e9thode de collecte des renseignements directement aupr\u00e8s de la personne avec laquelle nous entretenons une relation. Les renseignements seront utilis\u00e9s aux fins pour lesquelles ils ont \u00e9t\u00e9 recueillis et seront pertinents \u00e0 la prestation de services communautaires. LMO divulguera des renseignements personnels sur la sant\u00e9 lorsque cela est n\u00e9cessaire \u00e0 la prestation de services communautaires ou au fonctionnement de LMO, en privil\u00e9giant la m\u00e9thode d&rsquo;obtention du consentement expr\u00e8s.  <\/p>\n<p>Aucune information personnelle sur la sant\u00e9 ne sera utilis\u00e9e \u00e0 des fins de marketing, de collecte de fonds ou de recherche sans consentement \u00e9crit expr\u00e8s.<\/p>\n<p>En tant qu\u2019\u00e9l\u00e9ment essentiel d\u2019un service de qualit\u00e9, LMO s\u2019engage \u00e0 recueillir, conserver, divulguer, s\u00e9curiser et d\u00e9truire les renseignements personnels conform\u00e9ment \u00e0 la Loi sur l\u2019acc\u00e8s \u00e0 l\u2019information et la protection de la vie priv\u00e9e (LAIPVP).<\/p>\n<p>Le responsable de la protection de la vie priv\u00e9e g\u00e8re les demandes de renseignements sur la confidentialit\u00e9, l\u2019acc\u00e8s, les plaintes et les proc\u00e9dures de correction et peut \u00eatre contact\u00e9 \u00e0 l\u2019adresse <a href=\"mailto:privacyofficer@sciontario.org\">privacyofficer@sciontario.org<\/a>.<\/p>\n<h3><strong data-redactor-tag=\"strong\">Utilisation de notre site Web<\/strong><\/h3>\n<p>Notre site Internet utilise des cookies. Les cookies sont des fichiers texte qui sont stock\u00e9s sur votre disque dur. Les sites Internet utilisent des cookies pour faciliter votre utilisation de notre site Internet en m\u00e9morisant vos pr\u00e9f\u00e9rences, telles que les informations de connexion (si vous le souhaitez). Vous avez la possibilit\u00e9 de contr\u00f4ler les cookies sur votre ordinateur en supprimant le dossier contenant les cookies ou en param\u00e9trant vos pr\u00e9f\u00e9rences Internet pour interdire les cookies.   <\/p>\n<p>Les seules informations personnelles que nous collectons sur notre site Web sont celles que vous nous fournissez volontairement (par exemple, en remplissant un formulaire, en vous inscrivant \u00e0 notre newsletter ou en faisant un don). Vous avez le choix de nous fournir ou non des informations personnelles. Ces informations sont confidentielles, conform\u00e9ment \u00e0 notre politique de confidentialit\u00e9. Si vous nous avez fourni vos coordonn\u00e9es et que vous ne souhaitez plus recevoir de nos nouvelles, veuillez envoyer un courriel \u00e0 <a href=\"mailto:privacyofficer@sciontario.org\">privacyofficer@sciontario.org<\/a> et nous fournir votre nom exact et votre adresse\/courriel\/num\u00e9ro de t\u00e9l\u00e9phone. Nous utiliserons ensuite ces informations si n\u00e9cessaire pour nous assurer que vous \u00eates retir\u00e9 de notre liste confidentielle.    <\/p>\n<h3><strong data-redactor-tag=\"strong\">Informations sur les dons<\/strong><\/h3>\n<p>En tant qu\u2019organisme de bienfaisance canadien enregistr\u00e9, LMO adh\u00e8re \u00e9galement au Code d\u2019\u00e9thique en mati\u00e8re de collecte de fonds d\u2019Imagine Canada et au code d\u2019\u00e9thique de l&rsquo;Association des Professionnels de la Collecte de fonds.<\/p>\n<p>LMO utilise des certificats SSL (Secure Socket Layer) pour offrir une communication s\u00e9curis\u00e9e en cryptant toutes les donn\u00e9es vers et depuis notre site. Cette technologie garantit l&rsquo;int\u00e9grit\u00e9 et la confidentialit\u00e9 des informations personnelles et de carte de cr\u00e9dit que vous fournissez lorsque vous faites un don en ligne ou que vous vous inscrivez \u00e0 un \u00e9v\u00e9nement. <\/p>\n<p>Nous conservons des enregistrements de toutes les contributions \u00e0 LMO. Toutes les informations sont conserv\u00e9es de mani\u00e8re priv\u00e9e et confidentielle, stock\u00e9es dans un endroit s\u00fbr et accessibles uniquement au personnel autoris\u00e9. Il arrive que nous \u00e9changions nos listes de donateurs avec d&rsquo;autres organisations \u00e0 but non lucratif.  <\/p>\n<h3><strong data-redactor-tag=\"strong\">Coordonn\u00e9es<\/strong><\/h3>\n<p>Si vous souhaitez recevoir une copie papier de notre d\u00e9claration de confidentialit\u00e9 ou de notre politique de confidentialit\u00e9 par courrier, ou si vous avez des questions ou des pr\u00e9occupations, veuillez utiliser les coordonn\u00e9es suivantes pour correspondre avec notre responsable de la confidentialit\u00e9.<\/p>\n<p>Courriel : <a href=\"mailto:privacyofficer@sciontario.org\">privacyofficer@sciontario.org<\/a><\/p>\n<p>Adresse postale:<\/p>\n<p>Privacy Officer<br \/>Spinal Cord Injury Ontario<br \/>520 Sutherland Drive<br \/>Toronto, ON M4G 3V9<\/p>\n<p>Toutes les demandes seront trait\u00e9es dans la plus stricte confidentialit\u00e9.<\/p>\n<p>De plus amples renseignements sur la confidentialit\u00e9 et vos droits concernant vos renseignements personnels peuvent \u00eatre trouv\u00e9s sur le site Web du Commissariat \u00e0 la protection de la vie priv\u00e9e du Canada \u00e0 l\u2019adresse<a href=\"https:\/\/www.priv.gc.ca\/en\/\" target=\"_blank\" rel=\"noopener\"> www.priv.gc.ca<\/a>.<\/p>\n\t\t\t\t\t\t\t\t<\/div>\n\t\t\t\t<\/div>\n\t\t\t\t<div class=\"elementor-element elementor-element-0a602dd text-with-list elementor-hidden-desktop elementor-hidden-tablet elementor-widget elementor-widget-text-editor\" data-id=\"0a602dd\" data-element_type=\"widget\" data-e-type=\"widget\" data-widget_type=\"text-editor.default\">\n\t\t\t\t<div class=\"elementor-widget-container\">\n\t\t\t\t\t\t\t\t\tL\u00e9sions M\u00e9dullaires Ontario respecte votre droit \u00e0 la vie priv\u00e9e et il est important pour nous que votre vie priv\u00e9e soit prot\u00e9g\u00e9e. LMO s&rsquo;engage depuis longtemps \u00e0 prot\u00e9ger la vie priv\u00e9e et la confidentialit\u00e9 des renseignements personnels et des renseignements personnels sur la sant\u00e9 de nos clients, donateurs, employ\u00e9s et b\u00e9n\u00e9voles. En tant qu&rsquo;\u00e9l\u00e9ment essentiel de la programmation et des services de qualit\u00e9, LMO s&rsquo;engage \u00e0 recueillir, conserver, divulguer, s\u00e9curiser et d\u00e9truire les renseignements personnels conform\u00e9ment aux lois f\u00e9d\u00e9rales et provinciales sur la protection de la vie priv\u00e9e, notamment la Loi sur les renseignements personnels sur la sant\u00e9 (2004), la Loi sur l&rsquo;acc\u00e8s \u00e0 l&rsquo;information et la protection de la vie priv\u00e9e (LAIPVP, 2004) et la Loi sur la protection des renseignements personnels et les documents \u00e9lectroniques (LPRPDE, 2004).   <h4>Renseignements personnels sur la sant\u00e9<\/h4> LMO traite les renseignements personnels sur la sant\u00e9 conform\u00e9ment aux pratiques d\u00e9crites dans la Loi sur la protection des renseignements personnels sur la sant\u00e9 de l\u2019Ontario (LPRPS, 2004). LMO recueillera des renseignements personnels sur la sant\u00e9 aupr\u00e8s de diverses sources, en privil\u00e9giant la m\u00e9thode de collecte de renseignements directement aupr\u00e8s de la personne avec laquelle nous entretenons une relation. Les renseignements seront utilis\u00e9s aux fins pour lesquelles ils ont \u00e9t\u00e9 recueillis et en rapport avec la prestation de services communautaires. LMO divulguera des renseignements personnels sur la sant\u00e9 lorsque cela est n\u00e9cessaire pour la prestation de services communautaires ou n\u00e9cessaire au fonctionnement de LMO, en privil\u00e9giant la m\u00e9thode d\u2019obtention d\u2019un consentement expr\u00e8s. Aucun renseignement personnel sur la sant\u00e9 ne sera utilis\u00e9 \u00e0 des fins de marketing, de collecte de fonds ou de recherche sans consentement \u00e9crit expr\u00e8s. En tant qu\u2019\u00e9l\u00e9ment essentiel d\u2019un service de qualit\u00e9, LMO s\u2019engage \u00e0 recueillir, conserver, divulguer, s\u00e9curiser et d\u00e9truire les renseignements personnels conform\u00e9ment \u00e0 la Loi sur l\u2019acc\u00e8s \u00e0 l\u2019information et la protection de la vie priv\u00e9e (LAIPVP). Le responsable de la protection de la vie priv\u00e9e g\u00e8re les demandes de renseignements sur la confidentialit\u00e9, l\u2019acc\u00e8s, les plaintes et les proc\u00e9dures de correction et peut \u00eatre contact\u00e9 \u00e0 l\u2019adresse <a href=\"mailto:privacyofficer@sciontario.org\">privacyofficer@sciontario.org<\/a>.      <h4>Utilisation de notre site Web<\/h4> Notre site Web utilise des cookies. Les cookies sont des fichiers texte qui sont stock\u00e9s sur votre disque dur. Les sites Web utilisent des cookies pour vous faciliter l&rsquo;utilisation de notre site Web en m\u00e9morisant vos pr\u00e9f\u00e9rences, telles que les informations de connexion (si vous le souhaitez). Vous avez la possibilit\u00e9 de contr\u00f4ler les cookies sur votre ordinateur en supprimant le dossier contenant les cookies ou en param\u00e9trant vos pr\u00e9f\u00e9rences Internet pour les interdire. Les seules informations personnelles collect\u00e9es aupr\u00e8s de vous sur notre site Web sont celles que vous fournissez volontairement (par exemple, en remplissant un formulaire, en vous inscrivant \u00e0 l&rsquo;e-news ou en faisant un don). C&rsquo;est \u00e0 vous de choisir de nous fournir des informations personnelles. Ces informations sont confidentielles conform\u00e9ment \u00e0 notre politique de confidentialit\u00e9. Si vous nous avez fourni vos coordonn\u00e9es et que vous ne souhaitez plus recevoir de nos nouvelles, veuillez envoyer un e-mail \u00e0 <a href=\"mailto:privacyofficer@sciontario.org\">privacyofficer@sciontario.org<\/a> et nous fournir votre nom exact et votre adresse\/courriel\/num\u00e9ro de t\u00e9l\u00e9phone applicable. Nous utiliserons ensuite ces informations si n\u00e9cessaire pour nous assurer que vous \u00eates retir\u00e9 de notre liste confidentielle.         <h4>Informations sur les dons<\/h4> En tant qu&rsquo;organisme de bienfaisance canadien enregistr\u00e9, LMO adh\u00e8re \u00e9galement au Code de responsabilit\u00e9 \u00e9thique en mati\u00e8re de collecte de fonds d&rsquo;Imagine Canada et au Code de d\u00e9ontologie de l&rsquo;Association of Fundraising Professionals. LMO utilise des certificats SSL (Secure Socket Layer) pour offrir une communication s\u00e9curis\u00e9e en cryptant toutes les donn\u00e9es en provenance et \u00e0 destination de notre site. Cette technologie garantit l&rsquo;int\u00e9grit\u00e9 et la confidentialit\u00e9 des renseignements personnels et des donn\u00e9es relatives aux cartes de cr\u00e9dit que vous fournissez lorsque vous faites un don en ligne ou que vous vous inscrivez \u00e0 un \u00e9v\u00e9nement. Nous tenons un registre de toutes les contributions au LMO. Toutes les informations sont gard\u00e9es priv\u00e9es et confidentielles, stock\u00e9es dans un endroit s\u00e9curis\u00e9 et accessibles uniquement par le personnel autoris\u00e9. Il arrive que nous \u00e9changions nos listes de donateurs avec d&rsquo;autres organisations \u00e0 but non lucratif.      <h4>Informations sur le contact<\/h4> Si vous souhaitez recevoir par courrier une copie papier de notre d\u00e9claration de confidentialit\u00e9 ou de notre politique de confidentialit\u00e9, ou si vous avez des questions ou des pr\u00e9occupations, veuillez utiliser les coordonn\u00e9es suivantes pour correspondre avec notre responsable de la confidentialit\u00e9. Courriel : <a href=\"mailto:privacyofficer@sciontario.org\">privacyofficer@sciontario.org<\/a> Adresse postale : Privacy Officer Spinal Cord Injury Ontario 520 Sutherland Drive Toronto, ON M4G 3V9 Toutes les demandes de renseignements seront trait\u00e9es dans la plus stricte confidentialit\u00e9. Vous trouverez de plus amples renseignements sur la protection de la vie priv\u00e9e et vos droits en ce qui concerne vos renseignements personnels sur le site Web du Commissariat \u00e0 la protection de la vie priv\u00e9e du Canada \u00e0 l&rsquo;adresse <a href=\"http:\/\/www.privcom.gc.ca\/\" target=\"_blank\" rel=\"noopener\">www.privcom.gc.ca<\/a>.  \t\t\t\t\t\t\t\t<\/div>\n\t\t\t\t<\/div>\n\t\t\t\t<\/div>\n\t\t\t\t<\/div>\n\t\t<div class=\"elementor-element elementor-element-4387d61 e-con-full elementor-hidden-tablet elementor-hidden-mobile e-flex e-con e-child\" data-id=\"4387d61\" data-element_type=\"container\" data-e-type=\"container\">\n\t\t\t\t<\/div>\n\t\t\t\t\t<\/div>\n\t\t\t\t<\/div>\n\t\t\t\t<\/div>\n\t\t","protected":false},"excerpt":{"rendered":"<p>Politique de confidentialit\u00e9 La confidentialit\u00e9 est primordiale L\u00e9sions M\u00e9dullaires Ontario respecte votre droit \u00e0 la vie priv\u00e9e et il est important pour nous que votre vie priv\u00e9e soit prot\u00e9g\u00e9e. LMO s&rsquo;engage depuis longtemps \u00e0 prot\u00e9ger la vie priv\u00e9e et la confidentialit\u00e9 des renseignements personnels et des renseignements personnels sur la sant\u00e9 de nos clients, donateurs, [&hellip;]<\/p>\n","protected":false},"author":4,"featured_media":0,"parent":0,"menu_order":0,"comment_status":"closed","ping_status":"closed","template":"elementor_header_footer","meta":{"_acf_changed":false,"footnotes":"","_links_to":"","_links_to_target":""},"categories":[],"tags":[],"class_list":["post-22217","page","type-page","status-publish","hentry"],"acf":[],"yoast_head":"<!-- This site is optimized with the Yoast SEO Premium plugin v27.3 (Yoast SEO v27.3) - https:\/\/yoast.com\/product\/yoast-seo-premium-wordpress\/ -->\n<title>L\u00e9sions M\u00e9dullaires Ontario - Politique de confidentialit\u00e9<\/title>\n<meta name=\"description\" content=\"L\u00e9sions M\u00e9dullaires Ontario respecte votre droit \u00e0 la vie priv\u00e9e et il est important pour nous que votre vie priv\u00e9e soit prot\u00e9g\u00e9e. Lisez la politique compl\u00e8te ici.\" \/>\n<meta name=\"robots\" content=\"index, follow, max-snippet:-1, max-image-preview:large, max-video-preview:-1\" \/>\n<link rel=\"canonical\" href=\"https:\/\/www.sciontario.org\/fr\/politique-de-confidentialite\/\" \/>\n<meta property=\"og:locale\" content=\"fr_FR\" \/>\n<meta property=\"og:type\" content=\"article\" \/>\n<meta property=\"og:title\" content=\"Politique de confidentialit\u00e9\" \/>\n<meta property=\"og:description\" content=\"L\u00e9sions M\u00e9dullaires Ontario respecte votre droit \u00e0 la vie priv\u00e9e et il est important pour nous que votre vie priv\u00e9e soit prot\u00e9g\u00e9e. Lisez la politique compl\u00e8te ici.\" \/>\n<meta property=\"og:url\" content=\"https:\/\/www.sciontario.org\/fr\/politique-de-confidentialite\/\" \/>\n<meta property=\"og:site_name\" content=\"Spinal Cord Injury Ontario | Supporting and advocating for and with people with a disability.\" \/>\n<meta property=\"article:publisher\" content=\"https:\/\/www.facebook.com\/pages\/Canadian-Paraplegic-Association-SCI-Ontario\/198786166801432\" \/>\n<meta property=\"article:modified_time\" content=\"2024-08-08T15:59:25+00:00\" \/>\n<meta name=\"twitter:card\" content=\"summary_large_image\" \/>\n<meta name=\"twitter:site\" content=\"@sci_ontario\" \/>\n<meta name=\"twitter:label1\" content=\"Dur\u00e9e de lecture estim\u00e9e\" \/>\n\t<meta name=\"twitter:data1\" content=\"9 minutes\" \/>\n<script type=\"application\/ld+json\" class=\"yoast-schema-graph\">{\"@context\":\"https:\\\/\\\/schema.org\",\"@graph\":[{\"@type\":\"WebPage\",\"@id\":\"https:\\\/\\\/www.sciontario.org\\\/fr\\\/politique-de-confidentialite\\\/\",\"url\":\"https:\\\/\\\/www.sciontario.org\\\/fr\\\/politique-de-confidentialite\\\/\",\"name\":\"L\u00e9sions M\u00e9dullaires Ontario - Politique de confidentialit\u00e9\",\"isPartOf\":{\"@id\":\"https:\\\/\\\/www.sciontario.org\\\/fr\\\/#website\"},\"datePublished\":\"2018-04-19T18:33:03+00:00\",\"dateModified\":\"2024-08-08T15:59:25+00:00\",\"description\":\"L\u00e9sions M\u00e9dullaires Ontario respecte votre droit \u00e0 la vie priv\u00e9e et il est important pour nous que votre vie priv\u00e9e soit prot\u00e9g\u00e9e. Lisez la politique compl\u00e8te ici.\",\"breadcrumb\":{\"@id\":\"https:\\\/\\\/www.sciontario.org\\\/fr\\\/politique-de-confidentialite\\\/#breadcrumb\"},\"inLanguage\":\"fr-FR\",\"potentialAction\":[{\"@type\":\"ReadAction\",\"target\":[\"https:\\\/\\\/www.sciontario.org\\\/fr\\\/politique-de-confidentialite\\\/\"]}]},{\"@type\":\"BreadcrumbList\",\"@id\":\"https:\\\/\\\/www.sciontario.org\\\/fr\\\/politique-de-confidentialite\\\/#breadcrumb\",\"itemListElement\":[{\"@type\":\"ListItem\",\"position\":1,\"name\":\"Home\",\"item\":\"https:\\\/\\\/www.sciontario.org\\\/fr\\\/\"},{\"@type\":\"ListItem\",\"position\":2,\"name\":\"Politique de confidentialit\u00e9\"}]},{\"@type\":\"WebSite\",\"@id\":\"https:\\\/\\\/www.sciontario.org\\\/fr\\\/#website\",\"url\":\"https:\\\/\\\/www.sciontario.org\\\/fr\\\/\",\"name\":\"Spinal Cord Injury Ontario | Supporting and advocating for and with people with a disability.\",\"description\":\"We serve, support and advocate for and with people with a disability in Ontario.\",\"publisher\":{\"@id\":\"https:\\\/\\\/www.sciontario.org\\\/fr\\\/#organization\"},\"potentialAction\":[{\"@type\":\"SearchAction\",\"target\":{\"@type\":\"EntryPoint\",\"urlTemplate\":\"https:\\\/\\\/www.sciontario.org\\\/fr\\\/?s={search_term_string}\"},\"query-input\":{\"@type\":\"PropertyValueSpecification\",\"valueRequired\":true,\"valueName\":\"search_term_string\"}}],\"inLanguage\":\"fr-FR\"},{\"@type\":\"Organization\",\"@id\":\"https:\\\/\\\/www.sciontario.org\\\/fr\\\/#organization\",\"name\":\"Spinal Cord Injury Ontario\",\"url\":\"https:\\\/\\\/www.sciontario.org\\\/fr\\\/\",\"logo\":{\"@type\":\"ImageObject\",\"inLanguage\":\"fr-FR\",\"@id\":\"https:\\\/\\\/www.sciontario.org\\\/fr\\\/#\\\/schema\\\/logo\\\/image\\\/\",\"url\":\"https:\\\/\\\/www.sciontario.org\\\/wp-content\\\/uploads\\\/SCIO_EN_FR_STD_HORIZ_CMYK.png\",\"contentUrl\":\"https:\\\/\\\/www.sciontario.org\\\/wp-content\\\/uploads\\\/SCIO_EN_FR_STD_HORIZ_CMYK.png\",\"width\":600,\"height\":160,\"caption\":\"Spinal Cord Injury Ontario\"},\"image\":{\"@id\":\"https:\\\/\\\/www.sciontario.org\\\/fr\\\/#\\\/schema\\\/logo\\\/image\\\/\"},\"sameAs\":[\"https:\\\/\\\/www.facebook.com\\\/pages\\\/Canadian-Paraplegic-Association-SCI-Ontario\\\/198786166801432\",\"https:\\\/\\\/x.com\\\/sci_ontario\",\"https:\\\/\\\/www.instagram.com\\\/sci_ontario\",\"https:\\\/\\\/ca.linkedin.com\\\/company\\\/spinal-cord-injury-ontario\"]}]}<\/script>\n<!-- \/ Yoast SEO Premium plugin. -->","yoast_head_json":{"title":"L\u00e9sions M\u00e9dullaires Ontario - Politique de confidentialit\u00e9","description":"L\u00e9sions M\u00e9dullaires Ontario respecte votre droit \u00e0 la vie priv\u00e9e et il est important pour nous que votre vie priv\u00e9e soit prot\u00e9g\u00e9e. Lisez la politique compl\u00e8te ici.","robots":{"index":"index","follow":"follow","max-snippet":"max-snippet:-1","max-image-preview":"max-image-preview:large","max-video-preview":"max-video-preview:-1"},"canonical":"https:\/\/www.sciontario.org\/fr\/politique-de-confidentialite\/","og_locale":"fr_FR","og_type":"article","og_title":"Politique de confidentialit\u00e9","og_description":"L\u00e9sions M\u00e9dullaires Ontario respecte votre droit \u00e0 la vie priv\u00e9e et il est important pour nous que votre vie priv\u00e9e soit prot\u00e9g\u00e9e. Lisez la politique compl\u00e8te ici.","og_url":"https:\/\/www.sciontario.org\/fr\/politique-de-confidentialite\/","og_site_name":"Spinal Cord Injury Ontario | Supporting and advocating for and with people with a disability.","article_publisher":"https:\/\/www.facebook.com\/pages\/Canadian-Paraplegic-Association-SCI-Ontario\/198786166801432","article_modified_time":"2024-08-08T15:59:25+00:00","twitter_card":"summary_large_image","twitter_site":"@sci_ontario","twitter_misc":{"Dur\u00e9e de lecture estim\u00e9e":"9 minutes"},"schema":{"@context":"https:\/\/schema.org","@graph":[{"@type":"WebPage","@id":"https:\/\/www.sciontario.org\/fr\/politique-de-confidentialite\/","url":"https:\/\/www.sciontario.org\/fr\/politique-de-confidentialite\/","name":"L\u00e9sions M\u00e9dullaires Ontario - Politique de confidentialit\u00e9","isPartOf":{"@id":"https:\/\/www.sciontario.org\/fr\/#website"},"datePublished":"2018-04-19T18:33:03+00:00","dateModified":"2024-08-08T15:59:25+00:00","description":"L\u00e9sions M\u00e9dullaires Ontario respecte votre droit \u00e0 la vie priv\u00e9e et il est important pour nous que votre vie priv\u00e9e soit prot\u00e9g\u00e9e. Lisez la politique compl\u00e8te ici.","breadcrumb":{"@id":"https:\/\/www.sciontario.org\/fr\/politique-de-confidentialite\/#breadcrumb"},"inLanguage":"fr-FR","potentialAction":[{"@type":"ReadAction","target":["https:\/\/www.sciontario.org\/fr\/politique-de-confidentialite\/"]}]},{"@type":"BreadcrumbList","@id":"https:\/\/www.sciontario.org\/fr\/politique-de-confidentialite\/#breadcrumb","itemListElement":[{"@type":"ListItem","position":1,"name":"Home","item":"https:\/\/www.sciontario.org\/fr\/"},{"@type":"ListItem","position":2,"name":"Politique de confidentialit\u00e9"}]},{"@type":"WebSite","@id":"https:\/\/www.sciontario.org\/fr\/#website","url":"https:\/\/www.sciontario.org\/fr\/","name":"Spinal Cord Injury Ontario | Supporting and advocating for and with people with a disability.","description":"We serve, support and advocate for and with people with a disability in Ontario.","publisher":{"@id":"https:\/\/www.sciontario.org\/fr\/#organization"},"potentialAction":[{"@type":"SearchAction","target":{"@type":"EntryPoint","urlTemplate":"https:\/\/www.sciontario.org\/fr\/?s={search_term_string}"},"query-input":{"@type":"PropertyValueSpecification","valueRequired":true,"valueName":"search_term_string"}}],"inLanguage":"fr-FR"},{"@type":"Organization","@id":"https:\/\/www.sciontario.org\/fr\/#organization","name":"Spinal Cord Injury Ontario","url":"https:\/\/www.sciontario.org\/fr\/","logo":{"@type":"ImageObject","inLanguage":"fr-FR","@id":"https:\/\/www.sciontario.org\/fr\/#\/schema\/logo\/image\/","url":"https:\/\/www.sciontario.org\/wp-content\/uploads\/SCIO_EN_FR_STD_HORIZ_CMYK.png","contentUrl":"https:\/\/www.sciontario.org\/wp-content\/uploads\/SCIO_EN_FR_STD_HORIZ_CMYK.png","width":600,"height":160,"caption":"Spinal Cord Injury Ontario"},"image":{"@id":"https:\/\/www.sciontario.org\/fr\/#\/schema\/logo\/image\/"},"sameAs":["https:\/\/www.facebook.com\/pages\/Canadian-Paraplegic-Association-SCI-Ontario\/198786166801432","https:\/\/x.com\/sci_ontario","https:\/\/www.instagram.com\/sci_ontario","https:\/\/ca.linkedin.com\/company\/spinal-cord-injury-ontario"]}]}},"publishpress_future_action":{"enabled":false,"date":"2026-04-15 10:34:11","action":"change-status","newStatus":"draft","terms":[],"taxonomy":"category","extraData":[]},"publishpress_future_workflow_manual_trigger":{"enabledWorkflows":[]},"_links":{"self":[{"href":"https:\/\/www.sciontario.org\/fr\/wp-json\/wp\/v2\/pages\/22217","targetHints":{"allow":["GET"]}}],"collection":[{"href":"https:\/\/www.sciontario.org\/fr\/wp-json\/wp\/v2\/pages"}],"about":[{"href":"https:\/\/www.sciontario.org\/fr\/wp-json\/wp\/v2\/types\/page"}],"author":[{"embeddable":true,"href":"https:\/\/www.sciontario.org\/fr\/wp-json\/wp\/v2\/users\/4"}],"replies":[{"embeddable":true,"href":"https:\/\/www.sciontario.org\/fr\/wp-json\/wp\/v2\/comments?post=22217"}],"version-history":[{"count":0,"href":"https:\/\/www.sciontario.org\/fr\/wp-json\/wp\/v2\/pages\/22217\/revisions"}],"wp:attachment":[{"href":"https:\/\/www.sciontario.org\/fr\/wp-json\/wp\/v2\/media?parent=22217"}],"wp:term":[{"taxonomy":"category","embeddable":true,"href":"https:\/\/www.sciontario.org\/fr\/wp-json\/wp\/v2\/categories?post=22217"},{"taxonomy":"post_tag","embeddable":true,"href":"https:\/\/www.sciontario.org\/fr\/wp-json\/wp\/v2\/tags?post=22217"}],"curies":[{"name":"wp","href":"https:\/\/api.w.org\/{rel}","templated":true}]}}