{"id":22214,"date":"2018-05-04T15:48:37","date_gmt":"2018-05-04T19:48:37","guid":{"rendered":"http:\/\/www.sciontario.org\/a-propos\/rejoignez-notre-communaute\/"},"modified":"2024-08-08T11:39:51","modified_gmt":"2024-08-08T15:39:51","slug":"rejoignez-notre-communaute","status":"publish","type":"page","link":"https:\/\/www.sciontario.org\/fr\/a-propos\/rejoignez-notre-communaute\/","title":{"rendered":"Rejoignez notre communaut\u00e9"},"content":{"rendered":"\t\t<div data-elementor-type=\"wp-page\" data-elementor-id=\"22214\" class=\"elementor elementor-22214 elementor-287\" wpc-filter-elementor-widget=\"1\" data-elementor-post-type=\"page\">\n\t\t\t\t<div class=\"elementor-element elementor-element-3f46b8ff e-flex e-con-boxed e-con e-parent\" data-id=\"3f46b8ff\" data-element_type=\"container\" data-e-type=\"container\" data-settings=\"{&quot;background_background&quot;:&quot;classic&quot;}\">\n\t\t\t\t\t<div class=\"e-con-inner\">\n\t\t<div class=\"elementor-element elementor-element-5dbca553 e-con-full e-flex e-con e-child\" data-id=\"5dbca553\" data-element_type=\"container\" data-e-type=\"container\">\n\t\t\t\t<div class=\"elementor-element elementor-element-97bf882 elementor-widget elementor-widget-heading\" data-id=\"97bf882\" data-element_type=\"widget\" data-e-type=\"widget\" data-widget_type=\"heading.default\">\n\t\t\t\t<div class=\"elementor-widget-container\">\n\t\t\t\t\t<p class=\"elementor-heading-title elementor-size-default\">Qui sommes-nous ?<\/p>\t\t\t\t<\/div>\n\t\t\t\t<\/div>\n\t\t\t\t<div class=\"elementor-element elementor-element-75960d4d elementor-widget elementor-widget-heading\" data-id=\"75960d4d\" data-element_type=\"widget\" data-e-type=\"widget\" data-widget_type=\"heading.default\">\n\t\t\t\t<div class=\"elementor-widget-container\">\n\t\t\t\t\t<h1 class=\"elementor-heading-title elementor-size-default\">Rejoignez notre communaut\u00e9<\/h1>\t\t\t\t<\/div>\n\t\t\t\t<\/div>\n\t\t\t\t<\/div>\n\t\t<div class=\"elementor-element elementor-element-7d3b7563 e-con-full elementor-hidden-mobile e-flex e-con e-child\" data-id=\"7d3b7563\" data-element_type=\"container\" data-e-type=\"container\">\n\t\t\t\t<\/div>\n\t\t\t\t\t<\/div>\n\t\t\t\t<\/div>\n\t\t<div class=\"elementor-element elementor-element-a04e9ea e-flex e-con-boxed e-con e-parent\" data-id=\"a04e9ea\" data-element_type=\"container\" data-e-type=\"container\" data-settings=\"{&quot;background_background&quot;:&quot;classic&quot;}\">\n\t\t\t\t\t<div class=\"e-con-inner\">\n\t\t<div class=\"elementor-element elementor-element-6071b070 e-con-full e-flex e-con e-child\" data-id=\"6071b070\" data-element_type=\"container\" data-e-type=\"container\">\n\t\t\t\t<div class=\"elementor-element elementor-element-1b6d4f46 elementor-widget elementor-widget-text-editor\" data-id=\"1b6d4f46\" data-element_type=\"widget\" data-e-type=\"widget\" data-widget_type=\"text-editor.default\">\n\t\t\t\t<div class=\"elementor-widget-container\">\n\t\t\t\t\t\t\t\t\t<p>Il suffit de dire \u00ab Oui ! Inscrivez-moi ! \u00bb pour am\u00e9liorer l&rsquo;accessibilit\u00e9 en Ontario et nous aider \u00e0 servir, soutenir et d\u00e9fendre les personnes souffrant de l\u00e9sions de la moelle \u00e9pini\u00e8re et d&rsquo;autres handicaps.<br \/>L&rsquo;union fait la force.<\/p>\n\t\t\t\t\t\t\t\t<\/div>\n\t\t\t\t<\/div>\n\t\t\t\t<div class=\"elementor-element elementor-element-3bcd0744 elementor-widget elementor-widget-text-editor\" data-id=\"3bcd0744\" data-element_type=\"widget\" data-e-type=\"widget\" data-widget_type=\"text-editor.default\">\n\t\t\t\t<div class=\"elementor-widget-container\">\n\t\t\t\t\t\t\t\t\t<p style=\"text-align: left;\"><span style=\"font-weight: 400;\"><strong>Si vous \u00eates client de LMO, vous \u00eates d\u00e9j\u00e0 un membre important de notre communaut\u00e9. <\/strong><\/span><\/p>\n<p style=\"text-align: left;\"><span style=\"font-weight: 400;\"><strong>Pour tous les autres, en rejoignant notre communaut\u00e9, vous nous dites, ainsi qu&rsquo;au monde entier, que vous voulez cr\u00e9er un Ontario plus inclusif.<\/strong> Inscrivez-vous pour recevoir notre bulletin \u00e9lectronique mensuel et vous serez tenu au courant de nos \u00e9v\u00e9nements et de nos initiatives importantes. Nous ne vous bombarderons pas ! Et vous pouvez vous d\u00e9sabonner \u00e0 tout moment.    <\/span><\/p>\n\t\t\t\t\t\t\t\t<\/div>\n\t\t\t\t<\/div>\n\t\t\t\t<div class=\"elementor-element elementor-element-fe61324 trigger-newsletter elementor-mobile-align-center elementor-widget elementor-widget-button\" data-id=\"fe61324\" data-element_type=\"widget\" data-e-type=\"widget\" data-widget_type=\"button.default\">\n\t\t\t\t<div class=\"elementor-widget-container\">\n\t\t\t\t\t\t\t\t\t<div class=\"elementor-button-wrapper\">\n\t\t\t\t\t<a class=\"elementor-button elementor-button-link elementor-size-sm\" href=\"#elementor-action%3Aaction%3Dpopup%3Aopen%26settings%3DeyJpZCI6MjI0MDcsInRvZ2dsZSI6ZmFsc2V9\">\n\t\t\t\t\t\t<span class=\"elementor-button-content-wrapper\">\n\t\t\t\t\t\t\t\t\t<span class=\"elementor-button-text\">Oui ! Inscrivez-moi ! <\/span>\n\t\t\t\t\t<\/span>\n\t\t\t\t\t<\/a>\n\t\t\t\t<\/div>\n\t\t\t\t\t\t\t\t<\/div>\n\t\t\t\t<\/div>\n\t\t\t\t<div class=\"elementor-element elementor-element-3a9c829 elementor-widget elementor-widget-heading\" data-id=\"3a9c829\" data-element_type=\"widget\" data-e-type=\"widget\" data-widget_type=\"heading.default\">\n\t\t\t\t<div class=\"elementor-widget-container\">\n\t\t\t\t\t<h2 class=\"elementor-heading-title elementor-size-default\">Qui est notre communaut\u00e9 ?<\/h2>\t\t\t\t<\/div>\n\t\t\t\t<\/div>\n\t\t\t\t<div class=\"elementor-element elementor-element-61e1353 elementor-widget elementor-widget-text-editor\" data-id=\"61e1353\" data-element_type=\"widget\" data-e-type=\"widget\" data-widget_type=\"text-editor.default\">\n\t\t\t\t<div class=\"elementor-widget-container\">\n\t\t\t\t\t\t\t\t\t<strong>Il s&rsquo;agit de personnes qui croient en notre travail et qui ont un int\u00e9r\u00eat ou un r\u00f4le \u00e0 jouer dans l&rsquo;am\u00e9lioration de la vie des personnes atteintes d&rsquo;une l\u00e9sion m\u00e9dullaire et d&rsquo;autres handicaps en Ontario. <\/strong><em>Tels<\/em><span style=\"font-weight: 400;\">que&#8230; les personnes atteintes d&rsquo;une l\u00e9sion de la moelle \u00e9pini\u00e8re (LM), les <\/span><span style=\"font-weight: 400;\">membres de la famille des personnes atteintes d&rsquo;une LM, les personnes ayant d&rsquo;autres handicaps, nos b\u00e9n\u00e9voles, les clients de LMO, les donateurs, le personnel, les partenaires de la communaut\u00e9 et des entreprises.<\/span> Inscrivez-vous et nous confirmerons, ou communiquez avec nous \u00e0 <a href=\"mailto:info@sciontario.org\">info@sciontario.org.<\/a>\t\t\t\t\t\t\t\t<\/div>\n\t\t\t\t<\/div>\n\t\t\t\t<\/div>\n\t\t<div class=\"elementor-element elementor-element-23bbe27e e-con-full e-flex e-con e-child\" data-id=\"23bbe27e\" data-element_type=\"container\" data-e-type=\"container\">\n\t\t<div class=\"elementor-element elementor-element-48cbe00c e-flex e-con-boxed e-con e-child\" data-id=\"48cbe00c\" data-element_type=\"container\" data-e-type=\"container\" data-settings=\"{&quot;background_background&quot;:&quot;classic&quot;}\">\n\t\t\t\t\t<div class=\"e-con-inner\">\n\t\t\t\t<div class=\"elementor-element elementor-element-2a27800 elementor-widget elementor-widget-image\" data-id=\"2a27800\" data-element_type=\"widget\" data-e-type=\"widget\" data-widget_type=\"image.default\">\n\t\t\t\t<div class=\"elementor-widget-container\">\n\t\t\t\t\t\t\t\t\t\t\t\t\t\t\t<img fetchpriority=\"high\" decoding=\"async\" width=\"965\" height=\"472\" src=\"https:\/\/www.sciontario.org\/wp-content\/uploads\/join-us-image.jpg\" class=\"attachment-full size-full wp-image-20882\" alt=\"\" srcset=\"https:\/\/www.sciontario.org\/wp-content\/uploads\/join-us-image.jpg 965w, https:\/\/www.sciontario.org\/wp-content\/uploads\/join-us-image-300x147.jpg 300w, https:\/\/www.sciontario.org\/wp-content\/uploads\/join-us-image-768x376.jpg 768w\" sizes=\"(max-width: 965px) 100vw, 965px\" \/>\t\t\t\t\t\t\t\t\t\t\t\t\t\t\t<\/div>\n\t\t\t\t<\/div>\n\t\t\t\t\t<\/div>\n\t\t\t\t<\/div>\n\t\t\t\t<\/div>\n\t\t\t\t\t<\/div>\n\t\t\t\t<\/div>\n\t\t\t\t<\/div>\n\t\t","protected":false},"excerpt":{"rendered":"<p>Qui sommes-nous ? Rejoignez notre communaut\u00e9 Il suffit de dire \u00ab Oui ! Inscrivez-moi ! \u00bb pour am\u00e9liorer l&rsquo;accessibilit\u00e9 en Ontario et nous aider \u00e0 servir, soutenir et d\u00e9fendre les personnes souffrant de l\u00e9sions de la moelle \u00e9pini\u00e8re et d&rsquo;autres handicaps. L&rsquo;union fait la force. Si vous \u00eates client de LMO, vous \u00eates d\u00e9j\u00e0 un [&hellip;]<\/p>\n","protected":false},"author":4,"featured_media":21855,"parent":21845,"menu_order":0,"comment_status":"closed","ping_status":"closed","template":"","meta":{"_acf_changed":false,"footnotes":"","_links_to":"","_links_to_target":""},"categories":[],"tags":[],"class_list":["post-22214","page","type-page","status-publish","has-post-thumbnail","hentry"],"acf":[],"yoast_head":"<!-- This site is optimized with the Yoast SEO Premium plugin v27.3 (Yoast SEO v27.3) - https:\/\/yoast.com\/product\/yoast-seo-premium-wordpress\/ -->\n<title>L\u00e9sions M\u00e9dullaires Ontario - Rejoignez notre communaut\u00e9<\/title>\n<meta name=\"description\" content=\"Si vous \u00eates en phase avec notre mission et notre vision, vous \u00eates un membre bienvenu de notre communaut\u00e9. Il n&#039;y a pas de frais d&#039;adh\u00e9sion \u00e0 payer ni de demande \u00e0 remplir. Faites-nous simplement part de votre int\u00e9r\u00eat et nous vous contacterons pour vous parler de notre travail, tout en respectant votre vie priv\u00e9e et vos pr\u00e9f\u00e9rences en mati\u00e8re de communication. Rejoignez-nous d\u00e8s maintenant !\" \/>\n<meta name=\"robots\" content=\"index, follow, max-snippet:-1, max-image-preview:large, max-video-preview:-1\" \/>\n<link rel=\"canonical\" href=\"https:\/\/www.sciontario.org\/fr\/a-propos\/rejoignez-notre-communaute\/\" \/>\n<meta property=\"og:locale\" content=\"fr_FR\" \/>\n<meta property=\"og:type\" content=\"article\" \/>\n<meta property=\"og:title\" content=\"Rejoignez notre communaut\u00e9\" \/>\n<meta property=\"og:description\" content=\"Si vous \u00eates en phase avec notre mission et notre vision, vous \u00eates un membre bienvenu de notre communaut\u00e9. Il n&#039;y a pas de frais d&#039;adh\u00e9sion \u00e0 payer ni de demande \u00e0 remplir. Faites-nous simplement part de votre int\u00e9r\u00eat et nous vous contacterons pour vous parler de notre travail, tout en respectant votre vie priv\u00e9e et vos pr\u00e9f\u00e9rences en mati\u00e8re de communication. Rejoignez-nous d\u00e8s maintenant !\" \/>\n<meta property=\"og:url\" content=\"https:\/\/www.sciontario.org\/fr\/a-propos\/rejoignez-notre-communaute\/\" \/>\n<meta property=\"og:site_name\" content=\"Spinal Cord Injury Ontario | Supporting and advocating for and with people with a disability.\" \/>\n<meta property=\"article:publisher\" content=\"https:\/\/www.facebook.com\/pages\/Canadian-Paraplegic-Association-SCI-Ontario\/198786166801432\" \/>\n<meta property=\"article:modified_time\" content=\"2024-08-08T15:39:51+00:00\" \/>\n<meta property=\"og:image\" content=\"https:\/\/www.sciontario.org\/wp-content\/uploads\/2019\/02\/join-us.jpg\" \/>\n\t<meta property=\"og:image:width\" content=\"873\" \/>\n\t<meta property=\"og:image:height\" content=\"336\" \/>\n\t<meta property=\"og:image:type\" content=\"image\/jpeg\" \/>\n<meta name=\"twitter:card\" content=\"summary_large_image\" \/>\n<meta name=\"twitter:site\" content=\"@sci_ontario\" \/>\n<meta name=\"twitter:label1\" content=\"Dur\u00e9e de lecture estim\u00e9e\" \/>\n\t<meta name=\"twitter:data1\" content=\"2 minutes\" \/>\n<script type=\"application\/ld+json\" class=\"yoast-schema-graph\">{\"@context\":\"https:\\\/\\\/schema.org\",\"@graph\":[{\"@type\":\"WebPage\",\"@id\":\"https:\\\/\\\/www.sciontario.org\\\/fr\\\/a-propos\\\/rejoignez-notre-communaute\\\/\",\"url\":\"https:\\\/\\\/www.sciontario.org\\\/fr\\\/a-propos\\\/rejoignez-notre-communaute\\\/\",\"name\":\"L\u00e9sions M\u00e9dullaires Ontario - Rejoignez notre communaut\u00e9\",\"isPartOf\":{\"@id\":\"https:\\\/\\\/www.sciontario.org\\\/fr\\\/#website\"},\"primaryImageOfPage\":{\"@id\":\"https:\\\/\\\/www.sciontario.org\\\/fr\\\/a-propos\\\/rejoignez-notre-communaute\\\/#primaryimage\"},\"image\":{\"@id\":\"https:\\\/\\\/www.sciontario.org\\\/fr\\\/a-propos\\\/rejoignez-notre-communaute\\\/#primaryimage\"},\"thumbnailUrl\":\"https:\\\/\\\/www.sciontario.org\\\/wp-content\\\/uploads\\\/2019\\\/02\\\/join-us.jpg\",\"datePublished\":\"2018-05-04T19:48:37+00:00\",\"dateModified\":\"2024-08-08T15:39:51+00:00\",\"description\":\"Si vous \u00eates en phase avec notre mission et notre vision, vous \u00eates un membre bienvenu de notre communaut\u00e9. Il n'y a pas de frais d'adh\u00e9sion \u00e0 payer ni de demande \u00e0 remplir. Faites-nous simplement part de votre int\u00e9r\u00eat et nous vous contacterons pour vous parler de notre travail, tout en respectant votre vie priv\u00e9e et vos pr\u00e9f\u00e9rences en mati\u00e8re de communication. Rejoignez-nous d\u00e8s maintenant !\",\"breadcrumb\":{\"@id\":\"https:\\\/\\\/www.sciontario.org\\\/fr\\\/a-propos\\\/rejoignez-notre-communaute\\\/#breadcrumb\"},\"inLanguage\":\"fr-FR\",\"potentialAction\":[{\"@type\":\"ReadAction\",\"target\":[\"https:\\\/\\\/www.sciontario.org\\\/fr\\\/a-propos\\\/rejoignez-notre-communaute\\\/\"]}]},{\"@type\":\"ImageObject\",\"inLanguage\":\"fr-FR\",\"@id\":\"https:\\\/\\\/www.sciontario.org\\\/fr\\\/a-propos\\\/rejoignez-notre-communaute\\\/#primaryimage\",\"url\":\"https:\\\/\\\/www.sciontario.org\\\/wp-content\\\/uploads\\\/2019\\\/02\\\/join-us.jpg\",\"contentUrl\":\"https:\\\/\\\/www.sciontario.org\\\/wp-content\\\/uploads\\\/2019\\\/02\\\/join-us.jpg\",\"width\":873,\"height\":336},{\"@type\":\"BreadcrumbList\",\"@id\":\"https:\\\/\\\/www.sciontario.org\\\/fr\\\/a-propos\\\/rejoignez-notre-communaute\\\/#breadcrumb\",\"itemListElement\":[{\"@type\":\"ListItem\",\"position\":1,\"name\":\"Home\",\"item\":\"https:\\\/\\\/www.sciontario.org\\\/fr\\\/\"},{\"@type\":\"ListItem\",\"position\":2,\"name\":\"\u00c0 propos\",\"item\":\"https:\\\/\\\/www.sciontario.org\\\/fr\\\/a-propos\\\/\"},{\"@type\":\"ListItem\",\"position\":3,\"name\":\"Rejoignez notre communaut\u00e9\"}]},{\"@type\":\"WebSite\",\"@id\":\"https:\\\/\\\/www.sciontario.org\\\/fr\\\/#website\",\"url\":\"https:\\\/\\\/www.sciontario.org\\\/fr\\\/\",\"name\":\"Spinal Cord Injury Ontario | Supporting and advocating for and with people with a disability.\",\"description\":\"We serve, support and advocate for and with people with a disability in Ontario.\",\"publisher\":{\"@id\":\"https:\\\/\\\/www.sciontario.org\\\/fr\\\/#organization\"},\"potentialAction\":[{\"@type\":\"SearchAction\",\"target\":{\"@type\":\"EntryPoint\",\"urlTemplate\":\"https:\\\/\\\/www.sciontario.org\\\/fr\\\/?s={search_term_string}\"},\"query-input\":{\"@type\":\"PropertyValueSpecification\",\"valueRequired\":true,\"valueName\":\"search_term_string\"}}],\"inLanguage\":\"fr-FR\"},{\"@type\":\"Organization\",\"@id\":\"https:\\\/\\\/www.sciontario.org\\\/fr\\\/#organization\",\"name\":\"Spinal Cord Injury Ontario\",\"url\":\"https:\\\/\\\/www.sciontario.org\\\/fr\\\/\",\"logo\":{\"@type\":\"ImageObject\",\"inLanguage\":\"fr-FR\",\"@id\":\"https:\\\/\\\/www.sciontario.org\\\/fr\\\/#\\\/schema\\\/logo\\\/image\\\/\",\"url\":\"https:\\\/\\\/www.sciontario.org\\\/wp-content\\\/uploads\\\/SCIO_EN_FR_STD_HORIZ_CMYK.png\",\"contentUrl\":\"https:\\\/\\\/www.sciontario.org\\\/wp-content\\\/uploads\\\/SCIO_EN_FR_STD_HORIZ_CMYK.png\",\"width\":600,\"height\":160,\"caption\":\"Spinal Cord Injury Ontario\"},\"image\":{\"@id\":\"https:\\\/\\\/www.sciontario.org\\\/fr\\\/#\\\/schema\\\/logo\\\/image\\\/\"},\"sameAs\":[\"https:\\\/\\\/www.facebook.com\\\/pages\\\/Canadian-Paraplegic-Association-SCI-Ontario\\\/198786166801432\",\"https:\\\/\\\/x.com\\\/sci_ontario\",\"https:\\\/\\\/www.instagram.com\\\/sci_ontario\",\"https:\\\/\\\/ca.linkedin.com\\\/company\\\/spinal-cord-injury-ontario\"]}]}<\/script>\n<!-- \/ Yoast SEO Premium plugin. -->","yoast_head_json":{"title":"L\u00e9sions M\u00e9dullaires Ontario - Rejoignez notre communaut\u00e9","description":"Si vous \u00eates en phase avec notre mission et notre vision, vous \u00eates un membre bienvenu de notre communaut\u00e9. Il n'y a pas de frais d'adh\u00e9sion \u00e0 payer ni de demande \u00e0 remplir. Faites-nous simplement part de votre int\u00e9r\u00eat et nous vous contacterons pour vous parler de notre travail, tout en respectant votre vie priv\u00e9e et vos pr\u00e9f\u00e9rences en mati\u00e8re de communication. Rejoignez-nous d\u00e8s maintenant !","robots":{"index":"index","follow":"follow","max-snippet":"max-snippet:-1","max-image-preview":"max-image-preview:large","max-video-preview":"max-video-preview:-1"},"canonical":"https:\/\/www.sciontario.org\/fr\/a-propos\/rejoignez-notre-communaute\/","og_locale":"fr_FR","og_type":"article","og_title":"Rejoignez notre communaut\u00e9","og_description":"Si vous \u00eates en phase avec notre mission et notre vision, vous \u00eates un membre bienvenu de notre communaut\u00e9. Il n'y a pas de frais d'adh\u00e9sion \u00e0 payer ni de demande \u00e0 remplir. Faites-nous simplement part de votre int\u00e9r\u00eat et nous vous contacterons pour vous parler de notre travail, tout en respectant votre vie priv\u00e9e et vos pr\u00e9f\u00e9rences en mati\u00e8re de communication. Rejoignez-nous d\u00e8s maintenant !","og_url":"https:\/\/www.sciontario.org\/fr\/a-propos\/rejoignez-notre-communaute\/","og_site_name":"Spinal Cord Injury Ontario | Supporting and advocating for and with people with a disability.","article_publisher":"https:\/\/www.facebook.com\/pages\/Canadian-Paraplegic-Association-SCI-Ontario\/198786166801432","article_modified_time":"2024-08-08T15:39:51+00:00","og_image":[{"width":873,"height":336,"url":"https:\/\/www.sciontario.org\/wp-content\/uploads\/2019\/02\/join-us.jpg","type":"image\/jpeg"}],"twitter_card":"summary_large_image","twitter_site":"@sci_ontario","twitter_misc":{"Dur\u00e9e de lecture estim\u00e9e":"2 minutes"},"schema":{"@context":"https:\/\/schema.org","@graph":[{"@type":"WebPage","@id":"https:\/\/www.sciontario.org\/fr\/a-propos\/rejoignez-notre-communaute\/","url":"https:\/\/www.sciontario.org\/fr\/a-propos\/rejoignez-notre-communaute\/","name":"L\u00e9sions M\u00e9dullaires Ontario - Rejoignez notre communaut\u00e9","isPartOf":{"@id":"https:\/\/www.sciontario.org\/fr\/#website"},"primaryImageOfPage":{"@id":"https:\/\/www.sciontario.org\/fr\/a-propos\/rejoignez-notre-communaute\/#primaryimage"},"image":{"@id":"https:\/\/www.sciontario.org\/fr\/a-propos\/rejoignez-notre-communaute\/#primaryimage"},"thumbnailUrl":"https:\/\/www.sciontario.org\/wp-content\/uploads\/2019\/02\/join-us.jpg","datePublished":"2018-05-04T19:48:37+00:00","dateModified":"2024-08-08T15:39:51+00:00","description":"Si vous \u00eates en phase avec notre mission et notre vision, vous \u00eates un membre bienvenu de notre communaut\u00e9. Il n'y a pas de frais d'adh\u00e9sion \u00e0 payer ni de demande \u00e0 remplir. Faites-nous simplement part de votre int\u00e9r\u00eat et nous vous contacterons pour vous parler de notre travail, tout en respectant votre vie priv\u00e9e et vos pr\u00e9f\u00e9rences en mati\u00e8re de communication. Rejoignez-nous d\u00e8s maintenant !","breadcrumb":{"@id":"https:\/\/www.sciontario.org\/fr\/a-propos\/rejoignez-notre-communaute\/#breadcrumb"},"inLanguage":"fr-FR","potentialAction":[{"@type":"ReadAction","target":["https:\/\/www.sciontario.org\/fr\/a-propos\/rejoignez-notre-communaute\/"]}]},{"@type":"ImageObject","inLanguage":"fr-FR","@id":"https:\/\/www.sciontario.org\/fr\/a-propos\/rejoignez-notre-communaute\/#primaryimage","url":"https:\/\/www.sciontario.org\/wp-content\/uploads\/2019\/02\/join-us.jpg","contentUrl":"https:\/\/www.sciontario.org\/wp-content\/uploads\/2019\/02\/join-us.jpg","width":873,"height":336},{"@type":"BreadcrumbList","@id":"https:\/\/www.sciontario.org\/fr\/a-propos\/rejoignez-notre-communaute\/#breadcrumb","itemListElement":[{"@type":"ListItem","position":1,"name":"Home","item":"https:\/\/www.sciontario.org\/fr\/"},{"@type":"ListItem","position":2,"name":"\u00c0 propos","item":"https:\/\/www.sciontario.org\/fr\/a-propos\/"},{"@type":"ListItem","position":3,"name":"Rejoignez notre communaut\u00e9"}]},{"@type":"WebSite","@id":"https:\/\/www.sciontario.org\/fr\/#website","url":"https:\/\/www.sciontario.org\/fr\/","name":"Spinal Cord Injury Ontario | Supporting and advocating for and with people with a disability.","description":"We serve, support and advocate for and with people with a disability in Ontario.","publisher":{"@id":"https:\/\/www.sciontario.org\/fr\/#organization"},"potentialAction":[{"@type":"SearchAction","target":{"@type":"EntryPoint","urlTemplate":"https:\/\/www.sciontario.org\/fr\/?s={search_term_string}"},"query-input":{"@type":"PropertyValueSpecification","valueRequired":true,"valueName":"search_term_string"}}],"inLanguage":"fr-FR"},{"@type":"Organization","@id":"https:\/\/www.sciontario.org\/fr\/#organization","name":"Spinal Cord Injury Ontario","url":"https:\/\/www.sciontario.org\/fr\/","logo":{"@type":"ImageObject","inLanguage":"fr-FR","@id":"https:\/\/www.sciontario.org\/fr\/#\/schema\/logo\/image\/","url":"https:\/\/www.sciontario.org\/wp-content\/uploads\/SCIO_EN_FR_STD_HORIZ_CMYK.png","contentUrl":"https:\/\/www.sciontario.org\/wp-content\/uploads\/SCIO_EN_FR_STD_HORIZ_CMYK.png","width":600,"height":160,"caption":"Spinal Cord Injury Ontario"},"image":{"@id":"https:\/\/www.sciontario.org\/fr\/#\/schema\/logo\/image\/"},"sameAs":["https:\/\/www.facebook.com\/pages\/Canadian-Paraplegic-Association-SCI-Ontario\/198786166801432","https:\/\/x.com\/sci_ontario","https:\/\/www.instagram.com\/sci_ontario","https:\/\/ca.linkedin.com\/company\/spinal-cord-injury-ontario"]}]}},"publishpress_future_action":{"enabled":false,"date":"2026-05-03 05:47:29","action":"change-status","newStatus":"draft","terms":[],"taxonomy":"category","extraData":[]},"publishpress_future_workflow_manual_trigger":{"enabledWorkflows":[]},"_links":{"self":[{"href":"https:\/\/www.sciontario.org\/fr\/wp-json\/wp\/v2\/pages\/22214","targetHints":{"allow":["GET"]}}],"collection":[{"href":"https:\/\/www.sciontario.org\/fr\/wp-json\/wp\/v2\/pages"}],"about":[{"href":"https:\/\/www.sciontario.org\/fr\/wp-json\/wp\/v2\/types\/page"}],"author":[{"embeddable":true,"href":"https:\/\/www.sciontario.org\/fr\/wp-json\/wp\/v2\/users\/4"}],"replies":[{"embeddable":true,"href":"https:\/\/www.sciontario.org\/fr\/wp-json\/wp\/v2\/comments?post=22214"}],"version-history":[{"count":0,"href":"https:\/\/www.sciontario.org\/fr\/wp-json\/wp\/v2\/pages\/22214\/revisions"}],"up":[{"embeddable":true,"href":"https:\/\/www.sciontario.org\/fr\/wp-json\/wp\/v2\/pages\/21845"}],"wp:featuredmedia":[{"embeddable":true,"href":"https:\/\/www.sciontario.org\/fr\/wp-json\/wp\/v2\/media\/21855"}],"wp:attachment":[{"href":"https:\/\/www.sciontario.org\/fr\/wp-json\/wp\/v2\/media?parent=22214"}],"wp:term":[{"taxonomy":"category","embeddable":true,"href":"https:\/\/www.sciontario.org\/fr\/wp-json\/wp\/v2\/categories?post=22214"},{"taxonomy":"post_tag","embeddable":true,"href":"https:\/\/www.sciontario.org\/fr\/wp-json\/wp\/v2\/tags?post=22214"}],"curies":[{"name":"wp","href":"https:\/\/api.w.org\/{rel}","templated":true}]}}