{"id":22210,"date":"2018-04-19T14:33:14","date_gmt":"2018-04-19T18:33:14","guid":{"rendered":"http:\/\/www.sciontario.org\/code-de-conduite-ethique\/"},"modified":"2024-08-08T11:25:51","modified_gmt":"2024-08-08T15:25:51","slug":"code-de-conduite-ethique","status":"publish","type":"page","link":"https:\/\/www.sciontario.org\/fr\/code-de-conduite-ethique\/","title":{"rendered":"Code de conduite \u00e9thique"},"content":{"rendered":"\t\t<div data-elementor-type=\"wp-page\" data-elementor-id=\"22210\" class=\"elementor elementor-22210 elementor-149\" wpc-filter-elementor-widget=\"1\" data-elementor-post-type=\"page\">\n\t\t\t\t<div class=\"elementor-element elementor-element-10da4a0 e-flex e-con-boxed e-con e-parent\" data-id=\"10da4a0\" data-element_type=\"container\" data-e-type=\"container\" data-settings=\"{&quot;background_background&quot;:&quot;classic&quot;}\">\n\t\t\t\t\t<div class=\"e-con-inner\">\n\t\t<div class=\"elementor-element elementor-element-9c38564 e-con-full e-flex e-con e-child\" data-id=\"9c38564\" data-element_type=\"container\" data-e-type=\"container\">\n\t\t<div class=\"elementor-element elementor-element-7274c3f e-con-full e-flex e-con e-child\" data-id=\"7274c3f\" data-element_type=\"container\" data-e-type=\"container\">\n\t\t\t\t<div class=\"elementor-element elementor-element-9ff022e elementor-widget elementor-widget-heading\" data-id=\"9ff022e\" data-element_type=\"widget\" data-e-type=\"widget\" data-widget_type=\"heading.default\">\n\t\t\t\t<div class=\"elementor-widget-container\">\n\t\t\t\t\t<h1 class=\"elementor-heading-title elementor-size-default\">Code de conduite \u00e9thique<\/h1>\t\t\t\t<\/div>\n\t\t\t\t<\/div>\n\t\t\t\t<div class=\"elementor-element elementor-element-831334d elementor-widget elementor-widget-heading\" data-id=\"831334d\" data-element_type=\"widget\" data-e-type=\"widget\" data-widget_type=\"heading.default\">\n\t\t\t\t<div class=\"elementor-widget-container\">\n\t\t\t\t\t<h2 class=\"elementor-heading-title elementor-size-default\">Une question d'int\u00e9grit\u00e9<\/h2>\t\t\t\t<\/div>\n\t\t\t\t<\/div>\n\t\t\t\t<div class=\"elementor-element elementor-element-22e2c67 text-with-list elementor-widget elementor-widget-text-editor\" data-id=\"22e2c67\" data-element_type=\"widget\" data-e-type=\"widget\" data-widget_type=\"text-editor.default\">\n\t\t\t\t<div class=\"elementor-widget-container\">\n\t\t\t\t\t\t\t\t\t<p>L\u00e9sions M\u00e9dullaires Ontario reconna\u00eet son obligation d&rsquo;\u00e9tablir et de maintenir les normes de professionnalisme les plus \u00e9lev\u00e9es et de promouvoir un comportement, des attitudes et des jugements \u00e9thiques de la part de ses employ\u00e9s et de ses b\u00e9n\u00e9voles :<\/p>\n<ul>\n<li>exprimer des principes, des valeurs et des normes \u00e9thiques clairs ;<\/li>\n<li>promouvoir ces normes aupr\u00e8s de toutes les parties prenantes ;<\/li>\n<li>\u00e9laborer et mettre en \u0153uvre des m\u00e9thodes pour aider les employ\u00e9s et les b\u00e9n\u00e9voles \u00e0 contr\u00f4ler leur comportement et leurs attitudes professionnels ;<\/li>\n<li>aider les employ\u00e9s et les b\u00e9n\u00e9voles \u00e0 prendre des d\u00e9cisions \u00e9thiques ; et<\/li>\n<li>offrir la possibilit\u00e9 de discuter de ces questions<\/li>\n<\/ul>\n<p>Les employ\u00e9s et les b\u00e9n\u00e9voles sont tenus de respecter le code d&rsquo;\u00e9thique et de suivre la politique du code de conduite \u00e9thique. Cette politique a pour but de guider les employ\u00e9s et les b\u00e9n\u00e9voles dans la prise de d\u00e9cisions \u00e9thiques et professionnelles dans leur travail quotidien. Le code de d\u00e9ontologie et la politique de conduite \u00e9thique constituent le m\u00e9canisme par lequel les parties prenantes sont prot\u00e9g\u00e9es dans la prestation de services.  <\/p>\n\t\t\t\t\t\t\t\t<\/div>\n\t\t\t\t<\/div>\n\t\t\t\t<div class=\"elementor-element elementor-element-2ea6802 elementor-widget elementor-widget-n-accordion\" data-id=\"2ea6802\" data-element_type=\"widget\" data-e-type=\"widget\" data-settings=\"{&quot;default_state&quot;:&quot;all_collapsed&quot;,&quot;max_items_expended&quot;:&quot;one&quot;,&quot;n_accordion_animation_duration&quot;:{&quot;unit&quot;:&quot;ms&quot;,&quot;size&quot;:400,&quot;sizes&quot;:[]}}\" data-widget_type=\"nested-accordion.default\">\n\t\t\t\t<div class=\"elementor-widget-container\">\n\t\t\t\t\t\t\t<div class=\"e-n-accordion\" aria-label=\"Accordion. Open links with Enter or Space, close with Escape, and navigate with Arrow Keys\">\n\t\t\t\t\t\t<details id=\"e-n-accordion-item-4890\" class=\"e-n-accordion-item\" >\n\t\t\t\t<summary class=\"e-n-accordion-item-title\" data-accordion-index=\"1\" tabindex=\"0\" aria-expanded=\"false\" aria-controls=\"e-n-accordion-item-4890\" >\n\t\t\t\t\t<span class='e-n-accordion-item-title-header'><div class=\"e-n-accordion-item-title-text\"> Lisez le code de d\u00e9ontologie de L\u00e9sions M\u00e9dullaires Ontario <\/div><\/span>\n\t\t\t\t\t\t\t<span class='e-n-accordion-item-title-icon'>\n\t\t\t<span class='e-opened' ><svg aria-hidden=\"true\" class=\"e-font-icon-svg e-fas-angle-up\" viewBox=\"0 0 320 512\" xmlns=\"http:\/\/www.w3.org\/2000\/svg\"><path d=\"M177 159.7l136 136c9.4 9.4 9.4 24.6 0 33.9l-22.6 22.6c-9.4 9.4-24.6 9.4-33.9 0L160 255.9l-96.4 96.4c-9.4 9.4-24.6 9.4-33.9 0L7 329.7c-9.4-9.4-9.4-24.6 0-33.9l136-136c9.4-9.5 24.6-9.5 34-.1z\"><\/path><\/svg><\/span>\n\t\t\t<span class='e-closed'><svg aria-hidden=\"true\" class=\"e-font-icon-svg e-fas-angle-down\" viewBox=\"0 0 320 512\" xmlns=\"http:\/\/www.w3.org\/2000\/svg\"><path d=\"M143 352.3L7 216.3c-9.4-9.4-9.4-24.6 0-33.9l22.6-22.6c9.4-9.4 24.6-9.4 33.9 0l96.4 96.4 96.4-96.4c9.4-9.4 24.6-9.4 33.9 0l22.6 22.6c9.4 9.4 9.4 24.6 0 33.9l-136 136c-9.2 9.4-24.4 9.4-33.8 0z\"><\/path><\/svg><\/span>\n\t\t<\/span>\n\n\t\t\t\t\t\t<\/summary>\n\t\t\t\t<div role=\"region\" aria-labelledby=\"e-n-accordion-item-4890\" class=\"elementor-element elementor-element-dd11753 e-con-full e-flex e-con e-child\" data-id=\"dd11753\" data-element_type=\"container\" data-e-type=\"container\" data-settings=\"{&quot;background_background&quot;:&quot;classic&quot;}\">\n\t\t\t\t<div class=\"elementor-element elementor-element-9fecabf elementor-widget elementor-widget-heading\" data-id=\"9fecabf\" data-element_type=\"widget\" data-e-type=\"widget\" data-widget_type=\"heading.default\">\n\t\t\t\t<div class=\"elementor-widget-container\">\n\t\t\t\t\t<h2 class=\"elementor-heading-title elementor-size-default\">Code de d\u00e9ontologie de L\u00e9sions M\u00e9dullaires Ontario<\/h2>\t\t\t\t<\/div>\n\t\t\t\t<\/div>\n\t\t\t\t<div class=\"elementor-element elementor-element-fd1a8d3 elementor-widget elementor-widget-text-editor\" data-id=\"fd1a8d3\" data-element_type=\"widget\" data-e-type=\"widget\" data-widget_type=\"text-editor.default\">\n\t\t\t\t<div class=\"elementor-widget-container\">\n\t\t\t\t\t\t\t\t\t<p>Chez L\u00e9sions M\u00e9dullaires Ontario, nous nous engageons \u00e0 faire partie int\u00e9grante des communaut\u00e9s que nous servons. Nous sommes tenus d&rsquo;agir de mani\u00e8re professionnelle et centr\u00e9e sur le client, de respecter la dignit\u00e9 et l&rsquo;honneur de nos clients et des parties prenantes, et d&rsquo;exercer nos activit\u00e9s conform\u00e9ment aux principes de l&rsquo;\u00e9thique professionnelle. <\/p>\n<p>Le pr\u00e9sent code de d\u00e9ontologie a pour but de nous fournir des principes \u00e9thiques sp\u00e9cifiques pour faire face aux situations que nous pouvons rencontrer, et de nous guider dans nos relations et nos d\u00e9cisions avec les clients, les employ\u00e9s et les autres parties prenantes. Ce code n&rsquo;est pas destin\u00e9 \u00e0 remplacer les lois, codes ou normes de pratique en vigueur, mais plut\u00f4t \u00e0 les compl\u00e9ter. <\/p>\n<\/p>\n<p><strong>D\u00e9fense des int\u00e9r\u00eats<\/strong>: Nous avons la responsabilit\u00e9 de contribuer \u00e0 am\u00e9liorer la sensibilisation, l&rsquo;accessibilit\u00e9 et la qualit\u00e9 de nos services en d\u00e9fendant les int\u00e9r\u00eats de nos clients. Nous chercherons \u00e0 obtenir des conseils, tant en interne qu&rsquo;en externe, pour les situations qui pourraient mettre l&rsquo;organisation et\/ou ses clients en danger. <\/p>\n<\/p>\n<p><strong>S\u00e9curit\u00e9 des clients et des employ\u00e9s<\/strong>: Nous reconnaissons que le milieu communautaire repr\u00e9sente un environnement unique pour les employ\u00e9s. Nous prendrons les mesures n\u00e9cessaires pour \u00e9valuer et minimiser les risques pour les clients, tout en tenant compte de leurs souhaits. Nous prendrons \u00e9galement les mesures n\u00e9cessaires pour assurer la s\u00e9curit\u00e9 personnelle des employ\u00e9s, et les probl\u00e8mes de s\u00e9curit\u00e9 des clients et des employ\u00e9s seront signal\u00e9s et trait\u00e9s d&rsquo;une mani\u00e8re encourageante et non mena\u00e7ante.  <\/p>\n<\/p>\n<p><strong>Engagement en faveur de la qualit\u00e9<\/strong>: Nous nous engageons \u00e0 fournir des services de la plus haute qualit\u00e9 au profit de nos clients et de nos employ\u00e9s, dans les limites des ressources disponibles. L\u00e9sions M\u00e9dullaires Ontario \u00e9valuera ses services et ses programmes et mettra en \u0153uvre des am\u00e9liorations de la qualit\u00e9. <\/p>\n<\/p>\n<p><strong>Confidentialit\u00e9<\/strong>: Les informations personnelles et de sant\u00e9 sont confidentielles. Nous veillerons \u00e0 ce que les clients et leurs repr\u00e9sentants l\u00e9gaux soient inform\u00e9s de leur droit de consentir \u00e0 ce que les informations n\u00e9cessaires soient communiqu\u00e9es aux personnes et aux organisations directement concern\u00e9es par les services fournis au client. Les droits \u00e0 la confidentialit\u00e9 et \u00e0 la protection de la vie priv\u00e9e seront respect\u00e9s par tous les employ\u00e9s et les parties prenantes.  <\/p>\n<\/p>\n<p><strong>Conflit d&rsquo;int\u00e9r\u00eats<\/strong>: Nous ne compromettrons pas les services rendus \u00e0 nos clients ou \u00e0 d&rsquo;autres parties prenantes pour notre b\u00e9n\u00e9fice personnel. En cas de conflit d&rsquo;int\u00e9r\u00eats per\u00e7u ou possible, il sera signal\u00e9 au responsable ou au superviseur et document\u00e9 \u00e0 des fins de transparence. Exemples : acceptation de cadeaux et collecte de fonds personnels.  <\/p>\n<\/p>\n<p><strong>Dignit\u00e9<\/strong>: Dans toutes nos interactions, nous ferons preuve d&rsquo;un profond respect pour la dignit\u00e9 humaine. Nous serons sensibles \u00e0 la diversit\u00e9 de nos clients et de notre personnel. Nous reconna\u00eetrons \u00e9galement le droit du client \u00e0 la dignit\u00e9 du risque, inh\u00e9rent \u00e0 la philosophie de la Vie autonome, et nous respecterons ses droits et ses choix.  <\/p>\n<\/p>\n<p><strong>Acc\u00e8s juste et \u00e9quitable<\/strong>: Nous pensons que chaque individu a droit \u00e0 une \u00e9valuation. Nous veillerons \u00e0 ce que les services soient bas\u00e9s sur les besoins des clients, ind\u00e9pendamment de leurs revenus, de leur \u00e2ge, de leur sexe, de leur appartenance ethnique ou raciale, de leurs capacit\u00e9s physiques ou mentales, et de tout autre facteur tel que des comportements ou des modes de vie diff\u00e9rents. <\/p>\n<\/p>\n<p><strong>Choix \u00e9clair\u00e9 et responsabilisation<\/strong>: Nous pensons que la plupart des individus ont la capacit\u00e9 et le droit de prendre des d\u00e9cisions concernant leur sant\u00e9. Nous aiderons nos clients \u00e0 \u00e9laborer des plans de services personnalis\u00e9s et \u00e0 faire des choix de vie conformes \u00e0 leurs valeurs, \u00e0 leurs croyances et \u00e0 leurs objectifs en mati\u00e8re de soins de sant\u00e9. Nous veillerons \u00e0 ce que les clients soient pleinement inform\u00e9s de leurs options et disposent de toutes les informations dont ils ont besoin pour prendre des d\u00e9cisions \u00e9clair\u00e9es concernant leur sant\u00e9. Si, \u00e0 l&rsquo;issue d&rsquo;une proc\u00e9dure en bonne et due forme, le client est jug\u00e9 incapable de prendre ces d\u00e9cisions, nous prendrons des instructions aupr\u00e8s du mandataire sp\u00e9cial du client.   <\/p>\n<\/p>\n<p><strong>Relations avec les agences communautaires<\/strong>: Nous reconnaissons qu&rsquo;il peut y avoir un \u00e9l\u00e9ment de concurrence dans nos relations de travail, mais nous acceptons de respecter le r\u00f4le de chacun et de travailler ensemble dans un esprit de transparence et de collaboration afin de maximiser l&rsquo;efficacit\u00e9 des services aux clients.<\/p>\n<\/p>\n<p><strong>Se respecter les uns les autres<\/strong>: Nous accordons de l&rsquo;importance \u00e0 Spinal Cord Injury Ontario et \u00e0 ce que l&rsquo;organisme repr\u00e9sente. Nous nous efforcerons de prot\u00e9ger sa r\u00e9putation en honorant notre histoire, en faisant preuve de diligence dans le pr\u00e9sent et en planifiant l&rsquo;avenir. <\/p>\n<\/p>\n<p><strong>Travailler en \u00e9quipe<\/strong>: Nous serons individuellement responsables de nos actions, nous travaillerons avec des perspectives diff\u00e9rentes et les accepterons, et nous serons unis dans notre mission, notre vision et nos valeurs. Nous reconna\u00eetrons les contributions individuelles et collectives et tirerons les le\u00e7ons de nos exp\u00e9riences plut\u00f4t que de les bl\u00e2mer. <\/p>\n<\/p>\n<p><strong>Faire grandir notre personnel<\/strong>: Nous offrons des possibilit\u00e9s de d\u00e9veloppement professionnel, \u00e9valuons les performances de mani\u00e8re objective et appliquons nos politiques et proc\u00e9dures de mani\u00e8re coh\u00e9rente.<\/p>\n\t\t\t\t\t\t\t\t<\/div>\n\t\t\t\t<\/div>\n\t\t\t\t<\/div>\n\t\t\t\t\t<\/details>\n\t\t\t\t\t<\/div>\n\t\t\t\t\t\t<\/div>\n\t\t\t\t<\/div>\n\t\t\t\t<\/div>\n\t\t\t\t<\/div>\n\t\t<div class=\"elementor-element elementor-element-5cd793f e-con-full elementor-hidden-tablet elementor-hidden-mobile e-flex e-con e-child\" data-id=\"5cd793f\" data-element_type=\"container\" data-e-type=\"container\">\n\t\t\t\t<\/div>\n\t\t\t\t\t<\/div>\n\t\t\t\t<\/div>\n\t\t\t\t<\/div>\n\t\t","protected":false},"excerpt":{"rendered":"<p>Code de conduite \u00e9thique Une question d&rsquo;int\u00e9grit\u00e9 L\u00e9sions M\u00e9dullaires Ontario reconna\u00eet son obligation d&rsquo;\u00e9tablir et de maintenir les normes de professionnalisme les plus \u00e9lev\u00e9es et de promouvoir un comportement, des attitudes et des jugements \u00e9thiques de la part de ses employ\u00e9s et de ses b\u00e9n\u00e9voles : exprimer des principes, des valeurs et des normes \u00e9thiques [&hellip;]<\/p>\n","protected":false},"author":4,"featured_media":0,"parent":0,"menu_order":0,"comment_status":"closed","ping_status":"closed","template":"elementor_header_footer","meta":{"_acf_changed":false,"footnotes":"","_links_to":"","_links_to_target":""},"categories":[],"tags":[],"class_list":["post-22210","page","type-page","status-publish","hentry"],"acf":[],"yoast_head":"<!-- This site is optimized with the Yoast SEO Premium plugin v27.3 (Yoast SEO v27.3) - https:\/\/yoast.com\/product\/yoast-seo-premium-wordpress\/ -->\n<title>L\u00e9sions M\u00e9dullaires Ontario - Code de conduite \u00e9thique<\/title>\n<meta name=\"description\" content=\"&gt; Lisez le code de d\u00e9ontologie de L\u00e9sions M\u00e9dullaires Ontario.\" \/>\n<meta name=\"robots\" content=\"index, follow, max-snippet:-1, max-image-preview:large, max-video-preview:-1\" \/>\n<link rel=\"canonical\" href=\"https:\/\/www.sciontario.org\/fr\/code-de-conduite-ethique\/\" \/>\n<meta property=\"og:locale\" content=\"fr_FR\" \/>\n<meta property=\"og:type\" content=\"article\" \/>\n<meta property=\"og:title\" content=\"Code de conduite \u00e9thique\" \/>\n<meta property=\"og:description\" content=\"&gt; Lisez le code de d\u00e9ontologie de L\u00e9sions M\u00e9dullaires Ontario.\" \/>\n<meta property=\"og:url\" content=\"https:\/\/www.sciontario.org\/fr\/code-de-conduite-ethique\/\" \/>\n<meta property=\"og:site_name\" content=\"Spinal Cord Injury Ontario | Supporting and advocating for and with people with a disability.\" \/>\n<meta property=\"article:publisher\" content=\"https:\/\/www.facebook.com\/pages\/Canadian-Paraplegic-Association-SCI-Ontario\/198786166801432\" \/>\n<meta property=\"article:modified_time\" content=\"2024-08-08T15:25:51+00:00\" \/>\n<meta name=\"twitter:card\" content=\"summary_large_image\" \/>\n<meta name=\"twitter:site\" content=\"@sci_ontario\" \/>\n<meta name=\"twitter:label1\" content=\"Dur\u00e9e de lecture estim\u00e9e\" \/>\n\t<meta name=\"twitter:data1\" content=\"9 minutes\" \/>\n<script type=\"application\/ld+json\" class=\"yoast-schema-graph\">{\"@context\":\"https:\\\/\\\/schema.org\",\"@graph\":[{\"@type\":\"WebPage\",\"@id\":\"https:\\\/\\\/www.sciontario.org\\\/fr\\\/code-de-conduite-ethique\\\/\",\"url\":\"https:\\\/\\\/www.sciontario.org\\\/fr\\\/code-de-conduite-ethique\\\/\",\"name\":\"L\u00e9sions M\u00e9dullaires Ontario - Code de conduite \u00e9thique\",\"isPartOf\":{\"@id\":\"https:\\\/\\\/www.sciontario.org\\\/fr\\\/#website\"},\"datePublished\":\"2018-04-19T18:33:14+00:00\",\"dateModified\":\"2024-08-08T15:25:51+00:00\",\"description\":\"> Lisez le code de d\u00e9ontologie de L\u00e9sions M\u00e9dullaires Ontario.\",\"breadcrumb\":{\"@id\":\"https:\\\/\\\/www.sciontario.org\\\/fr\\\/code-de-conduite-ethique\\\/#breadcrumb\"},\"inLanguage\":\"fr-FR\",\"potentialAction\":[{\"@type\":\"ReadAction\",\"target\":[\"https:\\\/\\\/www.sciontario.org\\\/fr\\\/code-de-conduite-ethique\\\/\"]}]},{\"@type\":\"BreadcrumbList\",\"@id\":\"https:\\\/\\\/www.sciontario.org\\\/fr\\\/code-de-conduite-ethique\\\/#breadcrumb\",\"itemListElement\":[{\"@type\":\"ListItem\",\"position\":1,\"name\":\"Home\",\"item\":\"https:\\\/\\\/www.sciontario.org\\\/fr\\\/\"},{\"@type\":\"ListItem\",\"position\":2,\"name\":\"Code de conduite \u00e9thique\"}]},{\"@type\":\"WebSite\",\"@id\":\"https:\\\/\\\/www.sciontario.org\\\/fr\\\/#website\",\"url\":\"https:\\\/\\\/www.sciontario.org\\\/fr\\\/\",\"name\":\"Spinal Cord Injury Ontario | Supporting and advocating for and with people with a disability.\",\"description\":\"We serve, support and advocate for and with people with a disability in Ontario.\",\"publisher\":{\"@id\":\"https:\\\/\\\/www.sciontario.org\\\/fr\\\/#organization\"},\"potentialAction\":[{\"@type\":\"SearchAction\",\"target\":{\"@type\":\"EntryPoint\",\"urlTemplate\":\"https:\\\/\\\/www.sciontario.org\\\/fr\\\/?s={search_term_string}\"},\"query-input\":{\"@type\":\"PropertyValueSpecification\",\"valueRequired\":true,\"valueName\":\"search_term_string\"}}],\"inLanguage\":\"fr-FR\"},{\"@type\":\"Organization\",\"@id\":\"https:\\\/\\\/www.sciontario.org\\\/fr\\\/#organization\",\"name\":\"Spinal Cord Injury Ontario\",\"url\":\"https:\\\/\\\/www.sciontario.org\\\/fr\\\/\",\"logo\":{\"@type\":\"ImageObject\",\"inLanguage\":\"fr-FR\",\"@id\":\"https:\\\/\\\/www.sciontario.org\\\/fr\\\/#\\\/schema\\\/logo\\\/image\\\/\",\"url\":\"https:\\\/\\\/www.sciontario.org\\\/wp-content\\\/uploads\\\/SCIO_EN_FR_STD_HORIZ_CMYK.png\",\"contentUrl\":\"https:\\\/\\\/www.sciontario.org\\\/wp-content\\\/uploads\\\/SCIO_EN_FR_STD_HORIZ_CMYK.png\",\"width\":600,\"height\":160,\"caption\":\"Spinal Cord Injury Ontario\"},\"image\":{\"@id\":\"https:\\\/\\\/www.sciontario.org\\\/fr\\\/#\\\/schema\\\/logo\\\/image\\\/\"},\"sameAs\":[\"https:\\\/\\\/www.facebook.com\\\/pages\\\/Canadian-Paraplegic-Association-SCI-Ontario\\\/198786166801432\",\"https:\\\/\\\/x.com\\\/sci_ontario\",\"https:\\\/\\\/www.instagram.com\\\/sci_ontario\",\"https:\\\/\\\/ca.linkedin.com\\\/company\\\/spinal-cord-injury-ontario\"]}]}<\/script>\n<!-- \/ Yoast SEO Premium plugin. -->","yoast_head_json":{"title":"L\u00e9sions M\u00e9dullaires Ontario - Code de conduite \u00e9thique","description":"> Lisez le code de d\u00e9ontologie de L\u00e9sions M\u00e9dullaires Ontario.","robots":{"index":"index","follow":"follow","max-snippet":"max-snippet:-1","max-image-preview":"max-image-preview:large","max-video-preview":"max-video-preview:-1"},"canonical":"https:\/\/www.sciontario.org\/fr\/code-de-conduite-ethique\/","og_locale":"fr_FR","og_type":"article","og_title":"Code de conduite \u00e9thique","og_description":"> Lisez le code de d\u00e9ontologie de L\u00e9sions M\u00e9dullaires Ontario.","og_url":"https:\/\/www.sciontario.org\/fr\/code-de-conduite-ethique\/","og_site_name":"Spinal Cord Injury Ontario | Supporting and advocating for and with people with a disability.","article_publisher":"https:\/\/www.facebook.com\/pages\/Canadian-Paraplegic-Association-SCI-Ontario\/198786166801432","article_modified_time":"2024-08-08T15:25:51+00:00","twitter_card":"summary_large_image","twitter_site":"@sci_ontario","twitter_misc":{"Dur\u00e9e de lecture estim\u00e9e":"9 minutes"},"schema":{"@context":"https:\/\/schema.org","@graph":[{"@type":"WebPage","@id":"https:\/\/www.sciontario.org\/fr\/code-de-conduite-ethique\/","url":"https:\/\/www.sciontario.org\/fr\/code-de-conduite-ethique\/","name":"L\u00e9sions M\u00e9dullaires Ontario - Code de conduite \u00e9thique","isPartOf":{"@id":"https:\/\/www.sciontario.org\/fr\/#website"},"datePublished":"2018-04-19T18:33:14+00:00","dateModified":"2024-08-08T15:25:51+00:00","description":"> Lisez le code de d\u00e9ontologie de L\u00e9sions M\u00e9dullaires Ontario.","breadcrumb":{"@id":"https:\/\/www.sciontario.org\/fr\/code-de-conduite-ethique\/#breadcrumb"},"inLanguage":"fr-FR","potentialAction":[{"@type":"ReadAction","target":["https:\/\/www.sciontario.org\/fr\/code-de-conduite-ethique\/"]}]},{"@type":"BreadcrumbList","@id":"https:\/\/www.sciontario.org\/fr\/code-de-conduite-ethique\/#breadcrumb","itemListElement":[{"@type":"ListItem","position":1,"name":"Home","item":"https:\/\/www.sciontario.org\/fr\/"},{"@type":"ListItem","position":2,"name":"Code de conduite \u00e9thique"}]},{"@type":"WebSite","@id":"https:\/\/www.sciontario.org\/fr\/#website","url":"https:\/\/www.sciontario.org\/fr\/","name":"Spinal Cord Injury Ontario | Supporting and advocating for and with people with a disability.","description":"We serve, support and advocate for and with people with a disability in Ontario.","publisher":{"@id":"https:\/\/www.sciontario.org\/fr\/#organization"},"potentialAction":[{"@type":"SearchAction","target":{"@type":"EntryPoint","urlTemplate":"https:\/\/www.sciontario.org\/fr\/?s={search_term_string}"},"query-input":{"@type":"PropertyValueSpecification","valueRequired":true,"valueName":"search_term_string"}}],"inLanguage":"fr-FR"},{"@type":"Organization","@id":"https:\/\/www.sciontario.org\/fr\/#organization","name":"Spinal Cord Injury Ontario","url":"https:\/\/www.sciontario.org\/fr\/","logo":{"@type":"ImageObject","inLanguage":"fr-FR","@id":"https:\/\/www.sciontario.org\/fr\/#\/schema\/logo\/image\/","url":"https:\/\/www.sciontario.org\/wp-content\/uploads\/SCIO_EN_FR_STD_HORIZ_CMYK.png","contentUrl":"https:\/\/www.sciontario.org\/wp-content\/uploads\/SCIO_EN_FR_STD_HORIZ_CMYK.png","width":600,"height":160,"caption":"Spinal Cord Injury Ontario"},"image":{"@id":"https:\/\/www.sciontario.org\/fr\/#\/schema\/logo\/image\/"},"sameAs":["https:\/\/www.facebook.com\/pages\/Canadian-Paraplegic-Association-SCI-Ontario\/198786166801432","https:\/\/x.com\/sci_ontario","https:\/\/www.instagram.com\/sci_ontario","https:\/\/ca.linkedin.com\/company\/spinal-cord-injury-ontario"]}]}},"publishpress_future_action":{"enabled":false,"date":"2026-04-25 03:51:09","action":"change-status","newStatus":"draft","terms":[],"taxonomy":"category","extraData":[]},"publishpress_future_workflow_manual_trigger":{"enabledWorkflows":[]},"_links":{"self":[{"href":"https:\/\/www.sciontario.org\/fr\/wp-json\/wp\/v2\/pages\/22210","targetHints":{"allow":["GET"]}}],"collection":[{"href":"https:\/\/www.sciontario.org\/fr\/wp-json\/wp\/v2\/pages"}],"about":[{"href":"https:\/\/www.sciontario.org\/fr\/wp-json\/wp\/v2\/types\/page"}],"author":[{"embeddable":true,"href":"https:\/\/www.sciontario.org\/fr\/wp-json\/wp\/v2\/users\/4"}],"replies":[{"embeddable":true,"href":"https:\/\/www.sciontario.org\/fr\/wp-json\/wp\/v2\/comments?post=22210"}],"version-history":[{"count":0,"href":"https:\/\/www.sciontario.org\/fr\/wp-json\/wp\/v2\/pages\/22210\/revisions"}],"wp:attachment":[{"href":"https:\/\/www.sciontario.org\/fr\/wp-json\/wp\/v2\/media?parent=22210"}],"wp:term":[{"taxonomy":"category","embeddable":true,"href":"https:\/\/www.sciontario.org\/fr\/wp-json\/wp\/v2\/categories?post=22210"},{"taxonomy":"post_tag","embeddable":true,"href":"https:\/\/www.sciontario.org\/fr\/wp-json\/wp\/v2\/tags?post=22210"}],"curies":[{"name":"wp","href":"https:\/\/api.w.org\/{rel}","templated":true}]}}