{"id":22040,"date":"2021-05-21T07:49:29","date_gmt":"2021-05-21T11:49:29","guid":{"rendered":"http:\/\/www.sciontario.org\/lhistoire-de-jake\/"},"modified":"2024-08-07T11:41:22","modified_gmt":"2024-08-07T15:41:22","slug":"lhistoire-de-jake","status":"publish","type":"page","link":"https:\/\/www.sciontario.org\/fr\/donner\/lhistoire-de-jake\/","title":{"rendered":"L&rsquo;histoire de Jake"},"content":{"rendered":"\t\t<div data-elementor-type=\"wp-page\" data-elementor-id=\"22040\" class=\"elementor elementor-22040 elementor-14158\" wpc-filter-elementor-widget=\"1\" data-elementor-post-type=\"page\">\n\t\t\t\t<div class=\"elementor-element elementor-element-df8213a e-flex e-con-boxed e-con e-parent\" data-id=\"df8213a\" data-element_type=\"container\" data-e-type=\"container\" data-settings=\"{&quot;background_background&quot;:&quot;classic&quot;}\">\n\t\t\t\t\t<div class=\"e-con-inner\">\n\t\t\t\t<div class=\"elementor-element elementor-element-0dfddb2 elementor-widget elementor-widget-template\" data-id=\"0dfddb2\" data-element_type=\"widget\" data-e-type=\"widget\" data-widget_type=\"template.default\">\n\t\t\t\t<div class=\"elementor-widget-container\">\n\t\t\t\t\t\t\t<div class=\"elementor-template\">\n\t\t\t\t\t<div data-elementor-type=\"container\" data-elementor-id=\"20651\" class=\"elementor elementor-20651\" wpc-filter-elementor-widget=\"1\" data-elementor-post-type=\"elementor_library\">\n\t\t\t\t<div class=\"elementor-element elementor-element-7808995b e-flex e-con-boxed e-con e-child\" data-id=\"7808995b\" data-element_type=\"container\" data-e-type=\"container\" data-settings=\"{&quot;background_background&quot;:&quot;classic&quot;}\">\n\t\t\t\t\t<div class=\"e-con-inner\">\n\t\t\t\t<div class=\"elementor-element elementor-element-28bded06 elementor-nav-menu__align-center elementor-nav-menu--dropdown-mobile elementor-widget-tablet__width-inherit extra-nav elementor-nav-menu__text-align-aside elementor-nav-menu--toggle elementor-nav-menu--burger elementor-widget elementor-widget-nav-menu\" data-id=\"28bded06\" data-element_type=\"widget\" data-e-type=\"widget\" data-settings=\"{&quot;layout&quot;:&quot;horizontal&quot;,&quot;submenu_icon&quot;:{&quot;value&quot;:&quot;&lt;svg aria-hidden=\\&quot;true\\&quot; class=\\&quot;e-font-icon-svg e-fas-caret-down\\&quot; viewBox=\\&quot;0 0 320 512\\&quot; xmlns=\\&quot;http:\\\/\\\/www.w3.org\\\/2000\\\/svg\\&quot;&gt;&lt;path d=\\&quot;M31.3 192h257.3c17.8 0 26.7 21.5 14.1 34.1L174.1 354.8c-7.8 7.8-20.5 7.8-28.3 0L17.2 226.1C4.6 213.5 13.5 192 31.3 192z\\&quot;&gt;&lt;\\\/path&gt;&lt;\\\/svg&gt;&quot;,&quot;library&quot;:&quot;fa-solid&quot;},&quot;toggle&quot;:&quot;burger&quot;}\" data-widget_type=\"nav-menu.default\">\n\t\t\t\t<div class=\"elementor-widget-container\">\n\t\t\t\t\t\t\t\t<nav aria-label=\"Menu\" class=\"elementor-nav-menu--main elementor-nav-menu__container elementor-nav-menu--layout-horizontal e--pointer-background e--animation-fade\">\n\t\t\t\t<ul id=\"menu-1-28bded06\" class=\"elementor-nav-menu\"><li class=\"menu-item menu-item-type-post_type menu-item-object-page menu-item-has-children menu-item-22041\"><a href=\"https:\/\/www.sciontario.org\/fr\/donner\/facons-de-donner\/\" class=\"elementor-item\">Fa\u00e7ons de donner<\/a>\n<ul class=\"sub-menu elementor-nav-menu--dropdown\">\n\t<li class=\"menu-item menu-item-type-post_type menu-item-object-page menu-item-22042\"><a href=\"https:\/\/www.sciontario.org\/fr\/donner\/collecte-de-fonds-communautaires\/\" class=\"elementor-sub-item\">Collecte de fonds communautaires<\/a><\/li>\n\t<li class=\"menu-item menu-item-type-post_type menu-item-object-page menu-item-22043\"><a href=\"https:\/\/www.sciontario.org\/fr\/donner\/collecte-de-fonds-communautaires\/collecte-de-fonds-danniversaire\/\" class=\"elementor-sub-item\">Collecte de fonds d\u2019anniversaire<\/a><\/li>\n<\/ul>\n<\/li>\n<li class=\"menu-item menu-item-type-post_type menu-item-object-page menu-item-has-children menu-item-22044\"><a href=\"https:\/\/www.sciontario.org\/fr\/donner\/votre-impact\/\" class=\"elementor-item\">Votre impact<\/a>\n<ul class=\"sub-menu elementor-nav-menu--dropdown\">\n\t<li class=\"menu-item menu-item-type-post_type menu-item-object-page menu-item-22046\"><a href=\"https:\/\/www.sciontario.org\/fr\/donner\/lhistoire-de-danielle\/\" class=\"elementor-sub-item\">L\u2019histoire de Danielle<\/a><\/li>\n\t<li class=\"menu-item menu-item-type-post_type menu-item-object-page menu-item-22047\"><a href=\"https:\/\/www.sciontario.org\/fr\/donner\/lhistoire-de-jake\/\" class=\"elementor-sub-item\">L\u2019histoire de Jake<\/a><\/li>\n\t<li class=\"menu-item menu-item-type-post_type menu-item-object-page menu-item-23122\"><a href=\"https:\/\/www.sciontario.org\/fr\/donner\/votre-impact\/nous-nous-souvenons-preserver-leur-heritage\/\" class=\"elementor-sub-item\">1945 : un h\u00e9ritage incroyable est forg\u00e9<\/a><\/li>\n<\/ul>\n<\/li>\n<li class=\"menu-item menu-item-type-post_type menu-item-object-page menu-item-22048\"><a href=\"https:\/\/www.sciontario.org\/fr\/donner\/equipement-pour-lindependance\/\" class=\"elementor-item\">\u00c9quipement pour l\u2019ind\u00e9pendance<\/a><\/li>\n<li class=\"menu-item menu-item-type-post_type menu-item-object-page menu-item-22049\"><a href=\"https:\/\/www.sciontario.org\/fr\/donner\/planifiez-votre-heritage\/\" class=\"elementor-item\">Planifiez votre h\u00e9ritage<\/a><\/li>\n<li class=\"menu-item menu-item-type-post_type menu-item-object-page menu-item-22050\"><a href=\"https:\/\/www.sciontario.org\/fr\/donner\/rencontrez-notre-communaute\/\" class=\"elementor-item\">Rencontrez notre communaut\u00e9<\/a><\/li>\n<li class=\"menu-item menu-item-type-post_type menu-item-object-page menu-item-22051\"><a href=\"https:\/\/www.sciontario.org\/fr\/donner\/sponsor-et-partenaire\/\" class=\"elementor-item\">Sponsor et partenaire<\/a><\/li>\n<\/ul>\t\t\t<\/nav>\n\t\t\t\t\t<div class=\"elementor-menu-toggle\" role=\"button\" tabindex=\"0\" aria-label=\"Permuter le menu\" aria-expanded=\"false\">\n\t\t\t<svg aria-hidden=\"true\" role=\"presentation\" class=\"elementor-menu-toggle__icon--open e-font-icon-svg e-eicon-menu-bar\" viewBox=\"0 0 1000 1000\" xmlns=\"http:\/\/www.w3.org\/2000\/svg\"><path d=\"M104 333H896C929 333 958 304 958 271S929 208 896 208H104C71 208 42 237 42 271S71 333 104 333ZM104 583H896C929 583 958 554 958 521S929 458 896 458H104C71 458 42 487 42 521S71 583 104 583ZM104 833H896C929 833 958 804 958 771S929 708 896 708H104C71 708 42 737 42 771S71 833 104 833Z\"><\/path><\/svg><svg aria-hidden=\"true\" role=\"presentation\" class=\"elementor-menu-toggle__icon--close e-font-icon-svg e-eicon-close\" viewBox=\"0 0 1000 1000\" xmlns=\"http:\/\/www.w3.org\/2000\/svg\"><path d=\"M742 167L500 408 258 167C246 154 233 150 217 150 196 150 179 158 167 167 154 179 150 196 150 212 150 229 154 242 171 254L408 500 167 742C138 771 138 800 167 829 196 858 225 858 254 829L496 587 738 829C750 842 767 846 783 846 800 846 817 842 829 829 842 817 846 804 846 783 846 767 842 750 829 737L588 500 833 258C863 229 863 200 833 171 804 137 775 137 742 167Z\"><\/path><\/svg>\t\t<\/div>\n\t\t\t\t\t<nav class=\"elementor-nav-menu--dropdown elementor-nav-menu__container\" aria-hidden=\"true\">\n\t\t\t\t<ul id=\"menu-2-28bded06\" class=\"elementor-nav-menu\"><li class=\"menu-item menu-item-type-post_type menu-item-object-page menu-item-has-children menu-item-22041\"><a href=\"https:\/\/www.sciontario.org\/fr\/donner\/facons-de-donner\/\" class=\"elementor-item\" tabindex=\"-1\">Fa\u00e7ons de donner<\/a>\n<ul class=\"sub-menu elementor-nav-menu--dropdown\">\n\t<li class=\"menu-item menu-item-type-post_type menu-item-object-page menu-item-22042\"><a href=\"https:\/\/www.sciontario.org\/fr\/donner\/collecte-de-fonds-communautaires\/\" class=\"elementor-sub-item\" tabindex=\"-1\">Collecte de fonds communautaires<\/a><\/li>\n\t<li class=\"menu-item menu-item-type-post_type menu-item-object-page menu-item-22043\"><a href=\"https:\/\/www.sciontario.org\/fr\/donner\/collecte-de-fonds-communautaires\/collecte-de-fonds-danniversaire\/\" class=\"elementor-sub-item\" tabindex=\"-1\">Collecte de fonds d\u2019anniversaire<\/a><\/li>\n<\/ul>\n<\/li>\n<li class=\"menu-item menu-item-type-post_type menu-item-object-page menu-item-has-children menu-item-22044\"><a href=\"https:\/\/www.sciontario.org\/fr\/donner\/votre-impact\/\" class=\"elementor-item\" tabindex=\"-1\">Votre impact<\/a>\n<ul class=\"sub-menu elementor-nav-menu--dropdown\">\n\t<li class=\"menu-item menu-item-type-post_type menu-item-object-page menu-item-22046\"><a href=\"https:\/\/www.sciontario.org\/fr\/donner\/lhistoire-de-danielle\/\" class=\"elementor-sub-item\" tabindex=\"-1\">L\u2019histoire de Danielle<\/a><\/li>\n\t<li class=\"menu-item menu-item-type-post_type menu-item-object-page menu-item-22047\"><a href=\"https:\/\/www.sciontario.org\/fr\/donner\/lhistoire-de-jake\/\" class=\"elementor-sub-item\" tabindex=\"-1\">L\u2019histoire de Jake<\/a><\/li>\n\t<li class=\"menu-item menu-item-type-post_type menu-item-object-page menu-item-23122\"><a href=\"https:\/\/www.sciontario.org\/fr\/donner\/votre-impact\/nous-nous-souvenons-preserver-leur-heritage\/\" class=\"elementor-sub-item\" tabindex=\"-1\">1945 : un h\u00e9ritage incroyable est forg\u00e9<\/a><\/li>\n<\/ul>\n<\/li>\n<li class=\"menu-item menu-item-type-post_type menu-item-object-page menu-item-22048\"><a href=\"https:\/\/www.sciontario.org\/fr\/donner\/equipement-pour-lindependance\/\" class=\"elementor-item\" tabindex=\"-1\">\u00c9quipement pour l\u2019ind\u00e9pendance<\/a><\/li>\n<li class=\"menu-item menu-item-type-post_type menu-item-object-page menu-item-22049\"><a href=\"https:\/\/www.sciontario.org\/fr\/donner\/planifiez-votre-heritage\/\" class=\"elementor-item\" tabindex=\"-1\">Planifiez votre h\u00e9ritage<\/a><\/li>\n<li class=\"menu-item menu-item-type-post_type menu-item-object-page menu-item-22050\"><a href=\"https:\/\/www.sciontario.org\/fr\/donner\/rencontrez-notre-communaute\/\" class=\"elementor-item\" tabindex=\"-1\">Rencontrez notre communaut\u00e9<\/a><\/li>\n<li class=\"menu-item menu-item-type-post_type menu-item-object-page menu-item-22051\"><a href=\"https:\/\/www.sciontario.org\/fr\/donner\/sponsor-et-partenaire\/\" class=\"elementor-item\" tabindex=\"-1\">Sponsor et partenaire<\/a><\/li>\n<\/ul>\t\t\t<\/nav>\n\t\t\t\t\t\t<\/div>\n\t\t\t\t<\/div>\n\t\t\t\t\t<\/div>\n\t\t\t\t<\/div>\n\t\t\t\t<\/div>\n\t\t\t\t<\/div>\n\t\t\t\t\t\t<\/div>\n\t\t\t\t<\/div>\n\t\t\t\t\t<\/div>\n\t\t\t\t<\/div>\n\t\t<div class=\"elementor-element elementor-element-c1463cb e-flex e-con-boxed e-con e-parent\" data-id=\"c1463cb\" data-element_type=\"container\" data-e-type=\"container\" data-settings=\"{&quot;background_background&quot;:&quot;classic&quot;}\">\n\t\t\t\t\t<div class=\"e-con-inner\">\n\t\t<div class=\"elementor-element elementor-element-21f7fc03 e-con-full e-flex e-con e-child\" data-id=\"21f7fc03\" data-element_type=\"container\" data-e-type=\"container\">\n\t\t\t\t<div class=\"elementor-element elementor-element-4e51231 elementor-widget elementor-widget-heading\" data-id=\"4e51231\" data-element_type=\"widget\" data-e-type=\"widget\" data-widget_type=\"heading.default\">\n\t\t\t\t<div class=\"elementor-widget-container\">\n\t\t\t\t\t<p class=\"elementor-heading-title elementor-size-default\"><a href=\"https:\/\/sciontario.org\/fr\/votre-impact\/\">Votre impact<\/a><\/p>\t\t\t\t<\/div>\n\t\t\t\t<\/div>\n\t\t\t\t<div class=\"elementor-element elementor-element-1677de99 elementor-widget elementor-widget-heading\" data-id=\"1677de99\" data-element_type=\"widget\" data-e-type=\"widget\" data-widget_type=\"heading.default\">\n\t\t\t\t<div class=\"elementor-widget-container\">\n\t\t\t\t\t<h1 class=\"elementor-heading-title elementor-size-default\">L'histoire de Jake<\/h1>\t\t\t\t<\/div>\n\t\t\t\t<\/div>\n\t\t\t\t<\/div>\n\t\t<div class=\"elementor-element elementor-element-6e483d04 e-con-full e-flex e-con e-child\" data-id=\"6e483d04\" data-element_type=\"container\" data-e-type=\"container\">\n\t\t\t\t<\/div>\n\t\t\t\t\t<\/div>\n\t\t\t\t<\/div>\n\t\t<div class=\"elementor-element elementor-element-26550713 e-flex e-con-boxed e-con e-parent\" data-id=\"26550713\" data-element_type=\"container\" data-e-type=\"container\" data-settings=\"{&quot;background_background&quot;:&quot;classic&quot;}\">\n\t\t\t\t\t<div class=\"e-con-inner\">\n\t\t<div class=\"elementor-element elementor-element-5eeb13f4 e-con-full e-flex e-con e-child\" data-id=\"5eeb13f4\" data-element_type=\"container\" data-e-type=\"container\">\n\t\t\t\t<div class=\"elementor-element elementor-element-2ddea186 elementor-widget elementor-widget-text-editor\" data-id=\"2ddea186\" data-element_type=\"widget\" data-e-type=\"widget\" data-widget_type=\"text-editor.default\">\n\t\t\t\t<div class=\"elementor-widget-container\">\n\t\t\t\t\t\t\t\t\t<p>Lorsque j&rsquo;ai subi ma l\u00e9sion de la moelle \u00e9pini\u00e8re en 2017, j&rsquo;ai re\u00e7u la visite d&rsquo;un pair mentor de Spinal Cord Injury Ontario quelques jours apr\u00e8s mon op\u00e9ration.<\/p>\n<p>\u00c0 l&rsquo;\u00e9poque, je ne voulais pas entendre ce que le mentor avait \u00e0 dire, car je refusais d&rsquo;accepter mon handicap. Comme tous les autres obstacles de ma vie, j&rsquo;allais faire tout ce qui \u00e9tait en mon pouvoir pour surmonter cette blessure.<\/p>\n<p>Inutile de dire que mes efforts ont \u00e9t\u00e9 vains car ma paralysie \u00e9tait permanente en raison de la complexit\u00e9 de ma blessure et de la moelle \u00e9pini\u00e8re elle-m\u00eame. Il m&rsquo;a fallu quelques mois pour r\u00e9aliser l&rsquo;impact de mon mentor sur mon r\u00e9tablissement.<\/p>\n<p>Par ignorance, je consid\u00e9rais leurs conseils comme un signe d&rsquo;abandon, alors qu&rsquo;en r\u00e9alit\u00e9, mon mentor me pr\u00e9parait \u00e0 l&rsquo;in\u00e9vitable. Mon mentor a continu\u00e9 \u00e0 me rendre visite tout au long de mon r\u00e9tablissement et m&rsquo;a aid\u00e9 \u00e0 r\u00e9aliser que la vie \u00e9tait loin d&rsquo;\u00eatre finie et qu&rsquo;il y avait de nombreuses fa\u00e7ons de consid\u00e9rer ma l\u00e9sion de la moelle \u00e9pini\u00e8re. Cela pourrait \u00eatre une condamnation \u00e0 mort, une mal\u00e9diction, ou je pourrais simplement l&rsquo;accepter et aller de l&rsquo;avant. J&rsquo;ai choisi cette derni\u00e8re option et, depuis, j&rsquo;ai nou\u00e9 des liens avec des personnes extraordinaires, des groupes de pairs, des membres du personnel et d&rsquo;autres membres de la communaut\u00e9 de Spinal Cord Injury Ontario.<\/p>\n<p>Je me suis rendu compte que je n&rsquo;\u00e9tais pas seulement un num\u00e9ro dans une organisation, mais que j&rsquo;avais \u00e9t\u00e9 adopt\u00e9 par une nouvelle famille nombreuse. Les ressources, le groupe de pairs, les \u00e9v\u00e9nements et l&rsquo;inclusion g\u00e9n\u00e9rale dans leurs efforts m&rsquo;ont propuls\u00e9 dans ce nouveau chapitre de ma vie. La vie \u00e9tant le mot cl\u00e9. Merci pour tout ce que vous avez fait et continuez \u00e0 faire.<\/p>\n<p>Bien cordialement,<\/p>\n<p>Jake<\/p>\t\t\t\t\t\t\t\t<\/div>\n\t\t\t\t<\/div>\n\t\t\t\t<\/div>\n\t\t<div class=\"elementor-element elementor-element-7b477101 e-con-full e-flex e-con e-child\" data-id=\"7b477101\" data-element_type=\"container\" data-e-type=\"container\">\n\t\t<div class=\"elementor-element elementor-element-57c9bf6a e-flex e-con-boxed e-con e-child\" data-id=\"57c9bf6a\" data-element_type=\"container\" data-e-type=\"container\" data-settings=\"{&quot;background_background&quot;:&quot;classic&quot;}\">\n\t\t\t\t\t<div class=\"e-con-inner\">\n\t\t\t\t<div class=\"elementor-element elementor-element-41962d03 elementor-widget elementor-widget-spacer\" data-id=\"41962d03\" data-element_type=\"widget\" data-e-type=\"widget\" data-widget_type=\"spacer.default\">\n\t\t\t\t<div class=\"elementor-widget-container\">\n\t\t\t\t\t\t\t<div class=\"elementor-spacer\">\n\t\t\t<div class=\"elementor-spacer-inner\"><\/div>\n\t\t<\/div>\n\t\t\t\t\t\t<\/div>\n\t\t\t\t<\/div>\n\t\t\t\t\t<\/div>\n\t\t\t\t<\/div>\n\t\t\t\t<\/div>\n\t\t\t\t\t<\/div>\n\t\t\t\t<\/div>\n\t\t\t\t<\/div>\n\t\t","protected":false},"excerpt":{"rendered":"<p>Votre impact L&rsquo;histoire de Jake Lorsque j&rsquo;ai subi ma l\u00e9sion de la moelle \u00e9pini\u00e8re en 2017, j&rsquo;ai re\u00e7u la visite d&rsquo;un pair mentor de Spinal Cord Injury Ontario quelques jours apr\u00e8s mon op\u00e9ration. \u00c0 l&rsquo;\u00e9poque, je ne voulais pas entendre ce que le mentor avait \u00e0 dire, car je refusais d&rsquo;accepter mon handicap. Comme tous [&hellip;]<\/p>\n","protected":false},"author":4,"featured_media":0,"parent":22165,"menu_order":0,"comment_status":"closed","ping_status":"closed","template":"","meta":{"_acf_changed":false,"footnotes":"","_links_to":"","_links_to_target":""},"categories":[],"tags":[],"class_list":["post-22040","page","type-page","status-publish","hentry"],"acf":[],"yoast_head":"<!-- This site is optimized with the Yoast SEO Premium plugin v27.3 (Yoast SEO v27.3) - https:\/\/yoast.com\/product\/yoast-seo-premium-wordpress\/ -->\n<title>L\u00e9sions M\u00e9dullaires Ontario : Votre impact - L&#039;histoire de Jake<\/title>\n<meta name=\"description\" content=\"Votre don cr\u00e9e l\u2019acc\u00e8s et brise les barri\u00e8res. D\u00e9couvrez comment vous pouvez faire une diff\u00e9rence dans la vie des personnes atteintes d\u2019une l\u00e9sion de la moelle \u00e9pini\u00e8re.\" \/>\n<meta name=\"robots\" content=\"index, follow, max-snippet:-1, max-image-preview:large, max-video-preview:-1\" \/>\n<link rel=\"canonical\" href=\"https:\/\/www.sciontario.org\/fr\/donner\/lhistoire-de-jake\/\" \/>\n<meta property=\"og:locale\" content=\"fr_FR\" \/>\n<meta property=\"og:type\" content=\"article\" \/>\n<meta property=\"og:title\" content=\"L&#039;histoire de Jake\" \/>\n<meta property=\"og:description\" content=\"Votre don cr\u00e9e l\u2019acc\u00e8s et brise les barri\u00e8res. D\u00e9couvrez comment vous pouvez faire une diff\u00e9rence dans la vie des personnes atteintes d\u2019une l\u00e9sion de la moelle \u00e9pini\u00e8re.\" \/>\n<meta property=\"og:url\" content=\"https:\/\/www.sciontario.org\/fr\/donner\/lhistoire-de-jake\/\" \/>\n<meta property=\"og:site_name\" content=\"Spinal Cord Injury Ontario | Supporting and advocating for and with people with a disability.\" \/>\n<meta property=\"article:publisher\" content=\"https:\/\/www.facebook.com\/pages\/Canadian-Paraplegic-Association-SCI-Ontario\/198786166801432\" \/>\n<meta property=\"article:modified_time\" content=\"2024-08-07T15:41:22+00:00\" \/>\n<meta name=\"twitter:card\" content=\"summary_large_image\" \/>\n<meta name=\"twitter:site\" content=\"@sci_ontario\" \/>\n<meta name=\"twitter:label1\" content=\"Dur\u00e9e de lecture estim\u00e9e\" \/>\n\t<meta name=\"twitter:data1\" content=\"2 minutes\" \/>\n<script type=\"application\/ld+json\" class=\"yoast-schema-graph\">{\"@context\":\"https:\\\/\\\/schema.org\",\"@graph\":[{\"@type\":\"WebPage\",\"@id\":\"https:\\\/\\\/www.sciontario.org\\\/fr\\\/donner\\\/lhistoire-de-jake\\\/\",\"url\":\"https:\\\/\\\/www.sciontario.org\\\/fr\\\/donner\\\/lhistoire-de-jake\\\/\",\"name\":\"L\u00e9sions M\u00e9dullaires Ontario : Votre impact - L'histoire de Jake\",\"isPartOf\":{\"@id\":\"https:\\\/\\\/www.sciontario.org\\\/fr\\\/#website\"},\"datePublished\":\"2021-05-21T11:49:29+00:00\",\"dateModified\":\"2024-08-07T15:41:22+00:00\",\"description\":\"Votre don cr\u00e9e l\u2019acc\u00e8s et brise les barri\u00e8res. D\u00e9couvrez comment vous pouvez faire une diff\u00e9rence dans la vie des personnes atteintes d\u2019une l\u00e9sion de la moelle \u00e9pini\u00e8re.\",\"breadcrumb\":{\"@id\":\"https:\\\/\\\/www.sciontario.org\\\/fr\\\/donner\\\/lhistoire-de-jake\\\/#breadcrumb\"},\"inLanguage\":\"fr-FR\",\"potentialAction\":[{\"@type\":\"ReadAction\",\"target\":[\"https:\\\/\\\/www.sciontario.org\\\/fr\\\/donner\\\/lhistoire-de-jake\\\/\"]}]},{\"@type\":\"BreadcrumbList\",\"@id\":\"https:\\\/\\\/www.sciontario.org\\\/fr\\\/donner\\\/lhistoire-de-jake\\\/#breadcrumb\",\"itemListElement\":[{\"@type\":\"ListItem\",\"position\":1,\"name\":\"Home\",\"item\":\"https:\\\/\\\/www.sciontario.org\\\/fr\\\/\"},{\"@type\":\"ListItem\",\"position\":2,\"name\":\"Donner\",\"item\":\"https:\\\/\\\/www.sciontario.org\\\/fr\\\/donner\\\/\"},{\"@type\":\"ListItem\",\"position\":3,\"name\":\"L&rsquo;histoire de Jake\"}]},{\"@type\":\"WebSite\",\"@id\":\"https:\\\/\\\/www.sciontario.org\\\/fr\\\/#website\",\"url\":\"https:\\\/\\\/www.sciontario.org\\\/fr\\\/\",\"name\":\"Spinal Cord Injury Ontario | Supporting and advocating for and with people with a disability.\",\"description\":\"We serve, support and advocate for and with people with a disability in Ontario.\",\"publisher\":{\"@id\":\"https:\\\/\\\/www.sciontario.org\\\/fr\\\/#organization\"},\"potentialAction\":[{\"@type\":\"SearchAction\",\"target\":{\"@type\":\"EntryPoint\",\"urlTemplate\":\"https:\\\/\\\/www.sciontario.org\\\/fr\\\/?s={search_term_string}\"},\"query-input\":{\"@type\":\"PropertyValueSpecification\",\"valueRequired\":true,\"valueName\":\"search_term_string\"}}],\"inLanguage\":\"fr-FR\"},{\"@type\":\"Organization\",\"@id\":\"https:\\\/\\\/www.sciontario.org\\\/fr\\\/#organization\",\"name\":\"Spinal Cord Injury Ontario\",\"url\":\"https:\\\/\\\/www.sciontario.org\\\/fr\\\/\",\"logo\":{\"@type\":\"ImageObject\",\"inLanguage\":\"fr-FR\",\"@id\":\"https:\\\/\\\/www.sciontario.org\\\/fr\\\/#\\\/schema\\\/logo\\\/image\\\/\",\"url\":\"https:\\\/\\\/www.sciontario.org\\\/wp-content\\\/uploads\\\/SCIO_EN_FR_STD_HORIZ_CMYK.png\",\"contentUrl\":\"https:\\\/\\\/www.sciontario.org\\\/wp-content\\\/uploads\\\/SCIO_EN_FR_STD_HORIZ_CMYK.png\",\"width\":600,\"height\":160,\"caption\":\"Spinal Cord Injury Ontario\"},\"image\":{\"@id\":\"https:\\\/\\\/www.sciontario.org\\\/fr\\\/#\\\/schema\\\/logo\\\/image\\\/\"},\"sameAs\":[\"https:\\\/\\\/www.facebook.com\\\/pages\\\/Canadian-Paraplegic-Association-SCI-Ontario\\\/198786166801432\",\"https:\\\/\\\/x.com\\\/sci_ontario\",\"https:\\\/\\\/www.instagram.com\\\/sci_ontario\",\"https:\\\/\\\/ca.linkedin.com\\\/company\\\/spinal-cord-injury-ontario\"]}]}<\/script>\n<!-- \/ Yoast SEO Premium plugin. -->","yoast_head_json":{"title":"L\u00e9sions M\u00e9dullaires Ontario : Votre impact - L'histoire de Jake","description":"Votre don cr\u00e9e l\u2019acc\u00e8s et brise les barri\u00e8res. D\u00e9couvrez comment vous pouvez faire une diff\u00e9rence dans la vie des personnes atteintes d\u2019une l\u00e9sion de la moelle \u00e9pini\u00e8re.","robots":{"index":"index","follow":"follow","max-snippet":"max-snippet:-1","max-image-preview":"max-image-preview:large","max-video-preview":"max-video-preview:-1"},"canonical":"https:\/\/www.sciontario.org\/fr\/donner\/lhistoire-de-jake\/","og_locale":"fr_FR","og_type":"article","og_title":"L'histoire de Jake","og_description":"Votre don cr\u00e9e l\u2019acc\u00e8s et brise les barri\u00e8res. D\u00e9couvrez comment vous pouvez faire une diff\u00e9rence dans la vie des personnes atteintes d\u2019une l\u00e9sion de la moelle \u00e9pini\u00e8re.","og_url":"https:\/\/www.sciontario.org\/fr\/donner\/lhistoire-de-jake\/","og_site_name":"Spinal Cord Injury Ontario | Supporting and advocating for and with people with a disability.","article_publisher":"https:\/\/www.facebook.com\/pages\/Canadian-Paraplegic-Association-SCI-Ontario\/198786166801432","article_modified_time":"2024-08-07T15:41:22+00:00","twitter_card":"summary_large_image","twitter_site":"@sci_ontario","twitter_misc":{"Dur\u00e9e de lecture estim\u00e9e":"2 minutes"},"schema":{"@context":"https:\/\/schema.org","@graph":[{"@type":"WebPage","@id":"https:\/\/www.sciontario.org\/fr\/donner\/lhistoire-de-jake\/","url":"https:\/\/www.sciontario.org\/fr\/donner\/lhistoire-de-jake\/","name":"L\u00e9sions M\u00e9dullaires Ontario : Votre impact - L'histoire de Jake","isPartOf":{"@id":"https:\/\/www.sciontario.org\/fr\/#website"},"datePublished":"2021-05-21T11:49:29+00:00","dateModified":"2024-08-07T15:41:22+00:00","description":"Votre don cr\u00e9e l\u2019acc\u00e8s et brise les barri\u00e8res. D\u00e9couvrez comment vous pouvez faire une diff\u00e9rence dans la vie des personnes atteintes d\u2019une l\u00e9sion de la moelle \u00e9pini\u00e8re.","breadcrumb":{"@id":"https:\/\/www.sciontario.org\/fr\/donner\/lhistoire-de-jake\/#breadcrumb"},"inLanguage":"fr-FR","potentialAction":[{"@type":"ReadAction","target":["https:\/\/www.sciontario.org\/fr\/donner\/lhistoire-de-jake\/"]}]},{"@type":"BreadcrumbList","@id":"https:\/\/www.sciontario.org\/fr\/donner\/lhistoire-de-jake\/#breadcrumb","itemListElement":[{"@type":"ListItem","position":1,"name":"Home","item":"https:\/\/www.sciontario.org\/fr\/"},{"@type":"ListItem","position":2,"name":"Donner","item":"https:\/\/www.sciontario.org\/fr\/donner\/"},{"@type":"ListItem","position":3,"name":"L&rsquo;histoire de Jake"}]},{"@type":"WebSite","@id":"https:\/\/www.sciontario.org\/fr\/#website","url":"https:\/\/www.sciontario.org\/fr\/","name":"Spinal Cord Injury Ontario | Supporting and advocating for and with people with a disability.","description":"We serve, support and advocate for and with people with a disability in Ontario.","publisher":{"@id":"https:\/\/www.sciontario.org\/fr\/#organization"},"potentialAction":[{"@type":"SearchAction","target":{"@type":"EntryPoint","urlTemplate":"https:\/\/www.sciontario.org\/fr\/?s={search_term_string}"},"query-input":{"@type":"PropertyValueSpecification","valueRequired":true,"valueName":"search_term_string"}}],"inLanguage":"fr-FR"},{"@type":"Organization","@id":"https:\/\/www.sciontario.org\/fr\/#organization","name":"Spinal Cord Injury Ontario","url":"https:\/\/www.sciontario.org\/fr\/","logo":{"@type":"ImageObject","inLanguage":"fr-FR","@id":"https:\/\/www.sciontario.org\/fr\/#\/schema\/logo\/image\/","url":"https:\/\/www.sciontario.org\/wp-content\/uploads\/SCIO_EN_FR_STD_HORIZ_CMYK.png","contentUrl":"https:\/\/www.sciontario.org\/wp-content\/uploads\/SCIO_EN_FR_STD_HORIZ_CMYK.png","width":600,"height":160,"caption":"Spinal Cord Injury Ontario"},"image":{"@id":"https:\/\/www.sciontario.org\/fr\/#\/schema\/logo\/image\/"},"sameAs":["https:\/\/www.facebook.com\/pages\/Canadian-Paraplegic-Association-SCI-Ontario\/198786166801432","https:\/\/x.com\/sci_ontario","https:\/\/www.instagram.com\/sci_ontario","https:\/\/ca.linkedin.com\/company\/spinal-cord-injury-ontario"]}]}},"publishpress_future_action":{"enabled":false,"date":"2026-04-10 13:52:18","action":"change-status","newStatus":"draft","terms":[],"taxonomy":"category","extraData":[]},"publishpress_future_workflow_manual_trigger":{"enabledWorkflows":[]},"_links":{"self":[{"href":"https:\/\/www.sciontario.org\/fr\/wp-json\/wp\/v2\/pages\/22040","targetHints":{"allow":["GET"]}}],"collection":[{"href":"https:\/\/www.sciontario.org\/fr\/wp-json\/wp\/v2\/pages"}],"about":[{"href":"https:\/\/www.sciontario.org\/fr\/wp-json\/wp\/v2\/types\/page"}],"author":[{"embeddable":true,"href":"https:\/\/www.sciontario.org\/fr\/wp-json\/wp\/v2\/users\/4"}],"replies":[{"embeddable":true,"href":"https:\/\/www.sciontario.org\/fr\/wp-json\/wp\/v2\/comments?post=22040"}],"version-history":[{"count":0,"href":"https:\/\/www.sciontario.org\/fr\/wp-json\/wp\/v2\/pages\/22040\/revisions"}],"up":[{"embeddable":true,"href":"https:\/\/www.sciontario.org\/fr\/wp-json\/wp\/v2\/pages\/22165"}],"wp:attachment":[{"href":"https:\/\/www.sciontario.org\/fr\/wp-json\/wp\/v2\/media?parent=22040"}],"wp:term":[{"taxonomy":"category","embeddable":true,"href":"https:\/\/www.sciontario.org\/fr\/wp-json\/wp\/v2\/categories?post=22040"},{"taxonomy":"post_tag","embeddable":true,"href":"https:\/\/www.sciontario.org\/fr\/wp-json\/wp\/v2\/tags?post=22040"}],"curies":[{"name":"wp","href":"https:\/\/api.w.org\/{rel}","templated":true}]}}