{"id":21924,"date":"2022-02-14T15:03:42","date_gmt":"2022-02-14T20:03:42","guid":{"rendered":"http:\/\/www.sciontario.org\/services\/services-de-lemploi\/"},"modified":"2024-07-04T06:23:13","modified_gmt":"2024-07-04T10:23:13","slug":"services-de-lemploi","status":"publish","type":"page","link":"https:\/\/www.sciontario.org\/fr\/services\/services-de-lemploi\/","title":{"rendered":"Services de l&#8217;emploi"},"content":{"rendered":"\t\t<div data-elementor-type=\"wp-page\" data-elementor-id=\"21924\" class=\"elementor elementor-21924 elementor-15543\" wpc-filter-elementor-widget=\"1\" data-elementor-post-type=\"page\">\n\t\t\t\t<div class=\"elementor-element elementor-element-db5633f e-flex e-con-boxed e-con e-parent\" data-id=\"db5633f\" data-element_type=\"container\" data-e-type=\"container\" data-settings=\"{&quot;background_background&quot;:&quot;classic&quot;}\">\n\t\t\t\t\t<div class=\"e-con-inner\">\n\t\t<div class=\"elementor-element elementor-element-96d0058 e-con-full e-flex e-con e-child\" data-id=\"96d0058\" data-element_type=\"container\" data-e-type=\"container\">\n\t\t\t\t<div class=\"elementor-element elementor-element-29e891f elementor-widget elementor-widget-text-editor\" data-id=\"29e891f\" data-element_type=\"widget\" data-e-type=\"widget\" data-widget_type=\"text-editor.default\">\n\t\t\t\t<div class=\"elementor-widget-container\">\n\t\t\t\t\t\t\t\t\t<p>Services d&#8217;emploi accessibles<\/p>\n\t\t\t\t\t\t\t\t<\/div>\n\t\t\t\t<\/div>\n\t\t\t\t<div class=\"elementor-element elementor-element-b631a14 elementor-widget elementor-widget-heading\" data-id=\"b631a14\" data-element_type=\"widget\" data-e-type=\"widget\" data-widget_type=\"heading.default\">\n\t\t\t\t<div class=\"elementor-widget-container\">\n\t\t\t\t\t<h1 class=\"elementor-heading-title elementor-size-default\">Votre chemin vers l'emploi inclusif<\/h1>\t\t\t\t<\/div>\n\t\t\t\t<\/div>\n\t\t\t\t<\/div>\n\t\t<div class=\"elementor-element elementor-element-7992086 e-con-full elementor-hidden-mobile e-flex e-con e-child\" data-id=\"7992086\" data-element_type=\"container\" data-e-type=\"container\">\n\t\t\t\t<\/div>\n\t\t\t\t\t<\/div>\n\t\t\t\t<\/div>\n\t\t<div class=\"elementor-element elementor-element-bab1069 e-flex e-con-boxed e-con e-parent\" data-id=\"bab1069\" data-element_type=\"container\" data-e-type=\"container\" data-settings=\"{&quot;background_background&quot;:&quot;classic&quot;}\">\n\t\t\t\t\t<div class=\"e-con-inner\">\n\t\t<div class=\"elementor-element elementor-element-f478820 e-con-full e-flex e-con e-child\" data-id=\"f478820\" data-element_type=\"container\" data-e-type=\"container\">\n\t\t\t\t<div class=\"elementor-element elementor-element-0d65698 elementor-widget elementor-widget-text-editor\" data-id=\"0d65698\" data-element_type=\"widget\" data-e-type=\"widget\" data-widget_type=\"text-editor.default\">\n\t\t\t\t<div class=\"elementor-widget-container\">\n\t\t\t\t\t\t\t\t\t<p>Depuis plus de 40 ans, l&rsquo;\u00e9quipe des Services d&#8217;emploi accessibles favorise les liens entre les demandeurs d&#8217;emploi et les employeurs qui privil\u00e9gient les environnements de travail accessibles. Rejoignez-nous pour fa\u00e7onner une main-d&rsquo;\u0153uvre plus accessible.<\/p>\n<p>Services d&#8217;emploi accessibles vous fournit des outils, des formations et un r\u00e9seau solide pour vous permettre d&rsquo;entrer en contact avec les employeurs en toute confiance. Nos professionnels chevronn\u00e9s travaillent \u00e0 vos c\u00f4t\u00e9s pour d\u00e9couvrir vos points forts, vos int\u00e9r\u00eats et vos aspirations professionnelles. Nous vous proposons de d\u00e9velopper les comp\u00e9tences n\u00e9cessaires pour r\u00e9ussir dans le domaine que vous avez choisi et de vous aider \u00e0 communiquer efficacement avec les employeurs au sujet de votre handicap.<\/p>\n<p>Forts d&rsquo;un h\u00e9ritage solide ancr\u00e9 dans des d\u00e9cennies d&rsquo;exp\u00e9rience de soutien aux personnes vivant avec des l\u00e9sions de la moelle \u00e9pini\u00e8re, nous avons \u00e9volu\u00e9 pour devenir des leaders, au service et au service de personnes souffrant d&rsquo;un large \u00e9ventail de handicaps. Que ce soit sur le plan physique ou mental, \u00e0 court ou \u00e0 long terme, nous sommes l\u00e0 pour vous accompagner dans votre parcours, que vous retourniez sur le march\u00e9 du travail apr\u00e8s une blessure ou que vous vous engagiez pour la premi\u00e8re fois sur la voie de la carri\u00e8re.<\/p>\t\t\t\t\t\t\t\t<\/div>\n\t\t\t\t<\/div>\n\t\t\t\t<div class=\"elementor-element elementor-element-193627e elementor-widget-mobile__width-inherit blue-button elementor-widget elementor-widget-button\" data-id=\"193627e\" data-element_type=\"widget\" data-e-type=\"widget\" data-widget_type=\"button.default\">\n\t\t\t\t<div class=\"elementor-widget-container\">\n\t\t\t\t\t\t\t\t\t<div class=\"elementor-button-wrapper\">\n\t\t\t\t\t<a class=\"elementor-button elementor-button-link elementor-size-sm\" href=\"https:\/\/accessiblework.ca\/\" target=\"_blank\">\n\t\t\t\t\t\t<span class=\"elementor-button-content-wrapper\">\n\t\t\t\t\t\t\t\t\t<span class=\"elementor-button-text\">Allez sur accessiblework.ca<\/span>\n\t\t\t\t\t<\/span>\n\t\t\t\t\t<\/a>\n\t\t\t\t<\/div>\n\t\t\t\t\t\t\t\t<\/div>\n\t\t\t\t<\/div>\n\t\t\t\t<\/div>\n\t\t<div class=\"elementor-element elementor-element-51aa623 e-con-full e-flex e-con e-child\" data-id=\"51aa623\" data-element_type=\"container\" data-e-type=\"container\">\n\t\t<div class=\"elementor-element elementor-element-24b6f14 e-flex e-con-boxed e-con e-child\" data-id=\"24b6f14\" data-element_type=\"container\" data-e-type=\"container\" data-settings=\"{&quot;background_background&quot;:&quot;classic&quot;}\">\n\t\t\t\t\t<div class=\"e-con-inner\">\n\t\t\t\t<div class=\"elementor-element elementor-element-12fe3a6 elementor-widget elementor-widget-image\" data-id=\"12fe3a6\" data-element_type=\"widget\" data-e-type=\"widget\" data-widget_type=\"image.default\">\n\t\t\t\t<div class=\"elementor-widget-container\">\n\t\t\t\t\t\t\t\t\t\t\t\t\t\t\t\t<a href=\"https:\/\/accessiblework.ca\/\" target=\"_blank\">\n\t\t\t\t\t\t\t<img decoding=\"async\" width=\"268\" height=\"37\" src=\"https:\/\/www.sciontario.org\/wp-content\/uploads\/AES-logo-white.png\" class=\"attachment-full size-full wp-image-21421\" alt=\"\" \/>\t\t\t\t\t\t\t\t<\/a>\n\t\t\t\t\t\t\t\t\t\t\t\t\t\t\t<\/div>\n\t\t\t\t<\/div>\n\t\t\t\t\t<\/div>\n\t\t\t\t<\/div>\n\t\t\t\t<\/div>\n\t\t\t\t\t<\/div>\n\t\t\t\t<\/div>\n\t\t\t\t<\/div>\n\t\t","protected":false},"excerpt":{"rendered":"<p>Services d&#8217;emploi accessibles Votre chemin vers l&#8217;emploi inclusif Depuis plus de 40 ans, l&rsquo;\u00e9quipe des Services d&#8217;emploi accessibles favorise les liens entre les demandeurs d&#8217;emploi et les employeurs qui privil\u00e9gient les environnements de travail accessibles. Rejoignez-nous pour fa\u00e7onner une main-d&rsquo;\u0153uvre plus accessible. Services d&#8217;emploi accessibles vous fournit des outils, des formations et un r\u00e9seau solide [&hellip;]<\/p>\n","protected":false},"author":4,"featured_media":0,"parent":21911,"menu_order":0,"comment_status":"closed","ping_status":"closed","template":"elementor_header_footer","meta":{"_acf_changed":false,"footnotes":"","_links_to":"","_links_to_target":""},"categories":[],"tags":[],"class_list":["post-21924","page","type-page","status-publish","hentry"],"acf":[],"yoast_head":"<!-- This site is optimized with the Yoast SEO Premium plugin v27.3 (Yoast SEO v27.3) - https:\/\/yoast.com\/product\/yoast-seo-premium-wordpress\/ -->\n<title>Services de l&#039;emploi: L\u00e9sions M\u00e9dullaires Ontario<\/title>\n<meta name=\"description\" content=\"Services d&#039;emploi - si vous \u00eates un employeur ayant un poste vacant ou une personne atteinte d&#039;une LM ou d&#039;un autre handicap \u00e0 la recherche d&#039;un emploi, nous pouvons vous aider.\" \/>\n<meta name=\"robots\" content=\"index, follow, max-snippet:-1, max-image-preview:large, max-video-preview:-1\" \/>\n<link rel=\"canonical\" href=\"https:\/\/www.sciontario.org\/fr\/services\/services-de-lemploi\/\" \/>\n<meta property=\"og:locale\" content=\"fr_FR\" \/>\n<meta property=\"og:type\" content=\"article\" \/>\n<meta property=\"og:title\" content=\"Services de l&#039;emploi\" \/>\n<meta property=\"og:description\" content=\"Services d&#039;emploi - si vous \u00eates un employeur ayant un poste vacant ou une personne atteinte d&#039;une LM ou d&#039;un autre handicap \u00e0 la recherche d&#039;un emploi, nous pouvons vous aider.\" \/>\n<meta property=\"og:url\" content=\"https:\/\/www.sciontario.org\/fr\/services\/services-de-lemploi\/\" \/>\n<meta property=\"og:site_name\" content=\"Spinal Cord Injury Ontario | Supporting and advocating for and with people with a disability.\" \/>\n<meta property=\"article:publisher\" content=\"https:\/\/www.facebook.com\/pages\/Canadian-Paraplegic-Association-SCI-Ontario\/198786166801432\" \/>\n<meta property=\"article:modified_time\" content=\"2024-07-04T10:23:13+00:00\" \/>\n<meta property=\"og:image\" content=\"https:\/\/www.sciontario.org\/wp-content\/uploads\/AES-logo-white.png\" \/>\n<meta name=\"twitter:card\" content=\"summary_large_image\" \/>\n<meta name=\"twitter:site\" content=\"@sci_ontario\" \/>\n<meta name=\"twitter:label1\" content=\"Dur\u00e9e de lecture estim\u00e9e\" \/>\n\t<meta name=\"twitter:data1\" content=\"1 minute\" \/>\n<script type=\"application\/ld+json\" class=\"yoast-schema-graph\">{\"@context\":\"https:\\\/\\\/schema.org\",\"@graph\":[{\"@type\":\"WebPage\",\"@id\":\"https:\\\/\\\/www.sciontario.org\\\/fr\\\/services\\\/services-de-lemploi\\\/\",\"url\":\"https:\\\/\\\/www.sciontario.org\\\/fr\\\/services\\\/services-de-lemploi\\\/\",\"name\":\"Services de l'emploi: L\u00e9sions M\u00e9dullaires Ontario\",\"isPartOf\":{\"@id\":\"https:\\\/\\\/www.sciontario.org\\\/fr\\\/#website\"},\"primaryImageOfPage\":{\"@id\":\"https:\\\/\\\/www.sciontario.org\\\/fr\\\/services\\\/services-de-lemploi\\\/#primaryimage\"},\"image\":{\"@id\":\"https:\\\/\\\/www.sciontario.org\\\/fr\\\/services\\\/services-de-lemploi\\\/#primaryimage\"},\"thumbnailUrl\":\"https:\\\/\\\/www.sciontario.org\\\/wp-content\\\/uploads\\\/AES-logo-white.png\",\"datePublished\":\"2022-02-14T20:03:42+00:00\",\"dateModified\":\"2024-07-04T10:23:13+00:00\",\"description\":\"Services d'emploi - si vous \u00eates un employeur ayant un poste vacant ou une personne atteinte d'une LM ou d'un autre handicap \u00e0 la recherche d'un emploi, nous pouvons vous aider.\",\"breadcrumb\":{\"@id\":\"https:\\\/\\\/www.sciontario.org\\\/fr\\\/services\\\/services-de-lemploi\\\/#breadcrumb\"},\"inLanguage\":\"fr-FR\",\"potentialAction\":[{\"@type\":\"ReadAction\",\"target\":[\"https:\\\/\\\/www.sciontario.org\\\/fr\\\/services\\\/services-de-lemploi\\\/\"]}]},{\"@type\":\"ImageObject\",\"inLanguage\":\"fr-FR\",\"@id\":\"https:\\\/\\\/www.sciontario.org\\\/fr\\\/services\\\/services-de-lemploi\\\/#primaryimage\",\"url\":\"https:\\\/\\\/www.sciontario.org\\\/wp-content\\\/uploads\\\/AES-logo-white.png\",\"contentUrl\":\"https:\\\/\\\/www.sciontario.org\\\/wp-content\\\/uploads\\\/AES-logo-white.png\"},{\"@type\":\"BreadcrumbList\",\"@id\":\"https:\\\/\\\/www.sciontario.org\\\/fr\\\/services\\\/services-de-lemploi\\\/#breadcrumb\",\"itemListElement\":[{\"@type\":\"ListItem\",\"position\":1,\"name\":\"Home\",\"item\":\"https:\\\/\\\/www.sciontario.org\\\/fr\\\/\"},{\"@type\":\"ListItem\",\"position\":2,\"name\":\"Services LMO\",\"item\":\"https:\\\/\\\/www.sciontario.org\\\/fr\\\/services\\\/\"},{\"@type\":\"ListItem\",\"position\":3,\"name\":\"Services de l&#8217;emploi\"}]},{\"@type\":\"WebSite\",\"@id\":\"https:\\\/\\\/www.sciontario.org\\\/fr\\\/#website\",\"url\":\"https:\\\/\\\/www.sciontario.org\\\/fr\\\/\",\"name\":\"Spinal Cord Injury Ontario | Supporting and advocating for and with people with a disability.\",\"description\":\"We serve, support and advocate for and with people with a disability in Ontario.\",\"publisher\":{\"@id\":\"https:\\\/\\\/www.sciontario.org\\\/fr\\\/#organization\"},\"potentialAction\":[{\"@type\":\"SearchAction\",\"target\":{\"@type\":\"EntryPoint\",\"urlTemplate\":\"https:\\\/\\\/www.sciontario.org\\\/fr\\\/?s={search_term_string}\"},\"query-input\":{\"@type\":\"PropertyValueSpecification\",\"valueRequired\":true,\"valueName\":\"search_term_string\"}}],\"inLanguage\":\"fr-FR\"},{\"@type\":\"Organization\",\"@id\":\"https:\\\/\\\/www.sciontario.org\\\/fr\\\/#organization\",\"name\":\"Spinal Cord Injury Ontario\",\"url\":\"https:\\\/\\\/www.sciontario.org\\\/fr\\\/\",\"logo\":{\"@type\":\"ImageObject\",\"inLanguage\":\"fr-FR\",\"@id\":\"https:\\\/\\\/www.sciontario.org\\\/fr\\\/#\\\/schema\\\/logo\\\/image\\\/\",\"url\":\"https:\\\/\\\/www.sciontario.org\\\/wp-content\\\/uploads\\\/SCIO_EN_FR_STD_HORIZ_CMYK.png\",\"contentUrl\":\"https:\\\/\\\/www.sciontario.org\\\/wp-content\\\/uploads\\\/SCIO_EN_FR_STD_HORIZ_CMYK.png\",\"width\":600,\"height\":160,\"caption\":\"Spinal Cord Injury Ontario\"},\"image\":{\"@id\":\"https:\\\/\\\/www.sciontario.org\\\/fr\\\/#\\\/schema\\\/logo\\\/image\\\/\"},\"sameAs\":[\"https:\\\/\\\/www.facebook.com\\\/pages\\\/Canadian-Paraplegic-Association-SCI-Ontario\\\/198786166801432\",\"https:\\\/\\\/x.com\\\/sci_ontario\",\"https:\\\/\\\/www.instagram.com\\\/sci_ontario\",\"https:\\\/\\\/ca.linkedin.com\\\/company\\\/spinal-cord-injury-ontario\"]}]}<\/script>\n<!-- \/ Yoast SEO Premium plugin. -->","yoast_head_json":{"title":"Services de l'emploi: L\u00e9sions M\u00e9dullaires Ontario","description":"Services d'emploi - si vous \u00eates un employeur ayant un poste vacant ou une personne atteinte d'une LM ou d'un autre handicap \u00e0 la recherche d'un emploi, nous pouvons vous aider.","robots":{"index":"index","follow":"follow","max-snippet":"max-snippet:-1","max-image-preview":"max-image-preview:large","max-video-preview":"max-video-preview:-1"},"canonical":"https:\/\/www.sciontario.org\/fr\/services\/services-de-lemploi\/","og_locale":"fr_FR","og_type":"article","og_title":"Services de l'emploi","og_description":"Services d'emploi - si vous \u00eates un employeur ayant un poste vacant ou une personne atteinte d'une LM ou d'un autre handicap \u00e0 la recherche d'un emploi, nous pouvons vous aider.","og_url":"https:\/\/www.sciontario.org\/fr\/services\/services-de-lemploi\/","og_site_name":"Spinal Cord Injury Ontario | Supporting and advocating for and with people with a disability.","article_publisher":"https:\/\/www.facebook.com\/pages\/Canadian-Paraplegic-Association-SCI-Ontario\/198786166801432","article_modified_time":"2024-07-04T10:23:13+00:00","og_image":[{"url":"https:\/\/www.sciontario.org\/wp-content\/uploads\/AES-logo-white.png","type":"","width":"","height":""}],"twitter_card":"summary_large_image","twitter_site":"@sci_ontario","twitter_misc":{"Dur\u00e9e de lecture estim\u00e9e":"1 minute"},"schema":{"@context":"https:\/\/schema.org","@graph":[{"@type":"WebPage","@id":"https:\/\/www.sciontario.org\/fr\/services\/services-de-lemploi\/","url":"https:\/\/www.sciontario.org\/fr\/services\/services-de-lemploi\/","name":"Services de l'emploi: L\u00e9sions M\u00e9dullaires Ontario","isPartOf":{"@id":"https:\/\/www.sciontario.org\/fr\/#website"},"primaryImageOfPage":{"@id":"https:\/\/www.sciontario.org\/fr\/services\/services-de-lemploi\/#primaryimage"},"image":{"@id":"https:\/\/www.sciontario.org\/fr\/services\/services-de-lemploi\/#primaryimage"},"thumbnailUrl":"https:\/\/www.sciontario.org\/wp-content\/uploads\/AES-logo-white.png","datePublished":"2022-02-14T20:03:42+00:00","dateModified":"2024-07-04T10:23:13+00:00","description":"Services d'emploi - si vous \u00eates un employeur ayant un poste vacant ou une personne atteinte d'une LM ou d'un autre handicap \u00e0 la recherche d'un emploi, nous pouvons vous aider.","breadcrumb":{"@id":"https:\/\/www.sciontario.org\/fr\/services\/services-de-lemploi\/#breadcrumb"},"inLanguage":"fr-FR","potentialAction":[{"@type":"ReadAction","target":["https:\/\/www.sciontario.org\/fr\/services\/services-de-lemploi\/"]}]},{"@type":"ImageObject","inLanguage":"fr-FR","@id":"https:\/\/www.sciontario.org\/fr\/services\/services-de-lemploi\/#primaryimage","url":"https:\/\/www.sciontario.org\/wp-content\/uploads\/AES-logo-white.png","contentUrl":"https:\/\/www.sciontario.org\/wp-content\/uploads\/AES-logo-white.png"},{"@type":"BreadcrumbList","@id":"https:\/\/www.sciontario.org\/fr\/services\/services-de-lemploi\/#breadcrumb","itemListElement":[{"@type":"ListItem","position":1,"name":"Home","item":"https:\/\/www.sciontario.org\/fr\/"},{"@type":"ListItem","position":2,"name":"Services LMO","item":"https:\/\/www.sciontario.org\/fr\/services\/"},{"@type":"ListItem","position":3,"name":"Services de l&#8217;emploi"}]},{"@type":"WebSite","@id":"https:\/\/www.sciontario.org\/fr\/#website","url":"https:\/\/www.sciontario.org\/fr\/","name":"Spinal Cord Injury Ontario | Supporting and advocating for and with people with a disability.","description":"We serve, support and advocate for and with people with a disability in Ontario.","publisher":{"@id":"https:\/\/www.sciontario.org\/fr\/#organization"},"potentialAction":[{"@type":"SearchAction","target":{"@type":"EntryPoint","urlTemplate":"https:\/\/www.sciontario.org\/fr\/?s={search_term_string}"},"query-input":{"@type":"PropertyValueSpecification","valueRequired":true,"valueName":"search_term_string"}}],"inLanguage":"fr-FR"},{"@type":"Organization","@id":"https:\/\/www.sciontario.org\/fr\/#organization","name":"Spinal Cord Injury Ontario","url":"https:\/\/www.sciontario.org\/fr\/","logo":{"@type":"ImageObject","inLanguage":"fr-FR","@id":"https:\/\/www.sciontario.org\/fr\/#\/schema\/logo\/image\/","url":"https:\/\/www.sciontario.org\/wp-content\/uploads\/SCIO_EN_FR_STD_HORIZ_CMYK.png","contentUrl":"https:\/\/www.sciontario.org\/wp-content\/uploads\/SCIO_EN_FR_STD_HORIZ_CMYK.png","width":600,"height":160,"caption":"Spinal Cord Injury Ontario"},"image":{"@id":"https:\/\/www.sciontario.org\/fr\/#\/schema\/logo\/image\/"},"sameAs":["https:\/\/www.facebook.com\/pages\/Canadian-Paraplegic-Association-SCI-Ontario\/198786166801432","https:\/\/x.com\/sci_ontario","https:\/\/www.instagram.com\/sci_ontario","https:\/\/ca.linkedin.com\/company\/spinal-cord-injury-ontario"]}]}},"publishpress_future_action":{"enabled":false,"date":"2026-04-25 12:49:56","action":"change-status","newStatus":"draft","terms":[],"taxonomy":"category","extraData":[]},"publishpress_future_workflow_manual_trigger":{"enabledWorkflows":[]},"_links":{"self":[{"href":"https:\/\/www.sciontario.org\/fr\/wp-json\/wp\/v2\/pages\/21924","targetHints":{"allow":["GET"]}}],"collection":[{"href":"https:\/\/www.sciontario.org\/fr\/wp-json\/wp\/v2\/pages"}],"about":[{"href":"https:\/\/www.sciontario.org\/fr\/wp-json\/wp\/v2\/types\/page"}],"author":[{"embeddable":true,"href":"https:\/\/www.sciontario.org\/fr\/wp-json\/wp\/v2\/users\/4"}],"replies":[{"embeddable":true,"href":"https:\/\/www.sciontario.org\/fr\/wp-json\/wp\/v2\/comments?post=21924"}],"version-history":[{"count":0,"href":"https:\/\/www.sciontario.org\/fr\/wp-json\/wp\/v2\/pages\/21924\/revisions"}],"up":[{"embeddable":true,"href":"https:\/\/www.sciontario.org\/fr\/wp-json\/wp\/v2\/pages\/21911"}],"wp:attachment":[{"href":"https:\/\/www.sciontario.org\/fr\/wp-json\/wp\/v2\/media?parent=21924"}],"wp:term":[{"taxonomy":"category","embeddable":true,"href":"https:\/\/www.sciontario.org\/fr\/wp-json\/wp\/v2\/categories?post=21924"},{"taxonomy":"post_tag","embeddable":true,"href":"https:\/\/www.sciontario.org\/fr\/wp-json\/wp\/v2\/tags?post=21924"}],"curies":[{"name":"wp","href":"https:\/\/api.w.org\/{rel}","templated":true}]}}